{"id":24775,"date":"2016-01-04T10:17:29","date_gmt":"2016-01-04T09:16:10","guid":{"rendered":"http:\/\/gruposanz.es\/?page_id=24775"},"modified":"2023-04-26T18:48:09","modified_gmt":"2023-04-26T16:48:09","slug":"terms-of-use","status":"publish","type":"page","link":"https:\/\/gruposanz.es\/en\/terms-of-use","title":{"rendered":"Terms of use"},"content":{"rendered":"<h2 style=\"text-align: justify;\">Condiciones de uso de la tienda<\/h2>\n<p style=\"text-align: justify;\">En cumplimiento a lo establecido por la legislaci\u00f3n espa\u00f1ola en la Ley de Servicios de la Sociedad de la Informaci\u00f3n (LSSI) publicada en el Bolet\u00edn Oficial del Estado (B.O.E.) del 12 de Julio de 2002, se publica el siguiente documento:<\/p>\n<p style=\"text-align: justify;\"><strong>1. Datos identificativos<\/strong><br \/>\ngruposanz.es es una unidad de negocio perteneciente a Sanz Hermanos Valencia SL. (CIF:B46445615).<\/p>\n<p style=\"text-align: justify;\"><strong>2. Descripci\u00f3n del servicio<\/strong><br \/>\ngruposanz.es proporciona una serie de servicios en Internet a sus usuarios y clientes. Uno de dichos servicios es el de crear art\u00edculos personalizados como camisetas, tazas, etc. Los usuarios de gruposanz.es pueden adquirir productos para su propio uso.<\/p>\n<p style=\"text-align: justify;\"><strong>3. Uso de la web\u00a0gruposanz.es y del servicio<\/strong><br \/>\n3.1 Edad m\u00ednima<br \/>\ngruposanz.es puede ser usada s\u00f3lo por usuarios mayores de 16 a\u00f1os.<\/p>\n<p style=\"text-align: justify;\">3.2 Licencia de uso de la web y del servicio de gruposanz.es<br \/>\ngruposanz.es ofrece una licencia limitada y revocable a acceder y usar su web y sus servicios con concordancia con sus Condiciones Generales de Uso. Esta licencia no incluye el derecho a recolectar o usar informaci\u00f3n de la web para objetivos prohibidos por gruposanz.es, competir con gruposanz.es, crear gr\u00e1ficos basados en los contenidos de gruposanz.es, o guardar una copia de la web.<\/p>\n<p style=\"text-align: justify;\">3.3 Servicios ofrecidos por terceros<br \/>\ngruposanz.es puede usar material de terceros para ofrecer determinados servicios a trav\u00e9s de gruposanz.es. gruposanz.es no controla a estos terceros y sus servicios, y aceptas que gruposanz.es no tiene ninguna responsabilidad en c\u00f3mo t\u00fa puedes llegar a usar dichos servicios. Estos terceros tienen su propias Condiciones Generales de Uso. En caso de conflicto con gruposanz.es, prevalecer\u00e1n las Condiciones Generales de Uso de gruposanz.es.<\/p>\n<p style=\"text-align: justify;\"><strong>4. Reglas generales<\/strong><br \/>\n4.1 Uso prohibido<br \/>\nNo puedes intentar causar ning\u00fan da\u00f1o a la web o al servicio de gruposanz.es. Por ejemplo, y sin ser esta lista completa ni exhaustiva, no puedes:<br \/>\na) Entorpecer el servicio de gruposanz.es usando virus u otros programas dise\u00f1ados para causar da\u00f1o a cualquier software o hardware.<br \/>\nb) Modificar o crear versiones de cualquier tecnolog\u00eda usada en gruposanz.es.<br \/>\nc) Usar cualquier tipo de script, robot o tecnolog\u00eda para monitorizar la web.<br \/>\nd) Recolectar emails u otra informaci\u00f3n a trav\u00e9s del servicio de gruposanz.es.<br \/>\ne) Hacerte pasar por otra persona o entidad.<\/p>\n<p style=\"text-align: justify;\">4.2 Privacidad y protecci\u00f3n de datos<br \/>\nEn gruposanz.es estamos especialmente preocupados por la seguridad y por garantizar la confidencialidad de los datos aportados por nuestros clientes. Nos comprometemos a darte el mejor servicio y la mejor experiencia online.<\/p>\n<p style=\"text-align: justify;\">En el momento en que un cliente realiza un pedido a trav\u00e9s de nuestro servidor seguro, sus datos personales, domiciliarios, y los relativos a sus compras y formas de pago, son incorporados a nuestra base de datos para tramitar el pedido.<\/p>\n<p style=\"text-align: justify;\">En gruposanz.es no tenemos ning\u00fan acceso a la informaci\u00f3n relacionada con el n\u00famero de la tarjeta de cr\u00e9dito de nuestros clientes. Nosotros \u00fanicamente recibimos la confirmaci\u00f3n del pago por parte de las instituciones bancarias que tramitan el pedido.<\/p>\n<p style=\"text-align: justify;\">El cliente autoriza expresamente a gruposanz.es para que los datos de este registro y cuantos se obtengan para el desarrollo de las relaciones contractuales entre ambas partes puedan ser usadas para gruposanz.es, para efectuar estudios de mercado y marketing y ofrecerle al cliente productos y servicios que puedan resultar de su inter\u00e9s. En ning\u00fan caso, su informaci\u00f3n personal ser\u00e1 cedida o vendida a ninguna otra parte ajena a gruposanz.es.<\/p>\n<p style=\"text-align: justify;\">gruposanz.es usa \u201ccookies\u201d para el correcto funcionamiento de su p\u00e1gina, y que no contienen ning\u00fan tipo de informaci\u00f3n personal. La mayor\u00eda de los navegadores aceptan autom\u00e1ticamente cookies, pero tambi\u00e9n es normalmente posible configurarlos para su no aceptaci\u00f3n. En ese caso podr\u00e1 navegar, pero no podr\u00e1 realizar pedidos.<\/p>\n<p style=\"text-align: justify;\">Ley de Protecci\u00f3n de Datos:<br \/>\nEn cumplimiento de lo dispuesto en la Ley Org\u00e1nica 3\/2018, de Protecci\u00f3n de Datos Personales y Garant\u00eda de los Derechos Digitales, le informamos de que:<\/p>\n<p style=\"text-align: justify;\">A. El titular de la tienda gruposanz.es garantiza la confidencialidad de todos los datos facilitados por sus clientes. Adem\u00e1s de los m\u00ednimos establecidos por la legislaci\u00f3n, la recogida y tratamiento de los datos se efect\u00faan bajo niveles de seguridad que impiden la p\u00e9rdida o manipulaci\u00f3n de los datos.<\/p>\n<p style=\"text-align: justify;\">B. De acuerdo con la legislaci\u00f3n vigente, todos los clientes de gruposanz.es tienen el derecho de acceso, rectificaci\u00f3n,\u00a0 oposici\u00f3n, d<span lang=\"es-ES\">ecisiones individuales automatizada, l<\/span><span lang=\"es-ES\">imitaci\u00f3n, supresi\u00f3n u olvido y protabilidad\u00a0<\/span>de sus datos. Adem\u00e1s, en cualquier momento, el cliente puede manifestar su deseo de NO recibir ning\u00fan tipo de publicidad. Para ejercitar estos derechos, los clientes pueden dirigirse por correo electr\u00f3nico a info[arroba]sanzhermanos.com<\/p>\n<p style=\"text-align: justify;\">C. Para el mejor cumplimiento de sus servicios, gruposanz.es se encuentra obligado a facilitar determinados datos de sus clientes (nombre, direcci\u00f3n, tel\u00e9fono, etc.) a otras empresas que colaboran con la prestaci\u00f3n del servicio (transportistas, instaladores, entidades financieras, etc.). En todos los casos, los datos que se facilitan son los estrictamente necesarios para la actividad concreta que se vaya a realizar.<\/p>\n<p style=\"text-align: justify;\">4.3 Condiciones de compra<br \/>\nSistema de venta<br \/>\nPara realizar una compra, el usuario \u00fanicamente puede hacernos llegar su pedido:<br \/>\n\u00b7 Internet a trav\u00e9s del &#8220;carrito de la compra&#8221;.<\/p>\n<p style=\"text-align: justify;\">Impuestos aplicables<br \/>\nLos precios de los productos expuestos en la p\u00e1gina web de gruposanz.es, incluyen el Impuesto sobre el Valor A\u00f1adido (IVA) que, en su caso, sea procedente aplicar.<\/p>\n<p style=\"text-align: justify;\">Forma de pago<br \/>\nAl formular el pedido, el cliente puede elegir libremente abonar las compras que realice mediante tarjeta (American Express, MasterCard, Visa, Visa Electr\u00f3n,&#8230;), Paypal o transferencia bancaria. En determinados casos y para prevenir posibles fraudes gruposanz.es se reserva la posibilidad de solicitar a un cliente una forma de pago concreta.<\/p>\n<p style=\"text-align: justify;\">Forma, gastos y plazo de env\u00edo<br \/>\nEl cliente podr\u00e1 seleccionar la forma de env\u00edo de entre las posibles para su zona de env\u00edo. Deber\u00e1 tener en cuenta que los plazos de entrega, la calidad del servicio, el punto de entrega y el coste ser\u00e1 diferente para cada forma de transporte.<\/p>\n<p style=\"text-align: justify;\">gruposanz.es env\u00eda los pedidos a sus clientes residentes en la Pen\u00ednsula Ib\u00e9rica e Islas Baleares a trav\u00e9s de diferentes empresas de transporte, servicio 24\/48h. Los residentes en las Islas Canarias, Ceuta y Melilla, as\u00ed como fuera de Espa\u00f1a, reciben su pedido a trav\u00e9s de Correos. Estas condiciones estan sujetas a cambios seg\u00fan disponibilidad del producto.<\/p>\n<p style=\"text-align: justify;\">El plazo de producci\u00f3n es de entre uno y cinco d\u00edas desde el d\u00eda siguiente de recibir el pedido. Es posible que por varios motivos un pedido sufra ciertos retrasos en producci\u00f3n, debido a descuadre de stocks, confirmaci\u00f3n previa con el cliente, etc.<\/p>\n<p style=\"text-align: justify;\">Los plazos de transporte se pueden ver alterados por incidencias extraordinarias en el transportista y por dificultades en la entrega de la mercanc\u00eda. gruposanz.es excluye cualquier responsabilidad por los retrasos producidos por la agencia de transporte, pero s\u00ed se compromete en reponer en un plazo razonable cualquier pedido que haya sido da\u00f1ado o perdido por dicha agencia.<\/p>\n<p style=\"text-align: justify;\"><strong>5. Garant\u00eda de devoluciones y cambios<\/strong><br \/>\nLa garant\u00eda de los art\u00edculos comercializados por gruposanz.es es de 2 a\u00f1os para los usuarios particulares tal y como previsto por la ley 23\/2003 de 10 de julio de Garant\u00edas en la Venta de Bienes de Consumo, plazo que ser\u00e1 modulado seg\u00fan la naturaleza del producto de que se trate.<\/p>\n<p style=\"text-align: justify;\">Cuando el cliente quiera ejercer su derecho a la garant\u00eda, podr\u00e1 elegir entre cambio, obtenci\u00f3n de un bono descuento por la cantidad pagada o la devoluci\u00f3n \u00edntegra del importe, siempre que el art\u00edculo no haya sido usado y est\u00e9 en perfectas condiciones.<\/p>\n<p style=\"text-align: justify;\">El cliente reclamar\u00e1 la devoluci\u00f3n en la secci\u00f3n de gruposanz.esdestinada para ello. Si la devoluci\u00f3n se debiera a causas ajenas a gruposanz.es el coste del env\u00edo seria para el usuario.<\/p>\n<p style=\"text-align: justify;\">Si se trata de una devoluci\u00f3n del importe, gruposanz.es devolver\u00e1 el dinero de la compra del mismo modo en que se realiz\u00f3 el pago del producto.<\/p>\n<p style=\"text-align: justify;\">En caso de un cambio, gruposanz.es efectuar\u00e1 el cambio y lo enviar\u00e1 al cliente sin coste alguno para \u00e9l, siempre y cuando la culpa haya sido \u00edntegramente de gruposanz.es.<\/p>\n<p style=\"text-align: justify;\">El cliente podr\u00e1 devolver cualquier art\u00edculo que haya comprado en gruposanz.es siempre y cuando los productos no hayan sido usados ni lavados.<\/p>\n<p style=\"text-align: justify;\">Si un producto distinto al solicitado por el cliente fuera entregado por error de gruposanz.es, se le entregar\u00e1 el producto correcto sin ning\u00fan cargo adicional para el comprador.<\/p>\n<p style=\"text-align: justify;\">En cualquier caso, se admitir\u00e1 la devoluci\u00f3n de los productos defectuosos y env\u00edos err\u00f3neos, siendo gruposanz.es quien se har\u00e1 cargo de los gastos de env\u00edo siempre que el cliente comunique esta circunstancia en el plazo de 7 d\u00edas contados desde la fecha de recepci\u00f3n del env\u00edo.<\/p>\n<p style=\"text-align: justify;\">Para cualquier incidencia relacionada con la devoluci\u00f3n de art\u00edculos de nuestra tienda puede contactar con nuestro departamento de Atenci\u00f3n al Cliente.<\/p>\n<p style=\"text-align: justify;\"><strong>6. Propiedad intelectual<\/strong><br \/>\nEl usuario es el propietario intelectual del contenido que suba y componga en gruposanz.es. Por la presente, garantiza a gruposanz.es una licencia y derecho no exclusivo, mundial y gratuito de usar dicho contenido, en los medios y formatos que gruposanz.es crea conveniente para prestar su servicio de creaci\u00f3n, producci\u00f3n y env\u00edo de art\u00edculos. gruposanz.es puede ceder esta licencia a un tercero en caso necesario para dicha creaci\u00f3n, producci\u00f3n y env\u00edo de art\u00edculos.<\/p>\n<p style=\"text-align: justify;\"><strong>7. Derechos de gruposanz.es<\/strong><br \/>\n7.1 Monitorizaci\u00f3n<br \/>\ngruposanz.es se reserva el derecho (sin asumir la obligaci\u00f3n) de monitorizar transacciones y comunicaciones que se produzcan en la su web. gruposanz.es determina, a su propio juicio, que un usuario rompe o puede romper alguna condici\u00f3n de las Condiciones Generales de Uso o dicha transacci\u00f3n o comunicaci\u00f3n es inapropiada, gruposanz.es puede cancelar o restringir el acceso a dicho usuario o al material cuestionable, sin m\u00e1s responsabilidades para las partes implicadas.<\/p>\n<p style=\"text-align: justify;\">7.2 Modificaciones del servicio<br \/>\ngruposanz.es se reserva el derecho de modificar la distribuci\u00f3n, organizaci\u00f3n y aspecto de su web y los servicios que ofrece, y puede cambiar o suspender cualquier aspecto de sus servicios y\/o precios sin previo aviso y sin ninguna responsabilidad para ninguna de las partes.<\/p>\n<p style=\"text-align: justify;\">7.3 Cancelaci\u00f3n del contrato<br \/>\ngruposanz.es, a su propio criterio y con aviso o sin \u00e9l, puede:<\/p>\n<p style=\"text-align: justify;\">a) suspender o limitar el uso de gruposanz.es a un usuario en concreto, as\u00ed como cerrar totalmente una cuenta.<br \/>\nb) eliminar cualquiera del contenido que crea oportuno de los servidores y directorios de\u00a0gruposanz.es<br \/>\nc) Prohibir el uso de los servicios de gruposanz.es<\/p>\n<p style=\"text-align: justify;\">7.4 Comunicaciones enviadas por los usuarios<br \/>\ngruposanz.es se reserva el derecho de usar el material y las comunicaciones enviadas por los usuarios en: preguntas, comentarios, foros, ideas y concursos; para marketing u otros actos de promoci\u00f3n, sin que puedan considerarse estas comunicaciones confidenciales.<\/p>\n<p style=\"text-align: justify;\"><strong>8. Pol\u00edtica de enlaces<\/strong><\/p>\n<p style=\"text-align: justify;\">gruposanz.es no se hace responsable de aquellos otros sitios web u archivos a los que sea posible acceder a trav\u00e9s de enlaces de hipertexto (links) disponibles entre sus contenidos, dado que dichas p\u00e1ginas enlazadas son responsabilidad de sus respectivos titulares. Esta p\u00e1gina, por tanto, ni aprueba, ni hace suyos los productos, servicios, contenidos, informaci\u00f3n, datos, archivos y cualquier clase de material existente en tales p\u00e1ginas web o archivos y no controla ni se hace responsable de la calidad, licitud, fiabilidad y utilidad de la informaci\u00f3n contenidos y servicios existentes en los sitios enlazados y que son ajenos a esta p\u00e1gina. En el caso de que se estime oportuno o de que un \u00f3rgano competente declare la ilicitud de los datos, ordenando su retirada o que se imposibilite el acceso a los mismos, o se hubiera declarado la existencia de la lesi\u00f3n, y se nos haya notificado expresamente la correspondiente resoluci\u00f3n, los enlaces que se indiquen ser\u00edan inmediatamente retirados.<\/p>\n<p style=\"text-align: justify;\"><strong>9. Limitaci\u00f3n de responsabilidades<\/strong><br \/>\ngruposanz.es excluye cualquier responsabilidad por los da\u00f1os y perjuicios de toda naturaleza que puedan deberse a la falta de disponibilidad o de continuidad del funcionamiento de gruposanz.es, as\u00ed como al mal uso de la p\u00e1gina de sus contenidos y\/o humor.<\/p>\n<p style=\"text-align: justify;\"><strong>10. Legislaci\u00f3n aplicable y jurisdicci\u00f3n competente<\/strong><br \/>\nEstas Condiciones Generales se rigen por la ley espa\u00f1ola. Las partes se someten, a su elecci\u00f3n, para la resoluci\u00f3n de los conflictos y con renuncia a cualquier otro fuero, a los juzgados y tribunales del domicilio del usuario.<\/p>\n","protected":false},"excerpt":{"rendered":"<p>&#8230;<\/p>\n","protected":false},"author":3,"featured_media":0,"parent":0,"menu_order":0,"comment_status":"closed","ping_status":"closed","template":"","meta":{"footnotes":""},"class_list":["post-24775","page","type-page","status-publish","hentry"],"yoast_head":"<!-- This site is optimized with the Yoast SEO plugin v27.3 - https:\/\/yoast.com\/product\/yoast-seo-wordpress\/ -->\n<title>Terms of use - Grupo Sanz<\/title>\n<meta name=\"robots\" content=\"noindex, nofollow\" \/>\n<meta property=\"og:locale\" content=\"en_US\" \/>\n<meta property=\"og:type\" content=\"article\" \/>\n<meta property=\"og:title\" content=\"Terms of use - Grupo Sanz\" \/>\n<meta property=\"og:description\" content=\"...\" \/>\n<meta property=\"og:url\" content=\"https:\/\/gruposanz.es\/en\/terms-of-use\" \/>\n<meta property=\"og:site_name\" content=\"Grupo Sanz\" \/>\n<meta property=\"article:modified_time\" content=\"2023-04-26T16:48:09+00:00\" \/>\n<meta name=\"twitter:card\" content=\"summary_large_image\" \/>\n<meta name=\"twitter:label1\" content=\"Est. reading time\" \/>\n\t<meta name=\"twitter:data1\" content=\"10 minutes\" \/>\n<script type=\"application\/ld+json\" class=\"yoast-schema-graph\">{\"@context\":\"https:\\\/\\\/schema.org\",\"@graph\":[{\"@type\":\"WebPage\",\"@id\":\"https:\\\/\\\/gruposanz.es\\\/en\\\/terms-of-use\",\"url\":\"https:\\\/\\\/gruposanz.es\\\/en\\\/terms-of-use\",\"name\":\"Terms of use - Grupo Sanz\",\"isPartOf\":{\"@id\":\"https:\\\/\\\/gruposanz.es\\\/en#website\"},\"datePublished\":\"2016-01-04T09:16:10+00:00\",\"dateModified\":\"2023-04-26T16:48:09+00:00\",\"breadcrumb\":{\"@id\":\"https:\\\/\\\/gruposanz.es\\\/en\\\/terms-of-use#breadcrumb\"},\"inLanguage\":\"en-US\",\"potentialAction\":[{\"@type\":\"ReadAction\",\"target\":[\"https:\\\/\\\/gruposanz.es\\\/en\\\/terms-of-use\"]}]},{\"@type\":\"BreadcrumbList\",\"@id\":\"https:\\\/\\\/gruposanz.es\\\/en\\\/terms-of-use#breadcrumb\",\"itemListElement\":[{\"@type\":\"ListItem\",\"position\":1,\"name\":\"Inicio\",\"item\":\"https:\\\/\\\/gruposanz.es\\\/en\"},{\"@type\":\"ListItem\",\"position\":2,\"name\":\"Terms of use\"}]},{\"@type\":\"WebSite\",\"@id\":\"https:\\\/\\\/gruposanz.es\\\/en#website\",\"url\":\"https:\\\/\\\/gruposanz.es\\\/en\",\"name\":\"Grupo Sanz\",\"description\":\"Grupo Sanz, fabricantes de productos de pulverizaci\u00f3n y poda con sus marcas Pulmic, Kamikaze, Keeper y Siqua\",\"publisher\":{\"@id\":\"https:\\\/\\\/gruposanz.es\\\/en#organization\"},\"potentialAction\":[{\"@type\":\"SearchAction\",\"target\":{\"@type\":\"EntryPoint\",\"urlTemplate\":\"https:\\\/\\\/gruposanz.es\\\/en?s={search_term_string}\"},\"query-input\":{\"@type\":\"PropertyValueSpecification\",\"valueRequired\":true,\"valueName\":\"search_term_string\"}}],\"inLanguage\":\"en-US\"},{\"@type\":\"Organization\",\"@id\":\"https:\\\/\\\/gruposanz.es\\\/en#organization\",\"name\":\"Grupo Sanz\",\"url\":\"https:\\\/\\\/gruposanz.es\\\/en\",\"logo\":{\"@type\":\"ImageObject\",\"inLanguage\":\"en-US\",\"@id\":\"https:\\\/\\\/gruposanz.es\\\/en#\\\/schema\\\/logo\\\/image\\\/\",\"url\":\"https:\\\/\\\/gruposanz.es\\\/wp-content\\\/uploads\\\/2022\\\/10\\\/LOGOTIPO-GRUPO-SANZ-vertical.png\",\"contentUrl\":\"https:\\\/\\\/gruposanz.es\\\/wp-content\\\/uploads\\\/2022\\\/10\\\/LOGOTIPO-GRUPO-SANZ-vertical.png\",\"width\":1418,\"height\":1418,\"caption\":\"Grupo Sanz\"},\"image\":{\"@id\":\"https:\\\/\\\/gruposanz.es\\\/en#\\\/schema\\\/logo\\\/image\\\/\"},\"sameAs\":[\"https:\\\/\\\/www.linkedin.com\\\/company\\\/grupo-sanz-hermanos\",\"https:\\\/\\\/www.youtube.com\\\/user\\\/GrupoSanz\"]}]}<\/script>\n<!-- \/ Yoast SEO plugin. -->","yoast_head_json":{"title":"Terms of use - Grupo Sanz","robots":{"index":"noindex","follow":"nofollow"},"og_locale":"en_US","og_type":"article","og_title":"Terms of use - Grupo Sanz","og_description":"...","og_url":"https:\/\/gruposanz.es\/en\/terms-of-use","og_site_name":"Grupo Sanz","article_modified_time":"2023-04-26T16:48:09+00:00","twitter_card":"summary_large_image","twitter_misc":{"Est. reading time":"10 minutes"},"schema":{"@context":"https:\/\/schema.org","@graph":[{"@type":"WebPage","@id":"https:\/\/gruposanz.es\/en\/terms-of-use","url":"https:\/\/gruposanz.es\/en\/terms-of-use","name":"Terms of use - Grupo Sanz","isPartOf":{"@id":"https:\/\/gruposanz.es\/en#website"},"datePublished":"2016-01-04T09:16:10+00:00","dateModified":"2023-04-26T16:48:09+00:00","breadcrumb":{"@id":"https:\/\/gruposanz.es\/en\/terms-of-use#breadcrumb"},"inLanguage":"en-US","potentialAction":[{"@type":"ReadAction","target":["https:\/\/gruposanz.es\/en\/terms-of-use"]}]},{"@type":"BreadcrumbList","@id":"https:\/\/gruposanz.es\/en\/terms-of-use#breadcrumb","itemListElement":[{"@type":"ListItem","position":1,"name":"Inicio","item":"https:\/\/gruposanz.es\/en"},{"@type":"ListItem","position":2,"name":"Terms of use"}]},{"@type":"WebSite","@id":"https:\/\/gruposanz.es\/en#website","url":"https:\/\/gruposanz.es\/en","name":"Grupo Sanz","description":"Grupo Sanz, fabricantes de productos de pulverizaci\u00f3n y poda con sus marcas Pulmic, Kamikaze, Keeper y Siqua","publisher":{"@id":"https:\/\/gruposanz.es\/en#organization"},"potentialAction":[{"@type":"SearchAction","target":{"@type":"EntryPoint","urlTemplate":"https:\/\/gruposanz.es\/en?s={search_term_string}"},"query-input":{"@type":"PropertyValueSpecification","valueRequired":true,"valueName":"search_term_string"}}],"inLanguage":"en-US"},{"@type":"Organization","@id":"https:\/\/gruposanz.es\/en#organization","name":"Grupo Sanz","url":"https:\/\/gruposanz.es\/en","logo":{"@type":"ImageObject","inLanguage":"en-US","@id":"https:\/\/gruposanz.es\/en#\/schema\/logo\/image\/","url":"https:\/\/gruposanz.es\/wp-content\/uploads\/2022\/10\/LOGOTIPO-GRUPO-SANZ-vertical.png","contentUrl":"https:\/\/gruposanz.es\/wp-content\/uploads\/2022\/10\/LOGOTIPO-GRUPO-SANZ-vertical.png","width":1418,"height":1418,"caption":"Grupo Sanz"},"image":{"@id":"https:\/\/gruposanz.es\/en#\/schema\/logo\/image\/"},"sameAs":["https:\/\/www.linkedin.com\/company\/grupo-sanz-hermanos","https:\/\/www.youtube.com\/user\/GrupoSanz"]}]}},"_links":{"self":[{"href":"https:\/\/gruposanz.es\/en\/wp-json\/wp\/v2\/pages\/24775","targetHints":{"allow":["GET"]}}],"collection":[{"href":"https:\/\/gruposanz.es\/en\/wp-json\/wp\/v2\/pages"}],"about":[{"href":"https:\/\/gruposanz.es\/en\/wp-json\/wp\/v2\/types\/page"}],"author":[{"embeddable":true,"href":"https:\/\/gruposanz.es\/en\/wp-json\/wp\/v2\/users\/3"}],"replies":[{"embeddable":true,"href":"https:\/\/gruposanz.es\/en\/wp-json\/wp\/v2\/comments?post=24775"}],"version-history":[{"count":0,"href":"https:\/\/gruposanz.es\/en\/wp-json\/wp\/v2\/pages\/24775\/revisions"}],"wp:attachment":[{"href":"https:\/\/gruposanz.es\/en\/wp-json\/wp\/v2\/media?parent=24775"}],"curies":[{"name":"wp","href":"https:\/\/api.w.org\/{rel}","templated":true}]}}