{"id":25005,"date":"2016-01-12T13:20:05","date_gmt":"2015-12-28T16:37:37","guid":{"rendered":"http:\/\/gruposanz.es\/?page_id=25005"},"modified":"2021-07-19T13:52:07","modified_gmt":"2021-07-19T11:52:07","slug":"where-we-work","status":"publish","type":"page","link":"https:\/\/gruposanz.es\/en\/sanz-foundation\/where-we-work","title":{"rendered":"Where we work"},"content":{"rendered":"<div class=\"wpb-content-wrapper\"><p>[vc_row][vc_column][vc_custom_heading text=&#8221;Where we act with the Sanz Family Foundation&#8221; font_container=&#8221;tag:h2|text_align:center&#8221; use_theme_fonts=&#8221;yes&#8221;][vc_column_text]<\/p>\n<hr class=\"divider horizontal-break\" style=\"margin-top: 15px; margin-bottom: 13px; background: rgba(217,217,217,0.5);\" \/>\n<p>[\/vc_column_text][\/vc_column][\/vc_row][vc_row][vc_column][vc_row_inner][vc_column_inner width=&#8221;1\/2&#8243;][vc_column_text]<\/p>\n<h4 class=\"page-title\">Where we operate<\/h4>\n<p style=\"text-align: justify;\" align=\"justify\">Burkina Faso is the third poorest country in the world, 45 percent of its population lives on less than a dollar a day.<\/p>\n<p style=\"text-align: justify;\" align=\"justify\">Most people live in rural areas and survive on subsistence farming on small family plots of land.<\/p>\n<p style=\"text-align: justify;\" align=\"justify\">Maize, sorghum and millet constitute 85-90 percent of the staple diet in Burkina Faso, while in rural areas these cereals make up nearly 100 percent of consumption and little is traded.<\/p>\n<p>[\/vc_column_text][\/vc_column_inner][vc_column_inner width=&#8221;1\/2&#8243;][vc_gmaps link=&#8221;#E-8_JTNDaWZyYW1lJTIwc3JjJTNEJTIyaHR0cHMlM0ElMkYlMkZ3d3cuZ29vZ2xlLmNvbSUyRm1hcHMlMkZlbWJlZCUzRnBiJTNEJTIxMW0xOCUyMTFtMTIlMjExbTMlMjExZDkzOTAuMjgzNTM0ODM0ODk0JTIxMmQtMS42NzY5Mjk4MjE1NzQ2MDI1JTIxM2QxMi44NTQ1MDAyMzkxNzM2NjQlMjEybTMlMjExZjAlMjEyZjAlMjEzZjAlMjEzbTIlMjExaTEwMjQlMjEyaTc2OCUyMTRmMTMuMSUyMTNtMyUyMTFtMiUyMTFzMHgwJTI1M0EweDAlMjEyek1UTENzRFV4SnpJM0xqTWlUaUF4d3JBME1DY3lOQzQ0SWxjJTIxNWUxJTIxM20yJTIxMXNlcyUyMTJzZXMlMjE0djE2MjY2OTU0MDA5NjElMjE1bTIlMjExc2VzJTIxMnNlcyUyMiUyMHdpZHRoJTNEJTIyMTAwJTI1JTIyJTIwaGVpZ2h0JTNEJTIyMjUwJTIyJTIwc3R5bGUlM0QlMjJib3JkZXIlM0EwJTNCJTIyJTIwYWxsb3dmdWxsc2NyZWVuJTNEJTIyJTIyJTIwbG9hZGluZyUzRCUyMmxhenklMjIlM0UlM0MlMkZpZnJhbWUlM0U=&#8221;][\/vc_column_inner][\/vc_row_inner][vc_column_text css=&#8221;.vc_custom_1452085005239{padding-top: 20px !important;padding-right: 50px !important;padding-bottom: 20px !important;padding-left: 50px !important;background-color: rgba(255,225,35,0.41) !important;*background-color: rgb(255,225,35) !important;border-radius: 2px !important;}&#8221;]<\/p>\n<h5><strong>Geography:<\/strong><\/h5>\n<ul>\n<li>Area: 274,200 square kilometers<\/li>\n<li>Cities: Capital-Ouagadougou (population 1.5 million) Other cities: Bobo-Dioulasso (500,000)<\/li>\n<li>Plot: Sabana, plains with scattered bushes and hills<\/li>\n<li>Weather: Sahel, you park pronounced wet and dry<\/li>\n<\/ul>\n<h5><strong>People:<\/strong><\/h5>\n<ul>\n<li>Ethnic groups: 63 ethnic groups<\/li>\n<li>Religion: 60% Muslim, 19% Catholic, 15% animists, 5% Protestants<\/li>\n<li>Languages: French (official), gourma, Peul, Dioula<\/li>\n<li>Health: Infant mortality rate (2010) -91.7 \/ 1000 Life expectancy (2010) -56.7 years<\/li>\n<li>Work force: Agriculture-77.9%; industry-2.1%, trade, services and government-5.5%<\/li>\n<\/ul>\n<h5><strong>Government:<\/strong><\/h5>\n<ul>\n<li>Type: Republic<\/li>\n<li>Independence: August 5, 1960<\/li>\n<li>Founded: June 11, 1991<\/li>\n<li>Currently President Blaise Compaore from 15\/10\/87 until today<\/li>\n<\/ul>\n<p>[\/vc_column_text][vc_separator][\/vc_column][\/vc_row][vc_row][vc_column width=&#8221;1\/4&#8243;][vc_single_image image=&#8221;46112&#8243; img_size=&#8221;full&#8221; alignment=&#8221;center&#8221; onclick=&#8221;custom_link&#8221; img_link_target=&#8221;_blank&#8221; css=&#8221;.vc_custom_1565352903042{margin-bottom: 0px !important;}&#8221; link=&#8221;\/en\/sanz-foundation\/collaborate&#8221;][vc_custom_heading text=&#8221;Collaborate&#8221; font_container=&#8221;tag:h4|text_align:center|color:%23ffffff&#8221; use_theme_fonts=&#8221;yes&#8221; css=&#8221;.vc_custom_1565352925262{margin-top: 10px !important;padding-top: 10px !important;padding-bottom: 10px !important;background-color: #fab10c !important;}&#8221; link=&#8221;url:%2Fen%2Fsanz-foundation%2Fcollaborate||target:%20_blank|&#8221;][\/vc_column][vc_column width=&#8221;1\/4&#8243;][vc_single_image image=&#8221;46117&#8243; img_size=&#8221;full&#8221; alignment=&#8221;center&#8221; onclick=&#8221;custom_link&#8221; img_link_target=&#8221;_blank&#8221; css=&#8221;.vc_custom_1565352940179{margin-bottom: 0px !important;}&#8221; link=&#8221;\/en\/sanz-foundation\/multimedia-sanz-foundation&#8221;][vc_custom_heading text=&#8221;Multimedia&#8221; font_container=&#8221;tag:h4|text_align:center|color:%23ffffff&#8221; use_theme_fonts=&#8221;yes&#8221; css=&#8221;.vc_custom_1565352952801{margin-top: 10px !important;padding-top: 10px !important;padding-bottom: 10px !important;background-color: #fab10c !important;}&#8221; link=&#8221;url:%2Fen%2Fsanz-foundation%2Fmultimedia-sanz-foundation||target:%20_blank|&#8221;][\/vc_column][vc_column width=&#8221;1\/4&#8243;][vc_single_image image=&#8221;46122&#8243; img_size=&#8221;full&#8221; alignment=&#8221;center&#8221; onclick=&#8221;custom_link&#8221; img_link_target=&#8221;_blank&#8221; css=&#8221;.vc_custom_1565352969156{margin-bottom: 0px !important;}&#8221; link=&#8221;\/en\/sanz-foundation\/where-we-work&#8221;][vc_custom_heading text=&#8221;Where we operate&#8221; font_container=&#8221;tag:h4|text_align:center|color:%23ffffff&#8221; use_theme_fonts=&#8221;yes&#8221; css=&#8221;.vc_custom_1565352980855{margin-top: 10px !important;padding-top: 10px !important;padding-bottom: 10px !important;background-color: #fab10c !important;}&#8221; link=&#8221;url:%2Fen%2Fsanz-foundation%2Fwhere-we-work||target:%20_blank|&#8221;][\/vc_column][vc_column width=&#8221;1\/4&#8243;][vc_single_image image=&#8221;46127&#8243; img_size=&#8221;full&#8221; alignment=&#8221;center&#8221; onclick=&#8221;custom_link&#8221; img_link_target=&#8221;_blank&#8221; css=&#8221;.vc_custom_1565352995985{margin-bottom: 0px !important;}&#8221; link=&#8221;\/en\/sanz-foundation\/maf-project&#8221;][vc_custom_heading text=&#8221;MAF Project&#8221; font_container=&#8221;tag:h4|text_align:center|color:%23ffffff&#8221; use_theme_fonts=&#8221;yes&#8221; css=&#8221;.vc_custom_1565353005321{margin-top: 10px !important;padding-top: 10px !important;padding-bottom: 10px !important;background-color: #fab10c !important;}&#8221; link=&#8221;url:%2Fen%2Fsanz-foundation%2Fmaf-project||target:%20_blank|&#8221;][\/vc_column][\/vc_row][vc_row][vc_column][vc_separator][vc_column_text css=&#8221;.vc_custom_1565353037053{margin-bottom: 0px !important;}&#8221;]<\/p>\n<h4>Documentation<\/h4>\n<p>[\/vc_column_text][\/vc_column][\/vc_row][vc_row css=&#8221;.vc_custom_1564741433028{margin-top: 20px !important;margin-bottom: 30px !important;}&#8221;][vc_column width=&#8221;1\/2&#8243;][vc_btn title=&#8221;2014 Draft report of the &#8220;African Women Farmers&#8220;&#8221; style=&#8221;custom&#8221; custom_background=&#8221;#fab10c&#8221; custom_text=&#8221;#ffffff&#8221; size=&#8221;sm&#8221; align=&#8221;center&#8221; i_icon_fontawesome=&#8221;fa fa-file-pdf-o&#8221; button_block=&#8221;true&#8221; add_icon=&#8221;true&#8221; link=&#8221;url:http%3A%2F%2Fgruposanz.es%2Fwp-content%2Fuploads%2F2018%2F02%2FPresentacin_de_Informe_Final_2015_FFS.pdf||target:%20_blank|rel:nofollow&#8221;][vc_btn title=&#8221;Presentation of the AMA Project 2013-2014&#8243; style=&#8221;custom&#8221; custom_background=&#8221;#fab10c&#8221; custom_text=&#8221;#ffffff&#8221; size=&#8221;sm&#8221; align=&#8221;center&#8221; i_icon_fontawesome=&#8221;fa fa-file-pdf-o&#8221; button_block=&#8221;true&#8221; add_icon=&#8221;true&#8221; link=&#8221;url:http%3A%2F%2Fgruposanz.es%2Fwp-content%2Fuploads%2F2018%2F02%2Fburkina_project_2013-14.pdf||target:%20_blank|rel:nofollow&#8221;][\/vc_column][vc_column width=&#8221;1\/2&#8243;][vc_btn title=&#8221;MAA submission 2014 in Ba Gn\u00e9 Gu\u00e9 N\u00e0&#8221; style=&#8221;custom&#8221; custom_background=&#8221;#fab10c&#8221; custom_text=&#8221;#ffffff&#8221; size=&#8221;sm&#8221; align=&#8221;center&#8221; i_icon_fontawesome=&#8221;fa fa-file-pdf-o&#8221; button_block=&#8221;true&#8221; add_icon=&#8221;true&#8221; link=&#8221;url:http%3A%2F%2Fgruposanz.es%2Fwp-content%2Fuploads%2F2018%2F02%2FProyecto-2014_Noviembre.pdf||target:%20_blank|rel:nofollow&#8221;][vc_btn title=&#8221;Dossier Project for African Women Farmers 2013&#8243; style=&#8221;custom&#8221; custom_background=&#8221;#fab10c&#8221; custom_text=&#8221;#ffffff&#8221; size=&#8221;sm&#8221; align=&#8221;center&#8221; i_icon_fontawesome=&#8221;fa fa-file-pdf-o&#8221; button_block=&#8221;true&#8221; add_icon=&#8221;true&#8221; link=&#8221;url:http%3A%2F%2Fgruposanz.es%2Fwp-content%2Fuploads%2F2018%2F02%2Fdossier_proyecto_mujeres_agricultoras_2013.pdf||target:%20_blank|rel:nofollow&#8221;][\/vc_column][\/vc_row][vc_row][vc_column][vc_column_text]<\/p>\n<h3 style=\"text-align: center;\">SANZ FAMILY FOUNDATION<\/h3>\n<div class=\"footer-text clearfix\">\n<div class=\"one\" style=\"text-align: center;\">\n<div class=\"one\">Copyright 2010-2014 Sanz\u00a0Family\u00a0Foundation<\/div>\n<div class=\"two\">Sanz Family Foundation is a nonprofit organization belonging to Grupo Sanz<\/div>\n<\/div>\n<\/div>\n<p>[\/vc_column_text][\/vc_column][\/vc_row]<\/p>\n<\/div>","protected":false},"excerpt":{"rendered":"<p>&#8230;<\/p>\n","protected":false},"author":3,"featured_media":0,"parent":24988,"menu_order":0,"comment_status":"closed","ping_status":"closed","template":"","meta":{"footnotes":""},"class_list":["post-25005","page","type-page","status-publish","hentry"],"yoast_head":"<!-- This site is optimized with the Yoast SEO plugin v27.3 - https:\/\/yoast.com\/product\/yoast-seo-wordpress\/ -->\n<title>Where we work - Fundaci\u00f3n Sanz - Grupo Sanz<\/title>\n<meta name=\"description\" content=\"La Fundaci\u00f3n Familia Sanz es una fundaci\u00f3n privada sin \u00e1nimo de lucro y de car\u00e1cter pluralista. \u00bfQuieres saber donde actuamos? Entra y desc\u00fabrelo.\" \/>\n<meta name=\"robots\" content=\"index, follow, max-snippet:-1, max-image-preview:large, max-video-preview:-1\" \/>\n<link rel=\"canonical\" href=\"https:\/\/gruposanz.es\/en\/sanz-foundation\/where-we-work\" \/>\n<meta property=\"og:locale\" content=\"en_US\" \/>\n<meta property=\"og:type\" content=\"article\" \/>\n<meta property=\"og:title\" content=\"Where we work - Fundaci\u00f3n Sanz - Grupo Sanz\" \/>\n<meta property=\"og:description\" content=\"La Fundaci\u00f3n Familia Sanz es una fundaci\u00f3n privada sin \u00e1nimo de lucro y de car\u00e1cter pluralista. \u00bfQuieres saber donde actuamos? Entra y desc\u00fabrelo.\" \/>\n<meta property=\"og:url\" content=\"https:\/\/gruposanz.es\/en\/sanz-foundation\/where-we-work\" \/>\n<meta property=\"og:site_name\" content=\"Grupo Sanz\" \/>\n<meta property=\"article:modified_time\" content=\"2021-07-19T11:52:07+00:00\" \/>\n<meta name=\"twitter:card\" content=\"summary_large_image\" \/>\n<meta name=\"twitter:label1\" content=\"Est. reading time\" \/>\n\t<meta name=\"twitter:data1\" content=\"2 minutes\" \/>\n<script type=\"application\/ld+json\" class=\"yoast-schema-graph\">{\"@context\":\"https:\\\/\\\/schema.org\",\"@graph\":[{\"@type\":\"WebPage\",\"@id\":\"https:\\\/\\\/gruposanz.es\\\/en\\\/sanz-foundation\\\/where-we-work\",\"url\":\"https:\\\/\\\/gruposanz.es\\\/en\\\/sanz-foundation\\\/where-we-work\",\"name\":\"Where we work - Fundaci\u00f3n Sanz - Grupo Sanz\",\"isPartOf\":{\"@id\":\"https:\\\/\\\/gruposanz.es\\\/en#website\"},\"datePublished\":\"2015-12-28T16:37:37+00:00\",\"dateModified\":\"2021-07-19T11:52:07+00:00\",\"description\":\"La Fundaci\u00f3n Familia Sanz es una fundaci\u00f3n privada sin \u00e1nimo de lucro y de car\u00e1cter pluralista. \u00bfQuieres saber donde actuamos? Entra y desc\u00fabrelo.\",\"breadcrumb\":{\"@id\":\"https:\\\/\\\/gruposanz.es\\\/en\\\/sanz-foundation\\\/where-we-work#breadcrumb\"},\"inLanguage\":\"en-US\",\"potentialAction\":[{\"@type\":\"ReadAction\",\"target\":[\"https:\\\/\\\/gruposanz.es\\\/en\\\/sanz-foundation\\\/where-we-work\"]}]},{\"@type\":\"BreadcrumbList\",\"@id\":\"https:\\\/\\\/gruposanz.es\\\/en\\\/sanz-foundation\\\/where-we-work#breadcrumb\",\"itemListElement\":[{\"@type\":\"ListItem\",\"position\":1,\"name\":\"Inicio\",\"item\":\"https:\\\/\\\/gruposanz.es\\\/en\"},{\"@type\":\"ListItem\",\"position\":2,\"name\":\"Sanz Foundation\",\"item\":\"https:\\\/\\\/gruposanz.es\\\/en\\\/sanz-foundation\"},{\"@type\":\"ListItem\",\"position\":3,\"name\":\"Where we work\"}]},{\"@type\":\"WebSite\",\"@id\":\"https:\\\/\\\/gruposanz.es\\\/en#website\",\"url\":\"https:\\\/\\\/gruposanz.es\\\/en\",\"name\":\"Grupo Sanz\",\"description\":\"Grupo Sanz, fabricantes de productos de pulverizaci\u00f3n y poda con sus marcas Pulmic, Kamikaze, Keeper y Siqua\",\"publisher\":{\"@id\":\"https:\\\/\\\/gruposanz.es\\\/en#organization\"},\"potentialAction\":[{\"@type\":\"SearchAction\",\"target\":{\"@type\":\"EntryPoint\",\"urlTemplate\":\"https:\\\/\\\/gruposanz.es\\\/en?s={search_term_string}\"},\"query-input\":{\"@type\":\"PropertyValueSpecification\",\"valueRequired\":true,\"valueName\":\"search_term_string\"}}],\"inLanguage\":\"en-US\"},{\"@type\":\"Organization\",\"@id\":\"https:\\\/\\\/gruposanz.es\\\/en#organization\",\"name\":\"Grupo Sanz\",\"url\":\"https:\\\/\\\/gruposanz.es\\\/en\",\"logo\":{\"@type\":\"ImageObject\",\"inLanguage\":\"en-US\",\"@id\":\"https:\\\/\\\/gruposanz.es\\\/en#\\\/schema\\\/logo\\\/image\\\/\",\"url\":\"https:\\\/\\\/gruposanz.es\\\/wp-content\\\/uploads\\\/2022\\\/10\\\/LOGOTIPO-GRUPO-SANZ-vertical.png\",\"contentUrl\":\"https:\\\/\\\/gruposanz.es\\\/wp-content\\\/uploads\\\/2022\\\/10\\\/LOGOTIPO-GRUPO-SANZ-vertical.png\",\"width\":1418,\"height\":1418,\"caption\":\"Grupo Sanz\"},\"image\":{\"@id\":\"https:\\\/\\\/gruposanz.es\\\/en#\\\/schema\\\/logo\\\/image\\\/\"},\"sameAs\":[\"https:\\\/\\\/www.linkedin.com\\\/company\\\/grupo-sanz-hermanos\",\"https:\\\/\\\/www.youtube.com\\\/user\\\/GrupoSanz\"]}]}<\/script>\n<!-- \/ Yoast SEO plugin. -->","yoast_head_json":{"title":"Where we work - Fundaci\u00f3n Sanz - Grupo Sanz","description":"La Fundaci\u00f3n Familia Sanz es una fundaci\u00f3n privada sin \u00e1nimo de lucro y de car\u00e1cter pluralista. \u00bfQuieres saber donde actuamos? Entra y desc\u00fabrelo.","robots":{"index":"index","follow":"follow","max-snippet":"max-snippet:-1","max-image-preview":"max-image-preview:large","max-video-preview":"max-video-preview:-1"},"canonical":"https:\/\/gruposanz.es\/en\/sanz-foundation\/where-we-work","og_locale":"en_US","og_type":"article","og_title":"Where we work - Fundaci\u00f3n Sanz - Grupo Sanz","og_description":"La Fundaci\u00f3n Familia Sanz es una fundaci\u00f3n privada sin \u00e1nimo de lucro y de car\u00e1cter pluralista. \u00bfQuieres saber donde actuamos? Entra y desc\u00fabrelo.","og_url":"https:\/\/gruposanz.es\/en\/sanz-foundation\/where-we-work","og_site_name":"Grupo Sanz","article_modified_time":"2021-07-19T11:52:07+00:00","twitter_card":"summary_large_image","twitter_misc":{"Est. reading time":"2 minutes"},"schema":{"@context":"https:\/\/schema.org","@graph":[{"@type":"WebPage","@id":"https:\/\/gruposanz.es\/en\/sanz-foundation\/where-we-work","url":"https:\/\/gruposanz.es\/en\/sanz-foundation\/where-we-work","name":"Where we work - Fundaci\u00f3n Sanz - Grupo Sanz","isPartOf":{"@id":"https:\/\/gruposanz.es\/en#website"},"datePublished":"2015-12-28T16:37:37+00:00","dateModified":"2021-07-19T11:52:07+00:00","description":"La Fundaci\u00f3n Familia Sanz es una fundaci\u00f3n privada sin \u00e1nimo de lucro y de car\u00e1cter pluralista. \u00bfQuieres saber donde actuamos? Entra y desc\u00fabrelo.","breadcrumb":{"@id":"https:\/\/gruposanz.es\/en\/sanz-foundation\/where-we-work#breadcrumb"},"inLanguage":"en-US","potentialAction":[{"@type":"ReadAction","target":["https:\/\/gruposanz.es\/en\/sanz-foundation\/where-we-work"]}]},{"@type":"BreadcrumbList","@id":"https:\/\/gruposanz.es\/en\/sanz-foundation\/where-we-work#breadcrumb","itemListElement":[{"@type":"ListItem","position":1,"name":"Inicio","item":"https:\/\/gruposanz.es\/en"},{"@type":"ListItem","position":2,"name":"Sanz Foundation","item":"https:\/\/gruposanz.es\/en\/sanz-foundation"},{"@type":"ListItem","position":3,"name":"Where we work"}]},{"@type":"WebSite","@id":"https:\/\/gruposanz.es\/en#website","url":"https:\/\/gruposanz.es\/en","name":"Grupo Sanz","description":"Grupo Sanz, fabricantes de productos de pulverizaci\u00f3n y poda con sus marcas Pulmic, Kamikaze, Keeper y Siqua","publisher":{"@id":"https:\/\/gruposanz.es\/en#organization"},"potentialAction":[{"@type":"SearchAction","target":{"@type":"EntryPoint","urlTemplate":"https:\/\/gruposanz.es\/en?s={search_term_string}"},"query-input":{"@type":"PropertyValueSpecification","valueRequired":true,"valueName":"search_term_string"}}],"inLanguage":"en-US"},{"@type":"Organization","@id":"https:\/\/gruposanz.es\/en#organization","name":"Grupo Sanz","url":"https:\/\/gruposanz.es\/en","logo":{"@type":"ImageObject","inLanguage":"en-US","@id":"https:\/\/gruposanz.es\/en#\/schema\/logo\/image\/","url":"https:\/\/gruposanz.es\/wp-content\/uploads\/2022\/10\/LOGOTIPO-GRUPO-SANZ-vertical.png","contentUrl":"https:\/\/gruposanz.es\/wp-content\/uploads\/2022\/10\/LOGOTIPO-GRUPO-SANZ-vertical.png","width":1418,"height":1418,"caption":"Grupo Sanz"},"image":{"@id":"https:\/\/gruposanz.es\/en#\/schema\/logo\/image\/"},"sameAs":["https:\/\/www.linkedin.com\/company\/grupo-sanz-hermanos","https:\/\/www.youtube.com\/user\/GrupoSanz"]}]}},"_links":{"self":[{"href":"https:\/\/gruposanz.es\/en\/wp-json\/wp\/v2\/pages\/25005","targetHints":{"allow":["GET"]}}],"collection":[{"href":"https:\/\/gruposanz.es\/en\/wp-json\/wp\/v2\/pages"}],"about":[{"href":"https:\/\/gruposanz.es\/en\/wp-json\/wp\/v2\/types\/page"}],"author":[{"embeddable":true,"href":"https:\/\/gruposanz.es\/en\/wp-json\/wp\/v2\/users\/3"}],"replies":[{"embeddable":true,"href":"https:\/\/gruposanz.es\/en\/wp-json\/wp\/v2\/comments?post=25005"}],"version-history":[{"count":0,"href":"https:\/\/gruposanz.es\/en\/wp-json\/wp\/v2\/pages\/25005\/revisions"}],"up":[{"embeddable":true,"href":"https:\/\/gruposanz.es\/en\/wp-json\/wp\/v2\/pages\/24988"}],"wp:attachment":[{"href":"https:\/\/gruposanz.es\/en\/wp-json\/wp\/v2\/media?parent=25005"}],"curies":[{"name":"wp","href":"https:\/\/api.w.org\/{rel}","templated":true}]}}