{"id":25007,"date":"2016-01-12T13:19:43","date_gmt":"2015-12-28T16:34:30","guid":{"rendered":"http:\/\/gruposanz.es\/?page_id=25007"},"modified":"2020-08-05T13:52:02","modified_gmt":"2020-08-05T11:52:02","slug":"multimedia-sanz-foundation","status":"publish","type":"page","link":"https:\/\/gruposanz.es\/en\/sanz-foundation\/multimedia-sanz-foundation","title":{"rendered":"Multimedia"},"content":{"rendered":"<div class=\"wpb-content-wrapper\"><p>[vc_row][vc_column][vc_custom_heading text=&#8221;Multimedia area of the Fundaci\u00f3n Familia Sanz&#8221; font_container=&#8221;tag:h2|text_align:center&#8221; use_theme_fonts=&#8221;yes&#8221;][vc_column_text]<\/p>\n<hr class=\"divider horizontal-break\" style=\"margin-top: 15px; margin-bottom: 13px; background: rgba(217,217,217,0.5);\" \/>\n<p>[\/vc_column_text][\/vc_column][\/vc_row][vc_row][vc_column][vc_custom_heading text=&#8221;MAA Project: Wara 2010&#8243; font_container=&#8221;tag:h2|text_align:center&#8221; use_theme_fonts=&#8221;yes&#8221;][vc_tta_accordion][vc_tta_section title=&#8221;Project Presentation&#8221; tab_id=&#8221;1565602793922-6655f66b-041a&#8221;][vc_gallery type=&#8221;image_grid&#8221; images=&#8221;35498,35502,35506,35510,35514,35518,35522,35526,35530,35534,35538,35542,35546,35550,35554,35558,35562,35566,35570,35574,35578,35582,35586,35590,35594,35598,35602,35606,35610,35614&#8243;][\/vc_tta_section][vc_tta_section title=&#8221;Commissioning Project&#8221; tab_id=&#8221;1565602793951-eff0a64e-d787&#8243;][vc_gallery type=&#8221;image_grid&#8221; images=&#8221;35618,35622,35626,35630,35634,35638,35642,35646,35650,35654,35658&#8243;][\/vc_tta_section][vc_tta_section title=&#8221;Planting and Harvesting&#8221; tab_id=&#8221;1565602992069-ef00b020-1c05&#8243;][vc_gallery type=&#8221;image_grid&#8221; images=&#8221;35662,35666,35670,35674,35682,35686,35690,35694,35698,35702,35706,35710,35714,35722,35726,35730,35734,35738,35742,35746,35750,35754,35758,35762,35766,35770,35774,35778,35782,35790,35794,35798,35802,35806,35810,35814,35818,35822,35826,35830,35834,35838,35842,35846,35850,35862,35866,35870,35878,35882,35886,35890,35894,35898,35902,35906,35910,35914,35918,35922,35926,35930,35934,35938,35942,35946,35950,35954,35958,35962,35966,35970,35974,35978,35982,35986,35990,35994,35998,36002,36006,36010,36014,36022,36026,36030,36034,36038,36042,36046,36050,36054,36058,36062,36066,36070,36074,36078,36082,36086,36090,36094&#8243;][\/vc_tta_section][\/vc_tta_accordion][\/vc_column][\/vc_row][vc_row][vc_column][vc_custom_heading text=&#8221;MAA Proyect: Bama 2011&#8243; font_container=&#8221;tag:h2|text_align:center&#8221; use_theme_fonts=&#8221;yes&#8221;][vc_tta_accordion][vc_tta_section title=&#8221;Commissioning Project&#8221; tab_id=&#8221;1565603098195-4d57dbdc-3b7e&#8221;][vc_gallery type=&#8221;image_grid&#8221; images=&#8221;36098,36102,36106,36110,36114,36118,36122,36126,36130,36134,36138,36142,36146,36150&#8243;][\/vc_tta_section][vc_tta_section title=&#8221;Planting and Harvesting&#8221; tab_id=&#8221;1565603098260-1ac806b2-e3d8&#8243;][vc_gallery type=&#8221;image_grid&#8221; images=&#8221;36154,36158,36166,36170,36174,36178,36182,36186,36190,36194,36198,36202,36206,36210,36214,36218,36222,36226,36230,36234,36238,36242,36246,36250,36254,36258,36262,36266,36270,36274,36278,36282,36286,36290,36298,36302,36306&#8243;][\/vc_tta_section][\/vc_tta_accordion][\/vc_column][\/vc_row][vc_row][vc_column][vc_custom_heading text=&#8221;MAA Proyect: Banfora 2013&#8243; font_container=&#8221;tag:h2|text_align:center&#8221; use_theme_fonts=&#8221;yes&#8221;][vc_tta_accordion][vc_tta_section title=&#8221;Beneficiaries&#8221; tab_id=&#8221;1565603297934-44dfffb9-686c&#8221;][vc_gallery type=&#8221;image_grid&#8221; images=&#8221;36310,36314,36318,36322,36326,36330,36334,36338,36342,36346,36350,36354,36358,36362&#8243;][\/vc_tta_section][vc_tta_section title=&#8221;Planting and Harvesting&#8221; tab_id=&#8221;1565603297970-e0e3549b-d287&#8243;][vc_gallery type=&#8221;image_grid&#8221; images=&#8221;36370,36374,36378,36382,36386,36390,36394,36398,36402,36410,36414,36418,36422,36426,36430,36434,36438,36442,36446&#8243;][\/vc_tta_section][\/vc_tta_accordion][\/vc_column][\/vc_row][vc_row][vc_column][vc_custom_heading text=&#8221;MAA Proyect: Ba Gn\u00e9 Gu\u00e9 N\u00e0 2014&#8243; font_container=&#8221;tag:h2|text_align:center&#8221; use_theme_fonts=&#8221;yes&#8221;][vc_tta_accordion][vc_tta_section title=&#8221;Beneficiaries&#8221; tab_id=&#8221;1565603416558-e0f7d203-289a&#8221;][vc_gallery type=&#8221;image_grid&#8221; images=&#8221;36450,36454,36458,36462,36466,36470,36474,36478,36482,36486,36490,36494,36498,36502,36506,36510,36514,36518,36522,36526,36530&#8243;][\/vc_tta_section][vc_tta_section title=&#8221;Raft Building&#8221; tab_id=&#8221;1565603416606-66567412-9c88&#8243;][vc_gallery type=&#8221;image_grid&#8221; images=&#8221;36534,36538,36542,36546,36550,36554,36558,36562&#8243;][\/vc_tta_section][vc_tta_section title=&#8221;Planting and Harvesting&#8221; tab_id=&#8221;1565603511939-6d65fcb4-3c90&#8243;][vc_gallery type=&#8221;image_grid&#8221; images=&#8221;36566,36570,36574,36578,36582,36586,36590,36594,36598,36602,36606,36610,36614,36618,36622,36626,36630,36634,36638,36642,36646,36650&#8243;][\/vc_tta_section][\/vc_tta_accordion][\/vc_column][\/vc_row][vc_row][vc_column][vc_custom_heading text=&#8221;Foundation Videos&#8221; font_container=&#8221;tag:h2|text_align:center&#8221; use_theme_fonts=&#8221;yes&#8221;][vc_video title=&#8221;All videos of the FFS, in the Youtube channel of Grupo Sanz.&#8221; link=&#8221;https:\/\/www.youtube.com\/watch?list=PLsJEPlD1-0ZGc0-TaR6vSAmFf3xMiaWYZ&amp;v=gtOF0ZVLKgM&#8221;][\/vc_column][\/vc_row][vc_row][vc_column width=&#8221;1\/4&#8243;][vc_single_image image=&#8221;46112&#8243; img_size=&#8221;full&#8221; alignment=&#8221;center&#8221; onclick=&#8221;custom_link&#8221; img_link_target=&#8221;_blank&#8221; css=&#8221;.vc_custom_1565603938653{margin-bottom: 0px !important;}&#8221; link=&#8221;\/en\/sanz-foundation\/collaborate&#8221;][vc_custom_heading text=&#8221;Collaborate&#8221; font_container=&#8221;tag:h4|text_align:center|color:%23ffffff&#8221; use_theme_fonts=&#8221;yes&#8221; css=&#8221;.vc_custom_1565603950330{margin-top: 10px !important;padding-top: 10px !important;padding-bottom: 10px !important;background-color: #fab10c !important;}&#8221; link=&#8221;url:%2Fen%2Fsanz-foundation%2Fcollaborate||target:%20_blank|&#8221;][\/vc_column][vc_column width=&#8221;1\/4&#8243;][vc_single_image image=&#8221;46117&#8243; img_size=&#8221;full&#8221; alignment=&#8221;center&#8221; onclick=&#8221;custom_link&#8221; img_link_target=&#8221;_blank&#8221; css=&#8221;.vc_custom_1565603967847{margin-bottom: 0px !important;}&#8221; link=&#8221;\/en\/sanz-foundation\/multimedia-sanz-foundation&#8221;][vc_custom_heading text=&#8221;Multimedia&#8221; font_container=&#8221;tag:h4|text_align:center|color:%23ffffff&#8221; use_theme_fonts=&#8221;yes&#8221; css=&#8221;.vc_custom_1565603982666{margin-top: 10px !important;padding-top: 10px !important;padding-bottom: 10px !important;background-color: #fab10c !important;}&#8221; link=&#8221;url:%2Fen%2Fsanz-foundation%2Fmultimedia-sanz-foundation||target:%20_blank|&#8221;][\/vc_column][vc_column width=&#8221;1\/4&#8243;][vc_single_image image=&#8221;46122&#8243; img_size=&#8221;full&#8221; alignment=&#8221;center&#8221; onclick=&#8221;custom_link&#8221; img_link_target=&#8221;_blank&#8221; css=&#8221;.vc_custom_1565603995967{margin-bottom: 0px !important;}&#8221; link=&#8221;\/en\/sanz-foundation\/where-we-work&#8221;][vc_custom_heading text=&#8221;Where we operate&#8221; font_container=&#8221;tag:h4|text_align:center|color:%23ffffff&#8221; use_theme_fonts=&#8221;yes&#8221; css=&#8221;.vc_custom_1565604012850{margin-top: 10px !important;padding-top: 10px !important;padding-bottom: 10px !important;background-color: #fab10c !important;}&#8221; link=&#8221;url:%2Fen%2Fsanz-foundation%2Fwhere-we-work||target:%20_blank|&#8221;][\/vc_column][vc_column width=&#8221;1\/4&#8243;][vc_single_image image=&#8221;46127&#8243; img_size=&#8221;full&#8221; alignment=&#8221;center&#8221; onclick=&#8221;custom_link&#8221; img_link_target=&#8221;_blank&#8221; css=&#8221;.vc_custom_1565604027212{margin-bottom: 0px !important;}&#8221; link=&#8221;\/en\/sanz-foundation\/maf-project&#8221;][vc_custom_heading text=&#8221;MAF Project&#8221; font_container=&#8221;tag:h4|text_align:center|color:%23ffffff&#8221; use_theme_fonts=&#8221;yes&#8221; css=&#8221;.vc_custom_1565604037441{margin-top: 10px !important;padding-top: 10px !important;padding-bottom: 10px !important;background-color: #fab10c !important;}&#8221; link=&#8221;url:%2Fen%2Fsanz-foundation%2Fmaf-project||target:%20_blank|&#8221;][\/vc_column][\/vc_row][vc_row][vc_column][vc_separator][vc_column_text css=&#8221;.vc_custom_1565604068386{margin-bottom: 0px !important;}&#8221;]<\/p>\n<h4>Documentation<\/h4>\n<p>[\/vc_column_text][\/vc_column][\/vc_row][vc_row css=&#8221;.vc_custom_1564741433028{margin-top: 20px !important;margin-bottom: 30px !important;}&#8221;][vc_column width=&#8221;1\/2&#8243;][vc_btn title=&#8221;2014 Draft report of the &#8220;African Women Farmers&#8220;&#8221; style=&#8221;custom&#8221; custom_background=&#8221;#fab10c&#8221; custom_text=&#8221;#ffffff&#8221; size=&#8221;sm&#8221; align=&#8221;center&#8221; i_icon_fontawesome=&#8221;fa fa-file-pdf-o&#8221; button_block=&#8221;true&#8221; add_icon=&#8221;true&#8221; link=&#8221;url:http%3A%2F%2Fgruposanz.es%2Fwp-content%2Fuploads%2F2018%2F02%2FPresentacin_de_Informe_Final_2015_FFS.pdf||target:%20_blank|rel:nofollow&#8221;][vc_btn title=&#8221;Presentation of the AMA Project 2013-2014&#8243; style=&#8221;custom&#8221; custom_background=&#8221;#fab10c&#8221; custom_text=&#8221;#ffffff&#8221; size=&#8221;sm&#8221; align=&#8221;center&#8221; i_icon_fontawesome=&#8221;fa fa-file-pdf-o&#8221; button_block=&#8221;true&#8221; add_icon=&#8221;true&#8221; link=&#8221;url:http%3A%2F%2Fgruposanz.es%2Fwp-content%2Fuploads%2F2018%2F02%2Fburkina_project_2013-14.pdf||target:%20_blank|rel:nofollow&#8221;][\/vc_column][vc_column width=&#8221;1\/2&#8243;][vc_btn title=&#8221;MAA submission 2014 in Ba Gn\u00e9 Gu\u00e9 N\u00e0&#8221; style=&#8221;custom&#8221; custom_background=&#8221;#fab10c&#8221; custom_text=&#8221;#ffffff&#8221; size=&#8221;sm&#8221; align=&#8221;center&#8221; i_icon_fontawesome=&#8221;fa fa-file-pdf-o&#8221; button_block=&#8221;true&#8221; add_icon=&#8221;true&#8221; link=&#8221;url:http%3A%2F%2Fgruposanz.es%2Fwp-content%2Fuploads%2F2018%2F02%2FProyecto-2014_Noviembre.pdf||target:%20_blank|rel:nofollow&#8221;][vc_btn title=&#8221;Dossier Project for African Women Farmers 2013&#8243; style=&#8221;custom&#8221; custom_background=&#8221;#fab10c&#8221; custom_text=&#8221;#ffffff&#8221; size=&#8221;sm&#8221; align=&#8221;center&#8221; i_icon_fontawesome=&#8221;fa fa-file-pdf-o&#8221; button_block=&#8221;true&#8221; add_icon=&#8221;true&#8221; link=&#8221;url:http%3A%2F%2Fgruposanz.es%2Fwp-content%2Fuploads%2F2018%2F02%2Fdossier_proyecto_mujeres_agricultoras_2013.pdf||target:%20_blank|rel:nofollow&#8221;][\/vc_column][\/vc_row][vc_row][vc_column][vc_column_text]<\/p>\n<h3 style=\"text-align: center;\">SANZ FAMILY FOUNDATION<\/h3>\n<div class=\"footer-text clearfix\">\n<div class=\"one\" style=\"text-align: center;\">\n<div class=\"one\">Copyright 2010-2014 Sanz\u00a0Family\u00a0Foundation<\/div>\n<div class=\"two\">Sanz Family Foundation is a nonprofit organization belonging to Grupo Sanz<\/div>\n<\/div>\n<\/div>\n<p>[\/vc_column_text][\/vc_column][\/vc_row]<\/p>\n<\/div>","protected":false},"excerpt":{"rendered":"<p>&#8230;<\/p>\n","protected":false},"author":3,"featured_media":0,"parent":24988,"menu_order":0,"comment_status":"closed","ping_status":"closed","template":"","meta":{"footnotes":""},"class_list":["post-25007","page","type-page","status-publish","hentry"],"yoast_head":"<!-- This site is optimized with the Yoast SEO plugin v27.3 - https:\/\/yoast.com\/product\/yoast-seo-wordpress\/ -->\n<title>Multimedia | Fundaci\u00f3n Sanz - Grupo Sanz<\/title>\n<meta name=\"description\" content=\"La Fundaci\u00f3n Familia Sanz es una fundaci\u00f3n privada sin \u00e1nimo de lucro y de car\u00e1cter pluralista. \u00bfQuieres saber donde actuamos? Entra y desc\u00fabrelo.\" \/>\n<meta name=\"robots\" content=\"index, follow, max-snippet:-1, max-image-preview:large, max-video-preview:-1\" \/>\n<link rel=\"canonical\" href=\"https:\/\/gruposanz.es\/en\/sanz-foundation\/multimedia-sanz-foundation\" \/>\n<meta property=\"og:locale\" content=\"en_US\" \/>\n<meta property=\"og:type\" content=\"article\" \/>\n<meta property=\"og:title\" content=\"Multimedia | Fundaci\u00f3n Sanz - Grupo Sanz\" \/>\n<meta property=\"og:description\" content=\"La Fundaci\u00f3n Familia Sanz es una fundaci\u00f3n privada sin \u00e1nimo de lucro y de car\u00e1cter pluralista. \u00bfQuieres saber donde actuamos? Entra y desc\u00fabrelo.\" \/>\n<meta property=\"og:url\" content=\"https:\/\/gruposanz.es\/en\/sanz-foundation\/multimedia-sanz-foundation\" \/>\n<meta property=\"og:site_name\" content=\"Grupo Sanz\" \/>\n<meta property=\"article:modified_time\" content=\"2020-08-05T11:52:02+00:00\" \/>\n<meta name=\"twitter:card\" content=\"summary_large_image\" \/>\n<meta name=\"twitter:label1\" content=\"Est. reading time\" \/>\n\t<meta name=\"twitter:data1\" content=\"5 minutes\" \/>\n<script type=\"application\/ld+json\" class=\"yoast-schema-graph\">{\"@context\":\"https:\\\/\\\/schema.org\",\"@graph\":[{\"@type\":\"WebPage\",\"@id\":\"https:\\\/\\\/gruposanz.es\\\/en\\\/sanz-foundation\\\/multimedia-sanz-foundation\",\"url\":\"https:\\\/\\\/gruposanz.es\\\/en\\\/sanz-foundation\\\/multimedia-sanz-foundation\",\"name\":\"Multimedia | Fundaci\u00f3n Sanz - Grupo Sanz\",\"isPartOf\":{\"@id\":\"https:\\\/\\\/gruposanz.es\\\/en#website\"},\"datePublished\":\"2015-12-28T16:34:30+00:00\",\"dateModified\":\"2020-08-05T11:52:02+00:00\",\"description\":\"La Fundaci\u00f3n Familia Sanz es una fundaci\u00f3n privada sin \u00e1nimo de lucro y de car\u00e1cter pluralista. \u00bfQuieres saber donde actuamos? Entra y desc\u00fabrelo.\",\"breadcrumb\":{\"@id\":\"https:\\\/\\\/gruposanz.es\\\/en\\\/sanz-foundation\\\/multimedia-sanz-foundation#breadcrumb\"},\"inLanguage\":\"en-US\",\"potentialAction\":[{\"@type\":\"ReadAction\",\"target\":[\"https:\\\/\\\/gruposanz.es\\\/en\\\/sanz-foundation\\\/multimedia-sanz-foundation\"]}]},{\"@type\":\"BreadcrumbList\",\"@id\":\"https:\\\/\\\/gruposanz.es\\\/en\\\/sanz-foundation\\\/multimedia-sanz-foundation#breadcrumb\",\"itemListElement\":[{\"@type\":\"ListItem\",\"position\":1,\"name\":\"Inicio\",\"item\":\"https:\\\/\\\/gruposanz.es\\\/en\"},{\"@type\":\"ListItem\",\"position\":2,\"name\":\"Sanz Foundation\",\"item\":\"https:\\\/\\\/gruposanz.es\\\/en\\\/sanz-foundation\"},{\"@type\":\"ListItem\",\"position\":3,\"name\":\"Multimedia\"}]},{\"@type\":\"WebSite\",\"@id\":\"https:\\\/\\\/gruposanz.es\\\/en#website\",\"url\":\"https:\\\/\\\/gruposanz.es\\\/en\",\"name\":\"Grupo Sanz\",\"description\":\"Grupo Sanz, fabricantes de productos de pulverizaci\u00f3n y poda con sus marcas Pulmic, Kamikaze, Keeper y Siqua\",\"publisher\":{\"@id\":\"https:\\\/\\\/gruposanz.es\\\/en#organization\"},\"potentialAction\":[{\"@type\":\"SearchAction\",\"target\":{\"@type\":\"EntryPoint\",\"urlTemplate\":\"https:\\\/\\\/gruposanz.es\\\/en?s={search_term_string}\"},\"query-input\":{\"@type\":\"PropertyValueSpecification\",\"valueRequired\":true,\"valueName\":\"search_term_string\"}}],\"inLanguage\":\"en-US\"},{\"@type\":\"Organization\",\"@id\":\"https:\\\/\\\/gruposanz.es\\\/en#organization\",\"name\":\"Grupo Sanz\",\"url\":\"https:\\\/\\\/gruposanz.es\\\/en\",\"logo\":{\"@type\":\"ImageObject\",\"inLanguage\":\"en-US\",\"@id\":\"https:\\\/\\\/gruposanz.es\\\/en#\\\/schema\\\/logo\\\/image\\\/\",\"url\":\"https:\\\/\\\/gruposanz.es\\\/wp-content\\\/uploads\\\/2022\\\/10\\\/LOGOTIPO-GRUPO-SANZ-vertical.png\",\"contentUrl\":\"https:\\\/\\\/gruposanz.es\\\/wp-content\\\/uploads\\\/2022\\\/10\\\/LOGOTIPO-GRUPO-SANZ-vertical.png\",\"width\":1418,\"height\":1418,\"caption\":\"Grupo Sanz\"},\"image\":{\"@id\":\"https:\\\/\\\/gruposanz.es\\\/en#\\\/schema\\\/logo\\\/image\\\/\"},\"sameAs\":[\"https:\\\/\\\/www.linkedin.com\\\/company\\\/grupo-sanz-hermanos\",\"https:\\\/\\\/www.youtube.com\\\/user\\\/GrupoSanz\"]}]}<\/script>\n<!-- \/ Yoast SEO plugin. -->","yoast_head_json":{"title":"Multimedia | Fundaci\u00f3n Sanz - Grupo Sanz","description":"La Fundaci\u00f3n Familia Sanz es una fundaci\u00f3n privada sin \u00e1nimo de lucro y de car\u00e1cter pluralista. \u00bfQuieres saber donde actuamos? Entra y desc\u00fabrelo.","robots":{"index":"index","follow":"follow","max-snippet":"max-snippet:-1","max-image-preview":"max-image-preview:large","max-video-preview":"max-video-preview:-1"},"canonical":"https:\/\/gruposanz.es\/en\/sanz-foundation\/multimedia-sanz-foundation","og_locale":"en_US","og_type":"article","og_title":"Multimedia | Fundaci\u00f3n Sanz - Grupo Sanz","og_description":"La Fundaci\u00f3n Familia Sanz es una fundaci\u00f3n privada sin \u00e1nimo de lucro y de car\u00e1cter pluralista. \u00bfQuieres saber donde actuamos? Entra y desc\u00fabrelo.","og_url":"https:\/\/gruposanz.es\/en\/sanz-foundation\/multimedia-sanz-foundation","og_site_name":"Grupo Sanz","article_modified_time":"2020-08-05T11:52:02+00:00","twitter_card":"summary_large_image","twitter_misc":{"Est. reading time":"5 minutes"},"schema":{"@context":"https:\/\/schema.org","@graph":[{"@type":"WebPage","@id":"https:\/\/gruposanz.es\/en\/sanz-foundation\/multimedia-sanz-foundation","url":"https:\/\/gruposanz.es\/en\/sanz-foundation\/multimedia-sanz-foundation","name":"Multimedia | Fundaci\u00f3n Sanz - Grupo Sanz","isPartOf":{"@id":"https:\/\/gruposanz.es\/en#website"},"datePublished":"2015-12-28T16:34:30+00:00","dateModified":"2020-08-05T11:52:02+00:00","description":"La Fundaci\u00f3n Familia Sanz es una fundaci\u00f3n privada sin \u00e1nimo de lucro y de car\u00e1cter pluralista. \u00bfQuieres saber donde actuamos? Entra y desc\u00fabrelo.","breadcrumb":{"@id":"https:\/\/gruposanz.es\/en\/sanz-foundation\/multimedia-sanz-foundation#breadcrumb"},"inLanguage":"en-US","potentialAction":[{"@type":"ReadAction","target":["https:\/\/gruposanz.es\/en\/sanz-foundation\/multimedia-sanz-foundation"]}]},{"@type":"BreadcrumbList","@id":"https:\/\/gruposanz.es\/en\/sanz-foundation\/multimedia-sanz-foundation#breadcrumb","itemListElement":[{"@type":"ListItem","position":1,"name":"Inicio","item":"https:\/\/gruposanz.es\/en"},{"@type":"ListItem","position":2,"name":"Sanz Foundation","item":"https:\/\/gruposanz.es\/en\/sanz-foundation"},{"@type":"ListItem","position":3,"name":"Multimedia"}]},{"@type":"WebSite","@id":"https:\/\/gruposanz.es\/en#website","url":"https:\/\/gruposanz.es\/en","name":"Grupo Sanz","description":"Grupo Sanz, fabricantes de productos de pulverizaci\u00f3n y poda con sus marcas Pulmic, Kamikaze, Keeper y Siqua","publisher":{"@id":"https:\/\/gruposanz.es\/en#organization"},"potentialAction":[{"@type":"SearchAction","target":{"@type":"EntryPoint","urlTemplate":"https:\/\/gruposanz.es\/en?s={search_term_string}"},"query-input":{"@type":"PropertyValueSpecification","valueRequired":true,"valueName":"search_term_string"}}],"inLanguage":"en-US"},{"@type":"Organization","@id":"https:\/\/gruposanz.es\/en#organization","name":"Grupo Sanz","url":"https:\/\/gruposanz.es\/en","logo":{"@type":"ImageObject","inLanguage":"en-US","@id":"https:\/\/gruposanz.es\/en#\/schema\/logo\/image\/","url":"https:\/\/gruposanz.es\/wp-content\/uploads\/2022\/10\/LOGOTIPO-GRUPO-SANZ-vertical.png","contentUrl":"https:\/\/gruposanz.es\/wp-content\/uploads\/2022\/10\/LOGOTIPO-GRUPO-SANZ-vertical.png","width":1418,"height":1418,"caption":"Grupo Sanz"},"image":{"@id":"https:\/\/gruposanz.es\/en#\/schema\/logo\/image\/"},"sameAs":["https:\/\/www.linkedin.com\/company\/grupo-sanz-hermanos","https:\/\/www.youtube.com\/user\/GrupoSanz"]}]}},"_links":{"self":[{"href":"https:\/\/gruposanz.es\/en\/wp-json\/wp\/v2\/pages\/25007","targetHints":{"allow":["GET"]}}],"collection":[{"href":"https:\/\/gruposanz.es\/en\/wp-json\/wp\/v2\/pages"}],"about":[{"href":"https:\/\/gruposanz.es\/en\/wp-json\/wp\/v2\/types\/page"}],"author":[{"embeddable":true,"href":"https:\/\/gruposanz.es\/en\/wp-json\/wp\/v2\/users\/3"}],"replies":[{"embeddable":true,"href":"https:\/\/gruposanz.es\/en\/wp-json\/wp\/v2\/comments?post=25007"}],"version-history":[{"count":0,"href":"https:\/\/gruposanz.es\/en\/wp-json\/wp\/v2\/pages\/25007\/revisions"}],"up":[{"embeddable":true,"href":"https:\/\/gruposanz.es\/en\/wp-json\/wp\/v2\/pages\/24988"}],"wp:attachment":[{"href":"https:\/\/gruposanz.es\/en\/wp-json\/wp\/v2\/media?parent=25007"}],"curies":[{"name":"wp","href":"https:\/\/api.w.org\/{rel}","templated":true}]}}