{"id":25009,"date":"2016-01-12T13:19:29","date_gmt":"2015-12-28T16:36:51","guid":{"rendered":"http:\/\/gruposanz.es\/?page_id=25009"},"modified":"2020-08-05T13:53:39","modified_gmt":"2020-08-05T11:53:39","slug":"maf-project","status":"publish","type":"page","link":"https:\/\/gruposanz.es\/en\/sanz-foundation\/maf-project","title":{"rendered":"MAF project"},"content":{"rendered":"<div class=\"wpb-content-wrapper\"><p>[vc_row][vc_column][vc_custom_heading text=&#8221;Project \u201cFor African Women Farmers\u201d of the Sanz Family Foundation&#8221; font_container=&#8221;tag:h2|text_align:center&#8221; use_theme_fonts=&#8221;yes&#8221;][vc_column_text]<\/p>\n<hr class=\"divider horizontal-break\" style=\"margin-top: 15px; margin-bottom: 13px; background: rgba(217,217,217,0.5);\" \/>\n<p>[\/vc_column_text][\/vc_column][\/vc_row][vc_row][vc_column][vc_column_text]<\/p>\n<h3 class=\"page-title\"><span style=\"font-size: 16px;\">Beneficiaries:<\/span><\/h3>\n<div class=\"page-content entry-content\">\n<p style=\"text-align: justify;\">The project will directly benefit a group of women and their families indirectly.<\/p>\n<h5>Goals:<\/h5>\n<p style=\"text-align: justify;\">Through this project we want to contribute to the empowerment of women in rural areas to encourage female entrepreneurship by including them in processes more diversified, efficient and sustainable agricultural production with commercial vision, through training, promoting the organization business, technical advice on production and marketing and the establishment of links with the local business, taking all this as ultimate impact also increased food security for the families of these women.<\/p>\n<p style=\"text-align: justify;\">Precisely because women are the most disadvantaged social group in this country, and also those who support the family economy across the continent, Sanz Family Foundation has found in them a hub for the development of this region.<\/p>\n<p style=\"text-align: justify;\">In order to go beyond the short term, which sometimes involve donations, this project contributes to training in agricultural techniques, guaranteeing them prosperity in the medium and long term, thanks to the knowledge of treatment of land, cultivation methods , product marketing, etc.<\/p>\n<p style=\"text-align: justify;\">Thanks to this project, African women farmers in Burkina Faso are closer to achieving their social inclusion and educational development.<\/p>\n<p style=\"text-align: justify;\">The Foundation expresses its commitment to contribute to poverty reduction in developing countries, promoting a model of sustainable human development-oriented international cooperation activities.<\/p>\n<\/div>\n<p>[\/vc_column_text][vc_column_text css=&#8221;.vc_custom_1565355160725{padding-top: 20px !important;padding-right: 50px !important;padding-bottom: 20px !important;padding-left: 50px !important;background-color: rgba(255,225,35,0.41) !important;*background-color: rgb(255,225,35) !important;}&#8221;]<\/p>\n<h3 class=\"module-feature-title\" style=\"text-align: center;\"><\/h3>\n<h3 class=\"module-feature-title\" style=\"text-align: center;\">Status of Women in Burkina Faso<\/h3>\n<h5 style=\"text-align: justify;\"><span class=\"destacado\">Difficulty of access to resources:<\/span><\/h5>\n<p style=\"text-align: justify;\" align=\"justify\"><strong>Access to land:<\/strong> In rural areas of Burkina Faso, at the level of families, communities or social groups, the decision-making power is consistently in the hands of men. Although 95% of women are engaged in agriculture, few women own land. They represent less than 6% of farmers.<span class=\"Apple-converted-space\">\u00a0<\/span><\/p>\n<p style=\"text-align: justify;\"><strong>Access to financing:<\/strong> To celebrate its weak economic power, the woman does not offer sufficient security to allow access to production credit.<\/p>\n<h5 style=\"text-align: justify;\"><span class=\"destacado\">Precariousness of life:<\/span><\/h5>\n<p style=\"text-align: justify;\" align=\"justify\">In areas where the environmental conditions of life (natural resources) show a very advanced degradation, male migration leads to male rural population to urban centers, and some neighboring countries in the region. This forces women to play a key role predominantly for the survival of the family. They become the &#8220;head of household&#8221;, increasing thus their responsibilities, but does not change his status at home, or in the Community.<\/p>\n<h5 style=\"text-align: justify;\" align=\"justify\"><span class=\"destacado\">Socio-cultural situation:<\/span><\/h5>\n<p style=\"text-align: justify;\" align=\"justify\">Despite the diversity of socio-cultural groups in Burkina Faso, a number of factors constitute the common denominator of women in rural areas.<\/p>\n<p style=\"text-align: justify;\" align=\"justify\"><strong>Status:<\/strong><span class=\"Apple-converted-space\">\u00a0<\/span> the social status of women always maintained in a range inferior to men, making it dependent on it.<\/p>\n<p style=\"text-align: justify;\" align=\"justify\"><strong>Marriage:<\/strong><span class=\"Apple-converted-space\">\u00a0<\/span> In many social groups, marriage in rural areas is always the result of an &#8220;agreement&#8221; between families. The wife can not give their opinion, and very often does not know her future husband.<\/p>\n<h5 style=\"text-align: justify;\">Access to the labor market:<\/h5>\n<p style=\"text-align: justify;\">In rural areas, 93% of the population is occupied, 45.9% men and 54.1% women. Most employees consists of 79.9% men versus 20.1% women.<\/p>\n<h5 style=\"text-align: justify;\">Education (school enrollment, literacy training):<\/h5>\n<p style=\"text-align: justify;\">According to the strategic framework to combat poverty in Burkina, delayed enrollment of women is a real obstacle to their participation in the modern sector. Only they represent 21% of the staff of the public administration, and 5% in private companies in the modern sector.<\/p>\n<h5 style=\"text-align: justify;\">Bless you:<\/h5>\n<p style=\"text-align: justify;\">Although the right to health is guaranteed to all by the Constitution in general terms, in Burkina Faso, the health status of the population is worrisome. The situation of women, particularly in terms of health and nutrition remains precarious despite the reduction in the rate of maternal mortality. The explanatory factors of the health status of women are generally malnutrition, early pregnancy, poverty, the burden of domestic activities, harmful traditional practices, AIDS, inadequate sanitation measures and water supply, etc. ..<\/p>\n<p>[\/vc_column_text][vc_separator][\/vc_column][\/vc_row][vc_row][vc_column width=&#8221;1\/4&#8243;][vc_single_image image=&#8221;46112&#8243; img_size=&#8221;full&#8221; alignment=&#8221;center&#8221; onclick=&#8221;custom_link&#8221; img_link_target=&#8221;_blank&#8221; css=&#8221;.vc_custom_1565279789414{margin-bottom: 0px !important;}&#8221; link=&#8221;https:\/\/gruposanz.es\/fundacion-sanz\/colabora-con-fundacion-sanz&#8221;][vc_custom_heading text=&#8221;Collaborate&#8221; font_container=&#8221;tag:h4|text_align:center|color:%23ffffff&#8221; use_theme_fonts=&#8221;yes&#8221; css=&#8221;.vc_custom_1565355628258{margin-top: 10px !important;padding-top: 10px !important;padding-bottom: 10px !important;background-color: #fab10c !important;}&#8221; link=&#8221;url:%2Fen%2Fsanz-foundation%2Fcollaborate||target:%20_blank|&#8221;][\/vc_column][vc_column width=&#8221;1\/4&#8243;][vc_single_image image=&#8221;46117&#8243; img_size=&#8221;full&#8221; alignment=&#8221;center&#8221; onclick=&#8221;custom_link&#8221; img_link_target=&#8221;_blank&#8221; css=&#8221;.vc_custom_1565355641643{margin-bottom: 0px !important;}&#8221; link=&#8221;\/en\/sanz-foundation\/multimedia-sanz-foundation&#8221;][vc_custom_heading text=&#8221;Multimedia&#8221; font_container=&#8221;tag:h4|text_align:center|color:%23ffffff&#8221; use_theme_fonts=&#8221;yes&#8221; css=&#8221;.vc_custom_1565355653621{margin-top: 10px !important;padding-top: 10px !important;padding-bottom: 10px !important;background-color: #fab10c !important;}&#8221; link=&#8221;url:%2Fen%2Fsanz-foundation%2Fmultimedia-sanz-foundation||target:%20_blank|&#8221;][\/vc_column][vc_column width=&#8221;1\/4&#8243;][vc_single_image image=&#8221;46122&#8243; img_size=&#8221;full&#8221; alignment=&#8221;center&#8221; onclick=&#8221;custom_link&#8221; img_link_target=&#8221;_blank&#8221; css=&#8221;.vc_custom_1565355667269{margin-bottom: 0px !important;}&#8221; link=&#8221;\/en\/sanz-foundation\/where-we-work&#8221;][vc_custom_heading text=&#8221;Where we operate&#8221; font_container=&#8221;tag:h4|text_align:center|color:%23ffffff&#8221; use_theme_fonts=&#8221;yes&#8221; css=&#8221;.vc_custom_1565355677331{margin-top: 10px !important;padding-top: 10px !important;padding-bottom: 10px !important;background-color: #fab10c !important;}&#8221; link=&#8221;url:%2Fen%2Fsanz-foundation%2Fwhere-we-work||target:%20_blank|&#8221;][\/vc_column][vc_column width=&#8221;1\/4&#8243;][vc_single_image image=&#8221;46127&#8243; img_size=&#8221;full&#8221; alignment=&#8221;center&#8221; onclick=&#8221;custom_link&#8221; img_link_target=&#8221;_blank&#8221; css=&#8221;.vc_custom_1565355694040{margin-bottom: 0px !important;}&#8221; link=&#8221;\/en\/sanz-foundation\/maf-project&#8221;][vc_custom_heading text=&#8221;MAF Project&#8221; font_container=&#8221;tag:h4|text_align:center|color:%23ffffff&#8221; use_theme_fonts=&#8221;yes&#8221; css=&#8221;.vc_custom_1565355705509{margin-top: 10px !important;padding-top: 10px !important;padding-bottom: 10px !important;background-color: #fab10c !important;}&#8221; link=&#8221;url:%2Fen%2Fsanz-foundation%2Fmaf-project||target:%20_blank|&#8221;][\/vc_column][\/vc_row][vc_row][vc_column][vc_separator][vc_column_text css=&#8221;.vc_custom_1565355517187{margin-bottom: 0px !important;}&#8221;]<\/p>\n<h4>Documentation<\/h4>\n<p>[\/vc_column_text][\/vc_column][\/vc_row][vc_row css=&#8221;.vc_custom_1564741433028{margin-top: 20px !important;margin-bottom: 30px !important;}&#8221;][vc_column width=&#8221;1\/2&#8243;][vc_btn title=&#8221;2014 Draft report of the &#8220;African Women Farmers&#8220;&#8221; style=&#8221;custom&#8221; custom_background=&#8221;#fab10c&#8221; custom_text=&#8221;#ffffff&#8221; size=&#8221;sm&#8221; align=&#8221;center&#8221; i_icon_fontawesome=&#8221;fa fa-file-pdf-o&#8221; button_block=&#8221;true&#8221; add_icon=&#8221;true&#8221; link=&#8221;url:%2Fen%2Fsanz-foundation%2Fcollaborate||target:%20_blank|rel:nofollow&#8221;][vc_btn title=&#8221;Presentation of the AMA Project 2013-2014&#8243; style=&#8221;custom&#8221; custom_background=&#8221;#fab10c&#8221; custom_text=&#8221;#ffffff&#8221; size=&#8221;sm&#8221; align=&#8221;center&#8221; i_icon_fontawesome=&#8221;fa fa-file-pdf-o&#8221; button_block=&#8221;true&#8221; add_icon=&#8221;true&#8221; link=&#8221;url:http%3A%2F%2Fgruposanz.es%2Fwp-content%2Fuploads%2F2018%2F02%2Fburkina_project_2013-14.pdf||target:%20_blank|rel:nofollow&#8221;][\/vc_column][vc_column width=&#8221;1\/2&#8243;][vc_btn title=&#8221;MAA submission 2014 in Ba Gn\u00e9 Gu\u00e9 N\u00e0&#8221; style=&#8221;custom&#8221; custom_background=&#8221;#fab10c&#8221; custom_text=&#8221;#ffffff&#8221; size=&#8221;sm&#8221; align=&#8221;center&#8221; i_icon_fontawesome=&#8221;fa fa-file-pdf-o&#8221; button_block=&#8221;true&#8221; add_icon=&#8221;true&#8221; link=&#8221;url:http%3A%2F%2Fgruposanz.es%2Fwp-content%2Fuploads%2F2018%2F02%2FProyecto-2014_Noviembre.pdf||target:%20_blank|rel:nofollow&#8221;][vc_btn title=&#8221;Dossier Project for African Women Farmers 2013&#8243; style=&#8221;custom&#8221; custom_background=&#8221;#fab10c&#8221; custom_text=&#8221;#ffffff&#8221; size=&#8221;sm&#8221; align=&#8221;center&#8221; i_icon_fontawesome=&#8221;fa fa-file-pdf-o&#8221; button_block=&#8221;true&#8221; add_icon=&#8221;true&#8221; link=&#8221;url:http%3A%2F%2Fgruposanz.es%2Fwp-content%2Fuploads%2F2018%2F02%2Fdossier_proyecto_mujeres_agricultoras_2013.pdf||target:%20_blank|rel:nofollow&#8221;][\/vc_column][\/vc_row][vc_row][vc_column][vc_column_text]<\/p>\n<h3 style=\"text-align: center;\">SANZ FAMILY FOUNDATION<\/h3>\n<div class=\"footer-text clearfix\">\n<div class=\"one\" style=\"text-align: center;\">\n<div class=\"one\">Copyright 2010-2014 Sanz\u00a0Family\u00a0Foundation<\/div>\n<div class=\"two\">Sanz Family Foundation is a nonprofit organization belonging to Grupo Sanz<\/div>\n<\/div>\n<\/div>\n<p>[\/vc_column_text][\/vc_column][\/vc_row]<\/p>\n<\/div>","protected":false},"excerpt":{"rendered":"<p>&#8230;<\/p>\n","protected":false},"author":3,"featured_media":0,"parent":24988,"menu_order":0,"comment_status":"closed","ping_status":"closed","template":"","meta":{"footnotes":""},"class_list":["post-25009","page","type-page","status-publish","hentry"],"yoast_head":"<!-- This site is optimized with the Yoast SEO plugin v27.3 - https:\/\/yoast.com\/product\/yoast-seo-wordpress\/ -->\n<title>MAF project | Fundaci\u00f3n Sanz - Grupo Sanz<\/title>\n<meta name=\"description\" content=\"La Fundaci\u00f3n Familia Sanz es una fundaci\u00f3n privada sin \u00e1nimo de lucro y de car\u00e1cter pluralista. \u00bfQuieres saber donde actuamos? Entra y desc\u00fabrelo.\" \/>\n<meta name=\"robots\" content=\"index, follow, max-snippet:-1, max-image-preview:large, max-video-preview:-1\" \/>\n<link rel=\"canonical\" href=\"https:\/\/gruposanz.es\/en\/sanz-foundation\/maf-project\" \/>\n<meta property=\"og:locale\" content=\"en_US\" \/>\n<meta property=\"og:type\" content=\"article\" \/>\n<meta property=\"og:title\" content=\"MAF project | Fundaci\u00f3n Sanz - Grupo Sanz\" \/>\n<meta property=\"og:description\" content=\"La Fundaci\u00f3n Familia Sanz es una fundaci\u00f3n privada sin \u00e1nimo de lucro y de car\u00e1cter pluralista. \u00bfQuieres saber donde actuamos? Entra y desc\u00fabrelo.\" \/>\n<meta property=\"og:url\" content=\"https:\/\/gruposanz.es\/en\/sanz-foundation\/maf-project\" \/>\n<meta property=\"og:site_name\" content=\"Grupo Sanz\" \/>\n<meta property=\"article:modified_time\" content=\"2020-08-05T11:53:39+00:00\" \/>\n<meta name=\"twitter:card\" content=\"summary_large_image\" \/>\n<meta name=\"twitter:label1\" content=\"Est. reading time\" \/>\n\t<meta name=\"twitter:data1\" content=\"6 minutes\" \/>\n<script type=\"application\/ld+json\" class=\"yoast-schema-graph\">{\"@context\":\"https:\\\/\\\/schema.org\",\"@graph\":[{\"@type\":\"WebPage\",\"@id\":\"https:\\\/\\\/gruposanz.es\\\/en\\\/sanz-foundation\\\/maf-project\",\"url\":\"https:\\\/\\\/gruposanz.es\\\/en\\\/sanz-foundation\\\/maf-project\",\"name\":\"MAF project | Fundaci\u00f3n Sanz - Grupo Sanz\",\"isPartOf\":{\"@id\":\"https:\\\/\\\/gruposanz.es\\\/en#website\"},\"datePublished\":\"2015-12-28T16:36:51+00:00\",\"dateModified\":\"2020-08-05T11:53:39+00:00\",\"description\":\"La Fundaci\u00f3n Familia Sanz es una fundaci\u00f3n privada sin \u00e1nimo de lucro y de car\u00e1cter pluralista. \u00bfQuieres saber donde actuamos? Entra y desc\u00fabrelo.\",\"breadcrumb\":{\"@id\":\"https:\\\/\\\/gruposanz.es\\\/en\\\/sanz-foundation\\\/maf-project#breadcrumb\"},\"inLanguage\":\"en-US\",\"potentialAction\":[{\"@type\":\"ReadAction\",\"target\":[\"https:\\\/\\\/gruposanz.es\\\/en\\\/sanz-foundation\\\/maf-project\"]}]},{\"@type\":\"BreadcrumbList\",\"@id\":\"https:\\\/\\\/gruposanz.es\\\/en\\\/sanz-foundation\\\/maf-project#breadcrumb\",\"itemListElement\":[{\"@type\":\"ListItem\",\"position\":1,\"name\":\"Inicio\",\"item\":\"https:\\\/\\\/gruposanz.es\\\/en\"},{\"@type\":\"ListItem\",\"position\":2,\"name\":\"Sanz Foundation\",\"item\":\"https:\\\/\\\/gruposanz.es\\\/en\\\/sanz-foundation\"},{\"@type\":\"ListItem\",\"position\":3,\"name\":\"MAF project\"}]},{\"@type\":\"WebSite\",\"@id\":\"https:\\\/\\\/gruposanz.es\\\/en#website\",\"url\":\"https:\\\/\\\/gruposanz.es\\\/en\",\"name\":\"Grupo Sanz\",\"description\":\"Grupo Sanz, fabricantes de productos de pulverizaci\u00f3n y poda con sus marcas Pulmic, Kamikaze, Keeper y Siqua\",\"publisher\":{\"@id\":\"https:\\\/\\\/gruposanz.es\\\/en#organization\"},\"potentialAction\":[{\"@type\":\"SearchAction\",\"target\":{\"@type\":\"EntryPoint\",\"urlTemplate\":\"https:\\\/\\\/gruposanz.es\\\/en?s={search_term_string}\"},\"query-input\":{\"@type\":\"PropertyValueSpecification\",\"valueRequired\":true,\"valueName\":\"search_term_string\"}}],\"inLanguage\":\"en-US\"},{\"@type\":\"Organization\",\"@id\":\"https:\\\/\\\/gruposanz.es\\\/en#organization\",\"name\":\"Grupo Sanz\",\"url\":\"https:\\\/\\\/gruposanz.es\\\/en\",\"logo\":{\"@type\":\"ImageObject\",\"inLanguage\":\"en-US\",\"@id\":\"https:\\\/\\\/gruposanz.es\\\/en#\\\/schema\\\/logo\\\/image\\\/\",\"url\":\"https:\\\/\\\/gruposanz.es\\\/wp-content\\\/uploads\\\/2022\\\/10\\\/LOGOTIPO-GRUPO-SANZ-vertical.png\",\"contentUrl\":\"https:\\\/\\\/gruposanz.es\\\/wp-content\\\/uploads\\\/2022\\\/10\\\/LOGOTIPO-GRUPO-SANZ-vertical.png\",\"width\":1418,\"height\":1418,\"caption\":\"Grupo Sanz\"},\"image\":{\"@id\":\"https:\\\/\\\/gruposanz.es\\\/en#\\\/schema\\\/logo\\\/image\\\/\"},\"sameAs\":[\"https:\\\/\\\/www.linkedin.com\\\/company\\\/grupo-sanz-hermanos\",\"https:\\\/\\\/www.youtube.com\\\/user\\\/GrupoSanz\"]}]}<\/script>\n<!-- \/ Yoast SEO plugin. -->","yoast_head_json":{"title":"MAF project | Fundaci\u00f3n Sanz - Grupo Sanz","description":"La Fundaci\u00f3n Familia Sanz es una fundaci\u00f3n privada sin \u00e1nimo de lucro y de car\u00e1cter pluralista. \u00bfQuieres saber donde actuamos? Entra y desc\u00fabrelo.","robots":{"index":"index","follow":"follow","max-snippet":"max-snippet:-1","max-image-preview":"max-image-preview:large","max-video-preview":"max-video-preview:-1"},"canonical":"https:\/\/gruposanz.es\/en\/sanz-foundation\/maf-project","og_locale":"en_US","og_type":"article","og_title":"MAF project | Fundaci\u00f3n Sanz - Grupo Sanz","og_description":"La Fundaci\u00f3n Familia Sanz es una fundaci\u00f3n privada sin \u00e1nimo de lucro y de car\u00e1cter pluralista. \u00bfQuieres saber donde actuamos? Entra y desc\u00fabrelo.","og_url":"https:\/\/gruposanz.es\/en\/sanz-foundation\/maf-project","og_site_name":"Grupo Sanz","article_modified_time":"2020-08-05T11:53:39+00:00","twitter_card":"summary_large_image","twitter_misc":{"Est. reading time":"6 minutes"},"schema":{"@context":"https:\/\/schema.org","@graph":[{"@type":"WebPage","@id":"https:\/\/gruposanz.es\/en\/sanz-foundation\/maf-project","url":"https:\/\/gruposanz.es\/en\/sanz-foundation\/maf-project","name":"MAF project | Fundaci\u00f3n Sanz - Grupo Sanz","isPartOf":{"@id":"https:\/\/gruposanz.es\/en#website"},"datePublished":"2015-12-28T16:36:51+00:00","dateModified":"2020-08-05T11:53:39+00:00","description":"La Fundaci\u00f3n Familia Sanz es una fundaci\u00f3n privada sin \u00e1nimo de lucro y de car\u00e1cter pluralista. \u00bfQuieres saber donde actuamos? Entra y desc\u00fabrelo.","breadcrumb":{"@id":"https:\/\/gruposanz.es\/en\/sanz-foundation\/maf-project#breadcrumb"},"inLanguage":"en-US","potentialAction":[{"@type":"ReadAction","target":["https:\/\/gruposanz.es\/en\/sanz-foundation\/maf-project"]}]},{"@type":"BreadcrumbList","@id":"https:\/\/gruposanz.es\/en\/sanz-foundation\/maf-project#breadcrumb","itemListElement":[{"@type":"ListItem","position":1,"name":"Inicio","item":"https:\/\/gruposanz.es\/en"},{"@type":"ListItem","position":2,"name":"Sanz Foundation","item":"https:\/\/gruposanz.es\/en\/sanz-foundation"},{"@type":"ListItem","position":3,"name":"MAF project"}]},{"@type":"WebSite","@id":"https:\/\/gruposanz.es\/en#website","url":"https:\/\/gruposanz.es\/en","name":"Grupo Sanz","description":"Grupo Sanz, fabricantes de productos de pulverizaci\u00f3n y poda con sus marcas Pulmic, Kamikaze, Keeper y Siqua","publisher":{"@id":"https:\/\/gruposanz.es\/en#organization"},"potentialAction":[{"@type":"SearchAction","target":{"@type":"EntryPoint","urlTemplate":"https:\/\/gruposanz.es\/en?s={search_term_string}"},"query-input":{"@type":"PropertyValueSpecification","valueRequired":true,"valueName":"search_term_string"}}],"inLanguage":"en-US"},{"@type":"Organization","@id":"https:\/\/gruposanz.es\/en#organization","name":"Grupo Sanz","url":"https:\/\/gruposanz.es\/en","logo":{"@type":"ImageObject","inLanguage":"en-US","@id":"https:\/\/gruposanz.es\/en#\/schema\/logo\/image\/","url":"https:\/\/gruposanz.es\/wp-content\/uploads\/2022\/10\/LOGOTIPO-GRUPO-SANZ-vertical.png","contentUrl":"https:\/\/gruposanz.es\/wp-content\/uploads\/2022\/10\/LOGOTIPO-GRUPO-SANZ-vertical.png","width":1418,"height":1418,"caption":"Grupo Sanz"},"image":{"@id":"https:\/\/gruposanz.es\/en#\/schema\/logo\/image\/"},"sameAs":["https:\/\/www.linkedin.com\/company\/grupo-sanz-hermanos","https:\/\/www.youtube.com\/user\/GrupoSanz"]}]}},"_links":{"self":[{"href":"https:\/\/gruposanz.es\/en\/wp-json\/wp\/v2\/pages\/25009","targetHints":{"allow":["GET"]}}],"collection":[{"href":"https:\/\/gruposanz.es\/en\/wp-json\/wp\/v2\/pages"}],"about":[{"href":"https:\/\/gruposanz.es\/en\/wp-json\/wp\/v2\/types\/page"}],"author":[{"embeddable":true,"href":"https:\/\/gruposanz.es\/en\/wp-json\/wp\/v2\/users\/3"}],"replies":[{"embeddable":true,"href":"https:\/\/gruposanz.es\/en\/wp-json\/wp\/v2\/comments?post=25009"}],"version-history":[{"count":0,"href":"https:\/\/gruposanz.es\/en\/wp-json\/wp\/v2\/pages\/25009\/revisions"}],"up":[{"embeddable":true,"href":"https:\/\/gruposanz.es\/en\/wp-json\/wp\/v2\/pages\/24988"}],"wp:attachment":[{"href":"https:\/\/gruposanz.es\/en\/wp-json\/wp\/v2\/media?parent=25009"}],"curies":[{"name":"wp","href":"https:\/\/api.w.org\/{rel}","templated":true}]}}