{"id":31469,"date":"2018-05-24T16:15:44","date_gmt":"2018-05-24T14:15:44","guid":{"rendered":"http:\/\/gruposanz.es\/?page_id=31469"},"modified":"2023-04-26T18:08:34","modified_gmt":"2023-04-26T16:08:34","slug":"privacy-policy","status":"publish","type":"page","link":"https:\/\/gruposanz.es\/en\/privacy-policy","title":{"rendered":"Privacy Policy"},"content":{"rendered":"<p><strong>POL\u00cdTICA DE PRIVACIDAD DE gruposanz.es<\/strong><\/p>\n<p>Fecha de \u00faltima actualizaci\u00f3n: 26\/04\/2023<\/p>\n<h4 align=\"JUSTIFY\">\u00bfQUI\u00c9N ES EL RESPONSABLE DEL TRATAMIENTO?<\/h4>\n<ul>\n<li>\n<p align=\"JUSTIFY\">Identidad del responsable. SANZ HERMANOS SL CIF: B46445615<\/p>\n<\/li>\n<li>\n<p align=\"JUSTIFY\">Direcci\u00f3n f\u00edsica. <span lang=\"es-ES\">Carretera Benisan\u00f3-Olocau S\/N, 46181 Benisan\u00f3 (Valencia), Espa\u00f1a<\/span><\/p>\n<\/li>\n<li>\n<p align=\"JUSTIFY\">Correo electr\u00f3nico. i<a href=\"mailto:nfo@gruposanz.es\">nfo@gruposanz.es<\/a><\/p>\n<\/li>\n<li>\n<p align=\"JUSTIFY\">Tel\u00e9fono. \u00a096 279 1441<\/p>\n<\/li>\n<\/ul>\n<h4 align=\"JUSTIFY\">\u00bfQU\u00c9 DATOS PERSONALES TRATAMOS?<\/h4>\n<p align=\"JUSTIFY\">En el marco de los distintos tratamientos de actividades realizadas en la organizaci\u00f3n, se recaban los siguientes tipos:<\/p>\n<ul>\n<li>\n<p align=\"JUSTIFY\"><strong>Datos de car\u00e1cter identificativos.<\/strong><\/p>\n<\/li>\n<li>\n<p align=\"JUSTIFY\"><strong>Datos acad\u00e9micos Profesionales.<\/strong><\/p>\n<\/li>\n<\/ul>\n<h4 align=\"JUSTIFY\">\u00bfCON QU\u00c9 FINALIDAD Y CASOS ESPEC\u00cdFICOS CON QUE TRATAMOS LOS DATOS PERSONALES?<\/h4>\n<p align=\"JUSTIFY\">En <a href=\"http:\/\/www.gruposanz.es\">www.gruposanz.es<\/a> se tratan los datos personales con las siguientes finalidades:<\/p>\n<ul>\n<li>\n<p align=\"JUSTIFY\"><strong>Formulario de contacto<\/strong>: Responder a las solicitudes de informaci\u00f3n recibidas sobre los productos y servicios que se ofrecen, as\u00ed como dar respuesta a cualquier otro tipo de pregunta que env\u00eden los usuarios.<\/p>\n<\/li>\n<li>\n<p align=\"JUSTIFY\"><strong>Formulario de trabaja con nosotros<\/strong>: Realizar procesos internos de selecci\u00f3n de personal, tanto actuales como futuros.<\/p>\n<\/li>\n<li>\n<p align=\"JUSTIFY\"><strong>Blog de comentarios<\/strong>: Realizar tantos comentarios el usuario desee.<\/p>\n<\/li>\n<\/ul>\n<p align=\"JUSTIFY\">Con los datos personales recabados no se elaborar\u00e1n perfiles ni se realizar\u00e1n decisiones automatizadas.<\/p>\n<h4 align=\"JUSTIFY\">\u00bfCU\u00c1L ES LA LEGITIMACI\u00d3N PARA EL TRATAMIENTO DE LOS DATOS?<\/h4>\n<p align=\"JUSTIFY\">En la organizaci\u00f3n se pueden tratar informaci\u00f3n de car\u00e1cter personal para:<\/p>\n<ul>\n<li>\n<p align=\"JUSTIFY\"><strong>Consentimiento<\/strong>: Al acceder a nuestra web y rellenar los formularios o enviarnos datos a trav\u00e9s de los medios de contacto electr\u00f3nicos indicados, aceptas esta Pol\u00edtica de Privacidad. Es por ello, que nos basamos en el consentimiento del usuario para el tratamiento de sus datos. Adicionalmente, te informamos que s\u00f3lo usaremos la informaci\u00f3n de car\u00e1cter personal en virtud de esta Pol\u00edtica de Privacidad y, con car\u00e1cter general, solicitaremos tu consentimiento para usos con fines distintos de aqu\u00e9llos para los cuales los otorgaste inicialmente. Finalmente, te informamos que puedes retirar el consentimiento en cualquier momento, solo tendr\u00e1s que ponerte en contacto con nosotros a trav\u00e9s de los medios indicados en esta pol\u00edtica de privacidad.<\/p>\n<\/li>\n<\/ul>\n<p align=\"JUSTIFY\">Para la respuesta a las solicitudes, el interesado deber\u00e1 proporcionar la informaci\u00f3n m\u00ednima solicitada. En caso contrato, no podr\u00e1n ser atendidas.<\/p>\n<h4 align=\"JUSTIFY\">\u00bfDURANTE CU\u00c1NTO TRATAMOS LOS DATOS PERSONALES?<\/h4>\n<p align=\"JUSTIFY\">En <a href=\"http:\/\/www.gruposanz.es\">www.gruposanz.es<\/a> se tratan los datos personales durante los siguientes plazos:<\/p>\n<ul>\n<li>\n<p align=\"JUSTIFY\">El periodo establecido por la ley<\/p>\n<\/li>\n<li>\n<p align=\"JUSTIFY\">El per\u00edodo necesario para cumplir con las obligaciones operativas<\/p>\n<\/li>\n<\/ul>\n<p align=\"JUSTIFY\">Se conservar\u00e1n los datos durante el tiempo necesario para cumplir con la finalidad para la que se recabaron y para determinar las posibles responsabilidades que se pudieran derivar de dicha finalidad y del tratamiento de los datos, conforme las normativas anteriormente expuestas, adem\u00e1s de los periodos establecidos en la normativa de archivos y documentaci\u00f3n que sea de aplicaci\u00f3n.<\/p>\n<h4 align=\"JUSTIFY\">\u00bfCON QUI\u00c9N COMPARTIMOS LOS DATOS PERSONALES?<\/h4>\n<p align=\"JUSTIFY\">Para cumplir las finalidades anteriormente descritas, se puede compartir datos personales con:<\/p>\n<p align=\"JUSTIFY\">Proveedores de servicios que realizan servicios a nuestro nombre<\/p>\n<p align=\"JUSTIFY\">informamos que, con car\u00e1cter general, no se realizan transferencias internacionales fuera del Espacio Econ\u00f3mico Europeo (EEE). En el caso de que se produjera una transferencia de datos fuera del EEE, LA ORGANIZACI\u00d3N dispondr\u00e1 de las garant\u00edas adecuadas para realizar dicha transferencia, en virtud de los requerimientos que establece el Reglamento General de Protecci\u00f3n de Datos<\/p>\n<h4 align=\"JUSTIFY\">\u00bfQU\u00c9 DERECHOS PUEDES EJERCER?<\/h4>\n<p align=\"JUSTIFY\"><span lang=\"es-ES\">Seg\u00fan la normativa europea los derechos que le asisten son los siguientes:<\/span><\/p>\n<ul>\n<li>\n<p align=\"JUSTIFY\"><span lang=\"es-ES\"><strong>Acceso<\/strong>,<\/span><span lang=\"es-ES\"> derecho a solicitar informaci\u00f3n al responsable de un fichero sobre si sus datos personales est\u00e1n siendo tratados.<\/span><\/p>\n<\/li>\n<li>\n<p align=\"JUSTIFY\"><span lang=\"es-ES\"><strong>Rectificaci\u00f3n<\/strong>,<\/span><span lang=\"es-ES\"> derecho que permite a la persona afectada solicitar la modificaci\u00f3n de datos que sean inexactos o incompletos. <\/span><\/p>\n<\/li>\n<li>\n<p align=\"JUSTIFY\"><span lang=\"es-ES\"><strong>Oposici\u00f3n<\/strong>,<\/span><span lang=\"es-ES\"> derecho de una persona a oponerse al tratamiento de sus datos personales o el cese de \u00e9stos. <\/span><\/p>\n<\/li>\n<li>\n<p align=\"JUSTIFY\"><strong><span lang=\"es-ES\">Decisiones individuales automatizadas<\/span><\/strong><span lang=\"es-ES\">, derecho a no ser objeto de una decisi\u00f3n basada \u00fanicamente en el tratamiento automatizado, incluida la elaboraci\u00f3n de perfiles, que produzca efectos jur\u00eddicos en \u00e9l o le afecte significativamente de modo similar<\/span><\/p>\n<\/li>\n<li>\n<p align=\"JUSTIFY\"><span lang=\"es-ES\"><strong>Limitaci\u00f3n<\/strong>,<\/span><span lang=\"es-ES\"> derecho a suspender el tratamiento de los datos personales del usuario en determinados supuestos<\/span><\/p>\n<\/li>\n<li>\n<p align=\"JUSTIFY\"><strong><span lang=\"es-ES\">Supresi\u00f3n u Olvido<\/span><\/strong><span lang=\"es-ES\">, derecho a supresi\u00f3n de los datos personales del interesado<\/span><\/p>\n<\/li>\n<li>\n<p align=\"JUSTIFY\"><span lang=\"es-ES\"><strong>Portabilidad<\/strong>,<\/span><span lang=\"es-ES\"> derecho a solicitar al responsable del tratamiento que se le faciliten los datos personales en un formato estructurado y claro a otro responsable.<\/span><\/p>\n<\/li>\n<\/ul>\n<p align=\"JUSTIFY\"><span lang=\"es-ES\">El plazo m\u00e1ximo para la resoluci\u00f3n de la solicitud es de 30 d\u00edas desde su recepci\u00f3n, puede prorrogarse como m\u00e1ximo por un plazo de 2 meses siempre que sea necesario. <\/span><\/p>\n<p align=\"JUSTIFY\"><span lang=\"es-ES\">El solicitante puede ejercer sus derechos a trav\u00e9s de los siguientes medios: <\/span><\/p>\n<ul>\n<li>\n<p align=\"JUSTIFY\"><span lang=\"es-ES\">Email a <\/span><a href=\"mailto:rgpd@gruposanz.es\">rgpd@gruposanz.es<\/a> <span lang=\"es-ES\">aportando documentaci\u00f3n que acredite la identidad del solicitante (copia del anverso del Documento Nacional de Identidad, o equivalente)<\/span><\/p>\n<\/li>\n<li>\n<p align=\"JUSTIFY\"><span lang=\"es-ES\">Correo postal a Carretera Benisan\u00f3-Olocau S\/N, 46181 Benisan\u00f3 (Valencia), Espa\u00f1a, aportando documentaci\u00f3n que acredite la identidad del solicitante (copia del anverso del Documento Nacional de Identidad, o equivalente)<\/span><\/p>\n<\/li>\n<li>\n<p align=\"JUSTIFY\"><span lang=\"es-ES\">En cualquier caso, puede solicitar la tutela de la Agencia Espa\u00f1ola de Protecci\u00f3n de Datos a trav\u00e9s de su <a href=\"http:\/\/www.aepd.es\">p\u00e1gina web<\/a><\/span><\/p>\n<\/li>\n<\/ul>\n<h4 align=\"JUSTIFY\">CAMBIOS EN ESTA POLITICA DE PRIVACIDAD<\/h4>\n<p align=\"JUSTIFY\"><span lang=\"es-ES\">Eventualmente, esta Pol\u00edtica de Privacidad puede ser revisada con el fin de actualizar los cambios en la legislaci\u00f3n vigente, actualizar los procedimientos de recogida y uso de la informaci\u00f3n de car\u00e1cter personal, la aparici\u00f3n de nuevos servicios o la exclusi\u00f3n de otros. Estos cambios ser\u00e1n vigentes a partir de su publicaci\u00f3n en la web, por lo que es importante que revises regularmente esta Pol\u00edtica de Privacidad con el fin de permanecer informado sobre los cambios habidos.<\/span><\/p>\n","protected":false},"excerpt":{"rendered":"<p>&#8230;<\/p>\n","protected":false},"author":5,"featured_media":0,"parent":0,"menu_order":0,"comment_status":"closed","ping_status":"closed","template":"","meta":{"footnotes":""},"class_list":["post-31469","page","type-page","status-publish","hentry"],"yoast_head":"<!-- This site is optimized with the Yoast SEO plugin v27.3 - https:\/\/yoast.com\/product\/yoast-seo-wordpress\/ -->\n<title>Privacy Policy - Grupo Sanz<\/title>\n<meta name=\"robots\" content=\"noindex, nofollow\" \/>\n<meta property=\"og:locale\" content=\"en_US\" \/>\n<meta property=\"og:type\" content=\"article\" \/>\n<meta property=\"og:title\" content=\"Privacy Policy - Grupo Sanz\" \/>\n<meta property=\"og:description\" content=\"...\" \/>\n<meta property=\"og:url\" content=\"https:\/\/gruposanz.es\/en\/privacy-policy\" \/>\n<meta property=\"og:site_name\" content=\"Grupo Sanz\" \/>\n<meta property=\"article:modified_time\" content=\"2023-04-26T16:08:34+00:00\" \/>\n<meta name=\"twitter:card\" content=\"summary_large_image\" \/>\n<meta name=\"twitter:label1\" content=\"Est. reading time\" \/>\n\t<meta name=\"twitter:data1\" content=\"4 minutes\" \/>\n<script type=\"application\/ld+json\" class=\"yoast-schema-graph\">{\"@context\":\"https:\\\/\\\/schema.org\",\"@graph\":[{\"@type\":\"WebPage\",\"@id\":\"https:\\\/\\\/gruposanz.es\\\/en\\\/privacy-policy\",\"url\":\"https:\\\/\\\/gruposanz.es\\\/en\\\/privacy-policy\",\"name\":\"Privacy Policy - Grupo Sanz\",\"isPartOf\":{\"@id\":\"https:\\\/\\\/gruposanz.es\\\/en#website\"},\"datePublished\":\"2018-05-24T14:15:44+00:00\",\"dateModified\":\"2023-04-26T16:08:34+00:00\",\"breadcrumb\":{\"@id\":\"https:\\\/\\\/gruposanz.es\\\/en\\\/privacy-policy#breadcrumb\"},\"inLanguage\":\"en-US\",\"potentialAction\":[{\"@type\":\"ReadAction\",\"target\":[\"https:\\\/\\\/gruposanz.es\\\/en\\\/privacy-policy\"]}]},{\"@type\":\"BreadcrumbList\",\"@id\":\"https:\\\/\\\/gruposanz.es\\\/en\\\/privacy-policy#breadcrumb\",\"itemListElement\":[{\"@type\":\"ListItem\",\"position\":1,\"name\":\"Inicio\",\"item\":\"https:\\\/\\\/gruposanz.es\\\/en\"},{\"@type\":\"ListItem\",\"position\":2,\"name\":\"Privacy Policy\"}]},{\"@type\":\"WebSite\",\"@id\":\"https:\\\/\\\/gruposanz.es\\\/en#website\",\"url\":\"https:\\\/\\\/gruposanz.es\\\/en\",\"name\":\"Grupo Sanz\",\"description\":\"Grupo Sanz, fabricantes de productos de pulverizaci\u00f3n y poda con sus marcas Pulmic, Kamikaze, Keeper y Siqua\",\"publisher\":{\"@id\":\"https:\\\/\\\/gruposanz.es\\\/en#organization\"},\"potentialAction\":[{\"@type\":\"SearchAction\",\"target\":{\"@type\":\"EntryPoint\",\"urlTemplate\":\"https:\\\/\\\/gruposanz.es\\\/en?s={search_term_string}\"},\"query-input\":{\"@type\":\"PropertyValueSpecification\",\"valueRequired\":true,\"valueName\":\"search_term_string\"}}],\"inLanguage\":\"en-US\"},{\"@type\":\"Organization\",\"@id\":\"https:\\\/\\\/gruposanz.es\\\/en#organization\",\"name\":\"Grupo Sanz\",\"url\":\"https:\\\/\\\/gruposanz.es\\\/en\",\"logo\":{\"@type\":\"ImageObject\",\"inLanguage\":\"en-US\",\"@id\":\"https:\\\/\\\/gruposanz.es\\\/en#\\\/schema\\\/logo\\\/image\\\/\",\"url\":\"https:\\\/\\\/gruposanz.es\\\/wp-content\\\/uploads\\\/2022\\\/10\\\/LOGOTIPO-GRUPO-SANZ-vertical.png\",\"contentUrl\":\"https:\\\/\\\/gruposanz.es\\\/wp-content\\\/uploads\\\/2022\\\/10\\\/LOGOTIPO-GRUPO-SANZ-vertical.png\",\"width\":1418,\"height\":1418,\"caption\":\"Grupo Sanz\"},\"image\":{\"@id\":\"https:\\\/\\\/gruposanz.es\\\/en#\\\/schema\\\/logo\\\/image\\\/\"},\"sameAs\":[\"https:\\\/\\\/www.linkedin.com\\\/company\\\/grupo-sanz-hermanos\",\"https:\\\/\\\/www.youtube.com\\\/user\\\/GrupoSanz\"]}]}<\/script>\n<!-- \/ Yoast SEO plugin. -->","yoast_head_json":{"title":"Privacy Policy - Grupo Sanz","robots":{"index":"noindex","follow":"nofollow"},"og_locale":"en_US","og_type":"article","og_title":"Privacy Policy - Grupo Sanz","og_description":"...","og_url":"https:\/\/gruposanz.es\/en\/privacy-policy","og_site_name":"Grupo Sanz","article_modified_time":"2023-04-26T16:08:34+00:00","twitter_card":"summary_large_image","twitter_misc":{"Est. reading time":"4 minutes"},"schema":{"@context":"https:\/\/schema.org","@graph":[{"@type":"WebPage","@id":"https:\/\/gruposanz.es\/en\/privacy-policy","url":"https:\/\/gruposanz.es\/en\/privacy-policy","name":"Privacy Policy - Grupo Sanz","isPartOf":{"@id":"https:\/\/gruposanz.es\/en#website"},"datePublished":"2018-05-24T14:15:44+00:00","dateModified":"2023-04-26T16:08:34+00:00","breadcrumb":{"@id":"https:\/\/gruposanz.es\/en\/privacy-policy#breadcrumb"},"inLanguage":"en-US","potentialAction":[{"@type":"ReadAction","target":["https:\/\/gruposanz.es\/en\/privacy-policy"]}]},{"@type":"BreadcrumbList","@id":"https:\/\/gruposanz.es\/en\/privacy-policy#breadcrumb","itemListElement":[{"@type":"ListItem","position":1,"name":"Inicio","item":"https:\/\/gruposanz.es\/en"},{"@type":"ListItem","position":2,"name":"Privacy Policy"}]},{"@type":"WebSite","@id":"https:\/\/gruposanz.es\/en#website","url":"https:\/\/gruposanz.es\/en","name":"Grupo Sanz","description":"Grupo Sanz, fabricantes de productos de pulverizaci\u00f3n y poda con sus marcas Pulmic, Kamikaze, Keeper y Siqua","publisher":{"@id":"https:\/\/gruposanz.es\/en#organization"},"potentialAction":[{"@type":"SearchAction","target":{"@type":"EntryPoint","urlTemplate":"https:\/\/gruposanz.es\/en?s={search_term_string}"},"query-input":{"@type":"PropertyValueSpecification","valueRequired":true,"valueName":"search_term_string"}}],"inLanguage":"en-US"},{"@type":"Organization","@id":"https:\/\/gruposanz.es\/en#organization","name":"Grupo Sanz","url":"https:\/\/gruposanz.es\/en","logo":{"@type":"ImageObject","inLanguage":"en-US","@id":"https:\/\/gruposanz.es\/en#\/schema\/logo\/image\/","url":"https:\/\/gruposanz.es\/wp-content\/uploads\/2022\/10\/LOGOTIPO-GRUPO-SANZ-vertical.png","contentUrl":"https:\/\/gruposanz.es\/wp-content\/uploads\/2022\/10\/LOGOTIPO-GRUPO-SANZ-vertical.png","width":1418,"height":1418,"caption":"Grupo Sanz"},"image":{"@id":"https:\/\/gruposanz.es\/en#\/schema\/logo\/image\/"},"sameAs":["https:\/\/www.linkedin.com\/company\/grupo-sanz-hermanos","https:\/\/www.youtube.com\/user\/GrupoSanz"]}]}},"_links":{"self":[{"href":"https:\/\/gruposanz.es\/en\/wp-json\/wp\/v2\/pages\/31469","targetHints":{"allow":["GET"]}}],"collection":[{"href":"https:\/\/gruposanz.es\/en\/wp-json\/wp\/v2\/pages"}],"about":[{"href":"https:\/\/gruposanz.es\/en\/wp-json\/wp\/v2\/types\/page"}],"author":[{"embeddable":true,"href":"https:\/\/gruposanz.es\/en\/wp-json\/wp\/v2\/users\/5"}],"replies":[{"embeddable":true,"href":"https:\/\/gruposanz.es\/en\/wp-json\/wp\/v2\/comments?post=31469"}],"version-history":[{"count":0,"href":"https:\/\/gruposanz.es\/en\/wp-json\/wp\/v2\/pages\/31469\/revisions"}],"wp:attachment":[{"href":"https:\/\/gruposanz.es\/en\/wp-json\/wp\/v2\/media?parent=31469"}],"curies":[{"name":"wp","href":"https:\/\/api.w.org\/{rel}","templated":true}]}}