{"id":25618,"date":"2016-01-15T11:04:35","date_gmt":"2016-01-15T09:58:13","guid":{"rendered":"http:\/\/gruposanz.es\/?post_type=product&#038;p=25618"},"modified":"2024-10-15T13:30:26","modified_gmt":"2024-10-15T11:30:26","slug":"pulmic-raptor-16-2","status":"publish","type":"product","link":"https:\/\/gruposanz.es\/en\/producto\/pulmic-raptor-16-2","title":{"rendered":"Pulmic Raptor 16 Sprayer"},"content":{"rendered":"<div class=\"wpb-content-wrapper\"><p>[vc_row][vc_column][vc_column_text]<\/p>\n<h4><span style=\"color: #b7000c;\"><strong>Description<\/strong><\/span><\/h4>\n<p style=\"text-align: justify;\">Pulmic Raptor 16 is the professional&#8217;s best ally. High-quality materials, ease of use, lightness and no need for tools to take it apart. It is one of the best sprayers on the market. Manual hydraulic sprayer for application of agrochemicals.<\/p>\n<h4><span style=\"color: #b7000c;\"><strong>Characteristics<\/strong><\/span><\/h4>\n<p style=\"text-align: justify;\">&#8211; Adjustable nozzle<br \/>\n&#8211; Glass fibre lance with fastening<br \/>\n&#8211; Handle with Viton joints<br \/>\n&#8211; Padded straps<\/p>\n<p><a href=\"\/en\/producto\/pulmic-raptor-16-desmontada-2\">ALSO AVAILABLE IN ANOTHER PACKAGING FORMAT<\/a>[\/vc_column_text][vc_row_inner][vc_column_inner width=&#8221;1\/6&#8243; offset=&#8221;vc_col-xs-3&#8243;][vc_single_image image=&#8221;46717&#8243; img_size=&#8221;&#8221; alignment=&#8221;center&#8221;][\/vc_column_inner][vc_column_inner width=&#8221;1\/6&#8243; offset=&#8221;vc_col-xs-3&#8243;][vc_single_image image=&#8221;46692&#8243; img_size=&#8221;full&#8221; alignment=&#8221;center&#8221;][\/vc_column_inner][vc_column_inner width=&#8221;1\/6&#8243; offset=&#8221;vc_col-xs-4&#8243;][vc_single_image image=&#8221;46762&#8243; img_size=&#8221;full&#8221; alignment=&#8221;center&#8221;][\/vc_column_inner][vc_column_inner width=&#8221;1\/6&#8243; offset=&#8221;vc_col-xs-4&#8243;][vc_single_image image=&#8221;46767&#8243; img_size=&#8221;full&#8221; alignment=&#8221;center&#8221;][\/vc_column_inner][vc_column_inner width=&#8221;1\/6&#8243; offset=&#8221;vc_col-xs-4&#8243;][vc_single_image image=&#8221;46722&#8243; img_size=&#8221;full&#8221; alignment=&#8221;center&#8221;][\/vc_column_inner][vc_column_inner width=&#8221;1\/6&#8243;][\/vc_column_inner][\/vc_row_inner][\/vc_column][\/vc_row][vc_row][vc_column][vc_row_inner][vc_column_inner width=&#8221;2\/3&#8243;][vc_btn title=&#8221;TECHNICAL-COMMERCIAL DATA SHEET&#8221; style=&#8221;custom&#8221; custom_background=&#8221;#b7000c&#8221; custom_text=&#8221;#ffffff&#8221; shape=&#8221;square&#8221; align=&#8221;center&#8221; i_icon_fontawesome=&#8221;&#8221; css=&#8221;&#8221; button_block=&#8221;true&#8221; add_icon=&#8221;true&#8221; link=&#8221;url:%2Fwp-content%2Fuploads%2Fftc%2Fen%2FFTC5821-Pulmic-Raptor16.pdf|target:_blank|rel:nofollow&#8221; el_class=&#8221;boton-descarga-producto&#8221;][\/vc_column_inner][vc_column_inner width=&#8221;1\/3&#8243;][vc_btn title=&#8221;MANUAL&#8221; style=&#8221;custom&#8221; custom_background=&#8221;#b7000c&#8221; custom_text=&#8221;#ffffff&#8221; shape=&#8221;square&#8221; align=&#8221;center&#8221; i_icon_fontawesome=&#8221;fa fa-file-pdf-o&#8221; button_block=&#8221;true&#8221; add_icon=&#8221;true&#8221; link=&#8221;url:%2Fwp-content%2Fuploads%2F2021%2F12%2FManual-Pulmic-Raptor-12-16.pdf||target:%20_blank|rel:nofollow&#8221; el_class=&#8221;boton-descarga-producto&#8221;][\/vc_column_inner][\/vc_row_inner][\/vc_column][\/vc_row][vc_row disable_element=&#8221;yes&#8221;][vc_column][vc_row_inner][vc_column_inner width=&#8221;2\/3&#8243;][vc_btn title=&#8221;TECHNICAL-COMMERCIAL DATA SHEET&#8221; style=&#8221;custom&#8221; custom_background=&#8221;#b7000c&#8221; custom_text=&#8221;#ffffff&#8221; shape=&#8221;square&#8221; align=&#8221;center&#8221; i_icon_fontawesome=&#8221;fa fa-file-pdf-o&#8221; button_block=&#8221;true&#8221; add_icon=&#8221;true&#8221; link=&#8221;url:%2Fwp-content%2Fuploads%2F2019%2F08%2F7823-FTC-Keeper-Garden-16.pdf||target:%20_blank|&#8221; el_class=&#8221;boton-descarga-producto&#8221;][\/vc_column_inner][vc_column_inner width=&#8221;1\/3&#8243;][vc_btn title=&#8221;MANUAL&#8221; style=&#8221;custom&#8221; custom_background=&#8221;#b7000c&#8221; custom_text=&#8221;#ffffff&#8221; shape=&#8221;square&#8221; align=&#8221;center&#8221; i_icon_fontawesome=&#8221;fa fa-file-pdf-o&#8221; button_block=&#8221;true&#8221; add_icon=&#8221;true&#8221; link=&#8221;url:%2Fwp-content%2Fuploads%2F2018%2F03%2FManual-de-instrucciones-Garden-12-16-WEB.pdf||target:%20_blank|&#8221; el_class=&#8221;boton-descarga-producto&#8221;][\/vc_column_inner][\/vc_row_inner][vc_row_inner][vc_column_inner width=&#8221;2\/3&#8243;][vc_btn title=&#8221;WARRANTY ACTIVATION&#8221; style=&#8221;custom&#8221; custom_background=&#8221;#b7000c&#8221; custom_text=&#8221;#ffffff&#8221; shape=&#8221;square&#8221; align=&#8221;center&#8221; i_icon_fontawesome=&#8221;fa fa-file-pdf-o&#8221; button_block=&#8221;true&#8221; add_icon=&#8221;true&#8221; link=&#8221;url:https%3A%2F%2Fgruposanz.es%2Fen%2Fwarranty-activation|title:Warranty%20Activation|target:%20_blank|&#8221; el_class=&#8221;boton-descarga-producto&#8221;][\/vc_column_inner][vc_column_inner width=&#8221;1\/3&#8243;][\/vc_column_inner][\/vc_row_inner][\/vc_column][\/vc_row][vc_row css=&#8221;.vc_custom_1565016375734{margin-top: 0px !important;}&#8221;][vc_column][vc_single_image image=&#8221;46672&#8243; img_size=&#8221;full&#8221; alignment=&#8221;center&#8221;][\/vc_column][\/vc_row][vc_row disable_element=&#8221;yes&#8221; css=&#8221;.vc_custom_1566225865867{margin-top: 0px !important;}&#8221;][vc_column][vc_video link=&#8221;https:\/\/www.youtube.com\/watch?v=5PPkAhlqXGw&#8221;][\/vc_column][\/vc_row]<\/p>\n<\/div>","protected":false},"excerpt":{"rendered":"<h2 style=\"text-align: center;\"><span style=\"color: #ffffff;\"><strong>Manual and electrical sprayers for agriculture application<\/strong><\/span><\/h2>\n","protected":false},"featured_media":64999,"template":"","meta":[],"product_brand":[],"product_cat":[862,973,1001],"product_tag":[3372],"class_list":{"0":"post-25618","1":"product","2":"type-product","3":"status-publish","4":"has-post-thumbnail","6":"product_cat-agricultural","7":"product_cat-manual-application","8":"product_cat-knapsack-sprayer-manual","9":"product_tag-pulmic-products","11":"first","12":"instock","13":"shipping-taxable","14":"product-type-simple"},"yoast_head":"<!-- This site is optimized with the Yoast SEO plugin v27.3 - https:\/\/yoast.com\/product\/yoast-seo-wordpress\/ -->\n<title>Pulmic Raptor 16 Sprayer para la pulverizaci\u00f3n agr\u00edcola - Grupo Sanz<\/title>\n<meta name=\"description\" content=\"Nuestro Pulverizador Pulmic Raptor 16 es el m\u00e1s utilizado de toda la gama y cuenta con una serie de ventajas y caracter\u00edsticas que puedes descubrir aqu\u00ed...\" \/>\n<meta name=\"robots\" content=\"index, follow, max-snippet:-1, max-image-preview:large, max-video-preview:-1\" \/>\n<link rel=\"canonical\" href=\"https:\/\/gruposanz.es\/en\/producto\/pulmic-raptor-16-2\" \/>\n<meta property=\"og:locale\" content=\"en_US\" \/>\n<meta property=\"og:type\" content=\"article\" \/>\n<meta property=\"og:title\" content=\"Pulmic Raptor 16 Sprayer para la pulverizaci\u00f3n agr\u00edcola - Grupo Sanz\" \/>\n<meta property=\"og:description\" content=\"Nuestro Pulverizador Pulmic Raptor 16 es el m\u00e1s utilizado de toda la gama y cuenta con una serie de ventajas y caracter\u00edsticas que puedes descubrir aqu\u00ed...\" \/>\n<meta property=\"og:url\" content=\"https:\/\/gruposanz.es\/en\/producto\/pulmic-raptor-16-2\" \/>\n<meta property=\"og:site_name\" content=\"Grupo Sanz\" \/>\n<meta property=\"article:modified_time\" content=\"2024-10-15T11:30:26+00:00\" \/>\n<meta property=\"og:image\" content=\"https:\/\/gruposanz.es\/wp-content\/uploads\/2016\/01\/Pulmic-Raptor-16.jpg\" \/>\n\t<meta property=\"og:image:width\" content=\"555\" \/>\n\t<meta property=\"og:image:height\" content=\"555\" \/>\n\t<meta property=\"og:image:type\" content=\"image\/jpeg\" \/>\n<meta name=\"twitter:card\" content=\"summary_large_image\" \/>\n<meta name=\"twitter:label1\" content=\"Est. reading time\" \/>\n\t<meta name=\"twitter:data1\" content=\"3 minutes\" \/>\n<script type=\"application\/ld+json\" class=\"yoast-schema-graph\">{\"@context\":\"https:\\\/\\\/schema.org\",\"@graph\":[{\"@type\":\"WebPage\",\"@id\":\"https:\\\/\\\/gruposanz.es\\\/en\\\/producto\\\/pulmic-raptor-16-2\",\"url\":\"https:\\\/\\\/gruposanz.es\\\/en\\\/producto\\\/pulmic-raptor-16-2\",\"name\":\"Pulmic Raptor 16 Sprayer para la pulverizaci\u00f3n agr\u00edcola - Grupo Sanz\",\"isPartOf\":{\"@id\":\"https:\\\/\\\/gruposanz.es\\\/en#website\"},\"primaryImageOfPage\":{\"@id\":\"https:\\\/\\\/gruposanz.es\\\/en\\\/producto\\\/pulmic-raptor-16-2#primaryimage\"},\"image\":{\"@id\":\"https:\\\/\\\/gruposanz.es\\\/en\\\/producto\\\/pulmic-raptor-16-2#primaryimage\"},\"thumbnailUrl\":\"https:\\\/\\\/gruposanz.es\\\/wp-content\\\/uploads\\\/2016\\\/01\\\/Pulmic-Raptor-16.jpg\",\"datePublished\":\"2016-01-15T09:58:13+00:00\",\"dateModified\":\"2024-10-15T11:30:26+00:00\",\"description\":\"Nuestro Pulverizador Pulmic Raptor 16 es el m\u00e1s utilizado de toda la gama y cuenta con una serie de ventajas y caracter\u00edsticas que puedes descubrir aqu\u00ed...\",\"breadcrumb\":{\"@id\":\"https:\\\/\\\/gruposanz.es\\\/en\\\/producto\\\/pulmic-raptor-16-2#breadcrumb\"},\"inLanguage\":\"en-US\",\"potentialAction\":[{\"@type\":\"ReadAction\",\"target\":[\"https:\\\/\\\/gruposanz.es\\\/en\\\/producto\\\/pulmic-raptor-16-2\"]}]},{\"@type\":\"ImageObject\",\"inLanguage\":\"en-US\",\"@id\":\"https:\\\/\\\/gruposanz.es\\\/en\\\/producto\\\/pulmic-raptor-16-2#primaryimage\",\"url\":\"https:\\\/\\\/gruposanz.es\\\/wp-content\\\/uploads\\\/2016\\\/01\\\/Pulmic-Raptor-16.jpg\",\"contentUrl\":\"https:\\\/\\\/gruposanz.es\\\/wp-content\\\/uploads\\\/2016\\\/01\\\/Pulmic-Raptor-16.jpg\",\"width\":555,\"height\":555,\"caption\":\"Pulverizador Pulmic Raptor 16\"},{\"@type\":\"BreadcrumbList\",\"@id\":\"https:\\\/\\\/gruposanz.es\\\/en\\\/producto\\\/pulmic-raptor-16-2#breadcrumb\",\"itemListElement\":[{\"@type\":\"ListItem\",\"position\":1,\"name\":\"Inicio\",\"item\":\"https:\\\/\\\/gruposanz.es\\\/en\"},{\"@type\":\"ListItem\",\"position\":2,\"name\":\"Products\",\"item\":\"https:\\\/\\\/gruposanz.es\\\/en\\\/shop\"},{\"@type\":\"ListItem\",\"position\":3,\"name\":\"Agriculture\",\"item\":\"https:\\\/\\\/gruposanz.es\\\/en\\\/category\\\/agricultural\"},{\"@type\":\"ListItem\",\"position\":4,\"name\":\"Manual application\",\"item\":\"https:\\\/\\\/gruposanz.es\\\/en\\\/category\\\/agricultural\\\/manual-application\"},{\"@type\":\"ListItem\",\"position\":5,\"name\":\"Knapsack sprayers\",\"item\":\"https:\\\/\\\/gruposanz.es\\\/en\\\/category\\\/agricultural\\\/manual-application\\\/knapsack-sprayer-manual\"},{\"@type\":\"ListItem\",\"position\":6,\"name\":\"Pulmic Raptor 16 Sprayer\"}]},{\"@type\":\"WebSite\",\"@id\":\"https:\\\/\\\/gruposanz.es\\\/en#website\",\"url\":\"https:\\\/\\\/gruposanz.es\\\/en\",\"name\":\"Grupo Sanz\",\"description\":\"Grupo Sanz, fabricantes de productos de pulverizaci\u00f3n y poda con sus marcas Pulmic, Kamikaze, Keeper y Siqua\",\"publisher\":{\"@id\":\"https:\\\/\\\/gruposanz.es\\\/en#organization\"},\"potentialAction\":[{\"@type\":\"SearchAction\",\"target\":{\"@type\":\"EntryPoint\",\"urlTemplate\":\"https:\\\/\\\/gruposanz.es\\\/en?s={search_term_string}\"},\"query-input\":{\"@type\":\"PropertyValueSpecification\",\"valueRequired\":true,\"valueName\":\"search_term_string\"}}],\"inLanguage\":\"en-US\"},{\"@type\":\"Organization\",\"@id\":\"https:\\\/\\\/gruposanz.es\\\/en#organization\",\"name\":\"Grupo Sanz\",\"url\":\"https:\\\/\\\/gruposanz.es\\\/en\",\"logo\":{\"@type\":\"ImageObject\",\"inLanguage\":\"en-US\",\"@id\":\"https:\\\/\\\/gruposanz.es\\\/en#\\\/schema\\\/logo\\\/image\\\/\",\"url\":\"https:\\\/\\\/gruposanz.es\\\/wp-content\\\/uploads\\\/2022\\\/10\\\/LOGOTIPO-GRUPO-SANZ-vertical.png\",\"contentUrl\":\"https:\\\/\\\/gruposanz.es\\\/wp-content\\\/uploads\\\/2022\\\/10\\\/LOGOTIPO-GRUPO-SANZ-vertical.png\",\"width\":1418,\"height\":1418,\"caption\":\"Grupo Sanz\"},\"image\":{\"@id\":\"https:\\\/\\\/gruposanz.es\\\/en#\\\/schema\\\/logo\\\/image\\\/\"},\"sameAs\":[\"https:\\\/\\\/www.linkedin.com\\\/company\\\/grupo-sanz-hermanos\",\"https:\\\/\\\/www.youtube.com\\\/user\\\/GrupoSanz\"]}]}<\/script>\n<!-- \/ Yoast SEO plugin. -->","yoast_head_json":{"title":"Pulmic Raptor 16 Sprayer para la pulverizaci\u00f3n agr\u00edcola - Grupo Sanz","description":"Nuestro Pulverizador Pulmic Raptor 16 es el m\u00e1s utilizado de toda la gama y cuenta con una serie de ventajas y caracter\u00edsticas que puedes descubrir aqu\u00ed...","robots":{"index":"index","follow":"follow","max-snippet":"max-snippet:-1","max-image-preview":"max-image-preview:large","max-video-preview":"max-video-preview:-1"},"canonical":"https:\/\/gruposanz.es\/en\/producto\/pulmic-raptor-16-2","og_locale":"en_US","og_type":"article","og_title":"Pulmic Raptor 16 Sprayer para la pulverizaci\u00f3n agr\u00edcola - Grupo Sanz","og_description":"Nuestro Pulverizador Pulmic Raptor 16 es el m\u00e1s utilizado de toda la gama y cuenta con una serie de ventajas y caracter\u00edsticas que puedes descubrir aqu\u00ed...","og_url":"https:\/\/gruposanz.es\/en\/producto\/pulmic-raptor-16-2","og_site_name":"Grupo Sanz","article_modified_time":"2024-10-15T11:30:26+00:00","og_image":[{"width":555,"height":555,"url":"https:\/\/gruposanz.es\/wp-content\/uploads\/2016\/01\/Pulmic-Raptor-16.jpg","type":"image\/jpeg"}],"twitter_card":"summary_large_image","twitter_misc":{"Est. reading time":"3 minutes"},"schema":{"@context":"https:\/\/schema.org","@graph":[{"@type":"WebPage","@id":"https:\/\/gruposanz.es\/en\/producto\/pulmic-raptor-16-2","url":"https:\/\/gruposanz.es\/en\/producto\/pulmic-raptor-16-2","name":"Pulmic Raptor 16 Sprayer para la pulverizaci\u00f3n agr\u00edcola - Grupo Sanz","isPartOf":{"@id":"https:\/\/gruposanz.es\/en#website"},"primaryImageOfPage":{"@id":"https:\/\/gruposanz.es\/en\/producto\/pulmic-raptor-16-2#primaryimage"},"image":{"@id":"https:\/\/gruposanz.es\/en\/producto\/pulmic-raptor-16-2#primaryimage"},"thumbnailUrl":"https:\/\/gruposanz.es\/wp-content\/uploads\/2016\/01\/Pulmic-Raptor-16.jpg","datePublished":"2016-01-15T09:58:13+00:00","dateModified":"2024-10-15T11:30:26+00:00","description":"Nuestro Pulverizador Pulmic Raptor 16 es el m\u00e1s utilizado de toda la gama y cuenta con una serie de ventajas y caracter\u00edsticas que puedes descubrir aqu\u00ed...","breadcrumb":{"@id":"https:\/\/gruposanz.es\/en\/producto\/pulmic-raptor-16-2#breadcrumb"},"inLanguage":"en-US","potentialAction":[{"@type":"ReadAction","target":["https:\/\/gruposanz.es\/en\/producto\/pulmic-raptor-16-2"]}]},{"@type":"ImageObject","inLanguage":"en-US","@id":"https:\/\/gruposanz.es\/en\/producto\/pulmic-raptor-16-2#primaryimage","url":"https:\/\/gruposanz.es\/wp-content\/uploads\/2016\/01\/Pulmic-Raptor-16.jpg","contentUrl":"https:\/\/gruposanz.es\/wp-content\/uploads\/2016\/01\/Pulmic-Raptor-16.jpg","width":555,"height":555,"caption":"Pulverizador Pulmic Raptor 16"},{"@type":"BreadcrumbList","@id":"https:\/\/gruposanz.es\/en\/producto\/pulmic-raptor-16-2#breadcrumb","itemListElement":[{"@type":"ListItem","position":1,"name":"Inicio","item":"https:\/\/gruposanz.es\/en"},{"@type":"ListItem","position":2,"name":"Products","item":"https:\/\/gruposanz.es\/en\/shop"},{"@type":"ListItem","position":3,"name":"Agriculture","item":"https:\/\/gruposanz.es\/en\/category\/agricultural"},{"@type":"ListItem","position":4,"name":"Manual application","item":"https:\/\/gruposanz.es\/en\/category\/agricultural\/manual-application"},{"@type":"ListItem","position":5,"name":"Knapsack sprayers","item":"https:\/\/gruposanz.es\/en\/category\/agricultural\/manual-application\/knapsack-sprayer-manual"},{"@type":"ListItem","position":6,"name":"Pulmic Raptor 16 Sprayer"}]},{"@type":"WebSite","@id":"https:\/\/gruposanz.es\/en#website","url":"https:\/\/gruposanz.es\/en","name":"Grupo Sanz","description":"Grupo Sanz, fabricantes de productos de pulverizaci\u00f3n y poda con sus marcas Pulmic, Kamikaze, Keeper y Siqua","publisher":{"@id":"https:\/\/gruposanz.es\/en#organization"},"potentialAction":[{"@type":"SearchAction","target":{"@type":"EntryPoint","urlTemplate":"https:\/\/gruposanz.es\/en?s={search_term_string}"},"query-input":{"@type":"PropertyValueSpecification","valueRequired":true,"valueName":"search_term_string"}}],"inLanguage":"en-US"},{"@type":"Organization","@id":"https:\/\/gruposanz.es\/en#organization","name":"Grupo Sanz","url":"https:\/\/gruposanz.es\/en","logo":{"@type":"ImageObject","inLanguage":"en-US","@id":"https:\/\/gruposanz.es\/en#\/schema\/logo\/image\/","url":"https:\/\/gruposanz.es\/wp-content\/uploads\/2022\/10\/LOGOTIPO-GRUPO-SANZ-vertical.png","contentUrl":"https:\/\/gruposanz.es\/wp-content\/uploads\/2022\/10\/LOGOTIPO-GRUPO-SANZ-vertical.png","width":1418,"height":1418,"caption":"Grupo Sanz"},"image":{"@id":"https:\/\/gruposanz.es\/en#\/schema\/logo\/image\/"},"sameAs":["https:\/\/www.linkedin.com\/company\/grupo-sanz-hermanos","https:\/\/www.youtube.com\/user\/GrupoSanz"]}]}},"_links":{"self":[{"href":"https:\/\/gruposanz.es\/en\/wp-json\/wp\/v2\/product\/25618","targetHints":{"allow":["GET"]}}],"collection":[{"href":"https:\/\/gruposanz.es\/en\/wp-json\/wp\/v2\/product"}],"about":[{"href":"https:\/\/gruposanz.es\/en\/wp-json\/wp\/v2\/types\/product"}],"wp:featuredmedia":[{"embeddable":true,"href":"https:\/\/gruposanz.es\/en\/wp-json\/wp\/v2\/media\/64999"}],"wp:attachment":[{"href":"https:\/\/gruposanz.es\/en\/wp-json\/wp\/v2\/media?parent=25618"}],"wp:term":[{"taxonomy":"product_brand","embeddable":true,"href":"https:\/\/gruposanz.es\/en\/wp-json\/wp\/v2\/product_brand?post=25618"},{"taxonomy":"product_cat","embeddable":true,"href":"https:\/\/gruposanz.es\/en\/wp-json\/wp\/v2\/product_cat?post=25618"},{"taxonomy":"product_tag","embeddable":true,"href":"https:\/\/gruposanz.es\/en\/wp-json\/wp\/v2\/product_tag?post=25618"}],"curies":[{"name":"wp","href":"https:\/\/api.w.org\/{rel}","templated":true}]}}