{"id":29561,"date":"2017-05-26T12:59:34","date_gmt":"2017-05-26T10:59:34","guid":{"rendered":"http:\/\/gruposanz.es\/?post_type=product&#038;p=29561"},"modified":"2021-11-26T11:17:14","modified_gmt":"2021-11-26T10:17:14","slug":"pulmic-industrial-1000-2","status":"publish","type":"product","link":"https:\/\/gruposanz.es\/en\/producto\/pulmic-industrial-1000-2","title":{"rendered":"Pulmic Industrial 1000 NBR Sprayer"},"content":{"rendered":"<div class=\"wpb-content-wrapper\"><p>[vc_row][vc_column][vc_column_text]<\/p>\n<h4><span style=\"color: #b7000c;\"><strong>Description<\/strong><\/span><\/h4>\n<p style=\"text-align: justify;\">Trigger sprayer with 900 ml capacity. With watertight closure. Lightweight and safe, it is ideal for professional work. It is specially indicated, thanks to its nozzle, to work with foams and to apply products of precise and effective form. It is a trigger sprayer with a 900 ml capacity. With watertight closure. Lightweight and safe, it is ideal for professional work.<\/p>\n<h4><span style=\"color: #b7000c;\"><strong>Characteristics<\/strong><\/span><\/h4>\n<p style=\"text-align: justify;\">&#8211; 1 Liter of capacity<br \/>\n&#8211; Shooter trigger<br \/>\n&#8211; Watertight seal<br \/>\n&#8211; Ergonomic grip<br \/>\n&#8211; Translucent and graduated device<\/p>\n<p>[\/vc_column_text][vc_row_inner][vc_column_inner width=&#8221;1\/6&#8243; offset=&#8221;vc_col-xs-3&#8243;][vc_single_image image=&#8221;47975&#8243; img_size=&#8221;&#8221; alignment=&#8221;center&#8221;][\/vc_column_inner][vc_column_inner width=&#8221;1\/6&#8243; offset=&#8221;vc_col-xs-3&#8243;][vc_single_image image=&#8221;47970&#8243; img_size=&#8221;full&#8221; alignment=&#8221;center&#8221;][\/vc_column_inner][vc_column_inner width=&#8221;1\/6&#8243; offset=&#8221;vc_col-xs-4&#8243;][vc_single_image image=&#8221;48005&#8243; img_size=&#8221;full&#8221; alignment=&#8221;center&#8221;][\/vc_column_inner][vc_column_inner width=&#8221;1\/6&#8243; offset=&#8221;vc_col-xs-4&#8243;][vc_single_image image=&#8221;47985&#8243; img_size=&#8221;full&#8221; alignment=&#8221;center&#8221;][\/vc_column_inner][vc_column_inner width=&#8221;1\/6&#8243; offset=&#8221;vc_col-xs-4&#8243;][\/vc_column_inner][vc_column_inner width=&#8221;1\/6&#8243;][\/vc_column_inner][\/vc_row_inner][\/vc_column][\/vc_row][vc_row][vc_column][vc_row_inner][vc_column_inner width=&#8221;2\/3&#8243;][vc_btn title=&#8221;TECHNICAL-COMMERCIAL DATA SHEET&#8221; style=&#8221;custom&#8221; custom_background=&#8221;#b7000c&#8221; custom_text=&#8221;#ffffff&#8221; shape=&#8221;square&#8221; align=&#8221;center&#8221; i_icon_fontawesome=&#8221;fa fa-file-pdf-o&#8221; button_block=&#8221;true&#8221; add_icon=&#8221;true&#8221; link=&#8221;url:%2Fwp-content%2Fuploads%2F2018%2F02%2F8925.Pulmic-Industrial-1000-English-version.pdf||target:%20_blank|&#8221; el_class=&#8221;boton-descarga-producto&#8221;][\/vc_column_inner][vc_column_inner width=&#8221;1\/3&#8243;][\/vc_column_inner][\/vc_row_inner][\/vc_column][\/vc_row][vc_row disable_element=&#8221;yes&#8221;][vc_column][vc_row_inner][vc_column_inner width=&#8221;2\/3&#8243;][vc_btn title=&#8221;TECHNICAL-COMMERCIAL DATA SHEET&#8221; style=&#8221;custom&#8221; custom_background=&#8221;#b7000c&#8221; custom_text=&#8221;#ffffff&#8221; shape=&#8221;square&#8221; align=&#8221;center&#8221; i_icon_fontawesome=&#8221;fa fa-file-pdf-o&#8221; button_block=&#8221;true&#8221; add_icon=&#8221;true&#8221; link=&#8221;url:%2Fwp-content%2Fuploads%2F2019%2F08%2F7823-FTC-Keeper-Garden-16.pdf||target:%20_blank|&#8221; el_class=&#8221;boton-descarga-producto&#8221;][\/vc_column_inner][vc_column_inner width=&#8221;1\/3&#8243;][vc_btn title=&#8221;MANUAL&#8221; style=&#8221;custom&#8221; custom_background=&#8221;#b7000c&#8221; custom_text=&#8221;#ffffff&#8221; shape=&#8221;square&#8221; align=&#8221;center&#8221; i_icon_fontawesome=&#8221;fa fa-file-pdf-o&#8221; button_block=&#8221;true&#8221; add_icon=&#8221;true&#8221; link=&#8221;url:%2Fwp-content%2Fuploads%2F2018%2F03%2FManual-de-instrucciones-Garden-12-16-WEB.pdf||target:%20_blank|&#8221; el_class=&#8221;boton-descarga-producto&#8221;][\/vc_column_inner][\/vc_row_inner][vc_row_inner][vc_column_inner width=&#8221;2\/3&#8243;][vc_btn title=&#8221;WARRANTY ACTIVATION&#8221; style=&#8221;custom&#8221; custom_background=&#8221;#b7000c&#8221; custom_text=&#8221;#ffffff&#8221; shape=&#8221;square&#8221; align=&#8221;center&#8221; i_icon_fontawesome=&#8221;fa fa-file-pdf-o&#8221; button_block=&#8221;true&#8221; add_icon=&#8221;true&#8221; link=&#8221;url:https%3A%2F%2Fgruposanz.es%2Fen%2Fwarranty-activation|title:Warranty%20Activation|target:%20_blank|&#8221; el_class=&#8221;boton-descarga-producto&#8221;][\/vc_column_inner][vc_column_inner width=&#8221;1\/3&#8243;][\/vc_column_inner][\/vc_row_inner][\/vc_column][\/vc_row][vc_row css=&#8221;.vc_custom_1566470647649{margin-top: 0px !important;}&#8221;][vc_column][vc_video link=&#8221;https:\/\/www.youtube.com\/watch?v=mSKG6L-4fKg&#8221;][\/vc_column][\/vc_row]<\/p>\n<\/div>","protected":false},"excerpt":{"rendered":"<h2 style=\"text-align: center;\"><span style=\"color: #ffffff;\"><strong>Products are used for the most demanding treatments such as industrial workshops, disinfection, cleaning and automotive.<\/strong><\/span><\/h2>\n","protected":false},"featured_media":70574,"template":"","meta":[],"product_brand":[],"product_cat":[874,1165,1578],"product_tag":[3372],"class_list":{"0":"post-29561","1":"product","2":"type-product","3":"status-publish","4":"has-post-thumbnail","6":"product_cat-industrial-en","7":"product_cat-manual-application-industrial","8":"product_cat-trigger-en-manual-application-industrial","9":"product_tag-pulmic-products","11":"first","12":"instock","13":"shipping-taxable","14":"product-type-simple"},"yoast_head":"<!-- This site is optimized with the Yoast SEO plugin v27.3 - https:\/\/yoast.com\/product\/yoast-seo-wordpress\/ -->\n<title>Pulmic Industrial 1000 NBR Sprayer - Grupo Sanz<\/title>\n<meta name=\"description\" content=\"El Pulverizador Pulmic Industrial 1000 NBR es el m\u00e1s peque\u00f1o de la gama de pulverizadores industriales Pulmic. Aqu\u00ed est\u00e1n sus caracter\u00edsticas.\" \/>\n<meta name=\"robots\" content=\"index, follow, max-snippet:-1, max-image-preview:large, max-video-preview:-1\" \/>\n<link rel=\"canonical\" href=\"https:\/\/gruposanz.es\/en\/producto\/pulmic-industrial-1000-2\" \/>\n<meta property=\"og:locale\" content=\"en_US\" \/>\n<meta property=\"og:type\" content=\"article\" \/>\n<meta property=\"og:title\" content=\"Pulmic Industrial 1000 NBR Sprayer - Grupo Sanz\" \/>\n<meta property=\"og:description\" content=\"El Pulverizador Pulmic Industrial 1000 NBR es el m\u00e1s peque\u00f1o de la gama de pulverizadores industriales Pulmic. Aqu\u00ed est\u00e1n sus caracter\u00edsticas.\" \/>\n<meta property=\"og:url\" content=\"https:\/\/gruposanz.es\/en\/producto\/pulmic-industrial-1000-2\" \/>\n<meta property=\"og:site_name\" content=\"Grupo Sanz\" \/>\n<meta property=\"article:modified_time\" content=\"2021-11-26T10:17:14+00:00\" \/>\n<meta property=\"og:image\" content=\"https:\/\/gruposanz.es\/wp-content\/uploads\/2017\/05\/Pulmic-Industrial-1000-NBR.jpg\" \/>\n\t<meta property=\"og:image:width\" content=\"555\" \/>\n\t<meta property=\"og:image:height\" content=\"555\" \/>\n\t<meta property=\"og:image:type\" content=\"image\/jpeg\" \/>\n<meta name=\"twitter:card\" content=\"summary_large_image\" \/>\n<meta name=\"twitter:label1\" content=\"Est. reading time\" \/>\n\t<meta name=\"twitter:data1\" content=\"2 minutes\" \/>\n<script type=\"application\/ld+json\" class=\"yoast-schema-graph\">{\"@context\":\"https:\\\/\\\/schema.org\",\"@graph\":[{\"@type\":\"WebPage\",\"@id\":\"https:\\\/\\\/gruposanz.es\\\/en\\\/producto\\\/pulmic-industrial-1000-2\",\"url\":\"https:\\\/\\\/gruposanz.es\\\/en\\\/producto\\\/pulmic-industrial-1000-2\",\"name\":\"Pulmic Industrial 1000 NBR Sprayer - Grupo Sanz\",\"isPartOf\":{\"@id\":\"https:\\\/\\\/gruposanz.es\\\/en#website\"},\"primaryImageOfPage\":{\"@id\":\"https:\\\/\\\/gruposanz.es\\\/en\\\/producto\\\/pulmic-industrial-1000-2#primaryimage\"},\"image\":{\"@id\":\"https:\\\/\\\/gruposanz.es\\\/en\\\/producto\\\/pulmic-industrial-1000-2#primaryimage\"},\"thumbnailUrl\":\"https:\\\/\\\/gruposanz.es\\\/wp-content\\\/uploads\\\/2017\\\/05\\\/Pulmic-Industrial-1000-NBR.jpg\",\"datePublished\":\"2017-05-26T10:59:34+00:00\",\"dateModified\":\"2021-11-26T10:17:14+00:00\",\"description\":\"El Pulverizador Pulmic Industrial 1000 NBR es el m\u00e1s peque\u00f1o de la gama de pulverizadores industriales Pulmic. Aqu\u00ed est\u00e1n sus caracter\u00edsticas.\",\"breadcrumb\":{\"@id\":\"https:\\\/\\\/gruposanz.es\\\/en\\\/producto\\\/pulmic-industrial-1000-2#breadcrumb\"},\"inLanguage\":\"en-US\",\"potentialAction\":[{\"@type\":\"ReadAction\",\"target\":[\"https:\\\/\\\/gruposanz.es\\\/en\\\/producto\\\/pulmic-industrial-1000-2\"]}]},{\"@type\":\"ImageObject\",\"inLanguage\":\"en-US\",\"@id\":\"https:\\\/\\\/gruposanz.es\\\/en\\\/producto\\\/pulmic-industrial-1000-2#primaryimage\",\"url\":\"https:\\\/\\\/gruposanz.es\\\/wp-content\\\/uploads\\\/2017\\\/05\\\/Pulmic-Industrial-1000-NBR.jpg\",\"contentUrl\":\"https:\\\/\\\/gruposanz.es\\\/wp-content\\\/uploads\\\/2017\\\/05\\\/Pulmic-Industrial-1000-NBR.jpg\",\"width\":555,\"height\":555,\"caption\":\"Pulverizador Pulmic Industrial 1000 NBR\"},{\"@type\":\"BreadcrumbList\",\"@id\":\"https:\\\/\\\/gruposanz.es\\\/en\\\/producto\\\/pulmic-industrial-1000-2#breadcrumb\",\"itemListElement\":[{\"@type\":\"ListItem\",\"position\":1,\"name\":\"Inicio\",\"item\":\"https:\\\/\\\/gruposanz.es\\\/en\"},{\"@type\":\"ListItem\",\"position\":2,\"name\":\"Products\",\"item\":\"https:\\\/\\\/gruposanz.es\\\/en\\\/shop\"},{\"@type\":\"ListItem\",\"position\":3,\"name\":\"Industrial\",\"item\":\"https:\\\/\\\/gruposanz.es\\\/en\\\/category\\\/industrial-en\"},{\"@type\":\"ListItem\",\"position\":4,\"name\":\"Manual application\",\"item\":\"https:\\\/\\\/gruposanz.es\\\/en\\\/category\\\/industrial-en\\\/manual-application-industrial\"},{\"@type\":\"ListItem\",\"position\":5,\"name\":\"Trigger\",\"item\":\"https:\\\/\\\/gruposanz.es\\\/en\\\/category\\\/industrial-en\\\/manual-application-industrial\\\/trigger-en-manual-application-industrial\"},{\"@type\":\"ListItem\",\"position\":6,\"name\":\"Pulmic Industrial 1000 NBR Sprayer\"}]},{\"@type\":\"WebSite\",\"@id\":\"https:\\\/\\\/gruposanz.es\\\/en#website\",\"url\":\"https:\\\/\\\/gruposanz.es\\\/en\",\"name\":\"Grupo Sanz\",\"description\":\"Grupo Sanz, fabricantes de productos de pulverizaci\u00f3n y poda con sus marcas Pulmic, Kamikaze, Keeper y Siqua\",\"publisher\":{\"@id\":\"https:\\\/\\\/gruposanz.es\\\/en#organization\"},\"potentialAction\":[{\"@type\":\"SearchAction\",\"target\":{\"@type\":\"EntryPoint\",\"urlTemplate\":\"https:\\\/\\\/gruposanz.es\\\/en?s={search_term_string}\"},\"query-input\":{\"@type\":\"PropertyValueSpecification\",\"valueRequired\":true,\"valueName\":\"search_term_string\"}}],\"inLanguage\":\"en-US\"},{\"@type\":\"Organization\",\"@id\":\"https:\\\/\\\/gruposanz.es\\\/en#organization\",\"name\":\"Grupo Sanz\",\"url\":\"https:\\\/\\\/gruposanz.es\\\/en\",\"logo\":{\"@type\":\"ImageObject\",\"inLanguage\":\"en-US\",\"@id\":\"https:\\\/\\\/gruposanz.es\\\/en#\\\/schema\\\/logo\\\/image\\\/\",\"url\":\"https:\\\/\\\/gruposanz.es\\\/wp-content\\\/uploads\\\/2022\\\/10\\\/LOGOTIPO-GRUPO-SANZ-vertical.png\",\"contentUrl\":\"https:\\\/\\\/gruposanz.es\\\/wp-content\\\/uploads\\\/2022\\\/10\\\/LOGOTIPO-GRUPO-SANZ-vertical.png\",\"width\":1418,\"height\":1418,\"caption\":\"Grupo Sanz\"},\"image\":{\"@id\":\"https:\\\/\\\/gruposanz.es\\\/en#\\\/schema\\\/logo\\\/image\\\/\"},\"sameAs\":[\"https:\\\/\\\/www.linkedin.com\\\/company\\\/grupo-sanz-hermanos\",\"https:\\\/\\\/www.youtube.com\\\/user\\\/GrupoSanz\"]}]}<\/script>\n<!-- \/ Yoast SEO plugin. -->","yoast_head_json":{"title":"Pulmic Industrial 1000 NBR Sprayer - Grupo Sanz","description":"El Pulverizador Pulmic Industrial 1000 NBR es el m\u00e1s peque\u00f1o de la gama de pulverizadores industriales Pulmic. Aqu\u00ed est\u00e1n sus caracter\u00edsticas.","robots":{"index":"index","follow":"follow","max-snippet":"max-snippet:-1","max-image-preview":"max-image-preview:large","max-video-preview":"max-video-preview:-1"},"canonical":"https:\/\/gruposanz.es\/en\/producto\/pulmic-industrial-1000-2","og_locale":"en_US","og_type":"article","og_title":"Pulmic Industrial 1000 NBR Sprayer - Grupo Sanz","og_description":"El Pulverizador Pulmic Industrial 1000 NBR es el m\u00e1s peque\u00f1o de la gama de pulverizadores industriales Pulmic. Aqu\u00ed est\u00e1n sus caracter\u00edsticas.","og_url":"https:\/\/gruposanz.es\/en\/producto\/pulmic-industrial-1000-2","og_site_name":"Grupo Sanz","article_modified_time":"2021-11-26T10:17:14+00:00","og_image":[{"width":555,"height":555,"url":"https:\/\/gruposanz.es\/wp-content\/uploads\/2017\/05\/Pulmic-Industrial-1000-NBR.jpg","type":"image\/jpeg"}],"twitter_card":"summary_large_image","twitter_misc":{"Est. reading time":"2 minutes"},"schema":{"@context":"https:\/\/schema.org","@graph":[{"@type":"WebPage","@id":"https:\/\/gruposanz.es\/en\/producto\/pulmic-industrial-1000-2","url":"https:\/\/gruposanz.es\/en\/producto\/pulmic-industrial-1000-2","name":"Pulmic Industrial 1000 NBR Sprayer - Grupo Sanz","isPartOf":{"@id":"https:\/\/gruposanz.es\/en#website"},"primaryImageOfPage":{"@id":"https:\/\/gruposanz.es\/en\/producto\/pulmic-industrial-1000-2#primaryimage"},"image":{"@id":"https:\/\/gruposanz.es\/en\/producto\/pulmic-industrial-1000-2#primaryimage"},"thumbnailUrl":"https:\/\/gruposanz.es\/wp-content\/uploads\/2017\/05\/Pulmic-Industrial-1000-NBR.jpg","datePublished":"2017-05-26T10:59:34+00:00","dateModified":"2021-11-26T10:17:14+00:00","description":"El Pulverizador Pulmic Industrial 1000 NBR es el m\u00e1s peque\u00f1o de la gama de pulverizadores industriales Pulmic. Aqu\u00ed est\u00e1n sus caracter\u00edsticas.","breadcrumb":{"@id":"https:\/\/gruposanz.es\/en\/producto\/pulmic-industrial-1000-2#breadcrumb"},"inLanguage":"en-US","potentialAction":[{"@type":"ReadAction","target":["https:\/\/gruposanz.es\/en\/producto\/pulmic-industrial-1000-2"]}]},{"@type":"ImageObject","inLanguage":"en-US","@id":"https:\/\/gruposanz.es\/en\/producto\/pulmic-industrial-1000-2#primaryimage","url":"https:\/\/gruposanz.es\/wp-content\/uploads\/2017\/05\/Pulmic-Industrial-1000-NBR.jpg","contentUrl":"https:\/\/gruposanz.es\/wp-content\/uploads\/2017\/05\/Pulmic-Industrial-1000-NBR.jpg","width":555,"height":555,"caption":"Pulverizador Pulmic Industrial 1000 NBR"},{"@type":"BreadcrumbList","@id":"https:\/\/gruposanz.es\/en\/producto\/pulmic-industrial-1000-2#breadcrumb","itemListElement":[{"@type":"ListItem","position":1,"name":"Inicio","item":"https:\/\/gruposanz.es\/en"},{"@type":"ListItem","position":2,"name":"Products","item":"https:\/\/gruposanz.es\/en\/shop"},{"@type":"ListItem","position":3,"name":"Industrial","item":"https:\/\/gruposanz.es\/en\/category\/industrial-en"},{"@type":"ListItem","position":4,"name":"Manual application","item":"https:\/\/gruposanz.es\/en\/category\/industrial-en\/manual-application-industrial"},{"@type":"ListItem","position":5,"name":"Trigger","item":"https:\/\/gruposanz.es\/en\/category\/industrial-en\/manual-application-industrial\/trigger-en-manual-application-industrial"},{"@type":"ListItem","position":6,"name":"Pulmic Industrial 1000 NBR Sprayer"}]},{"@type":"WebSite","@id":"https:\/\/gruposanz.es\/en#website","url":"https:\/\/gruposanz.es\/en","name":"Grupo Sanz","description":"Grupo Sanz, fabricantes de productos de pulverizaci\u00f3n y poda con sus marcas Pulmic, Kamikaze, Keeper y Siqua","publisher":{"@id":"https:\/\/gruposanz.es\/en#organization"},"potentialAction":[{"@type":"SearchAction","target":{"@type":"EntryPoint","urlTemplate":"https:\/\/gruposanz.es\/en?s={search_term_string}"},"query-input":{"@type":"PropertyValueSpecification","valueRequired":true,"valueName":"search_term_string"}}],"inLanguage":"en-US"},{"@type":"Organization","@id":"https:\/\/gruposanz.es\/en#organization","name":"Grupo Sanz","url":"https:\/\/gruposanz.es\/en","logo":{"@type":"ImageObject","inLanguage":"en-US","@id":"https:\/\/gruposanz.es\/en#\/schema\/logo\/image\/","url":"https:\/\/gruposanz.es\/wp-content\/uploads\/2022\/10\/LOGOTIPO-GRUPO-SANZ-vertical.png","contentUrl":"https:\/\/gruposanz.es\/wp-content\/uploads\/2022\/10\/LOGOTIPO-GRUPO-SANZ-vertical.png","width":1418,"height":1418,"caption":"Grupo Sanz"},"image":{"@id":"https:\/\/gruposanz.es\/en#\/schema\/logo\/image\/"},"sameAs":["https:\/\/www.linkedin.com\/company\/grupo-sanz-hermanos","https:\/\/www.youtube.com\/user\/GrupoSanz"]}]}},"_links":{"self":[{"href":"https:\/\/gruposanz.es\/en\/wp-json\/wp\/v2\/product\/29561","targetHints":{"allow":["GET"]}}],"collection":[{"href":"https:\/\/gruposanz.es\/en\/wp-json\/wp\/v2\/product"}],"about":[{"href":"https:\/\/gruposanz.es\/en\/wp-json\/wp\/v2\/types\/product"}],"wp:featuredmedia":[{"embeddable":true,"href":"https:\/\/gruposanz.es\/en\/wp-json\/wp\/v2\/media\/70574"}],"wp:attachment":[{"href":"https:\/\/gruposanz.es\/en\/wp-json\/wp\/v2\/media?parent=29561"}],"wp:term":[{"taxonomy":"product_brand","embeddable":true,"href":"https:\/\/gruposanz.es\/en\/wp-json\/wp\/v2\/product_brand?post=29561"},{"taxonomy":"product_cat","embeddable":true,"href":"https:\/\/gruposanz.es\/en\/wp-json\/wp\/v2\/product_cat?post=29561"},{"taxonomy":"product_tag","embeddable":true,"href":"https:\/\/gruposanz.es\/en\/wp-json\/wp\/v2\/product_tag?post=29561"}],"curies":[{"name":"wp","href":"https:\/\/api.w.org\/{rel}","templated":true}]}}