{"id":32292,"date":"2018-09-26T13:56:59","date_gmt":"2018-09-26T11:56:59","guid":{"rendered":"http:\/\/gruposanz.es\/?post_type=product&#038;p=32292"},"modified":"2024-10-17T13:21:09","modified_gmt":"2024-10-17T11:21:09","slug":"kvt-9-electric-tying-machine","status":"publish","type":"product","link":"https:\/\/gruposanz.es\/en\/producto\/kvt-9-electric-tying-machine","title":{"rendered":"KVT 9 Electric Tying Machine"},"content":{"rendered":"<div class=\"wpb-content-wrapper\"><p>[vc_row][vc_column][vc_column_text]<\/p>\n<h4><span style=\"color: #b7000c;\"><strong>Description<\/strong><\/span><\/h4>\n<p style=\"text-align: justify;\">The <strong>KVT 9 tying machine<\/strong> is the fastest on the market. Its built-in battery and ergonomic design allow greater comfort, better maneuverability and reduced effort.<\/p>\n<h4><span style=\"color: #b7000c;\"><strong>Characteristics<\/strong><\/span><\/h4>\n<p>&#8211; Professional use<br \/>\n&#8211; Vineyard<br \/>\n&#8211; Light and cordless<br \/>\n&#8211; Patented design and mechanics<br \/>\n&#8211; Constant power<br \/>\n&#8211; Charge indicator<br \/>\n&#8211; Brushless motor<br \/>\n&#8211; Display with charge indicator and number of binds<br \/>\n&#8211; Twist selector<br \/>\n&#8211; Adjustable binding levels<br \/>\n&#8211; Hanging hook[\/vc_column_text][vc_row_inner][vc_column_inner width=&#8221;1\/6&#8243; offset=&#8221;vc_col-xs-3&#8243;][vc_single_image image=&#8221;48383&#8243; img_size=&#8221;&#8221; alignment=&#8221;center&#8221;][\/vc_column_inner][vc_column_inner width=&#8221;1\/6&#8243; offset=&#8221;vc_col-xs-3&#8243;][vc_single_image image=&#8221;48388&#8243; img_size=&#8221;full&#8221; alignment=&#8221;center&#8221;][\/vc_column_inner][vc_column_inner width=&#8221;1\/6&#8243; offset=&#8221;vc_col-xs-4&#8243;][\/vc_column_inner][vc_column_inner width=&#8221;1\/6&#8243; offset=&#8221;vc_col-xs-4&#8243;][\/vc_column_inner][vc_column_inner width=&#8221;1\/6&#8243; offset=&#8221;vc_col-xs-4&#8243;][\/vc_column_inner][vc_column_inner width=&#8221;1\/6&#8243; offset=&#8221;vc_col-xs-3&#8243;][\/vc_column_inner][\/vc_row_inner][\/vc_column][\/vc_row][vc_row][vc_column][vc_row_inner][vc_column_inner width=&#8221;2\/3&#8243;][vc_btn title=&#8221;TECHNICAL-COMMERCIAL FILE&#8221; style=&#8221;custom&#8221; custom_background=&#8221;#b7000c&#8221; custom_text=&#8221;#ffffff&#8221; shape=&#8221;square&#8221; align=&#8221;center&#8221; i_icon_fontawesome=&#8221;far fa-file-pdf&#8221; css=&#8221;&#8221; button_block=&#8221;true&#8221; add_icon=&#8221;true&#8221; link=&#8221;url:%2Fwp-content%2Fuploads%2Fftc%2Fen%2FFTCKVT9.pdf|target:_blank|rel:nofollow&#8221; el_class=&#8221;boton-descarga-producto&#8221;][\/vc_column_inner][vc_column_inner width=&#8221;1\/3&#8243;][vc_btn title=&#8221;MANUAL&#8221; style=&#8221;custom&#8221; custom_background=&#8221;#b7000c&#8221; custom_text=&#8221;#ffffff&#8221; shape=&#8221;square&#8221; align=&#8221;center&#8221; i_icon_fontawesome=&#8221;&#8221; button_block=&#8221;true&#8221; add_icon=&#8221;true&#8221; link=&#8221;url:%2Fwp-content%2Fuploads%2F2023%2F09%2FManual-KVT9.pdf|target:_blank|rel:nofollow&#8221; el_class=&#8221;boton-descarga-producto&#8221;][\/vc_column_inner][\/vc_row_inner][vc_row_inner][vc_column_inner width=&#8221;1\/6&#8243;][\/vc_column_inner][vc_column_inner width=&#8221;2\/3&#8243;][vc_btn title=&#8221;ACTIVATE WARRANTY&#8221; style=&#8221;custom&#8221; custom_background=&#8221;#a4aeb0&#8243; custom_text=&#8221;#ffffff&#8221; shape=&#8221;square&#8221; align=&#8221;center&#8221; i_icon_fontawesome=&#8221;fa fa-check-square-o&#8221; button_block=&#8221;true&#8221; add_icon=&#8221;true&#8221; link=&#8221;url:%2Fen%2Fwarranty-activation|title:Warranty%20activation||&#8221; el_class=&#8221;boton-descarga-producto&#8221;][\/vc_column_inner][vc_column_inner width=&#8221;1\/6&#8243;][\/vc_column_inner][\/vc_row_inner][\/vc_column][\/vc_row][vc_row disable_element=&#8221;yes&#8221; css=&#8221;.vc_custom_1604417016948{margin-top: 20px !important;}&#8221;][vc_column][vc_video link=&#8221;https:\/\/www.youtube.com\/watch?v=xonTTZZ0etM&#8221;][\/vc_column][\/vc_row][vc_row disable_element=&#8221;yes&#8221; css=&#8221;.vc_custom_1695983471435{margin-top: 20px !important;}&#8221;][vc_column][vc_single_image image=&#8221;61570&#8243; img_size=&#8221;full&#8221; alignment=&#8221;center&#8221;][\/vc_column][\/vc_row]<\/p>\n<\/div>","protected":false},"excerpt":{"rendered":"<h3 style=\"text-align: center;\"><span style=\"color: #ffffff;\">Our aim is to have the widest variety of Electric tools for pruning, both for low and high crops and make them accessible to the maximum users number possible.<\/span><\/h3>\n","protected":false},"featured_media":84769,"template":"","meta":[],"product_brand":[],"product_cat":[2992,3002,862],"product_tag":[3384,3406],"class_list":{"0":"post-32292","1":"product","2":"type-product","3":"status-publish","4":"has-post-thumbnail","6":"product_cat-electric-tools","7":"product_cat-electric-tying-manchine","8":"product_cat-agricultural","9":"product_tag-kamikaze-products","10":"product_tag-multi-kv-products","12":"first","13":"instock","14":"shipping-taxable","15":"product-type-simple"},"yoast_head":"<!-- This site is optimized with the Yoast SEO plugin v27.3 - https:\/\/yoast.com\/product\/yoast-seo-wordpress\/ -->\n<title>KVT 9 Electric Tying Machine de Kamikaze Power Tools - Grupo Sanz<\/title>\n<meta name=\"description\" content=\"La KVT 9 Electric Tying Machine es la m\u00e1s r\u00e1pida del mercado con alrededor de 40 atados por minuto, esta rapidez se traduce en reducci\u00f3n de mano de obra...\" \/>\n<meta name=\"robots\" content=\"index, follow, max-snippet:-1, max-image-preview:large, max-video-preview:-1\" \/>\n<link rel=\"canonical\" href=\"https:\/\/gruposanz.es\/en\/producto\/kvt-9-electric-tying-machine\" \/>\n<meta property=\"og:locale\" content=\"en_US\" \/>\n<meta property=\"og:type\" content=\"article\" \/>\n<meta property=\"og:title\" content=\"KVT 9 Electric Tying Machine de Kamikaze Power Tools - Grupo Sanz\" \/>\n<meta property=\"og:description\" content=\"La KVT 9 Electric Tying Machine es la m\u00e1s r\u00e1pida del mercado con alrededor de 40 atados por minuto, esta rapidez se traduce en reducci\u00f3n de mano de obra...\" \/>\n<meta property=\"og:url\" content=\"https:\/\/gruposanz.es\/en\/producto\/kvt-9-electric-tying-machine\" \/>\n<meta property=\"og:site_name\" content=\"Grupo Sanz\" \/>\n<meta property=\"article:modified_time\" content=\"2024-10-17T11:21:09+00:00\" \/>\n<meta property=\"og:image\" content=\"https:\/\/gruposanz.es\/wp-content\/uploads\/2018\/09\/KVT9_foto_producto.jpg\" \/>\n\t<meta property=\"og:image:width\" content=\"555\" \/>\n\t<meta property=\"og:image:height\" content=\"555\" \/>\n\t<meta property=\"og:image:type\" content=\"image\/jpeg\" \/>\n<meta name=\"twitter:card\" content=\"summary_large_image\" \/>\n<meta name=\"twitter:label1\" content=\"Est. reading time\" \/>\n\t<meta name=\"twitter:data1\" content=\"2 minutes\" \/>\n<script type=\"application\/ld+json\" class=\"yoast-schema-graph\">{\"@context\":\"https:\\\/\\\/schema.org\",\"@graph\":[{\"@type\":\"WebPage\",\"@id\":\"https:\\\/\\\/gruposanz.es\\\/en\\\/producto\\\/kvt-9-electric-tying-machine\",\"url\":\"https:\\\/\\\/gruposanz.es\\\/en\\\/producto\\\/kvt-9-electric-tying-machine\",\"name\":\"KVT 9 Electric Tying Machine de Kamikaze Power Tools - Grupo Sanz\",\"isPartOf\":{\"@id\":\"https:\\\/\\\/gruposanz.es\\\/en#website\"},\"primaryImageOfPage\":{\"@id\":\"https:\\\/\\\/gruposanz.es\\\/en\\\/producto\\\/kvt-9-electric-tying-machine#primaryimage\"},\"image\":{\"@id\":\"https:\\\/\\\/gruposanz.es\\\/en\\\/producto\\\/kvt-9-electric-tying-machine#primaryimage\"},\"thumbnailUrl\":\"https:\\\/\\\/gruposanz.es\\\/wp-content\\\/uploads\\\/2018\\\/09\\\/KVT9_foto_producto.jpg\",\"datePublished\":\"2018-09-26T11:56:59+00:00\",\"dateModified\":\"2024-10-17T11:21:09+00:00\",\"description\":\"La KVT 9 Electric Tying Machine es la m\u00e1s r\u00e1pida del mercado con alrededor de 40 atados por minuto, esta rapidez se traduce en reducci\u00f3n de mano de obra...\",\"breadcrumb\":{\"@id\":\"https:\\\/\\\/gruposanz.es\\\/en\\\/producto\\\/kvt-9-electric-tying-machine#breadcrumb\"},\"inLanguage\":\"en-US\",\"potentialAction\":[{\"@type\":\"ReadAction\",\"target\":[\"https:\\\/\\\/gruposanz.es\\\/en\\\/producto\\\/kvt-9-electric-tying-machine\"]}]},{\"@type\":\"ImageObject\",\"inLanguage\":\"en-US\",\"@id\":\"https:\\\/\\\/gruposanz.es\\\/en\\\/producto\\\/kvt-9-electric-tying-machine#primaryimage\",\"url\":\"https:\\\/\\\/gruposanz.es\\\/wp-content\\\/uploads\\\/2018\\\/09\\\/KVT9_foto_producto.jpg\",\"contentUrl\":\"https:\\\/\\\/gruposanz.es\\\/wp-content\\\/uploads\\\/2018\\\/09\\\/KVT9_foto_producto.jpg\",\"width\":555,\"height\":555,\"caption\":\"Atadora el\u00e9ctrica KVT 9\"},{\"@type\":\"BreadcrumbList\",\"@id\":\"https:\\\/\\\/gruposanz.es\\\/en\\\/producto\\\/kvt-9-electric-tying-machine#breadcrumb\",\"itemListElement\":[{\"@type\":\"ListItem\",\"position\":1,\"name\":\"Inicio\",\"item\":\"https:\\\/\\\/gruposanz.es\\\/en\"},{\"@type\":\"ListItem\",\"position\":2,\"name\":\"Products\",\"item\":\"https:\\\/\\\/gruposanz.es\\\/en\\\/shop\"},{\"@type\":\"ListItem\",\"position\":3,\"name\":\"Agriculture\",\"item\":\"https:\\\/\\\/gruposanz.es\\\/en\\\/category\\\/agricultural\"},{\"@type\":\"ListItem\",\"position\":4,\"name\":\"KVT 9 Electric Tying Machine\"}]},{\"@type\":\"WebSite\",\"@id\":\"https:\\\/\\\/gruposanz.es\\\/en#website\",\"url\":\"https:\\\/\\\/gruposanz.es\\\/en\",\"name\":\"Grupo Sanz\",\"description\":\"Grupo Sanz, fabricantes de productos de pulverizaci\u00f3n y poda con sus marcas Pulmic, Kamikaze, Keeper y Siqua\",\"publisher\":{\"@id\":\"https:\\\/\\\/gruposanz.es\\\/en#organization\"},\"potentialAction\":[{\"@type\":\"SearchAction\",\"target\":{\"@type\":\"EntryPoint\",\"urlTemplate\":\"https:\\\/\\\/gruposanz.es\\\/en?s={search_term_string}\"},\"query-input\":{\"@type\":\"PropertyValueSpecification\",\"valueRequired\":true,\"valueName\":\"search_term_string\"}}],\"inLanguage\":\"en-US\"},{\"@type\":\"Organization\",\"@id\":\"https:\\\/\\\/gruposanz.es\\\/en#organization\",\"name\":\"Grupo Sanz\",\"url\":\"https:\\\/\\\/gruposanz.es\\\/en\",\"logo\":{\"@type\":\"ImageObject\",\"inLanguage\":\"en-US\",\"@id\":\"https:\\\/\\\/gruposanz.es\\\/en#\\\/schema\\\/logo\\\/image\\\/\",\"url\":\"https:\\\/\\\/gruposanz.es\\\/wp-content\\\/uploads\\\/2022\\\/10\\\/LOGOTIPO-GRUPO-SANZ-vertical.png\",\"contentUrl\":\"https:\\\/\\\/gruposanz.es\\\/wp-content\\\/uploads\\\/2022\\\/10\\\/LOGOTIPO-GRUPO-SANZ-vertical.png\",\"width\":1418,\"height\":1418,\"caption\":\"Grupo Sanz\"},\"image\":{\"@id\":\"https:\\\/\\\/gruposanz.es\\\/en#\\\/schema\\\/logo\\\/image\\\/\"},\"sameAs\":[\"https:\\\/\\\/www.linkedin.com\\\/company\\\/grupo-sanz-hermanos\",\"https:\\\/\\\/www.youtube.com\\\/user\\\/GrupoSanz\"]}]}<\/script>\n<!-- \/ Yoast SEO plugin. -->","yoast_head_json":{"title":"KVT 9 Electric Tying Machine de Kamikaze Power Tools - Grupo Sanz","description":"La KVT 9 Electric Tying Machine es la m\u00e1s r\u00e1pida del mercado con alrededor de 40 atados por minuto, esta rapidez se traduce en reducci\u00f3n de mano de obra...","robots":{"index":"index","follow":"follow","max-snippet":"max-snippet:-1","max-image-preview":"max-image-preview:large","max-video-preview":"max-video-preview:-1"},"canonical":"https:\/\/gruposanz.es\/en\/producto\/kvt-9-electric-tying-machine","og_locale":"en_US","og_type":"article","og_title":"KVT 9 Electric Tying Machine de Kamikaze Power Tools - Grupo Sanz","og_description":"La KVT 9 Electric Tying Machine es la m\u00e1s r\u00e1pida del mercado con alrededor de 40 atados por minuto, esta rapidez se traduce en reducci\u00f3n de mano de obra...","og_url":"https:\/\/gruposanz.es\/en\/producto\/kvt-9-electric-tying-machine","og_site_name":"Grupo Sanz","article_modified_time":"2024-10-17T11:21:09+00:00","og_image":[{"width":555,"height":555,"url":"https:\/\/gruposanz.es\/wp-content\/uploads\/2018\/09\/KVT9_foto_producto.jpg","type":"image\/jpeg"}],"twitter_card":"summary_large_image","twitter_misc":{"Est. reading time":"2 minutes"},"schema":{"@context":"https:\/\/schema.org","@graph":[{"@type":"WebPage","@id":"https:\/\/gruposanz.es\/en\/producto\/kvt-9-electric-tying-machine","url":"https:\/\/gruposanz.es\/en\/producto\/kvt-9-electric-tying-machine","name":"KVT 9 Electric Tying Machine de Kamikaze Power Tools - Grupo Sanz","isPartOf":{"@id":"https:\/\/gruposanz.es\/en#website"},"primaryImageOfPage":{"@id":"https:\/\/gruposanz.es\/en\/producto\/kvt-9-electric-tying-machine#primaryimage"},"image":{"@id":"https:\/\/gruposanz.es\/en\/producto\/kvt-9-electric-tying-machine#primaryimage"},"thumbnailUrl":"https:\/\/gruposanz.es\/wp-content\/uploads\/2018\/09\/KVT9_foto_producto.jpg","datePublished":"2018-09-26T11:56:59+00:00","dateModified":"2024-10-17T11:21:09+00:00","description":"La KVT 9 Electric Tying Machine es la m\u00e1s r\u00e1pida del mercado con alrededor de 40 atados por minuto, esta rapidez se traduce en reducci\u00f3n de mano de obra...","breadcrumb":{"@id":"https:\/\/gruposanz.es\/en\/producto\/kvt-9-electric-tying-machine#breadcrumb"},"inLanguage":"en-US","potentialAction":[{"@type":"ReadAction","target":["https:\/\/gruposanz.es\/en\/producto\/kvt-9-electric-tying-machine"]}]},{"@type":"ImageObject","inLanguage":"en-US","@id":"https:\/\/gruposanz.es\/en\/producto\/kvt-9-electric-tying-machine#primaryimage","url":"https:\/\/gruposanz.es\/wp-content\/uploads\/2018\/09\/KVT9_foto_producto.jpg","contentUrl":"https:\/\/gruposanz.es\/wp-content\/uploads\/2018\/09\/KVT9_foto_producto.jpg","width":555,"height":555,"caption":"Atadora el\u00e9ctrica KVT 9"},{"@type":"BreadcrumbList","@id":"https:\/\/gruposanz.es\/en\/producto\/kvt-9-electric-tying-machine#breadcrumb","itemListElement":[{"@type":"ListItem","position":1,"name":"Inicio","item":"https:\/\/gruposanz.es\/en"},{"@type":"ListItem","position":2,"name":"Products","item":"https:\/\/gruposanz.es\/en\/shop"},{"@type":"ListItem","position":3,"name":"Agriculture","item":"https:\/\/gruposanz.es\/en\/category\/agricultural"},{"@type":"ListItem","position":4,"name":"KVT 9 Electric Tying Machine"}]},{"@type":"WebSite","@id":"https:\/\/gruposanz.es\/en#website","url":"https:\/\/gruposanz.es\/en","name":"Grupo Sanz","description":"Grupo Sanz, fabricantes de productos de pulverizaci\u00f3n y poda con sus marcas Pulmic, Kamikaze, Keeper y Siqua","publisher":{"@id":"https:\/\/gruposanz.es\/en#organization"},"potentialAction":[{"@type":"SearchAction","target":{"@type":"EntryPoint","urlTemplate":"https:\/\/gruposanz.es\/en?s={search_term_string}"},"query-input":{"@type":"PropertyValueSpecification","valueRequired":true,"valueName":"search_term_string"}}],"inLanguage":"en-US"},{"@type":"Organization","@id":"https:\/\/gruposanz.es\/en#organization","name":"Grupo Sanz","url":"https:\/\/gruposanz.es\/en","logo":{"@type":"ImageObject","inLanguage":"en-US","@id":"https:\/\/gruposanz.es\/en#\/schema\/logo\/image\/","url":"https:\/\/gruposanz.es\/wp-content\/uploads\/2022\/10\/LOGOTIPO-GRUPO-SANZ-vertical.png","contentUrl":"https:\/\/gruposanz.es\/wp-content\/uploads\/2022\/10\/LOGOTIPO-GRUPO-SANZ-vertical.png","width":1418,"height":1418,"caption":"Grupo Sanz"},"image":{"@id":"https:\/\/gruposanz.es\/en#\/schema\/logo\/image\/"},"sameAs":["https:\/\/www.linkedin.com\/company\/grupo-sanz-hermanos","https:\/\/www.youtube.com\/user\/GrupoSanz"]}]}},"_links":{"self":[{"href":"https:\/\/gruposanz.es\/en\/wp-json\/wp\/v2\/product\/32292","targetHints":{"allow":["GET"]}}],"collection":[{"href":"https:\/\/gruposanz.es\/en\/wp-json\/wp\/v2\/product"}],"about":[{"href":"https:\/\/gruposanz.es\/en\/wp-json\/wp\/v2\/types\/product"}],"wp:featuredmedia":[{"embeddable":true,"href":"https:\/\/gruposanz.es\/en\/wp-json\/wp\/v2\/media\/84769"}],"wp:attachment":[{"href":"https:\/\/gruposanz.es\/en\/wp-json\/wp\/v2\/media?parent=32292"}],"wp:term":[{"taxonomy":"product_brand","embeddable":true,"href":"https:\/\/gruposanz.es\/en\/wp-json\/wp\/v2\/product_brand?post=32292"},{"taxonomy":"product_cat","embeddable":true,"href":"https:\/\/gruposanz.es\/en\/wp-json\/wp\/v2\/product_cat?post=32292"},{"taxonomy":"product_tag","embeddable":true,"href":"https:\/\/gruposanz.es\/en\/wp-json\/wp\/v2\/product_tag?post=32292"}],"curies":[{"name":"wp","href":"https:\/\/api.w.org\/{rel}","templated":true}]}}