{"id":53629,"date":"2019-09-04T14:08:08","date_gmt":"2019-09-04T12:08:09","guid":{"rendered":"https:\/\/gruposanz.es\/?post_type=product&#038;p=53629"},"modified":"2024-08-28T17:44:59","modified_gmt":"2024-08-28T15:44:59","slug":"tlx-2x15-380-nh-telescopic-saw","status":"publish","type":"product","link":"https:\/\/gruposanz.es\/en\/producto\/tlx-2x15-380-nh-telescopic-saw","title":{"rendered":"Telescopic handsaw TLX 380-NH 2&#215;1,5"},"content":{"rendered":"<div class=\"wpb-content-wrapper\"><p>[vc_row][vc_column][vc_column_text]<\/p>\n<h4><span style=\"color: #b7000c;\"><strong>POLE DESCRIPTION<\/strong><\/span><\/h4>\n<p style=\"text-align: justify;\">Telescopic handsaw oval aluminum 3 meters. With plastic sleeve.<\/p>\n<h4><span style=\"color: #b7000c;\"><strong>CHARACTERISTICS<\/strong><\/span><\/h4>\n<p>&#8211; Telescopic saw made of oval shaped aluminum<br \/>\n&#8211; Aluminum handle rubber coated for easy operation without gloves.<br \/>\n&#8211; The oval shaped aluminum optimizes the relationship between weight, strength and stiffness.<br \/>\n&#8211; Aluminum is reinforced internally in the lock button.<br \/>\n&#8211; Greater height adjustment. The smaller diameter tube has four holes for easy adjustment to different lengths.<br \/>\n&#8211; Double locking system integrated in the handle ensures safe and durable fixation<br \/>\n&#8211; Blade support made of polyamide, less weight in the upper end of telescopic<br \/>\n&#8211; Chromed curved blade with hardened<br \/>\n&#8211; This blade also features a twig cutter at the bottom part<br \/>\n&#8211; The 380-NH blade is made with holes in the teeth, designed to facilitate the exit of sawdust in green pruning.[\/vc_column_text][vc_row_inner][vc_column_inner width=&#8221;1\/6&#8243; offset=&#8221;vc_col-xs-3&#8243;][vc_single_image image=&#8221;40913&#8243; img_size=&#8221;&#8221; alignment=&#8221;center&#8221;][\/vc_column_inner][vc_column_inner width=&#8221;1\/6&#8243; offset=&#8221;vc_col-xs-3&#8243;][vc_single_image image=&#8221;41121&#8243; img_size=&#8221;full&#8221; alignment=&#8221;center&#8221;][\/vc_column_inner][vc_column_inner width=&#8221;1\/6&#8243; offset=&#8221;vc_col-xs-4&#8243;][vc_single_image image=&#8221;49577&#8243; img_size=&#8221;full&#8221; alignment=&#8221;center&#8221;][\/vc_column_inner][vc_column_inner width=&#8221;1\/6&#8243; offset=&#8221;vc_col-xs-4&#8243;][\/vc_column_inner][vc_column_inner width=&#8221;1\/6&#8243; offset=&#8221;vc_col-xs-4&#8243;][\/vc_column_inner][vc_column_inner width=&#8221;1\/6&#8243; offset=&#8221;vc_col-xs-3&#8243;][\/vc_column_inner][\/vc_row_inner][\/vc_column][\/vc_row][vc_row disable_element=&#8221;yes&#8221;][vc_column][vc_row_inner][vc_column_inner width=&#8221;1\/2&#8243;][vc_btn title=&#8221;FICHA T\u00c9CNICO-COMERCIAL&#8221; style=&#8221;custom&#8221; custom_background=&#8221;#b7000c&#8221; custom_text=&#8221;#ffffff&#8221; shape=&#8221;square&#8221; align=&#8221;center&#8221; i_icon_fontawesome=&#8221;fa fa-file-pdf-o&#8221; button_block=&#8221;true&#8221; add_icon=&#8221;true&#8221; link=&#8221;url:%2Fwp-content%2Fuploads%2F2019%2F08%2F7823-FTC-Keeper-Garden-16.pdf||target:%20_blank|&#8221; el_class=&#8221;boton-descarga-producto&#8221;][\/vc_column_inner][vc_column_inner width=&#8221;1\/2&#8243;][vc_btn title=&#8221;MANUAL&#8221; style=&#8221;custom&#8221; custom_background=&#8221;#b7000c&#8221; custom_text=&#8221;#ffffff&#8221; shape=&#8221;square&#8221; align=&#8221;center&#8221; i_icon_fontawesome=&#8221;fa fa-file-pdf-o&#8221; button_block=&#8221;true&#8221; add_icon=&#8221;true&#8221; link=&#8221;url:%2Fwp-content%2Fuploads%2F2018%2F03%2FManual-de-instrucciones-Garden-12-16-WEB.pdf||target:%20_blank|&#8221; el_class=&#8221;boton-descarga-producto&#8221;][\/vc_column_inner][\/vc_row_inner][\/vc_column][\/vc_row][vc_row css=&#8221;.vc_custom_1565016375734{margin-top: 0px !important;}&#8221;][vc_column][vc_single_image image=&#8221;48263&#8243; img_size=&#8221;full&#8221; alignment=&#8221;center&#8221;][\/vc_column][\/vc_row]<\/p>\n<\/div>","protected":false},"excerpt":{"rendered":"<h2 style=\"text-align: center;\"><span style=\"color: #ffffff;\"><strong>THE HARDWOOD SOLUTION<\/strong><\/span><\/h2>\n","protected":false},"featured_media":53632,"template":"","meta":[],"product_brand":[],"product_cat":[862,1356,2670,1382],"product_tag":[3393,3384],"class_list":{"0":"post-53629","1":"product","2":"type-product","3":"status-publish","4":"has-post-thumbnail","6":"product_cat-agricultural","7":"product_cat-saw","8":"product_cat-advance-en","9":"product_cat-telescopic-saw","10":"product_tag-kamikaze-advance-en","11":"product_tag-kamikaze-products","13":"first","14":"instock","15":"shipping-taxable","16":"product-type-simple"},"yoast_head":"<!-- This site is optimized with the Yoast SEO plugin v27.3 - https:\/\/yoast.com\/product\/yoast-seo-wordpress\/ -->\n<title>Telescopic handsaw TLX 380-NH 2x1,5 - Serrucho telesc\u00f3pico - Grupo Sanz<\/title>\n<meta name=\"description\" content=\"Os presentamos la nueva gama de serruchos telesc\u00f3picos para la poda de Kamikaze. En concreto aqu\u00ed est\u00e1 la Telescopic handsaw TLX 380-NH 2x1,5\" \/>\n<meta name=\"robots\" content=\"index, follow, max-snippet:-1, max-image-preview:large, max-video-preview:-1\" \/>\n<link rel=\"canonical\" href=\"https:\/\/gruposanz.es\/en\/producto\/tlx-2x15-380-nh-telescopic-saw\" \/>\n<meta property=\"og:locale\" content=\"en_US\" \/>\n<meta property=\"og:type\" content=\"article\" \/>\n<meta property=\"og:title\" content=\"Telescopic handsaw TLX 380-NH 2x1,5 - Serrucho telesc\u00f3pico - Grupo Sanz\" \/>\n<meta property=\"og:description\" content=\"Os presentamos la nueva gama de serruchos telesc\u00f3picos para la poda de Kamikaze. En concreto aqu\u00ed est\u00e1 la Telescopic handsaw TLX 380-NH 2x1,5\" \/>\n<meta property=\"og:url\" content=\"https:\/\/gruposanz.es\/en\/producto\/tlx-2x15-380-nh-telescopic-saw\" \/>\n<meta property=\"og:site_name\" content=\"Grupo Sanz\" \/>\n<meta property=\"article:modified_time\" content=\"2024-08-28T15:44:59+00:00\" \/>\n<meta property=\"og:image\" content=\"https:\/\/gruposanz.es\/wp-content\/uploads\/2019\/09\/13774_tlx_380_nh.jpg\" \/>\n\t<meta property=\"og:image:width\" content=\"555\" \/>\n\t<meta property=\"og:image:height\" content=\"555\" \/>\n\t<meta property=\"og:image:type\" content=\"image\/jpeg\" \/>\n<meta name=\"twitter:card\" content=\"summary_large_image\" \/>\n<meta name=\"twitter:label1\" content=\"Est. reading time\" \/>\n\t<meta name=\"twitter:data1\" content=\"2 minutes\" \/>\n<script type=\"application\/ld+json\" class=\"yoast-schema-graph\">{\"@context\":\"https:\\\/\\\/schema.org\",\"@graph\":[{\"@type\":\"WebPage\",\"@id\":\"https:\\\/\\\/gruposanz.es\\\/en\\\/producto\\\/tlx-2x15-380-nh-telescopic-saw\",\"url\":\"https:\\\/\\\/gruposanz.es\\\/en\\\/producto\\\/tlx-2x15-380-nh-telescopic-saw\",\"name\":\"Telescopic handsaw TLX 380-NH 2x1,5 - Serrucho telesc\u00f3pico - Grupo Sanz\",\"isPartOf\":{\"@id\":\"https:\\\/\\\/gruposanz.es\\\/en#website\"},\"primaryImageOfPage\":{\"@id\":\"https:\\\/\\\/gruposanz.es\\\/en\\\/producto\\\/tlx-2x15-380-nh-telescopic-saw#primaryimage\"},\"image\":{\"@id\":\"https:\\\/\\\/gruposanz.es\\\/en\\\/producto\\\/tlx-2x15-380-nh-telescopic-saw#primaryimage\"},\"thumbnailUrl\":\"https:\\\/\\\/gruposanz.es\\\/wp-content\\\/uploads\\\/2019\\\/09\\\/13774_tlx_380_nh.jpg\",\"datePublished\":\"2019-09-04T12:08:09+00:00\",\"dateModified\":\"2024-08-28T15:44:59+00:00\",\"description\":\"Os presentamos la nueva gama de serruchos telesc\u00f3picos para la poda de Kamikaze. En concreto aqu\u00ed est\u00e1 la Telescopic handsaw TLX 380-NH 2x1,5\",\"breadcrumb\":{\"@id\":\"https:\\\/\\\/gruposanz.es\\\/en\\\/producto\\\/tlx-2x15-380-nh-telescopic-saw#breadcrumb\"},\"inLanguage\":\"en-US\",\"potentialAction\":[{\"@type\":\"ReadAction\",\"target\":[\"https:\\\/\\\/gruposanz.es\\\/en\\\/producto\\\/tlx-2x15-380-nh-telescopic-saw\"]}]},{\"@type\":\"ImageObject\",\"inLanguage\":\"en-US\",\"@id\":\"https:\\\/\\\/gruposanz.es\\\/en\\\/producto\\\/tlx-2x15-380-nh-telescopic-saw#primaryimage\",\"url\":\"https:\\\/\\\/gruposanz.es\\\/wp-content\\\/uploads\\\/2019\\\/09\\\/13774_tlx_380_nh.jpg\",\"contentUrl\":\"https:\\\/\\\/gruposanz.es\\\/wp-content\\\/uploads\\\/2019\\\/09\\\/13774_tlx_380_nh.jpg\",\"width\":555,\"height\":555,\"caption\":\"Serrucho telesc\u00f3pico TLX 2x1,5 380-NH\"},{\"@type\":\"BreadcrumbList\",\"@id\":\"https:\\\/\\\/gruposanz.es\\\/en\\\/producto\\\/tlx-2x15-380-nh-telescopic-saw#breadcrumb\",\"itemListElement\":[{\"@type\":\"ListItem\",\"position\":1,\"name\":\"Inicio\",\"item\":\"https:\\\/\\\/gruposanz.es\\\/en\"},{\"@type\":\"ListItem\",\"position\":2,\"name\":\"Products\",\"item\":\"https:\\\/\\\/gruposanz.es\\\/en\\\/shop\"},{\"@type\":\"ListItem\",\"position\":3,\"name\":\"Agriculture\",\"item\":\"https:\\\/\\\/gruposanz.es\\\/en\\\/category\\\/agricultural\"},{\"@type\":\"ListItem\",\"position\":4,\"name\":\"Telescopic handsaw TLX 380-NH 2&#215;1,5\"}]},{\"@type\":\"WebSite\",\"@id\":\"https:\\\/\\\/gruposanz.es\\\/en#website\",\"url\":\"https:\\\/\\\/gruposanz.es\\\/en\",\"name\":\"Grupo Sanz\",\"description\":\"Grupo Sanz, fabricantes de productos de pulverizaci\u00f3n y poda con sus marcas Pulmic, Kamikaze, Keeper y Siqua\",\"publisher\":{\"@id\":\"https:\\\/\\\/gruposanz.es\\\/en#organization\"},\"potentialAction\":[{\"@type\":\"SearchAction\",\"target\":{\"@type\":\"EntryPoint\",\"urlTemplate\":\"https:\\\/\\\/gruposanz.es\\\/en?s={search_term_string}\"},\"query-input\":{\"@type\":\"PropertyValueSpecification\",\"valueRequired\":true,\"valueName\":\"search_term_string\"}}],\"inLanguage\":\"en-US\"},{\"@type\":\"Organization\",\"@id\":\"https:\\\/\\\/gruposanz.es\\\/en#organization\",\"name\":\"Grupo Sanz\",\"url\":\"https:\\\/\\\/gruposanz.es\\\/en\",\"logo\":{\"@type\":\"ImageObject\",\"inLanguage\":\"en-US\",\"@id\":\"https:\\\/\\\/gruposanz.es\\\/en#\\\/schema\\\/logo\\\/image\\\/\",\"url\":\"https:\\\/\\\/gruposanz.es\\\/wp-content\\\/uploads\\\/2022\\\/10\\\/LOGOTIPO-GRUPO-SANZ-vertical.png\",\"contentUrl\":\"https:\\\/\\\/gruposanz.es\\\/wp-content\\\/uploads\\\/2022\\\/10\\\/LOGOTIPO-GRUPO-SANZ-vertical.png\",\"width\":1418,\"height\":1418,\"caption\":\"Grupo Sanz\"},\"image\":{\"@id\":\"https:\\\/\\\/gruposanz.es\\\/en#\\\/schema\\\/logo\\\/image\\\/\"},\"sameAs\":[\"https:\\\/\\\/www.linkedin.com\\\/company\\\/grupo-sanz-hermanos\",\"https:\\\/\\\/www.youtube.com\\\/user\\\/GrupoSanz\"]}]}<\/script>\n<!-- \/ Yoast SEO plugin. -->","yoast_head_json":{"title":"Telescopic handsaw TLX 380-NH 2x1,5 - Serrucho telesc\u00f3pico - Grupo Sanz","description":"Os presentamos la nueva gama de serruchos telesc\u00f3picos para la poda de Kamikaze. En concreto aqu\u00ed est\u00e1 la Telescopic handsaw TLX 380-NH 2x1,5","robots":{"index":"index","follow":"follow","max-snippet":"max-snippet:-1","max-image-preview":"max-image-preview:large","max-video-preview":"max-video-preview:-1"},"canonical":"https:\/\/gruposanz.es\/en\/producto\/tlx-2x15-380-nh-telescopic-saw","og_locale":"en_US","og_type":"article","og_title":"Telescopic handsaw TLX 380-NH 2x1,5 - Serrucho telesc\u00f3pico - Grupo Sanz","og_description":"Os presentamos la nueva gama de serruchos telesc\u00f3picos para la poda de Kamikaze. En concreto aqu\u00ed est\u00e1 la Telescopic handsaw TLX 380-NH 2x1,5","og_url":"https:\/\/gruposanz.es\/en\/producto\/tlx-2x15-380-nh-telescopic-saw","og_site_name":"Grupo Sanz","article_modified_time":"2024-08-28T15:44:59+00:00","og_image":[{"width":555,"height":555,"url":"https:\/\/gruposanz.es\/wp-content\/uploads\/2019\/09\/13774_tlx_380_nh.jpg","type":"image\/jpeg"}],"twitter_card":"summary_large_image","twitter_misc":{"Est. reading time":"2 minutes"},"schema":{"@context":"https:\/\/schema.org","@graph":[{"@type":"WebPage","@id":"https:\/\/gruposanz.es\/en\/producto\/tlx-2x15-380-nh-telescopic-saw","url":"https:\/\/gruposanz.es\/en\/producto\/tlx-2x15-380-nh-telescopic-saw","name":"Telescopic handsaw TLX 380-NH 2x1,5 - Serrucho telesc\u00f3pico - Grupo Sanz","isPartOf":{"@id":"https:\/\/gruposanz.es\/en#website"},"primaryImageOfPage":{"@id":"https:\/\/gruposanz.es\/en\/producto\/tlx-2x15-380-nh-telescopic-saw#primaryimage"},"image":{"@id":"https:\/\/gruposanz.es\/en\/producto\/tlx-2x15-380-nh-telescopic-saw#primaryimage"},"thumbnailUrl":"https:\/\/gruposanz.es\/wp-content\/uploads\/2019\/09\/13774_tlx_380_nh.jpg","datePublished":"2019-09-04T12:08:09+00:00","dateModified":"2024-08-28T15:44:59+00:00","description":"Os presentamos la nueva gama de serruchos telesc\u00f3picos para la poda de Kamikaze. En concreto aqu\u00ed est\u00e1 la Telescopic handsaw TLX 380-NH 2x1,5","breadcrumb":{"@id":"https:\/\/gruposanz.es\/en\/producto\/tlx-2x15-380-nh-telescopic-saw#breadcrumb"},"inLanguage":"en-US","potentialAction":[{"@type":"ReadAction","target":["https:\/\/gruposanz.es\/en\/producto\/tlx-2x15-380-nh-telescopic-saw"]}]},{"@type":"ImageObject","inLanguage":"en-US","@id":"https:\/\/gruposanz.es\/en\/producto\/tlx-2x15-380-nh-telescopic-saw#primaryimage","url":"https:\/\/gruposanz.es\/wp-content\/uploads\/2019\/09\/13774_tlx_380_nh.jpg","contentUrl":"https:\/\/gruposanz.es\/wp-content\/uploads\/2019\/09\/13774_tlx_380_nh.jpg","width":555,"height":555,"caption":"Serrucho telesc\u00f3pico TLX 2x1,5 380-NH"},{"@type":"BreadcrumbList","@id":"https:\/\/gruposanz.es\/en\/producto\/tlx-2x15-380-nh-telescopic-saw#breadcrumb","itemListElement":[{"@type":"ListItem","position":1,"name":"Inicio","item":"https:\/\/gruposanz.es\/en"},{"@type":"ListItem","position":2,"name":"Products","item":"https:\/\/gruposanz.es\/en\/shop"},{"@type":"ListItem","position":3,"name":"Agriculture","item":"https:\/\/gruposanz.es\/en\/category\/agricultural"},{"@type":"ListItem","position":4,"name":"Telescopic handsaw TLX 380-NH 2&#215;1,5"}]},{"@type":"WebSite","@id":"https:\/\/gruposanz.es\/en#website","url":"https:\/\/gruposanz.es\/en","name":"Grupo Sanz","description":"Grupo Sanz, fabricantes de productos de pulverizaci\u00f3n y poda con sus marcas Pulmic, Kamikaze, Keeper y Siqua","publisher":{"@id":"https:\/\/gruposanz.es\/en#organization"},"potentialAction":[{"@type":"SearchAction","target":{"@type":"EntryPoint","urlTemplate":"https:\/\/gruposanz.es\/en?s={search_term_string}"},"query-input":{"@type":"PropertyValueSpecification","valueRequired":true,"valueName":"search_term_string"}}],"inLanguage":"en-US"},{"@type":"Organization","@id":"https:\/\/gruposanz.es\/en#organization","name":"Grupo Sanz","url":"https:\/\/gruposanz.es\/en","logo":{"@type":"ImageObject","inLanguage":"en-US","@id":"https:\/\/gruposanz.es\/en#\/schema\/logo\/image\/","url":"https:\/\/gruposanz.es\/wp-content\/uploads\/2022\/10\/LOGOTIPO-GRUPO-SANZ-vertical.png","contentUrl":"https:\/\/gruposanz.es\/wp-content\/uploads\/2022\/10\/LOGOTIPO-GRUPO-SANZ-vertical.png","width":1418,"height":1418,"caption":"Grupo Sanz"},"image":{"@id":"https:\/\/gruposanz.es\/en#\/schema\/logo\/image\/"},"sameAs":["https:\/\/www.linkedin.com\/company\/grupo-sanz-hermanos","https:\/\/www.youtube.com\/user\/GrupoSanz"]}]}},"_links":{"self":[{"href":"https:\/\/gruposanz.es\/en\/wp-json\/wp\/v2\/product\/53629","targetHints":{"allow":["GET"]}}],"collection":[{"href":"https:\/\/gruposanz.es\/en\/wp-json\/wp\/v2\/product"}],"about":[{"href":"https:\/\/gruposanz.es\/en\/wp-json\/wp\/v2\/types\/product"}],"wp:featuredmedia":[{"embeddable":true,"href":"https:\/\/gruposanz.es\/en\/wp-json\/wp\/v2\/media\/53632"}],"wp:attachment":[{"href":"https:\/\/gruposanz.es\/en\/wp-json\/wp\/v2\/media?parent=53629"}],"wp:term":[{"taxonomy":"product_brand","embeddable":true,"href":"https:\/\/gruposanz.es\/en\/wp-json\/wp\/v2\/product_brand?post=53629"},{"taxonomy":"product_cat","embeddable":true,"href":"https:\/\/gruposanz.es\/en\/wp-json\/wp\/v2\/product_cat?post=53629"},{"taxonomy":"product_tag","embeddable":true,"href":"https:\/\/gruposanz.es\/en\/wp-json\/wp\/v2\/product_tag?post=53629"}],"curies":[{"name":"wp","href":"https:\/\/api.w.org\/{rel}","templated":true}]}}