{"id":61152,"date":"2020-09-30T16:31:43","date_gmt":"2020-09-30T14:31:44","guid":{"rendered":"https:\/\/gruposanz.es\/?post_type=product&#038;p=61152"},"modified":"2025-09-16T13:46:24","modified_gmt":"2025-09-16T11:46:24","slug":"electric-sprayer-pulmic-pegasus-15-industrial-viton","status":"publish","type":"product","link":"https:\/\/gruposanz.es\/en\/producto\/electric-sprayer-pulmic-pegasus-15-industrial-viton","title":{"rendered":"Electric sprayer Pulmic Pegasus 15 Industrial Vit\u00f3n with  3 nozzles nebulizer lance"},"content":{"rendered":"<div class=\"wpb-content-wrapper\"><p>[vc_row][vc_column][vc_column_text]<\/p>\n<h4><span style=\"color: #b7000c;\"><strong>Description<\/strong><\/span><\/h4>\n<p style=\"text-align: justify;\">This sprayer is the third electric sprayers generation of Pulmic brand. With autonomy up to 7 hours and the unique 3-speed system in the market, it is designed and manufactured in Spain with characteristics and quality of materials for the most demanding professionals.<\/p>\n<h4><span style=\"color: #b7000c;\"><strong>Characteristics<\/strong><\/span><\/h4>\n<p style=\"text-align: justify;\">&#8211; Lithium battery which will last for up to seven hours<br \/>\n&#8211; High-performance membrane pump<br \/>\n&#8211; Three speeds of application of between one and three bars of pressure<br \/>\n&#8211; Handle with Viton joints<\/p>\n<p>[\/vc_column_text][vc_row_inner disable_element=&#8221;yes&#8221;][vc_column_inner width=&#8221;1\/6&#8243; offset=&#8221;vc_col-xs-3&#8243;][vc_single_image image=&#8221;46717&#8243; img_size=&#8221;&#8221; alignment=&#8221;center&#8221;][\/vc_column_inner][vc_column_inner width=&#8221;1\/6&#8243; offset=&#8221;vc_col-xs-3&#8243;][vc_single_image image=&#8221;46692&#8243; img_size=&#8221;full&#8221; alignment=&#8221;center&#8221;][\/vc_column_inner][vc_column_inner width=&#8221;1\/6&#8243; offset=&#8221;vc_col-xs-4&#8243;][vc_single_image image=&#8221;46682&#8243; img_size=&#8221;full&#8221; alignment=&#8221;center&#8221;][\/vc_column_inner][vc_column_inner width=&#8221;1\/6&#8243; offset=&#8221;vc_col-xs-4&#8243;][vc_single_image image=&#8221;46797&#8243; img_size=&#8221;full&#8221; alignment=&#8221;center&#8221;][\/vc_column_inner][vc_column_inner width=&#8221;1\/6&#8243; offset=&#8221;vc_col-xs-4&#8243;][vc_single_image image=&#8221;46707&#8243; img_size=&#8221;full&#8221; alignment=&#8221;center&#8221;][\/vc_column_inner][vc_column_inner width=&#8221;1\/6&#8243;][vc_single_image image=&#8221;46747&#8243; img_size=&#8221;full&#8221; alignment=&#8221;center&#8221;][\/vc_column_inner][\/vc_row_inner][\/vc_column][\/vc_row][vc_row][vc_column][vc_row_inner][vc_column_inner width=&#8221;1\/2&#8243;][vc_btn title=&#8221;SPRAYER TECHNICAL-COMMERCIAL DATA SHEET&#8221; style=&#8221;custom&#8221; custom_background=&#8221;#b7000c&#8221; custom_text=&#8221;#ffffff&#8221; shape=&#8221;square&#8221; align=&#8221;center&#8221; i_icon_fontawesome=&#8221;fa fa-file-pdf-o&#8221; button_block=&#8221;true&#8221; add_icon=&#8221;true&#8221; link=&#8221;url:%2Fwp-content%2Fuploads%2F2020%2F09%2F14187-FTC-Pulmic-Pegasus-15-Industrial-VITON-EN.pdf||target:%20_blank|&#8221; el_class=&#8221;boton-descarga-producto&#8221;][\/vc_column_inner][vc_column_inner width=&#8221;1\/2&#8243;][vc_btn title=&#8221;LANCE TECHNICAL-COMMERCIAL DATA SHEET&#8221; style=&#8221;custom&#8221; custom_background=&#8221;#b7000c&#8221; custom_text=&#8221;#ffffff&#8221; shape=&#8221;square&#8221; align=&#8221;center&#8221; i_icon_fontawesome=&#8221;fa fa-file-pdf-o&#8221; button_block=&#8221;true&#8221; add_icon=&#8221;true&#8221; link=&#8221;url:%2Fwp-content%2Fuploads%2F2020%2F09%2F14589.Lance-with-3-nozzles-nebulizer.pdf||target:%20_blank|&#8221; el_class=&#8221;boton-descarga-producto&#8221;][\/vc_column_inner][\/vc_row_inner][vc_row_inner disable_element=&#8221;yes&#8221;][vc_column_inner width=&#8221;1\/4&#8243;][\/vc_column_inner][vc_column_inner width=&#8221;1\/2&#8243;][vc_btn title=&#8221;WARRANTY ACTIVATION&#8221; style=&#8221;custom&#8221; custom_background=&#8221;#b7000c&#8221; custom_text=&#8221;#ffffff&#8221; shape=&#8221;square&#8221; align=&#8221;center&#8221; i_icon_fontawesome=&#8221;fa fa-check-square-o&#8221; button_block=&#8221;true&#8221; add_icon=&#8221;true&#8221; link=&#8221;url:%2Fen%2Fwarranty-activation|title:Warranty%20Activation|target:%20_blank|&#8221; el_class=&#8221;boton-descarga-producto&#8221;][\/vc_column_inner][vc_column_inner width=&#8221;1\/4&#8243;][\/vc_column_inner][\/vc_row_inner][\/vc_column][\/vc_row][vc_row disable_element=&#8221;yes&#8221;][vc_column][vc_row_inner][vc_column_inner width=&#8221;2\/3&#8243;][vc_btn title=&#8221;TECHNICAL-COMMERCIAL DATA SHEET&#8221; style=&#8221;custom&#8221; custom_background=&#8221;#b7000c&#8221; custom_text=&#8221;#ffffff&#8221; shape=&#8221;square&#8221; align=&#8221;center&#8221; i_icon_fontawesome=&#8221;fa fa-file-pdf-o&#8221; button_block=&#8221;true&#8221; add_icon=&#8221;true&#8221; link=&#8221;url:%2Fwp-content%2Fuploads%2F2019%2F08%2F7823-FTC-Keeper-Garden-16.pdf||target:%20_blank|&#8221; el_class=&#8221;boton-descarga-producto&#8221;][\/vc_column_inner][vc_column_inner width=&#8221;1\/3&#8243;][\/vc_column_inner][\/vc_row_inner][\/vc_column][\/vc_row][vc_row disable_element=&#8221;yes&#8221; css=&#8221;.vc_custom_1601973039544{margin-top: 0px !important;}&#8221;][vc_column][vc_single_image image=&#8221;61187&#8243; img_size=&#8221;full&#8221; alignment=&#8221;center&#8221;][\/vc_column][\/vc_row][vc_row][vc_column][vc_video link=&#8221;https:\/\/www.youtube.com\/watch?v=iGegTvPR1iE&#8221;][\/vc_column][\/vc_row]<\/p>\n<\/div>","protected":false},"excerpt":{"rendered":"<h2 style=\"text-align: center;\"><span style=\"color: #ffffff;\"><strong>Electrical sprayers for application of disinfectant products \/ virucidal bactericides and ozone applications.<\/strong><\/span><\/h2>\n","protected":false},"featured_media":61167,"template":"","meta":[],"product_brand":[],"product_cat":[3621,3047],"product_tag":[3372],"class_list":{"0":"post-61152","1":"product","2":"type-product","3":"status-publish","4":"has-post-thumbnail","6":"product_cat-covid-special-range","7":"product_cat-electric-sprayers-en","8":"product_tag-pulmic-products","10":"first","11":"instock","12":"featured","13":"shipping-taxable","14":"product-type-simple"},"yoast_head":"<!-- This site is optimized with the Yoast SEO plugin v27.3 - https:\/\/yoast.com\/product\/yoast-seo-wordpress\/ -->\n<title>Electric sprayer Pulmic Pegasus 15 Industrial Vit\u00f3n with 3 nozzles nebulizer lance - Grupo Sanz<\/title>\n<meta name=\"description\" content=\"Aqu\u00ed tienes toda la informaci\u00f3n sobre el Pulverizador el\u00e9ctrico PULMIC PEGASUS 15. Y si quieres saber m\u00e1s sobre este pulverizador, no duces en contactarnos\" \/>\n<meta name=\"robots\" content=\"index, follow, max-snippet:-1, max-image-preview:large, max-video-preview:-1\" \/>\n<link rel=\"canonical\" href=\"https:\/\/gruposanz.es\/en\/producto\/electric-sprayer-pulmic-pegasus-15-industrial-viton\" \/>\n<meta property=\"og:locale\" content=\"en_US\" \/>\n<meta property=\"og:type\" content=\"article\" \/>\n<meta property=\"og:title\" content=\"Electric sprayer Pulmic Pegasus 15 Industrial Vit\u00f3n with 3 nozzles nebulizer lance - Grupo Sanz\" \/>\n<meta property=\"og:description\" content=\"Aqu\u00ed tienes toda la informaci\u00f3n sobre el Pulverizador el\u00e9ctrico PULMIC PEGASUS 15. Y si quieres saber m\u00e1s sobre este pulverizador, no duces en contactarnos\" \/>\n<meta property=\"og:url\" content=\"https:\/\/gruposanz.es\/en\/producto\/electric-sprayer-pulmic-pegasus-15-industrial-viton\" \/>\n<meta property=\"og:site_name\" content=\"Grupo Sanz\" \/>\n<meta property=\"article:modified_time\" content=\"2025-09-16T11:46:24+00:00\" \/>\n<meta property=\"og:image\" content=\"https:\/\/gruposanz.es\/wp-content\/uploads\/2020\/09\/Pulmic-con-lanza_1.jpg\" \/>\n\t<meta property=\"og:image:width\" content=\"555\" \/>\n\t<meta property=\"og:image:height\" content=\"555\" \/>\n\t<meta property=\"og:image:type\" content=\"image\/jpeg\" \/>\n<meta name=\"twitter:card\" content=\"summary_large_image\" \/>\n<meta name=\"twitter:label1\" content=\"Est. reading time\" \/>\n\t<meta name=\"twitter:data1\" content=\"2 minutes\" \/>\n<script type=\"application\/ld+json\" class=\"yoast-schema-graph\">{\"@context\":\"https:\\\/\\\/schema.org\",\"@graph\":[{\"@type\":\"WebPage\",\"@id\":\"https:\\\/\\\/gruposanz.es\\\/en\\\/producto\\\/electric-sprayer-pulmic-pegasus-15-industrial-viton\",\"url\":\"https:\\\/\\\/gruposanz.es\\\/en\\\/producto\\\/electric-sprayer-pulmic-pegasus-15-industrial-viton\",\"name\":\"Electric sprayer Pulmic Pegasus 15 Industrial Vit\u00f3n with 3 nozzles nebulizer lance - Grupo Sanz\",\"isPartOf\":{\"@id\":\"https:\\\/\\\/gruposanz.es\\\/en#website\"},\"primaryImageOfPage\":{\"@id\":\"https:\\\/\\\/gruposanz.es\\\/en\\\/producto\\\/electric-sprayer-pulmic-pegasus-15-industrial-viton#primaryimage\"},\"image\":{\"@id\":\"https:\\\/\\\/gruposanz.es\\\/en\\\/producto\\\/electric-sprayer-pulmic-pegasus-15-industrial-viton#primaryimage\"},\"thumbnailUrl\":\"https:\\\/\\\/gruposanz.es\\\/wp-content\\\/uploads\\\/2020\\\/09\\\/Pulmic-con-lanza_1.jpg\",\"datePublished\":\"2020-09-30T14:31:44+00:00\",\"dateModified\":\"2025-09-16T11:46:24+00:00\",\"description\":\"Aqu\u00ed tienes toda la informaci\u00f3n sobre el Pulverizador el\u00e9ctrico PULMIC PEGASUS 15. Y si quieres saber m\u00e1s sobre este pulverizador, no duces en contactarnos\",\"breadcrumb\":{\"@id\":\"https:\\\/\\\/gruposanz.es\\\/en\\\/producto\\\/electric-sprayer-pulmic-pegasus-15-industrial-viton#breadcrumb\"},\"inLanguage\":\"en-US\",\"potentialAction\":[{\"@type\":\"ReadAction\",\"target\":[\"https:\\\/\\\/gruposanz.es\\\/en\\\/producto\\\/electric-sprayer-pulmic-pegasus-15-industrial-viton\"]}]},{\"@type\":\"ImageObject\",\"inLanguage\":\"en-US\",\"@id\":\"https:\\\/\\\/gruposanz.es\\\/en\\\/producto\\\/electric-sprayer-pulmic-pegasus-15-industrial-viton#primaryimage\",\"url\":\"https:\\\/\\\/gruposanz.es\\\/wp-content\\\/uploads\\\/2020\\\/09\\\/Pulmic-con-lanza_1.jpg\",\"contentUrl\":\"https:\\\/\\\/gruposanz.es\\\/wp-content\\\/uploads\\\/2020\\\/09\\\/Pulmic-con-lanza_1.jpg\",\"width\":555,\"height\":555,\"caption\":\"Pulverizador el\u00e9ctrico Pulmic Pegasus 15 Industrial Vit\u00f3n con lanza de tres boquillas nebulizadoras\"},{\"@type\":\"BreadcrumbList\",\"@id\":\"https:\\\/\\\/gruposanz.es\\\/en\\\/producto\\\/electric-sprayer-pulmic-pegasus-15-industrial-viton#breadcrumb\",\"itemListElement\":[{\"@type\":\"ListItem\",\"position\":1,\"name\":\"Inicio\",\"item\":\"https:\\\/\\\/gruposanz.es\\\/en\"},{\"@type\":\"ListItem\",\"position\":2,\"name\":\"Products\",\"item\":\"https:\\\/\\\/gruposanz.es\\\/en\\\/shop\"},{\"@type\":\"ListItem\",\"position\":3,\"name\":\"Covid-19 Special Range\",\"item\":\"https:\\\/\\\/gruposanz.es\\\/en\\\/category\\\/covid-special-range\"},{\"@type\":\"ListItem\",\"position\":4,\"name\":\"Electric sprayer Pulmic Pegasus 15 Industrial Vit\u00f3n with 3 nozzles nebulizer lance\"}]},{\"@type\":\"WebSite\",\"@id\":\"https:\\\/\\\/gruposanz.es\\\/en#website\",\"url\":\"https:\\\/\\\/gruposanz.es\\\/en\",\"name\":\"Grupo Sanz\",\"description\":\"Grupo Sanz, fabricantes de productos de pulverizaci\u00f3n y poda con sus marcas Pulmic, Kamikaze, Keeper y Siqua\",\"publisher\":{\"@id\":\"https:\\\/\\\/gruposanz.es\\\/en#organization\"},\"potentialAction\":[{\"@type\":\"SearchAction\",\"target\":{\"@type\":\"EntryPoint\",\"urlTemplate\":\"https:\\\/\\\/gruposanz.es\\\/en?s={search_term_string}\"},\"query-input\":{\"@type\":\"PropertyValueSpecification\",\"valueRequired\":true,\"valueName\":\"search_term_string\"}}],\"inLanguage\":\"en-US\"},{\"@type\":\"Organization\",\"@id\":\"https:\\\/\\\/gruposanz.es\\\/en#organization\",\"name\":\"Grupo Sanz\",\"url\":\"https:\\\/\\\/gruposanz.es\\\/en\",\"logo\":{\"@type\":\"ImageObject\",\"inLanguage\":\"en-US\",\"@id\":\"https:\\\/\\\/gruposanz.es\\\/en#\\\/schema\\\/logo\\\/image\\\/\",\"url\":\"https:\\\/\\\/gruposanz.es\\\/wp-content\\\/uploads\\\/2022\\\/10\\\/LOGOTIPO-GRUPO-SANZ-vertical.png\",\"contentUrl\":\"https:\\\/\\\/gruposanz.es\\\/wp-content\\\/uploads\\\/2022\\\/10\\\/LOGOTIPO-GRUPO-SANZ-vertical.png\",\"width\":1418,\"height\":1418,\"caption\":\"Grupo Sanz\"},\"image\":{\"@id\":\"https:\\\/\\\/gruposanz.es\\\/en#\\\/schema\\\/logo\\\/image\\\/\"},\"sameAs\":[\"https:\\\/\\\/www.linkedin.com\\\/company\\\/grupo-sanz-hermanos\",\"https:\\\/\\\/www.youtube.com\\\/user\\\/GrupoSanz\"]}]}<\/script>\n<!-- \/ Yoast SEO plugin. -->","yoast_head_json":{"title":"Electric sprayer Pulmic Pegasus 15 Industrial Vit\u00f3n with 3 nozzles nebulizer lance - Grupo Sanz","description":"Aqu\u00ed tienes toda la informaci\u00f3n sobre el Pulverizador el\u00e9ctrico PULMIC PEGASUS 15. Y si quieres saber m\u00e1s sobre este pulverizador, no duces en contactarnos","robots":{"index":"index","follow":"follow","max-snippet":"max-snippet:-1","max-image-preview":"max-image-preview:large","max-video-preview":"max-video-preview:-1"},"canonical":"https:\/\/gruposanz.es\/en\/producto\/electric-sprayer-pulmic-pegasus-15-industrial-viton","og_locale":"en_US","og_type":"article","og_title":"Electric sprayer Pulmic Pegasus 15 Industrial Vit\u00f3n with 3 nozzles nebulizer lance - Grupo Sanz","og_description":"Aqu\u00ed tienes toda la informaci\u00f3n sobre el Pulverizador el\u00e9ctrico PULMIC PEGASUS 15. Y si quieres saber m\u00e1s sobre este pulverizador, no duces en contactarnos","og_url":"https:\/\/gruposanz.es\/en\/producto\/electric-sprayer-pulmic-pegasus-15-industrial-viton","og_site_name":"Grupo Sanz","article_modified_time":"2025-09-16T11:46:24+00:00","og_image":[{"width":555,"height":555,"url":"https:\/\/gruposanz.es\/wp-content\/uploads\/2020\/09\/Pulmic-con-lanza_1.jpg","type":"image\/jpeg"}],"twitter_card":"summary_large_image","twitter_misc":{"Est. reading time":"2 minutes"},"schema":{"@context":"https:\/\/schema.org","@graph":[{"@type":"WebPage","@id":"https:\/\/gruposanz.es\/en\/producto\/electric-sprayer-pulmic-pegasus-15-industrial-viton","url":"https:\/\/gruposanz.es\/en\/producto\/electric-sprayer-pulmic-pegasus-15-industrial-viton","name":"Electric sprayer Pulmic Pegasus 15 Industrial Vit\u00f3n with 3 nozzles nebulizer lance - Grupo Sanz","isPartOf":{"@id":"https:\/\/gruposanz.es\/en#website"},"primaryImageOfPage":{"@id":"https:\/\/gruposanz.es\/en\/producto\/electric-sprayer-pulmic-pegasus-15-industrial-viton#primaryimage"},"image":{"@id":"https:\/\/gruposanz.es\/en\/producto\/electric-sprayer-pulmic-pegasus-15-industrial-viton#primaryimage"},"thumbnailUrl":"https:\/\/gruposanz.es\/wp-content\/uploads\/2020\/09\/Pulmic-con-lanza_1.jpg","datePublished":"2020-09-30T14:31:44+00:00","dateModified":"2025-09-16T11:46:24+00:00","description":"Aqu\u00ed tienes toda la informaci\u00f3n sobre el Pulverizador el\u00e9ctrico PULMIC PEGASUS 15. Y si quieres saber m\u00e1s sobre este pulverizador, no duces en contactarnos","breadcrumb":{"@id":"https:\/\/gruposanz.es\/en\/producto\/electric-sprayer-pulmic-pegasus-15-industrial-viton#breadcrumb"},"inLanguage":"en-US","potentialAction":[{"@type":"ReadAction","target":["https:\/\/gruposanz.es\/en\/producto\/electric-sprayer-pulmic-pegasus-15-industrial-viton"]}]},{"@type":"ImageObject","inLanguage":"en-US","@id":"https:\/\/gruposanz.es\/en\/producto\/electric-sprayer-pulmic-pegasus-15-industrial-viton#primaryimage","url":"https:\/\/gruposanz.es\/wp-content\/uploads\/2020\/09\/Pulmic-con-lanza_1.jpg","contentUrl":"https:\/\/gruposanz.es\/wp-content\/uploads\/2020\/09\/Pulmic-con-lanza_1.jpg","width":555,"height":555,"caption":"Pulverizador el\u00e9ctrico Pulmic Pegasus 15 Industrial Vit\u00f3n con lanza de tres boquillas nebulizadoras"},{"@type":"BreadcrumbList","@id":"https:\/\/gruposanz.es\/en\/producto\/electric-sprayer-pulmic-pegasus-15-industrial-viton#breadcrumb","itemListElement":[{"@type":"ListItem","position":1,"name":"Inicio","item":"https:\/\/gruposanz.es\/en"},{"@type":"ListItem","position":2,"name":"Products","item":"https:\/\/gruposanz.es\/en\/shop"},{"@type":"ListItem","position":3,"name":"Covid-19 Special Range","item":"https:\/\/gruposanz.es\/en\/category\/covid-special-range"},{"@type":"ListItem","position":4,"name":"Electric sprayer Pulmic Pegasus 15 Industrial Vit\u00f3n with 3 nozzles nebulizer lance"}]},{"@type":"WebSite","@id":"https:\/\/gruposanz.es\/en#website","url":"https:\/\/gruposanz.es\/en","name":"Grupo Sanz","description":"Grupo Sanz, fabricantes de productos de pulverizaci\u00f3n y poda con sus marcas Pulmic, Kamikaze, Keeper y Siqua","publisher":{"@id":"https:\/\/gruposanz.es\/en#organization"},"potentialAction":[{"@type":"SearchAction","target":{"@type":"EntryPoint","urlTemplate":"https:\/\/gruposanz.es\/en?s={search_term_string}"},"query-input":{"@type":"PropertyValueSpecification","valueRequired":true,"valueName":"search_term_string"}}],"inLanguage":"en-US"},{"@type":"Organization","@id":"https:\/\/gruposanz.es\/en#organization","name":"Grupo Sanz","url":"https:\/\/gruposanz.es\/en","logo":{"@type":"ImageObject","inLanguage":"en-US","@id":"https:\/\/gruposanz.es\/en#\/schema\/logo\/image\/","url":"https:\/\/gruposanz.es\/wp-content\/uploads\/2022\/10\/LOGOTIPO-GRUPO-SANZ-vertical.png","contentUrl":"https:\/\/gruposanz.es\/wp-content\/uploads\/2022\/10\/LOGOTIPO-GRUPO-SANZ-vertical.png","width":1418,"height":1418,"caption":"Grupo Sanz"},"image":{"@id":"https:\/\/gruposanz.es\/en#\/schema\/logo\/image\/"},"sameAs":["https:\/\/www.linkedin.com\/company\/grupo-sanz-hermanos","https:\/\/www.youtube.com\/user\/GrupoSanz"]}]}},"_links":{"self":[{"href":"https:\/\/gruposanz.es\/en\/wp-json\/wp\/v2\/product\/61152","targetHints":{"allow":["GET"]}}],"collection":[{"href":"https:\/\/gruposanz.es\/en\/wp-json\/wp\/v2\/product"}],"about":[{"href":"https:\/\/gruposanz.es\/en\/wp-json\/wp\/v2\/types\/product"}],"wp:featuredmedia":[{"embeddable":true,"href":"https:\/\/gruposanz.es\/en\/wp-json\/wp\/v2\/media\/61167"}],"wp:attachment":[{"href":"https:\/\/gruposanz.es\/en\/wp-json\/wp\/v2\/media?parent=61152"}],"wp:term":[{"taxonomy":"product_brand","embeddable":true,"href":"https:\/\/gruposanz.es\/en\/wp-json\/wp\/v2\/product_brand?post=61152"},{"taxonomy":"product_cat","embeddable":true,"href":"https:\/\/gruposanz.es\/en\/wp-json\/wp\/v2\/product_cat?post=61152"},{"taxonomy":"product_tag","embeddable":true,"href":"https:\/\/gruposanz.es\/en\/wp-json\/wp\/v2\/product_tag?post=61152"}],"curies":[{"name":"wp","href":"https:\/\/api.w.org\/{rel}","templated":true}]}}