{"id":24771,"date":"2016-01-04T10:14:32","date_gmt":"2015-10-06T08:57:31","guid":{"rendered":"http:\/\/gruposanz.es\/?page_id=24771"},"modified":"2019-09-04T19:10:47","modified_gmt":"2019-09-04T17:10:47","slug":"avis-legal-et-politique-confidentialite","status":"publish","type":"page","link":"https:\/\/gruposanz.es\/fr\/avis-legal-et-politique-confidentialite","title":{"rendered":"Avis l\u00e9gal"},"content":{"rendered":"<h4 style=\"text-align: justify;\">1.\u00a0DATOS DE LA EMPRESA<\/h4>\n<p style=\"text-align: justify;\">El dominio gruposanz.es y todos sus subdominios tienen como titular a SANZ HERMANOS VALENCIA, S.L.\u00a0\u00a0(En adelante<strong>\u00a0LA EMPRESA<\/strong>), con correo electr\u00f3nico info@gruposanz.es con CIF:\u00a0B46445615, debidamente registrada y legalmente constituida.<\/p>\n<h4 style=\"text-align: justify;\">2. PROPIEDAD INTELECTUAL DE\u00a0GRUPOSANZ.ES<\/h4>\n<p style=\"text-align: justify;\">Queda prohibida su reproducci\u00f3n, distribuci\u00f3n, comunicaci\u00f3n p\u00fablica y transformaci\u00f3n, total o parcial, sin la autorizaci\u00f3n expresa de LA EMPRESA Igualmente, todos los nombres comerciales, marcas o signos distintos de cualquier clase contenidos en\u00a0g.com\u00a0 est\u00e1n protegidos por ley.<\/p>\n<p style=\"text-align: justify;\">Todos los derechos de propiedad intelectual del contenido de esta p\u00e1gina Web, su dise\u00f1o y algunas im\u00e1genes, son titularidad de LA EMPRESA, correspondi\u00e9ndose el ejercicio exclusivo de los derechos de explotaci\u00f3n de los mismos. A excepci\u00f3n de las fotograf\u00edas utilizadas en el blog que pertenecen a sus respectivos autores o empresas y\u00a0son usadas \u00fanicamente con prop\u00f3sitos promocionales y alguna imagen obtenida\u00a0en la web <a href=\"http:\/\/www.freepik.es\/vector-gratis\/avatares-del-equipo-de-negocios_766435.htm\">Freepik<\/a>.<\/p>\n<p style=\"text-align: justify;\">LA EMPRESA proporciona una serie de servicios en Internet a sus usuarios y clientes.<\/p>\n<p style=\"text-align: justify;\">V\u00eda aceptaci\u00f3n de las condiciones de uso, prohibimos expl\u00edcitamente cualquier infracci\u00f3n de propiedad intelectual. Pedimos a los propietarios de dichos derechos que nos contacten si alg\u00fan usuario de nuestro servicio ha hecho alguna infracci\u00f3n.<\/p>\n<p style=\"text-align: justify;\">Cualquier art\u00edculo o imagen que sea objeto de la infracci\u00f3n ser\u00e1 eliminado sin previo aviso.<\/p>\n<p style=\"text-align: justify;\">Si consideras que tus derechos de propiedad intelectual han sido violados por un usuario de nuestro servicio, haznos llegar una notificaci\u00f3n con la siguiente informaci\u00f3n:<\/p>\n<p style=\"text-align: justify;\">1. Identificaci\u00f3n del copyright, marca registrada o lo que se haya infringido.<br \/>\n2. La direcci\u00f3n completa (URL) de los productos y\/o dise\u00f1os en cuesti\u00f3n (Atenci\u00f3n: s\u00f3lo la direcci\u00f3n gruposanz.es no es suficiente)<br \/>\n3. Tu nombre, direcci\u00f3n, tel\u00e9fono y email.<br \/>\n4. Una declaraci\u00f3n donde expones de buena fe que el material de la queja infringe ciertamente la ley o tus derechos.<br \/>\n5. Una declaraci\u00f3n de que toda la informaci\u00f3n proporcionada es correcta y veraz.<\/p>\n<p style=\"text-align: justify;\">Puedes enviarnos esta informaci\u00f3n v\u00eda email a:\u00a0<strong>info@gruposanz.es<\/strong><\/p>\n<h4 style=\"text-align: justify;\">3. ACTUALIZACI\u00d3N Y MODIFICACI\u00d3N DE LA P\u00c1GINA WEB<\/h4>\n<p style=\"text-align: justify;\">LA EMPRESA se reserva el derecho a actualizar, modificar o eliminar la informaci\u00f3n contenida en su p\u00e1gina web, en cualquier momento, sin previo aviso, al igual que la configuraci\u00f3n o presentaci\u00f3n de la misma, y sin asumir responsabilidad alguna por ello.<\/p>\n<h4 style=\"text-align: justify;\">4. CONTENIDOS DE LA WEB Y ENLACES<\/h4>\n<p style=\"text-align: justify;\">LA EMPRESA no se responsabiliza del mal uso que se realice de los contenidos de gruposanz.es siendo exclusiva responsabilidad de la persona que accede a ellos o los utiliza.<\/p>\n<p style=\"text-align: justify;\">Del mismo modo, no se asume ninguna responsabilidad por la informaci\u00f3n contenida en las p\u00e1ginas web de terceros a las que se pueda acceder por enlaces o buscadores desde la p\u00e1gina web\u00a0gruposanz.es<\/p>\n<h4 style=\"text-align: justify;\">5. ASPECTOS T\u00c9CNICOS<\/h4>\n<p style=\"text-align: justify;\">LA EMPRESA no asume ninguna responsabilidad que se pueda derivar de problemas t\u00e9cnicos o fallos en los equipos inform\u00e1ticos, no imputables a nuestra Sociedad, que se produzcan durante la conexi\u00f3n a la red de Internet, as\u00ed como de da\u00f1os que pudieran ser causados por terceras personas mediante intromisiones ileg\u00edtimas fuera del control de LA EMPRESA<\/p>\n<p style=\"text-align: justify;\">Tambi\u00e9n queda exonerada de toda responsabilidad ante posibles da\u00f1os o perjuicios que pueda sufrir el usuario a consecuencia de errores, defectos u omisiones en la informaci\u00f3n que facilitemos cuando proceda de fuentes ajenas a LA EMPRESA<\/p>\n<h4 style=\"text-align: justify;\">6. LEGISLACI\u00d3N Y JURISDICCI\u00d3N APLICABLES<\/h4>\n<p style=\"text-align: justify;\">Con car\u00e1cter general, las relaciones entre LA EMPRESA y sus clientes, que se deriven de la prestaci\u00f3n de los servicios contenidos en la Web gruposanz.es\u00a0 est\u00e1n sometidas a la legislaci\u00f3n y la jurisdicci\u00f3n espa\u00f1ola.<br \/>\nLos usuarios de gruposanz.es\u00a0son conscientes de todo lo expuesto y lo aceptan voluntariamente.<\/p>\n<h4 style=\"text-align: justify;\">7. SEGURIDAD EN LOS ACCESOS<\/h4>\n<p style=\"text-align: justify;\">El acceso a las p\u00e1ginas a trav\u00e9s de las que el cliente de LA EMPRESA consulte datos personales, solicite informaci\u00f3n complementaria o contrate alguno de los productos que ofertamos se realiza a trav\u00e9s de l\u00ednea segura.<\/p>\n<h4 style=\"text-align: justify;\">8. LEGISLACI\u00d3N Y JURISDICCI\u00d3N<\/h4>\n<p style=\"text-align: justify;\">Las presentes condiciones generales se interpretar\u00e1n conforme a la legislaci\u00f3n vigente en Espa\u00f1a en la materia, que se aplicar\u00e1 subsidiariamente en todo lo que no se haya previsto en las mismas (b\u00e1sicamente Ley 34\/2002 de 11 de julio de servicios de la informaci\u00f3n y comercio electr\u00f3nico).<\/p>\n<h4>9. POL\u00cdTICA DE PRIVACIDAD<\/h4>\n<p style=\"text-align: justify;\"><a href=\"\/fr\/politique-de-confidentialite\">\u00a0Lee la pol\u00edtica de privacidad aqu\u00ed.<\/a><\/p>\n","protected":false},"excerpt":{"rendered":"<p>&#8230;<\/p>\n","protected":false},"author":3,"featured_media":0,"parent":0,"menu_order":0,"comment_status":"closed","ping_status":"closed","template":"","meta":{"footnotes":""},"class_list":["post-24771","page","type-page","status-publish","hentry"],"yoast_head":"<!-- This site is optimized with the Yoast SEO plugin v27.3 - https:\/\/yoast.com\/product\/yoast-seo-wordpress\/ -->\n<title>Avis l\u00e9gal - Grupo Sanz<\/title>\n<meta name=\"robots\" content=\"noindex, nofollow\" \/>\n<meta property=\"og:locale\" content=\"fr_FR\" \/>\n<meta property=\"og:type\" content=\"article\" \/>\n<meta property=\"og:title\" content=\"Avis l\u00e9gal - Grupo Sanz\" \/>\n<meta property=\"og:description\" content=\"...\" \/>\n<meta property=\"og:url\" content=\"https:\/\/gruposanz.es\/fr\/avis-legal-et-politique-confidentialite\" \/>\n<meta property=\"og:site_name\" content=\"Grupo Sanz\" \/>\n<meta property=\"article:modified_time\" content=\"2019-09-04T17:10:47+00:00\" \/>\n<meta name=\"twitter:card\" content=\"summary_large_image\" \/>\n<meta name=\"twitter:label1\" content=\"Dur\u00e9e de lecture estim\u00e9e\" \/>\n\t<meta name=\"twitter:data1\" content=\"4 minutes\" \/>\n<script type=\"application\/ld+json\" class=\"yoast-schema-graph\">{\"@context\":\"https:\\\/\\\/schema.org\",\"@graph\":[{\"@type\":\"WebPage\",\"@id\":\"https:\\\/\\\/gruposanz.es\\\/fr\\\/avis-legal-et-politique-confidentialite\",\"url\":\"https:\\\/\\\/gruposanz.es\\\/fr\\\/avis-legal-et-politique-confidentialite\",\"name\":\"Avis l\u00e9gal - Grupo Sanz\",\"isPartOf\":{\"@id\":\"https:\\\/\\\/gruposanz.es\\\/fr\\\/#website\"},\"datePublished\":\"2015-10-06T08:57:31+00:00\",\"dateModified\":\"2019-09-04T17:10:47+00:00\",\"breadcrumb\":{\"@id\":\"https:\\\/\\\/gruposanz.es\\\/fr\\\/avis-legal-et-politique-confidentialite#breadcrumb\"},\"inLanguage\":\"fr-FR\",\"potentialAction\":[{\"@type\":\"ReadAction\",\"target\":[\"https:\\\/\\\/gruposanz.es\\\/fr\\\/avis-legal-et-politique-confidentialite\"]}]},{\"@type\":\"BreadcrumbList\",\"@id\":\"https:\\\/\\\/gruposanz.es\\\/fr\\\/avis-legal-et-politique-confidentialite#breadcrumb\",\"itemListElement\":[{\"@type\":\"ListItem\",\"position\":1,\"name\":\"Inicio\",\"item\":\"https:\\\/\\\/gruposanz.es\\\/fr\"},{\"@type\":\"ListItem\",\"position\":2,\"name\":\"Avis l\u00e9gal\"}]},{\"@type\":\"WebSite\",\"@id\":\"https:\\\/\\\/gruposanz.es\\\/fr\\\/#website\",\"url\":\"https:\\\/\\\/gruposanz.es\\\/fr\\\/\",\"name\":\"Grupo Sanz\",\"description\":\"Grupo Sanz, fabricantes de productos de pulverizaci\u00f3n y poda con sus marcas Pulmic, Kamikaze, Keeper y Siqua\",\"publisher\":{\"@id\":\"https:\\\/\\\/gruposanz.es\\\/fr\\\/#organization\"},\"potentialAction\":[{\"@type\":\"SearchAction\",\"target\":{\"@type\":\"EntryPoint\",\"urlTemplate\":\"https:\\\/\\\/gruposanz.es\\\/fr\\\/?s={search_term_string}\"},\"query-input\":{\"@type\":\"PropertyValueSpecification\",\"valueRequired\":true,\"valueName\":\"search_term_string\"}}],\"inLanguage\":\"fr-FR\"},{\"@type\":\"Organization\",\"@id\":\"https:\\\/\\\/gruposanz.es\\\/fr\\\/#organization\",\"name\":\"Grupo Sanz\",\"url\":\"https:\\\/\\\/gruposanz.es\\\/fr\\\/\",\"logo\":{\"@type\":\"ImageObject\",\"inLanguage\":\"fr-FR\",\"@id\":\"https:\\\/\\\/gruposanz.es\\\/fr\\\/#\\\/schema\\\/logo\\\/image\\\/\",\"url\":\"https:\\\/\\\/gruposanz.es\\\/wp-content\\\/uploads\\\/2022\\\/10\\\/LOGOTIPO-GRUPO-SANZ-vertical.png\",\"contentUrl\":\"https:\\\/\\\/gruposanz.es\\\/wp-content\\\/uploads\\\/2022\\\/10\\\/LOGOTIPO-GRUPO-SANZ-vertical.png\",\"width\":1418,\"height\":1418,\"caption\":\"Grupo Sanz\"},\"image\":{\"@id\":\"https:\\\/\\\/gruposanz.es\\\/fr\\\/#\\\/schema\\\/logo\\\/image\\\/\"},\"sameAs\":[\"https:\\\/\\\/www.linkedin.com\\\/company\\\/grupo-sanz-hermanos\",\"https:\\\/\\\/www.youtube.com\\\/user\\\/GrupoSanz\"]}]}<\/script>\n<!-- \/ Yoast SEO plugin. -->","yoast_head_json":{"title":"Avis l\u00e9gal - Grupo Sanz","robots":{"index":"noindex","follow":"nofollow"},"og_locale":"fr_FR","og_type":"article","og_title":"Avis l\u00e9gal - Grupo Sanz","og_description":"...","og_url":"https:\/\/gruposanz.es\/fr\/avis-legal-et-politique-confidentialite","og_site_name":"Grupo Sanz","article_modified_time":"2019-09-04T17:10:47+00:00","twitter_card":"summary_large_image","twitter_misc":{"Dur\u00e9e de lecture estim\u00e9e":"4 minutes"},"schema":{"@context":"https:\/\/schema.org","@graph":[{"@type":"WebPage","@id":"https:\/\/gruposanz.es\/fr\/avis-legal-et-politique-confidentialite","url":"https:\/\/gruposanz.es\/fr\/avis-legal-et-politique-confidentialite","name":"Avis l\u00e9gal - Grupo Sanz","isPartOf":{"@id":"https:\/\/gruposanz.es\/fr\/#website"},"datePublished":"2015-10-06T08:57:31+00:00","dateModified":"2019-09-04T17:10:47+00:00","breadcrumb":{"@id":"https:\/\/gruposanz.es\/fr\/avis-legal-et-politique-confidentialite#breadcrumb"},"inLanguage":"fr-FR","potentialAction":[{"@type":"ReadAction","target":["https:\/\/gruposanz.es\/fr\/avis-legal-et-politique-confidentialite"]}]},{"@type":"BreadcrumbList","@id":"https:\/\/gruposanz.es\/fr\/avis-legal-et-politique-confidentialite#breadcrumb","itemListElement":[{"@type":"ListItem","position":1,"name":"Inicio","item":"https:\/\/gruposanz.es\/fr"},{"@type":"ListItem","position":2,"name":"Avis l\u00e9gal"}]},{"@type":"WebSite","@id":"https:\/\/gruposanz.es\/fr\/#website","url":"https:\/\/gruposanz.es\/fr\/","name":"Grupo Sanz","description":"Grupo Sanz, fabricantes de productos de pulverizaci\u00f3n y poda con sus marcas Pulmic, Kamikaze, Keeper y Siqua","publisher":{"@id":"https:\/\/gruposanz.es\/fr\/#organization"},"potentialAction":[{"@type":"SearchAction","target":{"@type":"EntryPoint","urlTemplate":"https:\/\/gruposanz.es\/fr\/?s={search_term_string}"},"query-input":{"@type":"PropertyValueSpecification","valueRequired":true,"valueName":"search_term_string"}}],"inLanguage":"fr-FR"},{"@type":"Organization","@id":"https:\/\/gruposanz.es\/fr\/#organization","name":"Grupo Sanz","url":"https:\/\/gruposanz.es\/fr\/","logo":{"@type":"ImageObject","inLanguage":"fr-FR","@id":"https:\/\/gruposanz.es\/fr\/#\/schema\/logo\/image\/","url":"https:\/\/gruposanz.es\/wp-content\/uploads\/2022\/10\/LOGOTIPO-GRUPO-SANZ-vertical.png","contentUrl":"https:\/\/gruposanz.es\/wp-content\/uploads\/2022\/10\/LOGOTIPO-GRUPO-SANZ-vertical.png","width":1418,"height":1418,"caption":"Grupo Sanz"},"image":{"@id":"https:\/\/gruposanz.es\/fr\/#\/schema\/logo\/image\/"},"sameAs":["https:\/\/www.linkedin.com\/company\/grupo-sanz-hermanos","https:\/\/www.youtube.com\/user\/GrupoSanz"]}]}},"_links":{"self":[{"href":"https:\/\/gruposanz.es\/fr\/wp-json\/wp\/v2\/pages\/24771","targetHints":{"allow":["GET"]}}],"collection":[{"href":"https:\/\/gruposanz.es\/fr\/wp-json\/wp\/v2\/pages"}],"about":[{"href":"https:\/\/gruposanz.es\/fr\/wp-json\/wp\/v2\/types\/page"}],"author":[{"embeddable":true,"href":"https:\/\/gruposanz.es\/fr\/wp-json\/wp\/v2\/users\/3"}],"replies":[{"embeddable":true,"href":"https:\/\/gruposanz.es\/fr\/wp-json\/wp\/v2\/comments?post=24771"}],"version-history":[{"count":0,"href":"https:\/\/gruposanz.es\/fr\/wp-json\/wp\/v2\/pages\/24771\/revisions"}],"wp:attachment":[{"href":"https:\/\/gruposanz.es\/fr\/wp-json\/wp\/v2\/media?parent=24771"}],"curies":[{"name":"wp","href":"https:\/\/api.w.org\/{rel}","templated":true}]}}