{"id":25285,"date":"2016-01-12T13:19:43","date_gmt":"2015-12-28T16:34:30","guid":{"rendered":"http:\/\/gruposanz.es\/?page_id=25285"},"modified":"2020-08-05T13:53:37","modified_gmt":"2020-08-05T11:53:37","slug":"multimedia","status":"publish","type":"page","link":"https:\/\/gruposanz.es\/fr\/fondation-sanz\/multimedia","title":{"rendered":"Multim\u00e9dia"},"content":{"rendered":"<div class=\"wpb-content-wrapper\"><p>[vc_row][vc_column][vc_custom_heading text=&#8221;Zone multim\u00e9dia de la Fundaci\u00f3n Familia Sanz&#8221; font_container=&#8221;tag:h2|text_align:center&#8221; use_theme_fonts=&#8221;yes&#8221;][vc_column_text]<\/p>\n<hr class=\"divider horizontal-break\" style=\"margin-top: 15px; margin-bottom: 13px; background: rgba(217,217,217,0.5);\" \/>\n<p>[\/vc_column_text][\/vc_column][\/vc_row][vc_row][vc_column][vc_custom_heading text=&#8221;MAA Projet: Wara 2010&#8243; font_container=&#8221;tag:h2|text_align:center&#8221; use_theme_fonts=&#8221;yes&#8221;][vc_tta_accordion][vc_tta_section title=&#8221;Pr\u00e9sentation du projet&#8221; tab_id=&#8221;1565604776801-ec70c56e-56d1&#8243;][vc_gallery type=&#8221;image_grid&#8221; images=&#8221;35499,35503,35507,35511,35515,35519,35523,35527,35531,35535,35539,35543,35547,35551,35555,35559,35563,35567,35571,35575,35579,35583,35587,35591,35595,35599,35603,35607,35611,35615&#8243;][\/vc_tta_section][vc_tta_section title=&#8221;Projet de mise en service&#8221; tab_id=&#8221;1565604776826-da8a4d5a-0af3&#8243;][vc_gallery type=&#8221;image_grid&#8221; images=&#8221;35619,35623,35627,35631,35635,35639,35643,35647,35651,35655,35659&#8243;][\/vc_tta_section][vc_tta_section title=&#8221;Plantation et la r\u00e9colte&#8221; tab_id=&#8221;1565604902794-932c9d2f-422b&#8221;][vc_gallery type=&#8221;image_grid&#8221; images=&#8221;35663,35667,35671,35675,35683,35687,35691,35695,35699,35703,35707,35711,35715,35723,35727,35731,35735,35739,35743,35747,35751,35755,35759,35763,35767,35771,35775,35779,35783,35791,35795,35799,35803,35807,35811,35815,35819,35823,35827,35831,35835,35839,35843,35847,35851,35863,35867,35871,35879,35883,35887,35891,35895,35899,35903,35907,35911,35915,35919,35923,35927,35931,35935,35939,35943,35947,35951,35955,35959,35963,35967,35971,35975,35979,35983,35987,35991,35995,35999,36003,36007,36011,36015,36023,36027,36031,36035,36039,36043,36047,36051,36055,36059,36063,36067,36071,36075,36079,36083,36087,36091,36095&#8243;][\/vc_tta_section][\/vc_tta_accordion][\/vc_column][\/vc_row][vc_row][vc_column][vc_custom_heading text=&#8221;MAA Projet: Bama 2011&#8243; font_container=&#8221;tag:h2|text_align:center&#8221; use_theme_fonts=&#8221;yes&#8221;][vc_tta_accordion][vc_tta_section title=&#8221;Pr\u00e9sentation du projet&#8221; tab_id=&#8221;1565604988525-0fa6db37-ee96&#8243;][vc_gallery type=&#8221;image_grid&#8221; images=&#8221;36099,36103,36107,36111,36115,36119,36123,36127,36131,36135,36139,36143,36147,36151&#8243;][\/vc_tta_section][vc_tta_section title=&#8221;Plantation et la r\u00e9colte&#8221; tab_id=&#8221;1565604988580-b8939099-7093&#8243;][vc_gallery type=&#8221;image_grid&#8221; images=&#8221;36155,36159,36167,36171,36175,36179,36183,36187,36191,36195,36199,36203,36207,36235,36239,36243,36247,36251,36255,36259,36263,36267,36271,36275,36279,36283,36287,36291,36299,36303,36307,36211,36215,36219,36223,36227,36231&#8243;][\/vc_tta_section][\/vc_tta_accordion][\/vc_column][\/vc_row][vc_row][vc_column][vc_custom_heading text=&#8221;MMA Projet: Banfora 2013&#8243; font_container=&#8221;tag:h2|text_align:center&#8221; use_theme_fonts=&#8221;yes&#8221;][vc_tta_accordion][vc_tta_section title=&#8221;B\u00e9n\u00e9ficiaires&#8221; tab_id=&#8221;1565605106794-e89c5c2d-6b69&#8243;][vc_gallery type=&#8221;image_grid&#8221; images=&#8221;36311,36315,36319,36323,36327,36331,36335,36339,36343,36347,36351,36355,36359,36363&#8243;][\/vc_tta_section][vc_tta_section title=&#8221;Plantation et la r\u00e9colte&#8221; tab_id=&#8221;1565605106861-738bdabf-c26b&#8221;][vc_gallery type=&#8221;image_grid&#8221; images=&#8221;36371,36375,36379,36383,36387,36391,36395,36399,36403,36411,36415,36419,36423,36427,36431,36435,36439,36443,36447&#8243;][\/vc_tta_section][\/vc_tta_accordion][\/vc_column][\/vc_row][vc_row][vc_column][vc_custom_heading text=&#8221;MAA Projet: Ba Gn\u00e9 Gu\u00e9 N\u00e0 2014&#8243; font_container=&#8221;tag:h2|text_align:center&#8221; use_theme_fonts=&#8221;yes&#8221;][vc_tta_accordion][vc_tta_section title=&#8221;B\u00e9n\u00e9ficiaires&#8221; tab_id=&#8221;1565605274641-02e752ff-71c6&#8243;][vc_gallery type=&#8221;image_grid&#8221; images=&#8221;36451,36455,36459,36463,36467,36471,36475,36479,36483,36487,36491,36495,36499,36503,36507,36511,36515,36519,36523,36527,36531&#8243;][\/vc_tta_section][vc_tta_section title=&#8221;Radeau de construction&#8221; tab_id=&#8221;1565605274701-41e3cf38-63b5&#8243;][vc_gallery type=&#8221;image_grid&#8221; images=&#8221;36535,36539,36543,36547,36551,36555,36559,36563&#8243;][\/vc_tta_section][vc_tta_section title=&#8221;Plantation et la r\u00e9colte&#8221; tab_id=&#8221;1565605472043-0ae6e198-d48f&#8221;][vc_gallery type=&#8221;image_grid&#8221; images=&#8221;36567,36571,36575,36579,36583,36587,36591,36595,36599,36603,36607,36611,36615,36619,36623,36627,36631,36635,36639,36643,36647,36651&#8243;][\/vc_tta_section][\/vc_tta_accordion][\/vc_column][\/vc_row][vc_row][vc_column][vc_custom_heading text=&#8221;Foundation Videos&#8221; font_container=&#8221;tag:h2|text_align:center&#8221; use_theme_fonts=&#8221;yes&#8221;][vc_video title=&#8221;Toutes les vid\u00e9os de la FFS, dans la cha\u00eene Youtube de Grupo Sanz.&#8221; link=&#8221;https:\/\/www.youtube.com\/watch?list=PLsJEPlD1-0ZGc0-TaR6vSAmFf3xMiaWYZ&amp;v=gtOF0ZVLKgM&#8221;][\/vc_column][\/vc_row][vc_row][vc_column width=&#8221;1\/4&#8243;][vc_single_image image=&#8221;46113&#8243; img_size=&#8221;full&#8221; alignment=&#8221;center&#8221; onclick=&#8221;custom_link&#8221; img_link_target=&#8221;_blank&#8221; css=&#8221;.vc_custom_1565606079760{margin-bottom: 0px !important;}&#8221; link=&#8221;\/fr\/fondation-sanz\/collaborer&#8221;][vc_custom_heading text=&#8221;Collaborer&#8221; font_container=&#8221;tag:h4|text_align:center|color:%23ffffff&#8221; use_theme_fonts=&#8221;yes&#8221; css=&#8221;.vc_custom_1565606065841{margin-top: 10px !important;padding-top: 10px !important;padding-bottom: 10px !important;background-color: #fab10c !important;}&#8221; link=&#8221;url:%2Ffr%2Ffondation-sanz%2Fcollaborer||target:%20_blank|&#8221;][\/vc_column][vc_column width=&#8221;1\/4&#8243;][vc_single_image image=&#8221;46118&#8243; img_size=&#8221;full&#8221; alignment=&#8221;center&#8221; onclick=&#8221;custom_link&#8221; img_link_target=&#8221;_blank&#8221; css=&#8221;.vc_custom_1565606106353{margin-bottom: 0px !important;}&#8221; link=&#8221;\/fr\/fondation-sanz\/multimedia&#8221;][vc_custom_heading text=&#8221;Multim\u00e9dia&#8221; font_container=&#8221;tag:h4|text_align:center|color:%23ffffff&#8221; use_theme_fonts=&#8221;yes&#8221; css=&#8221;.vc_custom_1565606095491{margin-top: 10px !important;padding-top: 10px !important;padding-bottom: 10px !important;background-color: #fab10c !important;}&#8221; link=&#8221;url:%2Ffr%2Ffondation-sanz%2Fmultimedia||target:%20_blank|&#8221;][\/vc_column][vc_column width=&#8221;1\/4&#8243;][vc_single_image image=&#8221;46123&#8243; img_size=&#8221;full&#8221; alignment=&#8221;center&#8221; onclick=&#8221;custom_link&#8221; img_link_target=&#8221;_blank&#8221; css=&#8221;.vc_custom_1565606148381{margin-bottom: 0px !important;}&#8221; link=&#8221;\/fr\/fondation-sanz\/ou-nous-operons&#8221;][vc_custom_heading text=&#8221;O\u00f9 nous op\u00e9rons&#8221; font_container=&#8221;tag:h4|text_align:center|color:%23ffffff&#8221; use_theme_fonts=&#8221;yes&#8221; css=&#8221;.vc_custom_1565606131345{margin-top: 10px !important;padding-top: 10px !important;padding-bottom: 10px !important;background-color: #fab10c !important;}&#8221; link=&#8221;url:%2Ffr%2Ffondation-sanz%2Fou-nous-operons||target:%20_blank|&#8221;][\/vc_column][vc_column width=&#8221;1\/4&#8243;][vc_single_image image=&#8221;46128&#8243; img_size=&#8221;full&#8221; alignment=&#8221;center&#8221; onclick=&#8221;custom_link&#8221; img_link_target=&#8221;_blank&#8221; css=&#8221;.vc_custom_1565606163024{margin-bottom: 0px !important;}&#8221; link=&#8221;\/fr\/fondation-sanz\/crg-projet&#8221;][vc_custom_heading text=&#8221;CRG projet&#8221; font_container=&#8221;tag:h4|text_align:center|color:%23ffffff&#8221; use_theme_fonts=&#8221;yes&#8221; css=&#8221;.vc_custom_1565606174604{margin-top: 10px !important;padding-top: 10px !important;padding-bottom: 10px !important;background-color: #fab10c !important;}&#8221; link=&#8221;url:%2Ffr%2Ffondation-sanz%2Fcrg-projet||target:%20_blank|&#8221;][\/vc_column][\/vc_row][vc_row][vc_column][vc_separator][vc_column_text css=&#8221;.vc_custom_1565606219411{margin-bottom: 0px !important;}&#8221;]<\/p>\n<h4>Documentation<\/h4>\n<p>[\/vc_column_text][\/vc_column][\/vc_row][vc_row css=&#8221;.vc_custom_1564741433028{margin-top: 20px !important;margin-bottom: 30px !important;}&#8221;][vc_column width=&#8221;1\/2&#8243;][vc_btn title=&#8221;2014 Projet de rapport des &#8220;Femmes africaines agriculteurs&#8220;&#8221; style=&#8221;custom&#8221; custom_background=&#8221;#fab10c&#8221; custom_text=&#8221;#ffffff&#8221; size=&#8221;sm&#8221; align=&#8221;center&#8221; i_icon_fontawesome=&#8221;fa fa-file-pdf-o&#8221; button_block=&#8221;true&#8221; add_icon=&#8221;true&#8221; link=&#8221;url:http%3A%2F%2Fgruposanz.es%2Fwp-content%2Fuploads%2F2018%2F02%2FPresentacin_de_Informe_Final_2015_FFS.pdf||target:%20_blank|rel:nofollow&#8221;][vc_btn title=&#8221;Pr\u00e9sentation du projet MAA 2013-2014&#8243; style=&#8221;custom&#8221; custom_background=&#8221;#fab10c&#8221; custom_text=&#8221;#ffffff&#8221; size=&#8221;sm&#8221; align=&#8221;center&#8221; i_icon_fontawesome=&#8221;fa fa-file-pdf-o&#8221; button_block=&#8221;true&#8221; add_icon=&#8221;true&#8221; link=&#8221;url:http%3A%2F%2Fgruposanz.es%2Fwp-content%2Fuploads%2F2018%2F02%2Fburkina_project_2013-14.pdf||target:%20_blank|rel:nofollow&#8221;][\/vc_column][vc_column width=&#8221;1\/2&#8243;][vc_btn title=&#8221;Pr\u00e9sentation de MAA en 2014 GNE Ba Gu\u00e9 N\u00e0&#8221; style=&#8221;custom&#8221; custom_background=&#8221;#fab10c&#8221; custom_text=&#8221;#ffffff&#8221; size=&#8221;sm&#8221; align=&#8221;center&#8221; i_icon_fontawesome=&#8221;fa fa-file-pdf-o&#8221; button_block=&#8221;true&#8221; add_icon=&#8221;true&#8221; link=&#8221;url:http%3A%2F%2Fgruposanz.es%2Fwp-content%2Fuploads%2F2018%2F02%2FProyecto-2014_Noviembre.pdf||target:%20_blank|rel:nofollow&#8221;][vc_btn title=&#8221;Dossier Projet pour les femmes africaines Farmers 2013&#8243; style=&#8221;custom&#8221; custom_background=&#8221;#fab10c&#8221; custom_text=&#8221;#ffffff&#8221; size=&#8221;sm&#8221; align=&#8221;center&#8221; i_icon_fontawesome=&#8221;fa fa-file-pdf-o&#8221; button_block=&#8221;true&#8221; add_icon=&#8221;true&#8221; link=&#8221;url:http%3A%2F%2Fgruposanz.es%2Fwp-content%2Fuploads%2F2018%2F02%2Fdossier_proyecto_mujeres_agricultoras_2013.pdf||target:%20_blank|rel:nofollow&#8221;][\/vc_column][\/vc_row][vc_row][vc_column][vc_column_text]<\/p>\n<h3 id=\"footer-logo\" style=\"text-align: center;\">FONDATION DE LA FAMILLE SANZ<\/h3>\n<div class=\"footer-text clearfix\">\n<div class=\"one\" style=\"text-align: center;\">Droit d&#8217;auteur 2010-2014 Fondation de la famille Sanz<\/div>\n<div class=\"two\" style=\"text-align: center;\">Fondation de la famille Sanz est une organisation \u00e0 but non lucratif appartenant \u00e0 Grupo Sanz<\/div>\n<\/div>\n<p>[\/vc_column_text][\/vc_column][\/vc_row]<\/p>\n<\/div>","protected":false},"excerpt":{"rendered":"<p>&#8230;<\/p>\n","protected":false},"author":3,"featured_media":0,"parent":25280,"menu_order":0,"comment_status":"closed","ping_status":"closed","template":"","meta":{"footnotes":""},"class_list":["post-25285","page","type-page","status-publish","hentry"],"yoast_head":"<!-- This site is optimized with the Yoast SEO plugin v27.3 - https:\/\/yoast.com\/product\/yoast-seo-wordpress\/ -->\n<title>Multim\u00e9dia | Fundaci\u00f3n Sanz - Grupo Sanz<\/title>\n<meta name=\"description\" content=\"La Fundaci\u00f3n Familia Sanz es una fundaci\u00f3n privada sin \u00e1nimo de lucro y de car\u00e1cter pluralista. \u00bfQuieres saber donde actuamos? Entra y desc\u00fabrelo.\" \/>\n<meta name=\"robots\" content=\"index, follow, max-snippet:-1, max-image-preview:large, max-video-preview:-1\" \/>\n<link rel=\"canonical\" href=\"https:\/\/gruposanz.es\/fr\/fondation-sanz\/multimedia\" \/>\n<meta property=\"og:locale\" content=\"fr_FR\" \/>\n<meta property=\"og:type\" content=\"article\" \/>\n<meta property=\"og:title\" content=\"Multim\u00e9dia | Fundaci\u00f3n Sanz - Grupo Sanz\" \/>\n<meta property=\"og:description\" content=\"La Fundaci\u00f3n Familia Sanz es una fundaci\u00f3n privada sin \u00e1nimo de lucro y de car\u00e1cter pluralista. \u00bfQuieres saber donde actuamos? Entra y desc\u00fabrelo.\" \/>\n<meta property=\"og:url\" content=\"https:\/\/gruposanz.es\/fr\/fondation-sanz\/multimedia\" \/>\n<meta property=\"og:site_name\" content=\"Grupo Sanz\" \/>\n<meta property=\"article:modified_time\" content=\"2020-08-05T11:53:37+00:00\" \/>\n<meta name=\"twitter:card\" content=\"summary_large_image\" \/>\n<meta name=\"twitter:label1\" content=\"Dur\u00e9e de lecture estim\u00e9e\" \/>\n\t<meta name=\"twitter:data1\" content=\"5 minutes\" \/>\n<script type=\"application\/ld+json\" class=\"yoast-schema-graph\">{\"@context\":\"https:\\\/\\\/schema.org\",\"@graph\":[{\"@type\":\"WebPage\",\"@id\":\"https:\\\/\\\/gruposanz.es\\\/fr\\\/fondation-sanz\\\/multimedia\",\"url\":\"https:\\\/\\\/gruposanz.es\\\/fr\\\/fondation-sanz\\\/multimedia\",\"name\":\"Multim\u00e9dia | Fundaci\u00f3n Sanz - Grupo Sanz\",\"isPartOf\":{\"@id\":\"https:\\\/\\\/gruposanz.es\\\/fr\\\/#website\"},\"datePublished\":\"2015-12-28T16:34:30+00:00\",\"dateModified\":\"2020-08-05T11:53:37+00:00\",\"description\":\"La Fundaci\u00f3n Familia Sanz es una fundaci\u00f3n privada sin \u00e1nimo de lucro y de car\u00e1cter pluralista. \u00bfQuieres saber donde actuamos? Entra y desc\u00fabrelo.\",\"breadcrumb\":{\"@id\":\"https:\\\/\\\/gruposanz.es\\\/fr\\\/fondation-sanz\\\/multimedia#breadcrumb\"},\"inLanguage\":\"fr-FR\",\"potentialAction\":[{\"@type\":\"ReadAction\",\"target\":[\"https:\\\/\\\/gruposanz.es\\\/fr\\\/fondation-sanz\\\/multimedia\"]}]},{\"@type\":\"BreadcrumbList\",\"@id\":\"https:\\\/\\\/gruposanz.es\\\/fr\\\/fondation-sanz\\\/multimedia#breadcrumb\",\"itemListElement\":[{\"@type\":\"ListItem\",\"position\":1,\"name\":\"Inicio\",\"item\":\"https:\\\/\\\/gruposanz.es\\\/fr\"},{\"@type\":\"ListItem\",\"position\":2,\"name\":\"Fondation Sanz\",\"item\":\"https:\\\/\\\/gruposanz.es\\\/fr\\\/fondation-sanz\"},{\"@type\":\"ListItem\",\"position\":3,\"name\":\"Multim\u00e9dia\"}]},{\"@type\":\"WebSite\",\"@id\":\"https:\\\/\\\/gruposanz.es\\\/fr\\\/#website\",\"url\":\"https:\\\/\\\/gruposanz.es\\\/fr\\\/\",\"name\":\"Grupo Sanz\",\"description\":\"Grupo Sanz, fabricantes de productos de pulverizaci\u00f3n y poda con sus marcas Pulmic, Kamikaze, Keeper y Siqua\",\"publisher\":{\"@id\":\"https:\\\/\\\/gruposanz.es\\\/fr\\\/#organization\"},\"potentialAction\":[{\"@type\":\"SearchAction\",\"target\":{\"@type\":\"EntryPoint\",\"urlTemplate\":\"https:\\\/\\\/gruposanz.es\\\/fr\\\/?s={search_term_string}\"},\"query-input\":{\"@type\":\"PropertyValueSpecification\",\"valueRequired\":true,\"valueName\":\"search_term_string\"}}],\"inLanguage\":\"fr-FR\"},{\"@type\":\"Organization\",\"@id\":\"https:\\\/\\\/gruposanz.es\\\/fr\\\/#organization\",\"name\":\"Grupo Sanz\",\"url\":\"https:\\\/\\\/gruposanz.es\\\/fr\\\/\",\"logo\":{\"@type\":\"ImageObject\",\"inLanguage\":\"fr-FR\",\"@id\":\"https:\\\/\\\/gruposanz.es\\\/fr\\\/#\\\/schema\\\/logo\\\/image\\\/\",\"url\":\"https:\\\/\\\/gruposanz.es\\\/wp-content\\\/uploads\\\/2022\\\/10\\\/LOGOTIPO-GRUPO-SANZ-vertical.png\",\"contentUrl\":\"https:\\\/\\\/gruposanz.es\\\/wp-content\\\/uploads\\\/2022\\\/10\\\/LOGOTIPO-GRUPO-SANZ-vertical.png\",\"width\":1418,\"height\":1418,\"caption\":\"Grupo Sanz\"},\"image\":{\"@id\":\"https:\\\/\\\/gruposanz.es\\\/fr\\\/#\\\/schema\\\/logo\\\/image\\\/\"},\"sameAs\":[\"https:\\\/\\\/www.linkedin.com\\\/company\\\/grupo-sanz-hermanos\",\"https:\\\/\\\/www.youtube.com\\\/user\\\/GrupoSanz\"]}]}<\/script>\n<!-- \/ Yoast SEO plugin. -->","yoast_head_json":{"title":"Multim\u00e9dia | Fundaci\u00f3n Sanz - Grupo Sanz","description":"La Fundaci\u00f3n Familia Sanz es una fundaci\u00f3n privada sin \u00e1nimo de lucro y de car\u00e1cter pluralista. \u00bfQuieres saber donde actuamos? Entra y desc\u00fabrelo.","robots":{"index":"index","follow":"follow","max-snippet":"max-snippet:-1","max-image-preview":"max-image-preview:large","max-video-preview":"max-video-preview:-1"},"canonical":"https:\/\/gruposanz.es\/fr\/fondation-sanz\/multimedia","og_locale":"fr_FR","og_type":"article","og_title":"Multim\u00e9dia | Fundaci\u00f3n Sanz - Grupo Sanz","og_description":"La Fundaci\u00f3n Familia Sanz es una fundaci\u00f3n privada sin \u00e1nimo de lucro y de car\u00e1cter pluralista. \u00bfQuieres saber donde actuamos? Entra y desc\u00fabrelo.","og_url":"https:\/\/gruposanz.es\/fr\/fondation-sanz\/multimedia","og_site_name":"Grupo Sanz","article_modified_time":"2020-08-05T11:53:37+00:00","twitter_card":"summary_large_image","twitter_misc":{"Dur\u00e9e de lecture estim\u00e9e":"5 minutes"},"schema":{"@context":"https:\/\/schema.org","@graph":[{"@type":"WebPage","@id":"https:\/\/gruposanz.es\/fr\/fondation-sanz\/multimedia","url":"https:\/\/gruposanz.es\/fr\/fondation-sanz\/multimedia","name":"Multim\u00e9dia | Fundaci\u00f3n Sanz - Grupo Sanz","isPartOf":{"@id":"https:\/\/gruposanz.es\/fr\/#website"},"datePublished":"2015-12-28T16:34:30+00:00","dateModified":"2020-08-05T11:53:37+00:00","description":"La Fundaci\u00f3n Familia Sanz es una fundaci\u00f3n privada sin \u00e1nimo de lucro y de car\u00e1cter pluralista. \u00bfQuieres saber donde actuamos? Entra y desc\u00fabrelo.","breadcrumb":{"@id":"https:\/\/gruposanz.es\/fr\/fondation-sanz\/multimedia#breadcrumb"},"inLanguage":"fr-FR","potentialAction":[{"@type":"ReadAction","target":["https:\/\/gruposanz.es\/fr\/fondation-sanz\/multimedia"]}]},{"@type":"BreadcrumbList","@id":"https:\/\/gruposanz.es\/fr\/fondation-sanz\/multimedia#breadcrumb","itemListElement":[{"@type":"ListItem","position":1,"name":"Inicio","item":"https:\/\/gruposanz.es\/fr"},{"@type":"ListItem","position":2,"name":"Fondation Sanz","item":"https:\/\/gruposanz.es\/fr\/fondation-sanz"},{"@type":"ListItem","position":3,"name":"Multim\u00e9dia"}]},{"@type":"WebSite","@id":"https:\/\/gruposanz.es\/fr\/#website","url":"https:\/\/gruposanz.es\/fr\/","name":"Grupo Sanz","description":"Grupo Sanz, fabricantes de productos de pulverizaci\u00f3n y poda con sus marcas Pulmic, Kamikaze, Keeper y Siqua","publisher":{"@id":"https:\/\/gruposanz.es\/fr\/#organization"},"potentialAction":[{"@type":"SearchAction","target":{"@type":"EntryPoint","urlTemplate":"https:\/\/gruposanz.es\/fr\/?s={search_term_string}"},"query-input":{"@type":"PropertyValueSpecification","valueRequired":true,"valueName":"search_term_string"}}],"inLanguage":"fr-FR"},{"@type":"Organization","@id":"https:\/\/gruposanz.es\/fr\/#organization","name":"Grupo Sanz","url":"https:\/\/gruposanz.es\/fr\/","logo":{"@type":"ImageObject","inLanguage":"fr-FR","@id":"https:\/\/gruposanz.es\/fr\/#\/schema\/logo\/image\/","url":"https:\/\/gruposanz.es\/wp-content\/uploads\/2022\/10\/LOGOTIPO-GRUPO-SANZ-vertical.png","contentUrl":"https:\/\/gruposanz.es\/wp-content\/uploads\/2022\/10\/LOGOTIPO-GRUPO-SANZ-vertical.png","width":1418,"height":1418,"caption":"Grupo Sanz"},"image":{"@id":"https:\/\/gruposanz.es\/fr\/#\/schema\/logo\/image\/"},"sameAs":["https:\/\/www.linkedin.com\/company\/grupo-sanz-hermanos","https:\/\/www.youtube.com\/user\/GrupoSanz"]}]}},"_links":{"self":[{"href":"https:\/\/gruposanz.es\/fr\/wp-json\/wp\/v2\/pages\/25285","targetHints":{"allow":["GET"]}}],"collection":[{"href":"https:\/\/gruposanz.es\/fr\/wp-json\/wp\/v2\/pages"}],"about":[{"href":"https:\/\/gruposanz.es\/fr\/wp-json\/wp\/v2\/types\/page"}],"author":[{"embeddable":true,"href":"https:\/\/gruposanz.es\/fr\/wp-json\/wp\/v2\/users\/3"}],"replies":[{"embeddable":true,"href":"https:\/\/gruposanz.es\/fr\/wp-json\/wp\/v2\/comments?post=25285"}],"version-history":[{"count":0,"href":"https:\/\/gruposanz.es\/fr\/wp-json\/wp\/v2\/pages\/25285\/revisions"}],"up":[{"embeddable":true,"href":"https:\/\/gruposanz.es\/fr\/wp-json\/wp\/v2\/pages\/25280"}],"wp:attachment":[{"href":"https:\/\/gruposanz.es\/fr\/wp-json\/wp\/v2\/media?parent=25285"}],"curies":[{"name":"wp","href":"https:\/\/api.w.org\/{rel}","templated":true}]}}