{"id":25287,"date":"2016-01-12T13:19:29","date_gmt":"2015-12-28T16:36:51","guid":{"rendered":"http:\/\/gruposanz.es\/?page_id=25287"},"modified":"2020-08-05T13:55:28","modified_gmt":"2020-08-05T11:55:28","slug":"crg-projet","status":"publish","type":"page","link":"https:\/\/gruposanz.es\/fr\/fondation-sanz\/crg-projet","title":{"rendered":"CRG projet"},"content":{"rendered":"<div class=\"wpb-content-wrapper\"><p>[vc_row][vc_column][vc_custom_heading text=&#8221;Projet &#8220;Pour les agricultrices africaines&#8220; de la Fondation de la Familie Sanz&#8221; font_container=&#8221;tag:h2|text_align:center&#8221; use_theme_fonts=&#8221;yes&#8221;][vc_column_text]<\/p>\n<hr class=\"divider horizontal-break\" style=\"margin-top: 15px; margin-bottom: 13px; background: rgba(217,217,217,0.5);\" \/>\n<p>[\/vc_column_text][\/vc_column][\/vc_row][vc_row][vc_column][vc_column_text]<\/p>\n<h3 class=\"page-title\" style=\"text-align: justify;\"><span style=\"font-size: 16px;\">B\u00e9n\u00e9ficiaires:<\/span><\/h3>\n<div class=\"page-content entry-content\">\n<p style=\"text-align: justify;\">Le projet b\u00e9n\u00e9ficiera directement \u00e0 un groupe de femmes et de leurs familles indirectement.<\/p>\n<h5 style=\"text-align: justify;\">Objectifs:<\/h5>\n<p style=\"text-align: justify;\">Gr\u00e2ce \u00e0 ce projet, nous voulons contribuer \u00e0 l&#8217;autonomisation des femmes dans les zones rurales afin d&#8217;encourager l&#8217;entrepreneuriat f\u00e9minin en les incluant dans des processus plus diversifi\u00e9es, efficaces et de production agricole durable avec une vision commerciale, \u00e0 travers la formation, la promotion de l&#8217;organisation affaires, des conseils techniques sur la production et la commercialisation et l&#8217;\u00e9tablissement de liens avec l&#8217;entreprise locale, en prenant tout cet impact aussi augment\u00e9 la s\u00e9curit\u00e9 alimentaire comme ultime pour les familles de ces femmes.<\/p>\n<p style=\"text-align: justify;\">Pr\u00e9cis\u00e9ment parce que les femmes sont le groupe social le plus d\u00e9favoris\u00e9 dans ce pays, et aussi ceux qui soutiennent l&#8217;\u00e9conomie de la famille \u00e0 travers le continent, Fondation de la famille Sanz a trouv\u00e9 en eux une plaque tournante pour le d\u00e9veloppement de cette r\u00e9gion.<\/p>\n<p style=\"text-align: justify;\">Pour aller au-del\u00e0 du court terme, ce qui implique parfois des dons, ce projet contribue \u00e0 la formation aux techniques agricoles, leur garantissant la prosp\u00e9rit\u00e9 dans le moyen et long terme, gr\u00e2ce \u00e0 la connaissance du traitement des terres, des m\u00e9thodes de culture , la commercialisation des produits, etc.<\/p>\n<p style=\"text-align: justify;\">Merci \u00e0 ce projet, les femmes agriculteurs africains au Burkina Faso sont pr\u00e8s d&#8217;atteindre leur inclusion sociale et le d\u00e9veloppement \u00e9ducatif.<\/p>\n<p style=\"text-align: justify;\">La Fondation exprime son engagement \u00e0 contribuer \u00e0 la r\u00e9duction de la pauvret\u00e9 dans les pays en d\u00e9veloppement, promouvoir un mod\u00e8le d&#8217;activit\u00e9s humaines durables ax\u00e9es sur le d\u00e9veloppement de coop\u00e9ration internationale.<\/p>\n<\/div>\n<p>[\/vc_column_text][vc_column_text css=&#8221;.vc_custom_1565355845749{padding-top: 20px !important;padding-right: 50px !important;padding-bottom: 20px !important;padding-left: 50px !important;background-color: rgba(255,225,35,0.41) !important;*background-color: rgb(255,225,35) !important;}&#8221;]<\/p>\n<h3 class=\"module-feature-title\" style=\"text-align: center;\"><\/h3>\n<h3 style=\"text-align: center;\">Condition f\u00e9minine au Burkina Faso<\/h3>\n<h5 style=\"text-align: justify;\"><span class=\"destacado\">Difficult\u00e9 d&#8217;acc\u00e8s aux ressources:<\/span><\/h5>\n<p style=\"text-align: justify;\" align=\"justify\"><strong>Acc\u00e8s \u00e0 la terre:<\/strong> Dans les zones rurales du Burkina Faso, au niveau des familles, des communaut\u00e9s ou des groupes sociaux, le pouvoir de d\u00e9cision est toujours dans les mains des hommes. Bien que 95% des femmes travaillent dans l&#8217;agriculture, peu de femmes poss\u00e8dent des terres. Ils repr\u00e9sentent moins de 6% des agriculteurs.<span class=\"Apple-converted-space\">\u00a0<\/span><\/p>\n<p style=\"text-align: justify;\"><strong>Acc\u00e8s au financement:<\/strong> Pour c\u00e9l\u00e9brer son faible pouvoir \u00e9conomique, la femme ne propose pas une s\u00e9curit\u00e9 suffisante pour permettre l&#8217;acc\u00e8s au cr\u00e9dit de la production.<\/p>\n<h5 style=\"text-align: justify;\"><span class=\"destacado\">La pr\u00e9carit\u00e9 de la vie:<\/span><\/h5>\n<p style=\"text-align: justify;\" align=\"justify\">Dans les zones o\u00f9 les conditions environnementales de la vie (ressources naturelles) montrent une d\u00e9gradation tr\u00e8s avanc\u00e9, la migration des hommes conduit \u00e0 la population rurale masculine vers les centres urbains, et certains pays voisins dans la r\u00e9gion.Cela oblige les femmes \u00e0 jouer un r\u00f4le cl\u00e9 principalement pour la survie de la famille. Ils deviennent le \u00abchef de famille\u00bb, augmentant ainsi leurs responsabilit\u00e9s, mais ne modifie pas son statut \u00e0 la maison, ou dans la Communaut\u00e9.<\/p>\n<h5 style=\"text-align: justify;\" align=\"justify\"><span class=\"destacado\">Situation socio-culturelle:<\/span><\/h5>\n<p style=\"text-align: justify;\" align=\"justify\">Malgr\u00e9 la diversit\u00e9 des groupes socio-culturels au Burkina Faso, un certain nombre de facteurs constitue le d\u00e9nominateur commun des femmes dans les zones rurales.<\/p>\n<p style=\"text-align: justify;\" align=\"justify\"><strong>Statut:<\/strong><span class=\"Apple-converted-space\">\u00a0<\/span> le statut social des femmes a toujours maintenu dans une fourchette inf\u00e9rieure \u00e0 l&#8217;homme, ce qui rend d\u00e9pendant.<\/p>\n<p style=\"text-align: justify;\" align=\"justify\"><strong>Mariage:<\/strong><span class=\"Apple-converted-space\">\u00a0<\/span> Dans de nombreux groupes sociaux, le mariage dans les zones rurales est toujours le r\u00e9sultat d&#8217;un \u00abaccord\u00bb entre les familles. La femme ne peut pas donner leur avis, et ne sait pas tr\u00e8s souvent son futur mari.<\/p>\n<h5 style=\"text-align: justify;\">L&#8217;acc\u00e8s au march\u00e9 du travail:<\/h5>\n<p style=\"text-align: justify;\">Dans les zones rurales, 93% de la population est occup\u00e9e, 45,9% d&#8217;hommes et 54,1% de femmes. La plupart des employ\u00e9s se compose de 79,9% d&#8217;hommes contre 20,1% de femmes.<\/p>\n<h5 style=\"text-align: justify;\">L&#8217;\u00e9ducation (scolarisation, alphab\u00e9tisation):<\/h5>\n<p style=\"text-align: justify;\">Selon le cadre strat\u00e9gique de lutte contre la pauvret\u00e9 au Burkina, retard\u00e9 l&#8217;inscription des femmes est un v\u00e9ritable obstacle \u00e0 leur participation dans le secteur moderne. Seulement, ils repr\u00e9sentent 21% du personnel de l&#8217;administration publique, et de 5% dans les entreprises priv\u00e9es dans le secteur moderne.<\/p>\n<h5 style=\"text-align: justify;\">Sant\u00e9:<\/h5>\n<p style=\"text-align: justify;\">Bien que le droit \u00e0 la sant\u00e9 est garanti \u00e0 tous par la Constitution en termes g\u00e9n\u00e9raux, au Burkina Faso, l&#8217;\u00e9tat de sant\u00e9 de la population est inqui\u00e9tant. La situation des femmes, notamment en termes de sant\u00e9 et de nutrition reste pr\u00e9caire malgr\u00e9 la r\u00e9duction du taux de mortalit\u00e9 maternelle. Les facteurs explicatifs de l&#8217;\u00e9tat de sant\u00e9 des femmes sont g\u00e9n\u00e9ralement la malnutrition, les grossesses pr\u00e9coces, la pauvret\u00e9, le fardeau des activit\u00e9s domestiques, les pratiques traditionnelles n\u00e9fastes, le sida, les mesures d&#8217;assainissement inad\u00e9quat et l&#8217;approvisionnement en eau, etc.<\/p>\n<p>[\/vc_column_text][vc_separator][\/vc_column][\/vc_row][vc_row][vc_column width=&#8221;1\/4&#8243;][vc_single_image image=&#8221;46113&#8243; img_size=&#8221;full&#8221; alignment=&#8221;center&#8221; onclick=&#8221;custom_link&#8221; img_link_target=&#8221;_blank&#8221; css=&#8221;.vc_custom_1565356249028{margin-bottom: 0px !important;}&#8221; link=&#8221;\/fr\/fondation-sanz\/collaborer&#8221;][vc_custom_heading text=&#8221;Collaborer&#8221; font_container=&#8221;tag:h4|text_align:center|color:%23ffffff&#8221; use_theme_fonts=&#8221;yes&#8221; css=&#8221;.vc_custom_1565356261778{margin-top: 10px !important;padding-top: 10px !important;padding-bottom: 10px !important;background-color: #fab10c !important;}&#8221; link=&#8221;url:%2Ffr%2Ffondation-sanz%2Fcollaborer||target:%20_blank|&#8221;][\/vc_column][vc_column width=&#8221;1\/4&#8243;][vc_single_image image=&#8221;46118&#8243; img_size=&#8221;full&#8221; alignment=&#8221;center&#8221; onclick=&#8221;custom_link&#8221; img_link_target=&#8221;_blank&#8221; css=&#8221;.vc_custom_1565356276151{margin-bottom: 0px !important;}&#8221; link=&#8221;\/fr\/fondation-sanz\/multimedia&#8221;][vc_custom_heading text=&#8221;Multim\u00e9dia&#8221; font_container=&#8221;tag:h4|text_align:center|color:%23ffffff&#8221; use_theme_fonts=&#8221;yes&#8221; css=&#8221;.vc_custom_1565356286179{margin-top: 10px !important;padding-top: 10px !important;padding-bottom: 10px !important;background-color: #fab10c !important;}&#8221; link=&#8221;url:%2Ffr%2Ffondation-sanz%2Fmultimedia||target:%20_blank|&#8221;][\/vc_column][vc_column width=&#8221;1\/4&#8243;][vc_single_image image=&#8221;46123&#8243; img_size=&#8221;full&#8221; alignment=&#8221;center&#8221; onclick=&#8221;custom_link&#8221; img_link_target=&#8221;_blank&#8221; css=&#8221;.vc_custom_1565356298090{margin-bottom: 0px !important;}&#8221; link=&#8221;\/fr\/fondation-sanz\/ou-nous-operons&#8221;][vc_custom_heading text=&#8221;O\u00f9 nous op\u00e9rons&#8221; font_container=&#8221;tag:h4|text_align:center|color:%23ffffff&#8221; use_theme_fonts=&#8221;yes&#8221; css=&#8221;.vc_custom_1565356309845{margin-top: 10px !important;padding-top: 10px !important;padding-bottom: 10px !important;background-color: #fab10c !important;}&#8221; link=&#8221;url:%2Ffr%2Ffondation-sanz%2Fou-nous-operons||target:%20_blank|&#8221;][\/vc_column][vc_column width=&#8221;1\/4&#8243;][vc_single_image image=&#8221;46128&#8243; img_size=&#8221;full&#8221; alignment=&#8221;center&#8221; onclick=&#8221;custom_link&#8221; img_link_target=&#8221;_blank&#8221; css=&#8221;.vc_custom_1565356325601{margin-bottom: 0px !important;}&#8221; link=&#8221;\/fr\/fondation-sanz\/crg-projet&#8221;][vc_custom_heading text=&#8221;CRG projet&#8221; font_container=&#8221;tag:h4|text_align:center|color:%23ffffff&#8221; use_theme_fonts=&#8221;yes&#8221; css=&#8221;.vc_custom_1565356340629{margin-top: 10px !important;padding-top: 10px !important;padding-bottom: 10px !important;background-color: #fab10c !important;}&#8221; link=&#8221;url:%2Ffr%2Ffondation-sanz%2Fcrg-projet||target:%20_blank|&#8221;][\/vc_column][\/vc_row][vc_row][vc_column][vc_separator][vc_column_text css=&#8221;.vc_custom_1565356132728{margin-bottom: 0px !important;}&#8221;]<\/p>\n<h4>Documentation<\/h4>\n<p>[\/vc_column_text][\/vc_column][\/vc_row][vc_row css=&#8221;.vc_custom_1564741433028{margin-top: 20px !important;margin-bottom: 30px !important;}&#8221;][vc_column width=&#8221;1\/2&#8243;][vc_btn title=&#8221;2014 Projet de rapport des &#8220;Femmes africaines agriculteurs&#8220;&#8221; style=&#8221;custom&#8221; custom_background=&#8221;#fab10c&#8221; custom_text=&#8221;#ffffff&#8221; size=&#8221;sm&#8221; align=&#8221;center&#8221; i_icon_fontawesome=&#8221;fa fa-file-pdf-o&#8221; button_block=&#8221;true&#8221; add_icon=&#8221;true&#8221; link=&#8221;url:http%3A%2F%2Fgruposanz.es%2Fwp-content%2Fuploads%2F2018%2F02%2FPresentacin_de_Informe_Final_2015_FFS.pdf||target:%20_blank|rel:nofollow&#8221;][vc_btn title=&#8221;Pr\u00e9sentation du projet MAA 2013-2014&#8243; style=&#8221;custom&#8221; custom_background=&#8221;#fab10c&#8221; custom_text=&#8221;#ffffff&#8221; size=&#8221;sm&#8221; align=&#8221;center&#8221; i_icon_fontawesome=&#8221;fa fa-file-pdf-o&#8221; button_block=&#8221;true&#8221; add_icon=&#8221;true&#8221; link=&#8221;url:http%3A%2F%2Fgruposanz.es%2Fwp-content%2Fuploads%2F2018%2F02%2Fburkina_project_2013-14.pdf||target:%20_blank|rel:nofollow&#8221;][\/vc_column][vc_column width=&#8221;1\/2&#8243;][vc_btn title=&#8221;Pr\u00e9sentation de MAA en 2014 GNE Ba Gu\u00e9 N\u00e0&#8221; style=&#8221;custom&#8221; custom_background=&#8221;#fab10c&#8221; custom_text=&#8221;#ffffff&#8221; size=&#8221;sm&#8221; align=&#8221;center&#8221; i_icon_fontawesome=&#8221;fa fa-file-pdf-o&#8221; button_block=&#8221;true&#8221; add_icon=&#8221;true&#8221; link=&#8221;url:http%3A%2F%2Fgruposanz.es%2Fwp-content%2Fuploads%2F2018%2F02%2FProyecto-2014_Noviembre.pdf||target:%20_blank|rel:nofollow&#8221;][vc_btn title=&#8221;Dossier Projet pour les femmes africaines Farmers 2013&#8243; style=&#8221;custom&#8221; custom_background=&#8221;#fab10c&#8221; custom_text=&#8221;#ffffff&#8221; size=&#8221;sm&#8221; align=&#8221;center&#8221; i_icon_fontawesome=&#8221;fa fa-file-pdf-o&#8221; button_block=&#8221;true&#8221; add_icon=&#8221;true&#8221; link=&#8221;url:http%3A%2F%2Fgruposanz.es%2Fwp-content%2Fuploads%2F2018%2F02%2Fdossier_proyecto_mujeres_agricultoras_2013.pdf||target:%20_blank|rel:nofollow&#8221;][\/vc_column][\/vc_row][vc_row][vc_column][vc_column_text]<\/p>\n<h3 id=\"footer-logo\" style=\"text-align: center;\">FONDATION DE LA FAMILLE SANZ<\/h3>\n<div class=\"footer-text clearfix\">\n<div class=\"one\" style=\"text-align: center;\">Droit d&#8217;auteur 2010-2014 Fondation de la famille Sanz<\/div>\n<div class=\"two\" style=\"text-align: center;\">Fondation de la famille Sanz est une organisation \u00e0 but non lucratif appartenant \u00e0 Grupo Sanz<\/div>\n<\/div>\n<p>[\/vc_column_text][\/vc_column][\/vc_row]<\/p>\n<\/div>","protected":false},"excerpt":{"rendered":"<p>&#8230;<\/p>\n","protected":false},"author":3,"featured_media":0,"parent":25280,"menu_order":0,"comment_status":"closed","ping_status":"closed","template":"","meta":{"footnotes":""},"class_list":["post-25287","page","type-page","status-publish","hentry"],"yoast_head":"<!-- This site is optimized with the Yoast SEO plugin v27.3 - https:\/\/yoast.com\/product\/yoast-seo-wordpress\/ -->\n<title>CRG projet | Fundaci\u00f3n Sanz - Grupo Sanz<\/title>\n<meta name=\"description\" content=\"La Fundaci\u00f3n Familia Sanz es una fundaci\u00f3n privada sin \u00e1nimo de lucro y de car\u00e1cter pluralista. \u00bfQuieres saber donde actuamos? Entra y desc\u00fabrelo.\" \/>\n<meta name=\"robots\" content=\"index, follow, max-snippet:-1, max-image-preview:large, max-video-preview:-1\" \/>\n<link rel=\"canonical\" href=\"https:\/\/gruposanz.es\/fr\/fondation-sanz\/crg-projet\" \/>\n<meta property=\"og:locale\" content=\"fr_FR\" \/>\n<meta property=\"og:type\" content=\"article\" \/>\n<meta property=\"og:title\" content=\"CRG projet | Fundaci\u00f3n Sanz - Grupo Sanz\" \/>\n<meta property=\"og:description\" content=\"La Fundaci\u00f3n Familia Sanz es una fundaci\u00f3n privada sin \u00e1nimo de lucro y de car\u00e1cter pluralista. \u00bfQuieres saber donde actuamos? Entra y desc\u00fabrelo.\" \/>\n<meta property=\"og:url\" content=\"https:\/\/gruposanz.es\/fr\/fondation-sanz\/crg-projet\" \/>\n<meta property=\"og:site_name\" content=\"Grupo Sanz\" \/>\n<meta property=\"article:modified_time\" content=\"2020-08-05T11:55:28+00:00\" \/>\n<meta name=\"twitter:card\" content=\"summary_large_image\" \/>\n<meta name=\"twitter:label1\" content=\"Dur\u00e9e de lecture estim\u00e9e\" \/>\n\t<meta name=\"twitter:data1\" content=\"7 minutes\" \/>\n<script type=\"application\/ld+json\" class=\"yoast-schema-graph\">{\"@context\":\"https:\\\/\\\/schema.org\",\"@graph\":[{\"@type\":\"WebPage\",\"@id\":\"https:\\\/\\\/gruposanz.es\\\/fr\\\/fondation-sanz\\\/crg-projet\",\"url\":\"https:\\\/\\\/gruposanz.es\\\/fr\\\/fondation-sanz\\\/crg-projet\",\"name\":\"CRG projet | Fundaci\u00f3n Sanz - Grupo Sanz\",\"isPartOf\":{\"@id\":\"https:\\\/\\\/gruposanz.es\\\/fr\\\/#website\"},\"datePublished\":\"2015-12-28T16:36:51+00:00\",\"dateModified\":\"2020-08-05T11:55:28+00:00\",\"description\":\"La Fundaci\u00f3n Familia Sanz es una fundaci\u00f3n privada sin \u00e1nimo de lucro y de car\u00e1cter pluralista. \u00bfQuieres saber donde actuamos? Entra y desc\u00fabrelo.\",\"breadcrumb\":{\"@id\":\"https:\\\/\\\/gruposanz.es\\\/fr\\\/fondation-sanz\\\/crg-projet#breadcrumb\"},\"inLanguage\":\"fr-FR\",\"potentialAction\":[{\"@type\":\"ReadAction\",\"target\":[\"https:\\\/\\\/gruposanz.es\\\/fr\\\/fondation-sanz\\\/crg-projet\"]}]},{\"@type\":\"BreadcrumbList\",\"@id\":\"https:\\\/\\\/gruposanz.es\\\/fr\\\/fondation-sanz\\\/crg-projet#breadcrumb\",\"itemListElement\":[{\"@type\":\"ListItem\",\"position\":1,\"name\":\"Inicio\",\"item\":\"https:\\\/\\\/gruposanz.es\\\/fr\"},{\"@type\":\"ListItem\",\"position\":2,\"name\":\"Fondation Sanz\",\"item\":\"https:\\\/\\\/gruposanz.es\\\/fr\\\/fondation-sanz\"},{\"@type\":\"ListItem\",\"position\":3,\"name\":\"CRG projet\"}]},{\"@type\":\"WebSite\",\"@id\":\"https:\\\/\\\/gruposanz.es\\\/fr\\\/#website\",\"url\":\"https:\\\/\\\/gruposanz.es\\\/fr\\\/\",\"name\":\"Grupo Sanz\",\"description\":\"Grupo Sanz, fabricantes de productos de pulverizaci\u00f3n y poda con sus marcas Pulmic, Kamikaze, Keeper y Siqua\",\"publisher\":{\"@id\":\"https:\\\/\\\/gruposanz.es\\\/fr\\\/#organization\"},\"potentialAction\":[{\"@type\":\"SearchAction\",\"target\":{\"@type\":\"EntryPoint\",\"urlTemplate\":\"https:\\\/\\\/gruposanz.es\\\/fr\\\/?s={search_term_string}\"},\"query-input\":{\"@type\":\"PropertyValueSpecification\",\"valueRequired\":true,\"valueName\":\"search_term_string\"}}],\"inLanguage\":\"fr-FR\"},{\"@type\":\"Organization\",\"@id\":\"https:\\\/\\\/gruposanz.es\\\/fr\\\/#organization\",\"name\":\"Grupo Sanz\",\"url\":\"https:\\\/\\\/gruposanz.es\\\/fr\\\/\",\"logo\":{\"@type\":\"ImageObject\",\"inLanguage\":\"fr-FR\",\"@id\":\"https:\\\/\\\/gruposanz.es\\\/fr\\\/#\\\/schema\\\/logo\\\/image\\\/\",\"url\":\"https:\\\/\\\/gruposanz.es\\\/wp-content\\\/uploads\\\/2022\\\/10\\\/LOGOTIPO-GRUPO-SANZ-vertical.png\",\"contentUrl\":\"https:\\\/\\\/gruposanz.es\\\/wp-content\\\/uploads\\\/2022\\\/10\\\/LOGOTIPO-GRUPO-SANZ-vertical.png\",\"width\":1418,\"height\":1418,\"caption\":\"Grupo Sanz\"},\"image\":{\"@id\":\"https:\\\/\\\/gruposanz.es\\\/fr\\\/#\\\/schema\\\/logo\\\/image\\\/\"},\"sameAs\":[\"https:\\\/\\\/www.linkedin.com\\\/company\\\/grupo-sanz-hermanos\",\"https:\\\/\\\/www.youtube.com\\\/user\\\/GrupoSanz\"]}]}<\/script>\n<!-- \/ Yoast SEO plugin. -->","yoast_head_json":{"title":"CRG projet | Fundaci\u00f3n Sanz - Grupo Sanz","description":"La Fundaci\u00f3n Familia Sanz es una fundaci\u00f3n privada sin \u00e1nimo de lucro y de car\u00e1cter pluralista. \u00bfQuieres saber donde actuamos? Entra y desc\u00fabrelo.","robots":{"index":"index","follow":"follow","max-snippet":"max-snippet:-1","max-image-preview":"max-image-preview:large","max-video-preview":"max-video-preview:-1"},"canonical":"https:\/\/gruposanz.es\/fr\/fondation-sanz\/crg-projet","og_locale":"fr_FR","og_type":"article","og_title":"CRG projet | Fundaci\u00f3n Sanz - Grupo Sanz","og_description":"La Fundaci\u00f3n Familia Sanz es una fundaci\u00f3n privada sin \u00e1nimo de lucro y de car\u00e1cter pluralista. \u00bfQuieres saber donde actuamos? Entra y desc\u00fabrelo.","og_url":"https:\/\/gruposanz.es\/fr\/fondation-sanz\/crg-projet","og_site_name":"Grupo Sanz","article_modified_time":"2020-08-05T11:55:28+00:00","twitter_card":"summary_large_image","twitter_misc":{"Dur\u00e9e de lecture estim\u00e9e":"7 minutes"},"schema":{"@context":"https:\/\/schema.org","@graph":[{"@type":"WebPage","@id":"https:\/\/gruposanz.es\/fr\/fondation-sanz\/crg-projet","url":"https:\/\/gruposanz.es\/fr\/fondation-sanz\/crg-projet","name":"CRG projet | Fundaci\u00f3n Sanz - Grupo Sanz","isPartOf":{"@id":"https:\/\/gruposanz.es\/fr\/#website"},"datePublished":"2015-12-28T16:36:51+00:00","dateModified":"2020-08-05T11:55:28+00:00","description":"La Fundaci\u00f3n Familia Sanz es una fundaci\u00f3n privada sin \u00e1nimo de lucro y de car\u00e1cter pluralista. \u00bfQuieres saber donde actuamos? Entra y desc\u00fabrelo.","breadcrumb":{"@id":"https:\/\/gruposanz.es\/fr\/fondation-sanz\/crg-projet#breadcrumb"},"inLanguage":"fr-FR","potentialAction":[{"@type":"ReadAction","target":["https:\/\/gruposanz.es\/fr\/fondation-sanz\/crg-projet"]}]},{"@type":"BreadcrumbList","@id":"https:\/\/gruposanz.es\/fr\/fondation-sanz\/crg-projet#breadcrumb","itemListElement":[{"@type":"ListItem","position":1,"name":"Inicio","item":"https:\/\/gruposanz.es\/fr"},{"@type":"ListItem","position":2,"name":"Fondation Sanz","item":"https:\/\/gruposanz.es\/fr\/fondation-sanz"},{"@type":"ListItem","position":3,"name":"CRG projet"}]},{"@type":"WebSite","@id":"https:\/\/gruposanz.es\/fr\/#website","url":"https:\/\/gruposanz.es\/fr\/","name":"Grupo Sanz","description":"Grupo Sanz, fabricantes de productos de pulverizaci\u00f3n y poda con sus marcas Pulmic, Kamikaze, Keeper y Siqua","publisher":{"@id":"https:\/\/gruposanz.es\/fr\/#organization"},"potentialAction":[{"@type":"SearchAction","target":{"@type":"EntryPoint","urlTemplate":"https:\/\/gruposanz.es\/fr\/?s={search_term_string}"},"query-input":{"@type":"PropertyValueSpecification","valueRequired":true,"valueName":"search_term_string"}}],"inLanguage":"fr-FR"},{"@type":"Organization","@id":"https:\/\/gruposanz.es\/fr\/#organization","name":"Grupo Sanz","url":"https:\/\/gruposanz.es\/fr\/","logo":{"@type":"ImageObject","inLanguage":"fr-FR","@id":"https:\/\/gruposanz.es\/fr\/#\/schema\/logo\/image\/","url":"https:\/\/gruposanz.es\/wp-content\/uploads\/2022\/10\/LOGOTIPO-GRUPO-SANZ-vertical.png","contentUrl":"https:\/\/gruposanz.es\/wp-content\/uploads\/2022\/10\/LOGOTIPO-GRUPO-SANZ-vertical.png","width":1418,"height":1418,"caption":"Grupo Sanz"},"image":{"@id":"https:\/\/gruposanz.es\/fr\/#\/schema\/logo\/image\/"},"sameAs":["https:\/\/www.linkedin.com\/company\/grupo-sanz-hermanos","https:\/\/www.youtube.com\/user\/GrupoSanz"]}]}},"_links":{"self":[{"href":"https:\/\/gruposanz.es\/fr\/wp-json\/wp\/v2\/pages\/25287","targetHints":{"allow":["GET"]}}],"collection":[{"href":"https:\/\/gruposanz.es\/fr\/wp-json\/wp\/v2\/pages"}],"about":[{"href":"https:\/\/gruposanz.es\/fr\/wp-json\/wp\/v2\/types\/page"}],"author":[{"embeddable":true,"href":"https:\/\/gruposanz.es\/fr\/wp-json\/wp\/v2\/users\/3"}],"replies":[{"embeddable":true,"href":"https:\/\/gruposanz.es\/fr\/wp-json\/wp\/v2\/comments?post=25287"}],"version-history":[{"count":0,"href":"https:\/\/gruposanz.es\/fr\/wp-json\/wp\/v2\/pages\/25287\/revisions"}],"up":[{"embeddable":true,"href":"https:\/\/gruposanz.es\/fr\/wp-json\/wp\/v2\/pages\/25280"}],"wp:attachment":[{"href":"https:\/\/gruposanz.es\/fr\/wp-json\/wp\/v2\/media?parent=25287"}],"curies":[{"name":"wp","href":"https:\/\/api.w.org\/{rel}","templated":true}]}}