{"id":103359,"date":"2025-09-04T19:03:05","date_gmt":"2025-09-09T17:03:08","guid":{"rendered":"https:\/\/gruposanz.es\/?post_type=product&#038;p=103359"},"modified":"2025-09-09T19:42:24","modified_gmt":"2025-09-09T17:42:24","slug":"tronconneuse-electrique-kvs-5700","status":"publish","type":"product","link":"https:\/\/gruposanz.es\/fr\/producto\/tronconneuse-electrique-kvs-5700","title":{"rendered":"Tron\u00e7onneuse \u00e9lectrique KVS 5700"},"content":{"rendered":"<div class=\"wpb-content-wrapper\"><p>[vc_row][vc_column][vc_column_text css=&#8221;&#8221;]<\/p>\n<h4><span style=\"color: #b7000c;\"><strong>DESCRIPTION DE LA TRON\u00c7ONNEUSE \u00c9LECTRIQUE<\/strong><\/span><\/h4>\n<p><b>KVS5700<\/b> est une tron\u00e7onneuse \u00e9lectrique sans fil pour usage semi-professionnel, offrant une autonomie \u00e9tendue et un excellent rapport qualit\u00e9-prix.<\/p>\n<h4><span style=\"color: #b7000c;\"><strong>CARACT\u00c9RISTIQUES DE LA TRON\u00c7ONNEUSE \u00c9LECTRIQUE KVS 5700 <\/strong><\/span><\/h4>\n<p><b>&#8211; Coupe max.<\/b> : \u00d8 80 mm<br \/>\n<b>&#8211; Moteur<\/b> : 21,6 V jusqu\u2019\u00e0 800 W (coupe rapide et r\u00e9guli\u00e8re)<br \/>\n<b>&#8211; Syst\u00e8me<\/b> : lubrification automatique de la cha\u00eene<br \/>\n<b>&#8211; Alimentation<\/b> : 2 batteries 2,5 Ah avec 1\u20132 h d\u2019autonomie chacune + chargeur<br \/>\n<b>&#8211; Cha\u00eene &amp; guide<\/b> : cha\u00eene 1\/4\u201d et guide 5\u201d (finition pr\u00e9cise)<br \/>\n<b>&#8211; Poids<\/b> : 1,24 kg (sans batterie) pour une excellente maniabilit\u00e9.[\/vc_column_text][vc_row_inner][vc_column_inner width=&#8221;1\/6&#8243; offset=&#8221;vc_col-xs-3&#8243;][vc_single_image image=&#8221;48384&#8243; img_size=&#8221;&#8221; alignment=&#8221;center&#8221;][\/vc_column_inner][vc_column_inner width=&#8221;1\/6&#8243; offset=&#8221;vc_col-xs-3&#8243;][vc_single_image image=&#8221;48389&#8243; img_size=&#8221;full&#8221; alignment=&#8221;center&#8221;][\/vc_column_inner][vc_column_inner width=&#8221;1\/6&#8243; offset=&#8221;vc_col-xs-4&#8243;][\/vc_column_inner][vc_column_inner width=&#8221;1\/6&#8243; offset=&#8221;vc_col-xs-4&#8243;][\/vc_column_inner][vc_column_inner width=&#8221;1\/6&#8243; offset=&#8221;vc_col-xs-4&#8243;][\/vc_column_inner][vc_column_inner width=&#8221;1\/6&#8243; offset=&#8221;vc_col-xs-3&#8243;][\/vc_column_inner][\/vc_row_inner][\/vc_column][\/vc_row][vc_row][vc_column][vc_row_inner][vc_column_inner width=&#8221;2\/3&#8243;][vc_btn title=&#8221;FICHE TECHNIQUE COMMERCIALE&#8221; style=&#8221;custom&#8221; custom_background=&#8221;#b7000c&#8221; custom_text=&#8221;#ffffff&#8221; shape=&#8221;square&#8221; align=&#8221;center&#8221; i_icon_fontawesome=&#8221;far fa-file-pdf&#8221; css=&#8221;&#8221; button_block=&#8221;true&#8221; add_icon=&#8221;true&#8221; link=&#8221;url:%2Fwp-content%2Fuploads%2Fftc%2Ffr%2FFTCKVS5700-Tronconneuseelectrique.pdf|target:_blank|rel:nofollow&#8221; el_class=&#8221;boton-descarga-producto&#8221;][\/vc_column_inner][vc_column_inner width=&#8221;1\/3&#8243;][vc_btn title=&#8221;ACTIVER LA GARANTIE&#8221; style=&#8221;custom&#8221; custom_background=&#8221;#a4aeb0&#8243; custom_text=&#8221;#ffffff&#8221; shape=&#8221;square&#8221; align=&#8221;center&#8221; i_icon_fontawesome=&#8221;fa fa-check-square-o&#8221; button_block=&#8221;true&#8221; add_icon=&#8221;true&#8221; link=&#8221;url:%2Ffr%2Factivation-de-la-garantie|&#8221; el_class=&#8221;boton-descarga-producto&#8221;][\/vc_column_inner][\/vc_row_inner][vc_row_inner disable_element=&#8221;yes&#8221;][vc_column_inner width=&#8221;1\/6&#8243;][\/vc_column_inner][vc_column_inner width=&#8221;2\/3&#8243;][vc_btn title=&#8221;MANUEL&#8221; style=&#8221;custom&#8221; custom_background=&#8221;#b7000c&#8221; custom_text=&#8221;#ffffff&#8221; shape=&#8221;square&#8221; align=&#8221;center&#8221; i_icon_fontawesome=&#8221;&#8221; button_block=&#8221;true&#8221; add_icon=&#8221;true&#8221; link=&#8221;url:%2Fwp-content%2Fuploads%2F2023%2F09%2FManual-KVS5500.pdf|target:_blank|rel:nofollow&#8221; el_class=&#8221;boton-descarga-producto&#8221;][vc_btn title=&#8221;FICHE TECHNIQUE COMMERCIALE&#8221; style=&#8221;custom&#8221; custom_background=&#8221;#b7000c&#8221; custom_text=&#8221;#ffffff&#8221; shape=&#8221;square&#8221; align=&#8221;center&#8221; i_icon_fontawesome=&#8221;fa fa-file-pdf-o&#8221; button_block=&#8221;true&#8221; add_icon=&#8221;true&#8221; link=&#8221;url:%2Fwp-content%2Fuploads%2F2023%2F01%2FKVS5500-FR.pdf|target:%20_blank|rel:nofollow|&#8221; el_class=&#8221;boton-descarga-producto&#8221;][\/vc_column_inner][vc_column_inner width=&#8221;1\/6&#8243;][\/vc_column_inner][\/vc_row_inner][vc_row_inner][vc_column_inner width=&#8221;1\/6&#8243;][\/vc_column_inner][vc_column_inner width=&#8221;2\/3&#8243;][\/vc_column_inner][vc_column_inner width=&#8221;1\/6&#8243;][\/vc_column_inner][\/vc_row_inner][\/vc_column][\/vc_row][vc_row disable_element=&#8221;yes&#8221; css=&#8221;.vc_custom_1757439634907{margin-top: 20px !important;}&#8221;][vc_column][vc_video link=&#8221;https:\/\/www.youtube.com\/watch?v=F5uJO6juVos&#8221;][\/vc_column][\/vc_row][vc_row disable_element=&#8221;yes&#8221; css=&#8221;.vc_custom_1632914498661{margin-top: 20px !important;}&#8221;][vc_column][vc_single_image image=&#8221;61571&#8243; img_size=&#8221;full&#8221; alignment=&#8221;center&#8221;][\/vc_column][\/vc_row]<\/p>\n<\/div>","protected":false},"excerpt":{"rendered":"<h3 style=\"text-align: center;\"><span style=\"color: #ffffff;\"><strong>Notre objectif est d\u00b4avoir la plus large gamme d\u00b4outils pour la taille, autant pour des cultures basses comme en hauteurs et qui soient accessibles pour le plus grand nombre d\u00b4utilisateurs.<\/strong><\/span><\/h3>\n","protected":false},"featured_media":103365,"template":"","meta":[],"product_brand":[],"product_cat":[2994,3660,864],"product_tag":[3385,3407],"class_list":{"0":"post-103359","1":"product","2":"type-product","3":"status-publish","4":"has-post-thumbnail","6":"product_cat-outils-electriques","7":"product_cat-tronconneuse-electrique","8":"product_cat-agricole","9":"product_tag-produits-kamikaze","10":"product_tag-produits-multi-kv","12":"first","13":"instock","14":"shipping-taxable","15":"product-type-simple"},"yoast_head":"<!-- This site is optimized with the Yoast SEO plugin v27.3 - https:\/\/yoast.com\/product\/yoast-seo-wordpress\/ -->\n<title>Tron\u00e7onneuse \u00e9lectrique KVS 5700 for Kamikaze - Grupo Sanz<\/title>\n<meta name=\"description\" content=\"La tron\u00e7onneuse \u00e9lectrique KVS 5700 \u00e0 usage professionnel p\u00e8se 1,56 kg et a une autonomie de 2 \u00e0 3 heures. Il dispose d&#039;un affichage...\" \/>\n<meta name=\"robots\" content=\"index, follow, max-snippet:-1, max-image-preview:large, max-video-preview:-1\" \/>\n<link rel=\"canonical\" href=\"https:\/\/gruposanz.es\/fr\/producto\/tronconneuse-electrique-kvs-5700\" \/>\n<meta property=\"og:locale\" content=\"fr_FR\" \/>\n<meta property=\"og:type\" content=\"article\" \/>\n<meta property=\"og:title\" content=\"Tron\u00e7onneuse \u00e9lectrique KVS 5700 for Kamikaze - Grupo Sanz\" \/>\n<meta property=\"og:description\" content=\"La tron\u00e7onneuse \u00e9lectrique KVS 5700 \u00e0 usage professionnel p\u00e8se 1,56 kg et a une autonomie de 2 \u00e0 3 heures. Il dispose d&#039;un affichage...\" \/>\n<meta property=\"og:url\" content=\"https:\/\/gruposanz.es\/fr\/producto\/tronconneuse-electrique-kvs-5700\" \/>\n<meta property=\"og:site_name\" content=\"Grupo Sanz\" \/>\n<meta property=\"article:modified_time\" content=\"2025-09-09T17:42:24+00:00\" \/>\n<meta property=\"og:image\" content=\"https:\/\/gruposanz.es\/wp-content\/uploads\/2025\/09\/KVS5700_001.jpg\" \/>\n\t<meta property=\"og:image:width\" content=\"1200\" \/>\n\t<meta property=\"og:image:height\" content=\"1200\" \/>\n\t<meta property=\"og:image:type\" content=\"image\/jpeg\" \/>\n<meta name=\"twitter:card\" content=\"summary_large_image\" \/>\n<meta name=\"twitter:label1\" content=\"Dur\u00e9e de lecture estim\u00e9e\" \/>\n\t<meta name=\"twitter:data1\" content=\"2 minutes\" \/>\n<script type=\"application\/ld+json\" class=\"yoast-schema-graph\">{\"@context\":\"https:\\\/\\\/schema.org\",\"@graph\":[{\"@type\":\"WebPage\",\"@id\":\"https:\\\/\\\/gruposanz.es\\\/fr\\\/producto\\\/tronconneuse-electrique-kvs-5700\",\"url\":\"https:\\\/\\\/gruposanz.es\\\/fr\\\/producto\\\/tronconneuse-electrique-kvs-5700\",\"name\":\"Tron\u00e7onneuse \u00e9lectrique KVS 5700 for Kamikaze - Grupo Sanz\",\"isPartOf\":{\"@id\":\"https:\\\/\\\/gruposanz.es\\\/fr\\\/#website\"},\"primaryImageOfPage\":{\"@id\":\"https:\\\/\\\/gruposanz.es\\\/fr\\\/producto\\\/tronconneuse-electrique-kvs-5700#primaryimage\"},\"image\":{\"@id\":\"https:\\\/\\\/gruposanz.es\\\/fr\\\/producto\\\/tronconneuse-electrique-kvs-5700#primaryimage\"},\"thumbnailUrl\":\"https:\\\/\\\/gruposanz.es\\\/wp-content\\\/uploads\\\/2025\\\/09\\\/KVS5700_001.jpg\",\"datePublished\":\"2025-09-09T17:03:08+00:00\",\"dateModified\":\"2025-09-09T17:42:24+00:00\",\"description\":\"La tron\u00e7onneuse \u00e9lectrique KVS 5700 \u00e0 usage professionnel p\u00e8se 1,56 kg et a une autonomie de 2 \u00e0 3 heures. Il dispose d'un affichage...\",\"breadcrumb\":{\"@id\":\"https:\\\/\\\/gruposanz.es\\\/fr\\\/producto\\\/tronconneuse-electrique-kvs-5700#breadcrumb\"},\"inLanguage\":\"fr-FR\",\"potentialAction\":[{\"@type\":\"ReadAction\",\"target\":[\"https:\\\/\\\/gruposanz.es\\\/fr\\\/producto\\\/tronconneuse-electrique-kvs-5700\"]}]},{\"@type\":\"ImageObject\",\"inLanguage\":\"fr-FR\",\"@id\":\"https:\\\/\\\/gruposanz.es\\\/fr\\\/producto\\\/tronconneuse-electrique-kvs-5700#primaryimage\",\"url\":\"https:\\\/\\\/gruposanz.es\\\/wp-content\\\/uploads\\\/2025\\\/09\\\/KVS5700_001.jpg\",\"contentUrl\":\"https:\\\/\\\/gruposanz.es\\\/wp-content\\\/uploads\\\/2025\\\/09\\\/KVS5700_001.jpg\",\"width\":1200,\"height\":1200,\"caption\":\"Motosierra el\u00e9ctrica KVS 5700 para la poda electr\u00edca de Kamikaze Power Tools\"},{\"@type\":\"BreadcrumbList\",\"@id\":\"https:\\\/\\\/gruposanz.es\\\/fr\\\/producto\\\/tronconneuse-electrique-kvs-5700#breadcrumb\",\"itemListElement\":[{\"@type\":\"ListItem\",\"position\":1,\"name\":\"Inicio\",\"item\":\"https:\\\/\\\/gruposanz.es\\\/fr\"},{\"@type\":\"ListItem\",\"position\":2,\"name\":\"Produits\",\"item\":\"https:\\\/\\\/gruposanz.es\\\/fr\\\/shop\"},{\"@type\":\"ListItem\",\"position\":3,\"name\":\"Agriculture\",\"item\":\"https:\\\/\\\/gruposanz.es\\\/fr\\\/categorie\\\/agricole\"},{\"@type\":\"ListItem\",\"position\":4,\"name\":\"Tron\u00e7onneuse \u00e9lectrique KVS 5700\"}]},{\"@type\":\"WebSite\",\"@id\":\"https:\\\/\\\/gruposanz.es\\\/fr\\\/#website\",\"url\":\"https:\\\/\\\/gruposanz.es\\\/fr\\\/\",\"name\":\"Grupo Sanz\",\"description\":\"Grupo Sanz, fabricantes de productos de pulverizaci\u00f3n y poda con sus marcas Pulmic, Kamikaze, Keeper y Siqua\",\"publisher\":{\"@id\":\"https:\\\/\\\/gruposanz.es\\\/fr\\\/#organization\"},\"potentialAction\":[{\"@type\":\"SearchAction\",\"target\":{\"@type\":\"EntryPoint\",\"urlTemplate\":\"https:\\\/\\\/gruposanz.es\\\/fr\\\/?s={search_term_string}\"},\"query-input\":{\"@type\":\"PropertyValueSpecification\",\"valueRequired\":true,\"valueName\":\"search_term_string\"}}],\"inLanguage\":\"fr-FR\"},{\"@type\":\"Organization\",\"@id\":\"https:\\\/\\\/gruposanz.es\\\/fr\\\/#organization\",\"name\":\"Grupo Sanz\",\"url\":\"https:\\\/\\\/gruposanz.es\\\/fr\\\/\",\"logo\":{\"@type\":\"ImageObject\",\"inLanguage\":\"fr-FR\",\"@id\":\"https:\\\/\\\/gruposanz.es\\\/fr\\\/#\\\/schema\\\/logo\\\/image\\\/\",\"url\":\"https:\\\/\\\/gruposanz.es\\\/wp-content\\\/uploads\\\/2022\\\/10\\\/LOGOTIPO-GRUPO-SANZ-vertical.png\",\"contentUrl\":\"https:\\\/\\\/gruposanz.es\\\/wp-content\\\/uploads\\\/2022\\\/10\\\/LOGOTIPO-GRUPO-SANZ-vertical.png\",\"width\":1418,\"height\":1418,\"caption\":\"Grupo Sanz\"},\"image\":{\"@id\":\"https:\\\/\\\/gruposanz.es\\\/fr\\\/#\\\/schema\\\/logo\\\/image\\\/\"},\"sameAs\":[\"https:\\\/\\\/www.linkedin.com\\\/company\\\/grupo-sanz-hermanos\",\"https:\\\/\\\/www.youtube.com\\\/user\\\/GrupoSanz\"]}]}<\/script>\n<!-- \/ Yoast SEO plugin. -->","yoast_head_json":{"title":"Tron\u00e7onneuse \u00e9lectrique KVS 5700 for Kamikaze - Grupo Sanz","description":"La tron\u00e7onneuse \u00e9lectrique KVS 5700 \u00e0 usage professionnel p\u00e8se 1,56 kg et a une autonomie de 2 \u00e0 3 heures. Il dispose d'un affichage...","robots":{"index":"index","follow":"follow","max-snippet":"max-snippet:-1","max-image-preview":"max-image-preview:large","max-video-preview":"max-video-preview:-1"},"canonical":"https:\/\/gruposanz.es\/fr\/producto\/tronconneuse-electrique-kvs-5700","og_locale":"fr_FR","og_type":"article","og_title":"Tron\u00e7onneuse \u00e9lectrique KVS 5700 for Kamikaze - Grupo Sanz","og_description":"La tron\u00e7onneuse \u00e9lectrique KVS 5700 \u00e0 usage professionnel p\u00e8se 1,56 kg et a une autonomie de 2 \u00e0 3 heures. Il dispose d'un affichage...","og_url":"https:\/\/gruposanz.es\/fr\/producto\/tronconneuse-electrique-kvs-5700","og_site_name":"Grupo Sanz","article_modified_time":"2025-09-09T17:42:24+00:00","og_image":[{"width":1200,"height":1200,"url":"https:\/\/gruposanz.es\/wp-content\/uploads\/2025\/09\/KVS5700_001.jpg","type":"image\/jpeg"}],"twitter_card":"summary_large_image","twitter_misc":{"Dur\u00e9e de lecture estim\u00e9e":"2 minutes"},"schema":{"@context":"https:\/\/schema.org","@graph":[{"@type":"WebPage","@id":"https:\/\/gruposanz.es\/fr\/producto\/tronconneuse-electrique-kvs-5700","url":"https:\/\/gruposanz.es\/fr\/producto\/tronconneuse-electrique-kvs-5700","name":"Tron\u00e7onneuse \u00e9lectrique KVS 5700 for Kamikaze - Grupo Sanz","isPartOf":{"@id":"https:\/\/gruposanz.es\/fr\/#website"},"primaryImageOfPage":{"@id":"https:\/\/gruposanz.es\/fr\/producto\/tronconneuse-electrique-kvs-5700#primaryimage"},"image":{"@id":"https:\/\/gruposanz.es\/fr\/producto\/tronconneuse-electrique-kvs-5700#primaryimage"},"thumbnailUrl":"https:\/\/gruposanz.es\/wp-content\/uploads\/2025\/09\/KVS5700_001.jpg","datePublished":"2025-09-09T17:03:08+00:00","dateModified":"2025-09-09T17:42:24+00:00","description":"La tron\u00e7onneuse \u00e9lectrique KVS 5700 \u00e0 usage professionnel p\u00e8se 1,56 kg et a une autonomie de 2 \u00e0 3 heures. Il dispose d'un affichage...","breadcrumb":{"@id":"https:\/\/gruposanz.es\/fr\/producto\/tronconneuse-electrique-kvs-5700#breadcrumb"},"inLanguage":"fr-FR","potentialAction":[{"@type":"ReadAction","target":["https:\/\/gruposanz.es\/fr\/producto\/tronconneuse-electrique-kvs-5700"]}]},{"@type":"ImageObject","inLanguage":"fr-FR","@id":"https:\/\/gruposanz.es\/fr\/producto\/tronconneuse-electrique-kvs-5700#primaryimage","url":"https:\/\/gruposanz.es\/wp-content\/uploads\/2025\/09\/KVS5700_001.jpg","contentUrl":"https:\/\/gruposanz.es\/wp-content\/uploads\/2025\/09\/KVS5700_001.jpg","width":1200,"height":1200,"caption":"Motosierra el\u00e9ctrica KVS 5700 para la poda electr\u00edca de Kamikaze Power Tools"},{"@type":"BreadcrumbList","@id":"https:\/\/gruposanz.es\/fr\/producto\/tronconneuse-electrique-kvs-5700#breadcrumb","itemListElement":[{"@type":"ListItem","position":1,"name":"Inicio","item":"https:\/\/gruposanz.es\/fr"},{"@type":"ListItem","position":2,"name":"Produits","item":"https:\/\/gruposanz.es\/fr\/shop"},{"@type":"ListItem","position":3,"name":"Agriculture","item":"https:\/\/gruposanz.es\/fr\/categorie\/agricole"},{"@type":"ListItem","position":4,"name":"Tron\u00e7onneuse \u00e9lectrique KVS 5700"}]},{"@type":"WebSite","@id":"https:\/\/gruposanz.es\/fr\/#website","url":"https:\/\/gruposanz.es\/fr\/","name":"Grupo Sanz","description":"Grupo Sanz, fabricantes de productos de pulverizaci\u00f3n y poda con sus marcas Pulmic, Kamikaze, Keeper y Siqua","publisher":{"@id":"https:\/\/gruposanz.es\/fr\/#organization"},"potentialAction":[{"@type":"SearchAction","target":{"@type":"EntryPoint","urlTemplate":"https:\/\/gruposanz.es\/fr\/?s={search_term_string}"},"query-input":{"@type":"PropertyValueSpecification","valueRequired":true,"valueName":"search_term_string"}}],"inLanguage":"fr-FR"},{"@type":"Organization","@id":"https:\/\/gruposanz.es\/fr\/#organization","name":"Grupo Sanz","url":"https:\/\/gruposanz.es\/fr\/","logo":{"@type":"ImageObject","inLanguage":"fr-FR","@id":"https:\/\/gruposanz.es\/fr\/#\/schema\/logo\/image\/","url":"https:\/\/gruposanz.es\/wp-content\/uploads\/2022\/10\/LOGOTIPO-GRUPO-SANZ-vertical.png","contentUrl":"https:\/\/gruposanz.es\/wp-content\/uploads\/2022\/10\/LOGOTIPO-GRUPO-SANZ-vertical.png","width":1418,"height":1418,"caption":"Grupo Sanz"},"image":{"@id":"https:\/\/gruposanz.es\/fr\/#\/schema\/logo\/image\/"},"sameAs":["https:\/\/www.linkedin.com\/company\/grupo-sanz-hermanos","https:\/\/www.youtube.com\/user\/GrupoSanz"]}]}},"_links":{"self":[{"href":"https:\/\/gruposanz.es\/fr\/wp-json\/wp\/v2\/product\/103359","targetHints":{"allow":["GET"]}}],"collection":[{"href":"https:\/\/gruposanz.es\/fr\/wp-json\/wp\/v2\/product"}],"about":[{"href":"https:\/\/gruposanz.es\/fr\/wp-json\/wp\/v2\/types\/product"}],"wp:featuredmedia":[{"embeddable":true,"href":"https:\/\/gruposanz.es\/fr\/wp-json\/wp\/v2\/media\/103365"}],"wp:attachment":[{"href":"https:\/\/gruposanz.es\/fr\/wp-json\/wp\/v2\/media?parent=103359"}],"wp:term":[{"taxonomy":"product_brand","embeddable":true,"href":"https:\/\/gruposanz.es\/fr\/wp-json\/wp\/v2\/product_brand?post=103359"},{"taxonomy":"product_cat","embeddable":true,"href":"https:\/\/gruposanz.es\/fr\/wp-json\/wp\/v2\/product_cat?post=103359"},{"taxonomy":"product_tag","embeddable":true,"href":"https:\/\/gruposanz.es\/fr\/wp-json\/wp\/v2\/product_tag?post=103359"}],"curies":[{"name":"wp","href":"https:\/\/api.w.org\/{rel}","templated":true}]}}