{"id":25755,"date":"2016-01-15T14:15:32","date_gmt":"2016-01-15T13:15:32","guid":{"rendered":"http:\/\/gruposanz.es\/?post_type=product&#038;p=25755"},"modified":"2019-08-06T11:43:25","modified_gmt":"2019-08-06T09:43:25","slug":"keeper-garden-1500-3","status":"publish","type":"product","link":"https:\/\/gruposanz.es\/fr\/producto\/keeper-garden-1500-3","title":{"rendered":"Pulv\u00e9risateur Keeper Garden 1500"},"content":{"rendered":"<div class=\"wpb-content-wrapper\"><p>[vc_row][vc_column][vc_column_text]<\/p>\n<h4><span style=\"color: #b7000c;\"><strong>Description<\/strong><\/span><\/h4>\n<p style=\"text-align: justify;\">Keeper Garden 1500 est pulv\u00e9risateur hydraulique de la pression pr\u00e9c\u00e9dente, l\u00e9ger et s\u00fbr. Il est id\u00e9al pour les terrasses et petits jardins. Pour l&#8217;application d&#8217;insecticides, de fongicides et d&#8217;herbicides.<\/p>\n<h4><span style=\"color: #b7000c;\"><strong>Caract\u00e9ristiques<\/strong><\/span><\/h4>\n<p style=\"text-align: justify;\">&#8211; D\u00e9p\u00f4t de 1,5 litres<br \/>\n&#8211; Soupape de s\u00e9curit\u00e9 et de d\u00e9compression<br \/>\n&#8211; Bonne stabilit\u00e9 sur le terrain<br \/>\n&#8211; Buse r\u00e9glable<br \/>\n&#8211; Disponible en bleu, vert et orange<\/p>\n<p>[\/vc_column_text][vc_row_inner disable_element=&#8221;yes&#8221;][vc_column_inner width=&#8221;1\/6&#8243; offset=&#8221;vc_col-xs-3&#8243;][vc_single_image image=&#8221;45478&#8243; img_size=&#8221;&#8221; alignment=&#8221;center&#8221;][\/vc_column_inner][vc_column_inner width=&#8221;1\/6&#8243; offset=&#8221;vc_col-xs-3&#8243;][vc_single_image image=&#8221;45494&#8243; img_size=&#8221;full&#8221; alignment=&#8221;center&#8221;][\/vc_column_inner][vc_column_inner width=&#8221;1\/6&#8243; offset=&#8221;vc_col-xs-4&#8243;][vc_single_image image=&#8221;45489&#8243; img_size=&#8221;full&#8221; alignment=&#8221;center&#8221;][\/vc_column_inner][vc_column_inner width=&#8221;1\/6&#8243; offset=&#8221;vc_col-xs-4&#8243;][vc_single_image image=&#8221;45484&#8243; img_size=&#8221;full&#8221; alignment=&#8221;center&#8221;][\/vc_column_inner][vc_column_inner width=&#8221;1\/6&#8243; offset=&#8221;vc_col-xs-4&#8243;][vc_single_image image=&#8221;45499&#8243; img_size=&#8221;full&#8221; alignment=&#8221;center&#8221;][\/vc_column_inner][vc_column_inner width=&#8221;1\/6&#8243; offset=&#8221;vc_col-xs-3&#8243;][\/vc_column_inner][\/vc_row_inner][\/vc_column][\/vc_row][vc_row][vc_column][vc_row_inner][vc_column_inner width=&#8221;2\/3&#8243;][vc_btn title=&#8221;FICHE TECNIQUE COMMERCIAL&#8221; style=&#8221;custom&#8221; custom_background=&#8221;#b7000c&#8221; custom_text=&#8221;#ffffff&#8221; shape=&#8221;square&#8221; align=&#8221;center&#8221; i_icon_fontawesome=&#8221;fa fa-file-pdf-o&#8221; button_block=&#8221;true&#8221; add_icon=&#8221;true&#8221; link=&#8221;url:%2Fwp-content%2Fuploads%2F2019%2F08%2F921-FTC-Keeper-Garden-1500-Avec-pr%C3%A9sentoir_FR.pdf||target:%20_blank|&#8221; el_class=&#8221;boton-descarga-producto&#8221;][\/vc_column_inner][vc_column_inner width=&#8221;1\/3&#8243;][\/vc_column_inner][\/vc_row_inner][\/vc_column][\/vc_row][vc_row css=&#8221;.vc_custom_1565084480464{margin-top: 40px !important;}&#8221;][vc_column][vc_single_image image=&#8221;45507&#8243; img_size=&#8221;full&#8221; alignment=&#8221;center&#8221;][\/vc_column][\/vc_row]<\/p>\n<\/div>","protected":false},"excerpt":{"rendered":"<h2 style=\"text-align: center;\"><span style=\"color: #ffffff;\"><strong>Pulv\u00e9risateurs manuels et \u00e9lectriques pour les applications de jardin<\/strong><\/span><\/h2>\n","protected":false},"featured_media":45788,"template":"","meta":[],"product_brand":[],"product_cat":[870,1143,1155],"product_tag":[3377],"class_list":{"0":"post-25755","1":"product","2":"type-product","3":"status-publish","4":"has-post-thumbnail","6":"product_cat-accueil-fournitures","7":"product_cat-pulverisateurs-manuels-accueil-fornitures","8":"product_cat-pression-precedente-manuels","9":"product_tag-produits-keeper","11":"first","12":"instock","13":"shipping-taxable","14":"product-type-simple"},"yoast_head":"<!-- This site is optimized with the Yoast SEO plugin v27.3 - https:\/\/yoast.com\/product\/yoast-seo-wordpress\/ -->\n<title>Pulv\u00e9risateur Keeper Garden 1500 - Grupo Sanz<\/title>\n<meta name=\"robots\" content=\"index, follow, max-snippet:-1, max-image-preview:large, max-video-preview:-1\" \/>\n<link rel=\"canonical\" href=\"https:\/\/gruposanz.es\/fr\/producto\/keeper-garden-1500-3\" \/>\n<meta property=\"og:locale\" content=\"fr_FR\" \/>\n<meta property=\"og:type\" content=\"article\" \/>\n<meta property=\"og:title\" content=\"Pulv\u00e9risateur Keeper Garden 1500 - Grupo Sanz\" \/>\n<meta property=\"og:description\" content=\"Pulv\u00e9risateurs manuels et \u00e9lectriques pour les applications de jardin\" \/>\n<meta property=\"og:url\" content=\"https:\/\/gruposanz.es\/fr\/producto\/keeper-garden-1500-3\" \/>\n<meta property=\"og:site_name\" content=\"Grupo Sanz\" \/>\n<meta property=\"article:modified_time\" content=\"2019-08-06T09:43:25+00:00\" \/>\n<meta property=\"og:image\" content=\"https:\/\/gruposanz.es\/wp-content\/uploads\/2016\/01\/Keeper-Garden-1500-Bandeja-2.jpg\" \/>\n\t<meta property=\"og:image:width\" content=\"555\" \/>\n\t<meta property=\"og:image:height\" content=\"555\" \/>\n\t<meta property=\"og:image:type\" content=\"image\/jpeg\" \/>\n<meta name=\"twitter:card\" content=\"summary_large_image\" \/>\n<meta name=\"twitter:label1\" content=\"Dur\u00e9e de lecture estim\u00e9e\" \/>\n\t<meta name=\"twitter:data1\" content=\"1 minute\" \/>\n<script type=\"application\/ld+json\" class=\"yoast-schema-graph\">{\"@context\":\"https:\\\/\\\/schema.org\",\"@graph\":[{\"@type\":\"WebPage\",\"@id\":\"https:\\\/\\\/gruposanz.es\\\/fr\\\/producto\\\/keeper-garden-1500-3\",\"url\":\"https:\\\/\\\/gruposanz.es\\\/fr\\\/producto\\\/keeper-garden-1500-3\",\"name\":\"Pulv\u00e9risateur Keeper Garden 1500 - Grupo Sanz\",\"isPartOf\":{\"@id\":\"https:\\\/\\\/gruposanz.es\\\/fr\\\/#website\"},\"primaryImageOfPage\":{\"@id\":\"https:\\\/\\\/gruposanz.es\\\/fr\\\/producto\\\/keeper-garden-1500-3#primaryimage\"},\"image\":{\"@id\":\"https:\\\/\\\/gruposanz.es\\\/fr\\\/producto\\\/keeper-garden-1500-3#primaryimage\"},\"thumbnailUrl\":\"https:\\\/\\\/gruposanz.es\\\/wp-content\\\/uploads\\\/2016\\\/01\\\/Keeper-Garden-1500-Bandeja-2.jpg\",\"datePublished\":\"2016-01-15T13:15:32+00:00\",\"dateModified\":\"2019-08-06T09:43:25+00:00\",\"breadcrumb\":{\"@id\":\"https:\\\/\\\/gruposanz.es\\\/fr\\\/producto\\\/keeper-garden-1500-3#breadcrumb\"},\"inLanguage\":\"fr-FR\",\"potentialAction\":[{\"@type\":\"ReadAction\",\"target\":[\"https:\\\/\\\/gruposanz.es\\\/fr\\\/producto\\\/keeper-garden-1500-3\"]}]},{\"@type\":\"ImageObject\",\"inLanguage\":\"fr-FR\",\"@id\":\"https:\\\/\\\/gruposanz.es\\\/fr\\\/producto\\\/keeper-garden-1500-3#primaryimage\",\"url\":\"https:\\\/\\\/gruposanz.es\\\/wp-content\\\/uploads\\\/2016\\\/01\\\/Keeper-Garden-1500-Bandeja-2.jpg\",\"contentUrl\":\"https:\\\/\\\/gruposanz.es\\\/wp-content\\\/uploads\\\/2016\\\/01\\\/Keeper-Garden-1500-Bandeja-2.jpg\",\"width\":555,\"height\":555,\"caption\":\"Pulv\u00e9risateur Keeper Garden 1500\"},{\"@type\":\"BreadcrumbList\",\"@id\":\"https:\\\/\\\/gruposanz.es\\\/fr\\\/producto\\\/keeper-garden-1500-3#breadcrumb\",\"itemListElement\":[{\"@type\":\"ListItem\",\"position\":1,\"name\":\"Inicio\",\"item\":\"https:\\\/\\\/gruposanz.es\\\/fr\"},{\"@type\":\"ListItem\",\"position\":2,\"name\":\"Produits\",\"item\":\"https:\\\/\\\/gruposanz.es\\\/fr\\\/shop\"},{\"@type\":\"ListItem\",\"position\":3,\"name\":\"Maison et le jardin\",\"item\":\"https:\\\/\\\/gruposanz.es\\\/fr\\\/categorie\\\/accueil-fournitures\"},{\"@type\":\"ListItem\",\"position\":4,\"name\":\"Pulv\u00e9risateurs manuels\",\"item\":\"https:\\\/\\\/gruposanz.es\\\/fr\\\/categorie\\\/accueil-fournitures\\\/pulverisateurs-manuels-accueil-fornitures\"},{\"@type\":\"ListItem\",\"position\":5,\"name\":\"Pression pr\u00e9alable\",\"item\":\"https:\\\/\\\/gruposanz.es\\\/fr\\\/categorie\\\/accueil-fournitures\\\/pulverisateurs-manuels-accueil-fornitures\\\/pression-precedente-manuels\"},{\"@type\":\"ListItem\",\"position\":6,\"name\":\"Pulv\u00e9risateur Keeper Garden 1500\"}]},{\"@type\":\"WebSite\",\"@id\":\"https:\\\/\\\/gruposanz.es\\\/fr\\\/#website\",\"url\":\"https:\\\/\\\/gruposanz.es\\\/fr\\\/\",\"name\":\"Grupo Sanz\",\"description\":\"Grupo Sanz, fabricantes de productos de pulverizaci\u00f3n y poda con sus marcas Pulmic, Kamikaze, Keeper y Siqua\",\"publisher\":{\"@id\":\"https:\\\/\\\/gruposanz.es\\\/fr\\\/#organization\"},\"potentialAction\":[{\"@type\":\"SearchAction\",\"target\":{\"@type\":\"EntryPoint\",\"urlTemplate\":\"https:\\\/\\\/gruposanz.es\\\/fr\\\/?s={search_term_string}\"},\"query-input\":{\"@type\":\"PropertyValueSpecification\",\"valueRequired\":true,\"valueName\":\"search_term_string\"}}],\"inLanguage\":\"fr-FR\"},{\"@type\":\"Organization\",\"@id\":\"https:\\\/\\\/gruposanz.es\\\/fr\\\/#organization\",\"name\":\"Grupo Sanz\",\"url\":\"https:\\\/\\\/gruposanz.es\\\/fr\\\/\",\"logo\":{\"@type\":\"ImageObject\",\"inLanguage\":\"fr-FR\",\"@id\":\"https:\\\/\\\/gruposanz.es\\\/fr\\\/#\\\/schema\\\/logo\\\/image\\\/\",\"url\":\"https:\\\/\\\/gruposanz.es\\\/wp-content\\\/uploads\\\/2022\\\/10\\\/LOGOTIPO-GRUPO-SANZ-vertical.png\",\"contentUrl\":\"https:\\\/\\\/gruposanz.es\\\/wp-content\\\/uploads\\\/2022\\\/10\\\/LOGOTIPO-GRUPO-SANZ-vertical.png\",\"width\":1418,\"height\":1418,\"caption\":\"Grupo Sanz\"},\"image\":{\"@id\":\"https:\\\/\\\/gruposanz.es\\\/fr\\\/#\\\/schema\\\/logo\\\/image\\\/\"},\"sameAs\":[\"https:\\\/\\\/www.linkedin.com\\\/company\\\/grupo-sanz-hermanos\",\"https:\\\/\\\/www.youtube.com\\\/user\\\/GrupoSanz\"]}]}<\/script>\n<!-- \/ Yoast SEO plugin. -->","yoast_head_json":{"title":"Pulv\u00e9risateur Keeper Garden 1500 - Grupo Sanz","robots":{"index":"index","follow":"follow","max-snippet":"max-snippet:-1","max-image-preview":"max-image-preview:large","max-video-preview":"max-video-preview:-1"},"canonical":"https:\/\/gruposanz.es\/fr\/producto\/keeper-garden-1500-3","og_locale":"fr_FR","og_type":"article","og_title":"Pulv\u00e9risateur Keeper Garden 1500 - Grupo Sanz","og_description":"Pulv\u00e9risateurs manuels et \u00e9lectriques pour les applications de jardin","og_url":"https:\/\/gruposanz.es\/fr\/producto\/keeper-garden-1500-3","og_site_name":"Grupo Sanz","article_modified_time":"2019-08-06T09:43:25+00:00","og_image":[{"width":555,"height":555,"url":"https:\/\/gruposanz.es\/wp-content\/uploads\/2016\/01\/Keeper-Garden-1500-Bandeja-2.jpg","type":"image\/jpeg"}],"twitter_card":"summary_large_image","twitter_misc":{"Dur\u00e9e de lecture estim\u00e9e":"1 minute"},"schema":{"@context":"https:\/\/schema.org","@graph":[{"@type":"WebPage","@id":"https:\/\/gruposanz.es\/fr\/producto\/keeper-garden-1500-3","url":"https:\/\/gruposanz.es\/fr\/producto\/keeper-garden-1500-3","name":"Pulv\u00e9risateur Keeper Garden 1500 - Grupo Sanz","isPartOf":{"@id":"https:\/\/gruposanz.es\/fr\/#website"},"primaryImageOfPage":{"@id":"https:\/\/gruposanz.es\/fr\/producto\/keeper-garden-1500-3#primaryimage"},"image":{"@id":"https:\/\/gruposanz.es\/fr\/producto\/keeper-garden-1500-3#primaryimage"},"thumbnailUrl":"https:\/\/gruposanz.es\/wp-content\/uploads\/2016\/01\/Keeper-Garden-1500-Bandeja-2.jpg","datePublished":"2016-01-15T13:15:32+00:00","dateModified":"2019-08-06T09:43:25+00:00","breadcrumb":{"@id":"https:\/\/gruposanz.es\/fr\/producto\/keeper-garden-1500-3#breadcrumb"},"inLanguage":"fr-FR","potentialAction":[{"@type":"ReadAction","target":["https:\/\/gruposanz.es\/fr\/producto\/keeper-garden-1500-3"]}]},{"@type":"ImageObject","inLanguage":"fr-FR","@id":"https:\/\/gruposanz.es\/fr\/producto\/keeper-garden-1500-3#primaryimage","url":"https:\/\/gruposanz.es\/wp-content\/uploads\/2016\/01\/Keeper-Garden-1500-Bandeja-2.jpg","contentUrl":"https:\/\/gruposanz.es\/wp-content\/uploads\/2016\/01\/Keeper-Garden-1500-Bandeja-2.jpg","width":555,"height":555,"caption":"Pulv\u00e9risateur Keeper Garden 1500"},{"@type":"BreadcrumbList","@id":"https:\/\/gruposanz.es\/fr\/producto\/keeper-garden-1500-3#breadcrumb","itemListElement":[{"@type":"ListItem","position":1,"name":"Inicio","item":"https:\/\/gruposanz.es\/fr"},{"@type":"ListItem","position":2,"name":"Produits","item":"https:\/\/gruposanz.es\/fr\/shop"},{"@type":"ListItem","position":3,"name":"Maison et le jardin","item":"https:\/\/gruposanz.es\/fr\/categorie\/accueil-fournitures"},{"@type":"ListItem","position":4,"name":"Pulv\u00e9risateurs manuels","item":"https:\/\/gruposanz.es\/fr\/categorie\/accueil-fournitures\/pulverisateurs-manuels-accueil-fornitures"},{"@type":"ListItem","position":5,"name":"Pression pr\u00e9alable","item":"https:\/\/gruposanz.es\/fr\/categorie\/accueil-fournitures\/pulverisateurs-manuels-accueil-fornitures\/pression-precedente-manuels"},{"@type":"ListItem","position":6,"name":"Pulv\u00e9risateur Keeper Garden 1500"}]},{"@type":"WebSite","@id":"https:\/\/gruposanz.es\/fr\/#website","url":"https:\/\/gruposanz.es\/fr\/","name":"Grupo Sanz","description":"Grupo Sanz, fabricantes de productos de pulverizaci\u00f3n y poda con sus marcas Pulmic, Kamikaze, Keeper y Siqua","publisher":{"@id":"https:\/\/gruposanz.es\/fr\/#organization"},"potentialAction":[{"@type":"SearchAction","target":{"@type":"EntryPoint","urlTemplate":"https:\/\/gruposanz.es\/fr\/?s={search_term_string}"},"query-input":{"@type":"PropertyValueSpecification","valueRequired":true,"valueName":"search_term_string"}}],"inLanguage":"fr-FR"},{"@type":"Organization","@id":"https:\/\/gruposanz.es\/fr\/#organization","name":"Grupo Sanz","url":"https:\/\/gruposanz.es\/fr\/","logo":{"@type":"ImageObject","inLanguage":"fr-FR","@id":"https:\/\/gruposanz.es\/fr\/#\/schema\/logo\/image\/","url":"https:\/\/gruposanz.es\/wp-content\/uploads\/2022\/10\/LOGOTIPO-GRUPO-SANZ-vertical.png","contentUrl":"https:\/\/gruposanz.es\/wp-content\/uploads\/2022\/10\/LOGOTIPO-GRUPO-SANZ-vertical.png","width":1418,"height":1418,"caption":"Grupo Sanz"},"image":{"@id":"https:\/\/gruposanz.es\/fr\/#\/schema\/logo\/image\/"},"sameAs":["https:\/\/www.linkedin.com\/company\/grupo-sanz-hermanos","https:\/\/www.youtube.com\/user\/GrupoSanz"]}]}},"_links":{"self":[{"href":"https:\/\/gruposanz.es\/fr\/wp-json\/wp\/v2\/product\/25755","targetHints":{"allow":["GET"]}}],"collection":[{"href":"https:\/\/gruposanz.es\/fr\/wp-json\/wp\/v2\/product"}],"about":[{"href":"https:\/\/gruposanz.es\/fr\/wp-json\/wp\/v2\/types\/product"}],"wp:featuredmedia":[{"embeddable":true,"href":"https:\/\/gruposanz.es\/fr\/wp-json\/wp\/v2\/media\/45788"}],"wp:attachment":[{"href":"https:\/\/gruposanz.es\/fr\/wp-json\/wp\/v2\/media?parent=25755"}],"wp:term":[{"taxonomy":"product_brand","embeddable":true,"href":"https:\/\/gruposanz.es\/fr\/wp-json\/wp\/v2\/product_brand?post=25755"},{"taxonomy":"product_cat","embeddable":true,"href":"https:\/\/gruposanz.es\/fr\/wp-json\/wp\/v2\/product_cat?post=25755"},{"taxonomy":"product_tag","embeddable":true,"href":"https:\/\/gruposanz.es\/fr\/wp-json\/wp\/v2\/product_tag?post=25755"}],"curies":[{"name":"wp","href":"https:\/\/api.w.org\/{rel}","templated":true}]}}