{"id":25962,"date":"2025-08-31T19:24:25","date_gmt":"2015-12-04T10:46:42","guid":{"rendered":"http:\/\/gruposanz.es\/?post_type=product&#038;p=25962"},"modified":"2025-10-01T11:08:12","modified_gmt":"2025-10-01T09:08:12","slug":"pulmic-raptor-7-3","status":"publish","type":"product","link":"https:\/\/gruposanz.es\/fr\/producto\/pulmic-raptor-7-3","title":{"rendered":"Pulv\u00e9risateur Pulmic Raptor 7"},"content":{"rendered":"<div class=\"wpb-content-wrapper\"><p>[vc_row][vc_column][vc_column_text css=&#8221;&#8221;]<\/p>\n<h4><span style=\"color: #b7000c;\"><strong>Description<\/strong><\/span><\/h4>\n<p><b>Pulmic Raptor 7 (2025)<\/b> adopte un<strong>\u00a0design renouvel\u00e9 dot\u00e9 de pieds \u00e0 appuyer pour stabiliser le pulv\u00e9risateur pendant le pompage<\/strong>, \u00e9vitant tout d\u00e9placement du pulv\u00e9risateur.<\/p>\n<h4><span style=\"color: #b7000c;\"><strong>Caract\u00e9ristiques<\/strong><\/span><\/h4>\n<p><b>&#8211; Capacit\u00e9 utile<\/b> : 5 L (r\u00e9servoir 6,7 L)<br \/>\n<b>&#8211; Pression de travail<\/b> : 1,5\u20132,5 bar (insecticides) et 1\u20131,5 bar (herbicides)<br \/>\n<b>&#8211; Buse<\/b> : c\u00f4ne r\u00e9glable en POM<br \/>\n<b>&#8211; Lance<\/b> : Fibre de verre, diam\u00e8tre 8 mm, longueur 47 cm. Longueur totale (lance + manche)\u00a0: 62 cm.<br \/>\n<b>&#8211; Poign\u00e9e<\/b> : polypropyl\u00e8ne avec joints Viton<br \/>\n<b>&#8211; Tuyau<\/b>\u00a0: PVC.[\/vc_column_text][vc_row_inner][vc_column_inner width=&#8221;1\/6&#8243; offset=&#8221;vc_col-xs-3&#8243;][vc_single_image image=&#8221;46718&#8243; img_size=&#8221;&#8221; alignment=&#8221;center&#8221;][\/vc_column_inner][vc_column_inner width=&#8221;1\/6&#8243; offset=&#8221;vc_col-xs-3&#8243;][vc_single_image image=&#8221;46693&#8243; img_size=&#8221;full&#8221; alignment=&#8221;center&#8221;][\/vc_column_inner][vc_column_inner width=&#8221;1\/6&#8243; offset=&#8221;vc_col-xs-4&#8243;][vc_single_image image=&#8221;46763&#8243; img_size=&#8221;full&#8221; alignment=&#8221;center&#8221;][\/vc_column_inner][vc_column_inner width=&#8221;1\/6&#8243; offset=&#8221;vc_col-xs-4&#8243;][vc_single_image image=&#8221;46798&#8243; img_size=&#8221;full&#8221; alignment=&#8221;center&#8221;][\/vc_column_inner][vc_column_inner width=&#8221;1\/6&#8243; offset=&#8221;vc_col-xs-4&#8243;][vc_single_image image=&#8221;46753&#8243; img_size=&#8221;full&#8221; alignment=&#8221;center&#8221;][\/vc_column_inner][vc_column_inner width=&#8221;1\/6&#8243;][\/vc_column_inner][\/vc_row_inner][\/vc_column][\/vc_row][vc_row][vc_column][vc_row_inner][vc_column_inner width=&#8221;2\/3&#8243;][vc_btn title=&#8221;FICHE TECNIQUE COMMERCIAL&#8221; style=&#8221;custom&#8221; custom_background=&#8221;#b7000c&#8221; custom_text=&#8221;#ffffff&#8221; shape=&#8221;square&#8221; align=&#8221;center&#8221; i_icon_fontawesome=&#8221;fas fa-file-pdf&#8221; css=&#8221;&#8221; button_block=&#8221;true&#8221; add_icon=&#8221;true&#8221; link=&#8221;url:%2Fwp-content%2Fuploads%2Fftc%2Ffr%2FFTC19264-Pulmic-Raptor7.pdf|target:_blank|rel:nofollow&#8221; el_class=&#8221;boton-descarga-producto&#8221;][\/vc_column_inner][vc_column_inner width=&#8221;1\/3&#8243;][vc_btn title=&#8221;MANUEL&#8221; style=&#8221;custom&#8221; custom_background=&#8221;#b7000c&#8221; custom_text=&#8221;#ffffff&#8221; shape=&#8221;square&#8221; align=&#8221;center&#8221; i_icon_fontawesome=&#8221;fas fa-file-pdf&#8221; css=&#8221;&#8221; button_block=&#8221;true&#8221; add_icon=&#8221;true&#8221; link=&#8221;url:%2Fwp-content%2Fuploads%2Fmanual%2FManualPulmicRaptor7.pdf|target:_blank|rel:nofollow&#8221; el_class=&#8221;boton-descarga-producto&#8221;][\/vc_column_inner][\/vc_row_inner][\/vc_column][\/vc_row][vc_row disable_element=&#8221;yes&#8221;][vc_column][vc_row_inner][vc_column_inner width=&#8221;2\/3&#8243;][vc_btn title=&#8221;FICHE TECNIQUE COMMERCIAL&#8221; style=&#8221;custom&#8221; custom_background=&#8221;#b7000c&#8221; custom_text=&#8221;#ffffff&#8221; shape=&#8221;square&#8221; align=&#8221;center&#8221; i_icon_fontawesome=&#8221;fa fa-file-pdf-o&#8221; button_block=&#8221;true&#8221; add_icon=&#8221;true&#8221; link=&#8221;url:%2Fwp-content%2Fuploads%2F2019%2F08%2F7823-FTC-Keeper-Garden-16.pdf||target:%20_blank|&#8221; el_class=&#8221;boton-descarga-producto&#8221;][\/vc_column_inner][vc_column_inner width=&#8221;1\/3&#8243;][vc_btn title=&#8221;MANUEL&#8221; style=&#8221;custom&#8221; custom_background=&#8221;#b7000c&#8221; custom_text=&#8221;#ffffff&#8221; shape=&#8221;square&#8221; align=&#8221;center&#8221; i_icon_fontawesome=&#8221;fa fa-file-pdf-o&#8221; button_block=&#8221;true&#8221; add_icon=&#8221;true&#8221; link=&#8221;url:%2Fwp-content%2Fuploads%2F2018%2F03%2FManual-de-instrucciones-Garden-12-16-WEB.pdf||target:%20_blank|&#8221; el_class=&#8221;boton-descarga-producto&#8221;][\/vc_column_inner][\/vc_row_inner][vc_row_inner][vc_column_inner width=&#8221;2\/3&#8243;][vc_btn title=&#8221;ACTIVER LA GARANTIE&#8221; style=&#8221;custom&#8221; custom_background=&#8221;#b7000c&#8221; custom_text=&#8221;#ffffff&#8221; shape=&#8221;square&#8221; align=&#8221;center&#8221; i_icon_fontawesome=&#8221;fa fa-file-pdf-o&#8221; button_block=&#8221;true&#8221; add_icon=&#8221;true&#8221; link=&#8221;url:%2Ffr%2Factivation-de-la-garantie|title:Warranty%20Activation|target:%20_blank|&#8221; el_class=&#8221;boton-descarga-producto&#8221;][\/vc_column_inner][vc_column_inner width=&#8221;1\/3&#8243;][\/vc_column_inner][\/vc_row_inner][\/vc_column][\/vc_row][vc_row css=&#8221;.vc_custom_1566236629631{margin-top: 0px !important;}&#8221;][vc_column][vc_single_image image=&#8221;46673&#8243; img_size=&#8221;full&#8221; alignment=&#8221;center&#8221;][\/vc_column][\/vc_row]<\/p>\n<\/div>","protected":false},"excerpt":{"rendered":"<h2 style=\"text-align: center;\"><span style=\"color: #ffffff;\"><strong>Pulv\u00e9risateurs \u00e9lectriques et manuels pour les applications de agriculture <\/strong><\/span><\/h2>\n","protected":false},"featured_media":103309,"template":"","meta":[],"product_brand":[],"product_cat":[864,975,981],"product_tag":[3373],"class_list":{"0":"post-25962","1":"product","2":"type-product","3":"status-publish","4":"has-post-thumbnail","6":"product_cat-agricole","7":"product_cat-application-manuelle","8":"product_cat-pression-precedente","9":"product_tag-produits-pulmic","11":"first","12":"instock","13":"shipping-taxable","14":"product-type-simple"},"yoast_head":"<!-- This site is optimized with the Yoast SEO plugin v27.3 - https:\/\/yoast.com\/product\/yoast-seo-wordpress\/ -->\n<title>Pulv\u00e9risateur Pulmic Raptor 7 para aplicaci\u00f3n en agricultura - Grupo Sanz<\/title>\n<meta name=\"description\" content=\"Descubre nuestro pulverizador Pulmic raptor 17 pensado para la aplicaci\u00f3n en agricultura y que cuenta con todas las comodidades.\" \/>\n<meta name=\"robots\" content=\"index, follow, max-snippet:-1, max-image-preview:large, max-video-preview:-1\" \/>\n<link rel=\"canonical\" href=\"https:\/\/gruposanz.es\/fr\/producto\/pulmic-raptor-7-3\" \/>\n<meta property=\"og:locale\" content=\"fr_FR\" \/>\n<meta property=\"og:type\" content=\"article\" \/>\n<meta property=\"og:title\" content=\"Pulv\u00e9risateur Pulmic Raptor 7 para aplicaci\u00f3n en agricultura - Grupo Sanz\" \/>\n<meta property=\"og:description\" content=\"Descubre nuestro pulverizador Pulmic raptor 17 pensado para la aplicaci\u00f3n en agricultura y que cuenta con todas las comodidades.\" \/>\n<meta property=\"og:url\" content=\"https:\/\/gruposanz.es\/fr\/producto\/pulmic-raptor-7-3\" \/>\n<meta property=\"og:site_name\" content=\"Grupo Sanz\" \/>\n<meta property=\"article:modified_time\" content=\"2025-10-01T09:08:12+00:00\" \/>\n<meta property=\"og:image\" content=\"https:\/\/gruposanz.es\/wp-content\/uploads\/2016\/01\/Raptor_7_001.jpg\" \/>\n\t<meta property=\"og:image:width\" content=\"1200\" \/>\n\t<meta property=\"og:image:height\" content=\"1200\" \/>\n\t<meta property=\"og:image:type\" content=\"image\/jpeg\" \/>\n<meta name=\"twitter:card\" content=\"summary_large_image\" \/>\n<meta name=\"twitter:label1\" content=\"Dur\u00e9e de lecture estim\u00e9e\" \/>\n\t<meta name=\"twitter:data1\" content=\"3 minutes\" \/>\n<script type=\"application\/ld+json\" class=\"yoast-schema-graph\">{\"@context\":\"https:\\\/\\\/schema.org\",\"@graph\":[{\"@type\":\"WebPage\",\"@id\":\"https:\\\/\\\/gruposanz.es\\\/fr\\\/producto\\\/pulmic-raptor-7-3\",\"url\":\"https:\\\/\\\/gruposanz.es\\\/fr\\\/producto\\\/pulmic-raptor-7-3\",\"name\":\"Pulv\u00e9risateur Pulmic Raptor 7 para aplicaci\u00f3n en agricultura - Grupo Sanz\",\"isPartOf\":{\"@id\":\"https:\\\/\\\/gruposanz.es\\\/fr\\\/#website\"},\"primaryImageOfPage\":{\"@id\":\"https:\\\/\\\/gruposanz.es\\\/fr\\\/producto\\\/pulmic-raptor-7-3#primaryimage\"},\"image\":{\"@id\":\"https:\\\/\\\/gruposanz.es\\\/fr\\\/producto\\\/pulmic-raptor-7-3#primaryimage\"},\"thumbnailUrl\":\"https:\\\/\\\/gruposanz.es\\\/wp-content\\\/uploads\\\/2016\\\/01\\\/Raptor_7_001.jpg\",\"datePublished\":\"2015-12-04T10:46:42+00:00\",\"dateModified\":\"2025-10-01T09:08:12+00:00\",\"description\":\"Descubre nuestro pulverizador Pulmic raptor 17 pensado para la aplicaci\u00f3n en agricultura y que cuenta con todas las comodidades.\",\"breadcrumb\":{\"@id\":\"https:\\\/\\\/gruposanz.es\\\/fr\\\/producto\\\/pulmic-raptor-7-3#breadcrumb\"},\"inLanguage\":\"fr-FR\",\"potentialAction\":[{\"@type\":\"ReadAction\",\"target\":[\"https:\\\/\\\/gruposanz.es\\\/fr\\\/producto\\\/pulmic-raptor-7-3\"]}]},{\"@type\":\"ImageObject\",\"inLanguage\":\"fr-FR\",\"@id\":\"https:\\\/\\\/gruposanz.es\\\/fr\\\/producto\\\/pulmic-raptor-7-3#primaryimage\",\"url\":\"https:\\\/\\\/gruposanz.es\\\/wp-content\\\/uploads\\\/2016\\\/01\\\/Raptor_7_001.jpg\",\"contentUrl\":\"https:\\\/\\\/gruposanz.es\\\/wp-content\\\/uploads\\\/2016\\\/01\\\/Raptor_7_001.jpg\",\"width\":1200,\"height\":1200,\"caption\":\"Pulverizador Pulmic Raptor 7\"},{\"@type\":\"BreadcrumbList\",\"@id\":\"https:\\\/\\\/gruposanz.es\\\/fr\\\/producto\\\/pulmic-raptor-7-3#breadcrumb\",\"itemListElement\":[{\"@type\":\"ListItem\",\"position\":1,\"name\":\"Inicio\",\"item\":\"https:\\\/\\\/gruposanz.es\\\/fr\"},{\"@type\":\"ListItem\",\"position\":2,\"name\":\"Produits\",\"item\":\"https:\\\/\\\/gruposanz.es\\\/fr\\\/shop\"},{\"@type\":\"ListItem\",\"position\":3,\"name\":\"Agriculture\",\"item\":\"https:\\\/\\\/gruposanz.es\\\/fr\\\/categorie\\\/agricole\"},{\"@type\":\"ListItem\",\"position\":4,\"name\":\"Application manuelle\",\"item\":\"https:\\\/\\\/gruposanz.es\\\/fr\\\/categorie\\\/agricole\\\/application-manuelle\"},{\"@type\":\"ListItem\",\"position\":5,\"name\":\"Pression pr\u00e9alable\",\"item\":\"https:\\\/\\\/gruposanz.es\\\/fr\\\/categorie\\\/agricole\\\/application-manuelle\\\/pression-precedente\"},{\"@type\":\"ListItem\",\"position\":6,\"name\":\"Pulv\u00e9risateur Pulmic Raptor 7\"}]},{\"@type\":\"WebSite\",\"@id\":\"https:\\\/\\\/gruposanz.es\\\/fr\\\/#website\",\"url\":\"https:\\\/\\\/gruposanz.es\\\/fr\\\/\",\"name\":\"Grupo Sanz\",\"description\":\"Grupo Sanz, fabricantes de productos de pulverizaci\u00f3n y poda con sus marcas Pulmic, Kamikaze, Keeper y Siqua\",\"publisher\":{\"@id\":\"https:\\\/\\\/gruposanz.es\\\/fr\\\/#organization\"},\"potentialAction\":[{\"@type\":\"SearchAction\",\"target\":{\"@type\":\"EntryPoint\",\"urlTemplate\":\"https:\\\/\\\/gruposanz.es\\\/fr\\\/?s={search_term_string}\"},\"query-input\":{\"@type\":\"PropertyValueSpecification\",\"valueRequired\":true,\"valueName\":\"search_term_string\"}}],\"inLanguage\":\"fr-FR\"},{\"@type\":\"Organization\",\"@id\":\"https:\\\/\\\/gruposanz.es\\\/fr\\\/#organization\",\"name\":\"Grupo Sanz\",\"url\":\"https:\\\/\\\/gruposanz.es\\\/fr\\\/\",\"logo\":{\"@type\":\"ImageObject\",\"inLanguage\":\"fr-FR\",\"@id\":\"https:\\\/\\\/gruposanz.es\\\/fr\\\/#\\\/schema\\\/logo\\\/image\\\/\",\"url\":\"https:\\\/\\\/gruposanz.es\\\/wp-content\\\/uploads\\\/2022\\\/10\\\/LOGOTIPO-GRUPO-SANZ-vertical.png\",\"contentUrl\":\"https:\\\/\\\/gruposanz.es\\\/wp-content\\\/uploads\\\/2022\\\/10\\\/LOGOTIPO-GRUPO-SANZ-vertical.png\",\"width\":1418,\"height\":1418,\"caption\":\"Grupo Sanz\"},\"image\":{\"@id\":\"https:\\\/\\\/gruposanz.es\\\/fr\\\/#\\\/schema\\\/logo\\\/image\\\/\"},\"sameAs\":[\"https:\\\/\\\/www.linkedin.com\\\/company\\\/grupo-sanz-hermanos\",\"https:\\\/\\\/www.youtube.com\\\/user\\\/GrupoSanz\"]}]}<\/script>\n<!-- \/ Yoast SEO plugin. -->","yoast_head_json":{"title":"Pulv\u00e9risateur Pulmic Raptor 7 para aplicaci\u00f3n en agricultura - Grupo Sanz","description":"Descubre nuestro pulverizador Pulmic raptor 17 pensado para la aplicaci\u00f3n en agricultura y que cuenta con todas las comodidades.","robots":{"index":"index","follow":"follow","max-snippet":"max-snippet:-1","max-image-preview":"max-image-preview:large","max-video-preview":"max-video-preview:-1"},"canonical":"https:\/\/gruposanz.es\/fr\/producto\/pulmic-raptor-7-3","og_locale":"fr_FR","og_type":"article","og_title":"Pulv\u00e9risateur Pulmic Raptor 7 para aplicaci\u00f3n en agricultura - Grupo Sanz","og_description":"Descubre nuestro pulverizador Pulmic raptor 17 pensado para la aplicaci\u00f3n en agricultura y que cuenta con todas las comodidades.","og_url":"https:\/\/gruposanz.es\/fr\/producto\/pulmic-raptor-7-3","og_site_name":"Grupo Sanz","article_modified_time":"2025-10-01T09:08:12+00:00","og_image":[{"width":1200,"height":1200,"url":"https:\/\/gruposanz.es\/wp-content\/uploads\/2016\/01\/Raptor_7_001.jpg","type":"image\/jpeg"}],"twitter_card":"summary_large_image","twitter_misc":{"Dur\u00e9e de lecture estim\u00e9e":"3 minutes"},"schema":{"@context":"https:\/\/schema.org","@graph":[{"@type":"WebPage","@id":"https:\/\/gruposanz.es\/fr\/producto\/pulmic-raptor-7-3","url":"https:\/\/gruposanz.es\/fr\/producto\/pulmic-raptor-7-3","name":"Pulv\u00e9risateur Pulmic Raptor 7 para aplicaci\u00f3n en agricultura - Grupo Sanz","isPartOf":{"@id":"https:\/\/gruposanz.es\/fr\/#website"},"primaryImageOfPage":{"@id":"https:\/\/gruposanz.es\/fr\/producto\/pulmic-raptor-7-3#primaryimage"},"image":{"@id":"https:\/\/gruposanz.es\/fr\/producto\/pulmic-raptor-7-3#primaryimage"},"thumbnailUrl":"https:\/\/gruposanz.es\/wp-content\/uploads\/2016\/01\/Raptor_7_001.jpg","datePublished":"2015-12-04T10:46:42+00:00","dateModified":"2025-10-01T09:08:12+00:00","description":"Descubre nuestro pulverizador Pulmic raptor 17 pensado para la aplicaci\u00f3n en agricultura y que cuenta con todas las comodidades.","breadcrumb":{"@id":"https:\/\/gruposanz.es\/fr\/producto\/pulmic-raptor-7-3#breadcrumb"},"inLanguage":"fr-FR","potentialAction":[{"@type":"ReadAction","target":["https:\/\/gruposanz.es\/fr\/producto\/pulmic-raptor-7-3"]}]},{"@type":"ImageObject","inLanguage":"fr-FR","@id":"https:\/\/gruposanz.es\/fr\/producto\/pulmic-raptor-7-3#primaryimage","url":"https:\/\/gruposanz.es\/wp-content\/uploads\/2016\/01\/Raptor_7_001.jpg","contentUrl":"https:\/\/gruposanz.es\/wp-content\/uploads\/2016\/01\/Raptor_7_001.jpg","width":1200,"height":1200,"caption":"Pulverizador Pulmic Raptor 7"},{"@type":"BreadcrumbList","@id":"https:\/\/gruposanz.es\/fr\/producto\/pulmic-raptor-7-3#breadcrumb","itemListElement":[{"@type":"ListItem","position":1,"name":"Inicio","item":"https:\/\/gruposanz.es\/fr"},{"@type":"ListItem","position":2,"name":"Produits","item":"https:\/\/gruposanz.es\/fr\/shop"},{"@type":"ListItem","position":3,"name":"Agriculture","item":"https:\/\/gruposanz.es\/fr\/categorie\/agricole"},{"@type":"ListItem","position":4,"name":"Application manuelle","item":"https:\/\/gruposanz.es\/fr\/categorie\/agricole\/application-manuelle"},{"@type":"ListItem","position":5,"name":"Pression pr\u00e9alable","item":"https:\/\/gruposanz.es\/fr\/categorie\/agricole\/application-manuelle\/pression-precedente"},{"@type":"ListItem","position":6,"name":"Pulv\u00e9risateur Pulmic Raptor 7"}]},{"@type":"WebSite","@id":"https:\/\/gruposanz.es\/fr\/#website","url":"https:\/\/gruposanz.es\/fr\/","name":"Grupo Sanz","description":"Grupo Sanz, fabricantes de productos de pulverizaci\u00f3n y poda con sus marcas Pulmic, Kamikaze, Keeper y Siqua","publisher":{"@id":"https:\/\/gruposanz.es\/fr\/#organization"},"potentialAction":[{"@type":"SearchAction","target":{"@type":"EntryPoint","urlTemplate":"https:\/\/gruposanz.es\/fr\/?s={search_term_string}"},"query-input":{"@type":"PropertyValueSpecification","valueRequired":true,"valueName":"search_term_string"}}],"inLanguage":"fr-FR"},{"@type":"Organization","@id":"https:\/\/gruposanz.es\/fr\/#organization","name":"Grupo Sanz","url":"https:\/\/gruposanz.es\/fr\/","logo":{"@type":"ImageObject","inLanguage":"fr-FR","@id":"https:\/\/gruposanz.es\/fr\/#\/schema\/logo\/image\/","url":"https:\/\/gruposanz.es\/wp-content\/uploads\/2022\/10\/LOGOTIPO-GRUPO-SANZ-vertical.png","contentUrl":"https:\/\/gruposanz.es\/wp-content\/uploads\/2022\/10\/LOGOTIPO-GRUPO-SANZ-vertical.png","width":1418,"height":1418,"caption":"Grupo Sanz"},"image":{"@id":"https:\/\/gruposanz.es\/fr\/#\/schema\/logo\/image\/"},"sameAs":["https:\/\/www.linkedin.com\/company\/grupo-sanz-hermanos","https:\/\/www.youtube.com\/user\/GrupoSanz"]}]}},"_links":{"self":[{"href":"https:\/\/gruposanz.es\/fr\/wp-json\/wp\/v2\/product\/25962","targetHints":{"allow":["GET"]}}],"collection":[{"href":"https:\/\/gruposanz.es\/fr\/wp-json\/wp\/v2\/product"}],"about":[{"href":"https:\/\/gruposanz.es\/fr\/wp-json\/wp\/v2\/types\/product"}],"wp:featuredmedia":[{"embeddable":true,"href":"https:\/\/gruposanz.es\/fr\/wp-json\/wp\/v2\/media\/103309"}],"wp:attachment":[{"href":"https:\/\/gruposanz.es\/fr\/wp-json\/wp\/v2\/media?parent=25962"}],"wp:term":[{"taxonomy":"product_brand","embeddable":true,"href":"https:\/\/gruposanz.es\/fr\/wp-json\/wp\/v2\/product_brand?post=25962"},{"taxonomy":"product_cat","embeddable":true,"href":"https:\/\/gruposanz.es\/fr\/wp-json\/wp\/v2\/product_cat?post=25962"},{"taxonomy":"product_tag","embeddable":true,"href":"https:\/\/gruposanz.es\/fr\/wp-json\/wp\/v2\/product_tag?post=25962"}],"curies":[{"name":"wp","href":"https:\/\/api.w.org\/{rel}","templated":true}]}}