{"id":26071,"date":"2016-01-18T16:27:28","date_gmt":"2015-12-18T16:06:43","guid":{"rendered":"http:\/\/gruposanz.es\/?post_type=product&#038;p=26071"},"modified":"2024-11-12T10:18:11","modified_gmt":"2024-11-12T09:18:11","slug":"tlx-2x1-3","status":"publish","type":"product","link":"https:\/\/gruposanz.es\/fr\/producto\/tlx-2x1-3","title":{"rendered":"Scie t\u00e9lescopique TLX 2&#215;1 330-H"},"content":{"rendered":"<div class=\"wpb-content-wrapper\"><p>[vc_row][vc_column][vc_column_text]<\/p>\n<h4><span style=\"color: #b7000c;\"><strong>Description du poteau<\/strong><\/span><\/h4>\n<p style=\"text-align: justify;\">Scie t\u00e9lescopique ovale avec aluminium de 2m.<\/p>\n<h4><span style=\"color: #b7000c;\"><strong>Caract\u00e9ristiques du p\u00f4le TLX 2&#215;1<\/strong><\/span><\/h4>\n<p>&#8211; Mieux r\u00e9gulation en hauteur, le tube de moins de diam\u00e8tre facilite ajuster les diff\u00e9rentes longitudes<br \/>\n&#8211; Double syst\u00e8me de blocage, int\u00e9gr\u00e9 sur le poign\u00e9e qui garantit une fixation puls s\u00fbre et r\u00e9sistant<br \/>\n&#8211; Lame fabriqu\u00e9 en polyamide pour avoir moins de poids sur la zone sup\u00e9rieur du t\u00e9lescopique<br \/>\n&#8211; Lame courbe chrom\u00e9 avec dents tremp\u00e9<br \/>\n&#8211; Couverture prot\u00e9gerg en plastique<br \/>\n&#8211; Les dents de la lame sont affil\u00e9es de mani\u00e8re que seulement les dents touche les branches, donc on r\u00e9duit la friction entre le tronc et la lame.<br \/>\n&#8211; La lame proportionne une parfaite coupure et r\u00e9gulier, avec moins de r\u00e9sistance et sans faire dommage aux arbres.<br \/>\n&#8211; Coupure par traction, r\u00e9duit l\u00b4effort et \u00e9vite la torsion de la lame.<br \/>\n&#8211; Dent tremp\u00e9 par impulse, qui augmente la vie de l\u00b4affilage.<br \/>\n&#8211; Lame chrom\u00e9, \u00e9vitent la corrosion et facilite le nettoyage de la s\u00e8ve<br \/>\n&#8211; Acier SK-4 riche en carbone. Augmentant la durabilit\u00e9 de la lame<br \/>\n&#8211; Nous vendons lame en remplacement.[\/vc_column_text][vc_row_inner][vc_column_inner width=&#8221;1\/6&#8243; offset=&#8221;vc_col-xs-3&#8243;][vc_single_image image=&#8221;40914&#8243; img_size=&#8221;&#8221; alignment=&#8221;center&#8221;][\/vc_column_inner][vc_column_inner width=&#8221;1\/6&#8243; offset=&#8221;vc_col-xs-3&#8243;][vc_single_image image=&#8221;41122&#8243; img_size=&#8221;full&#8221; alignment=&#8221;center&#8221;][\/vc_column_inner][vc_column_inner width=&#8221;1\/6&#8243; offset=&#8221;vc_col-xs-4&#8243;][vc_single_image image=&#8221;49578&#8243; img_size=&#8221;full&#8221; alignment=&#8221;center&#8221;][\/vc_column_inner][vc_column_inner width=&#8221;1\/6&#8243; offset=&#8221;vc_col-xs-4&#8243;][\/vc_column_inner][vc_column_inner width=&#8221;1\/6&#8243; offset=&#8221;vc_col-xs-4&#8243;][\/vc_column_inner][vc_column_inner width=&#8221;1\/6&#8243; offset=&#8221;vc_col-xs-3&#8243;][\/vc_column_inner][\/vc_row_inner][\/vc_column][\/vc_row][vc_row][vc_column][vc_row_inner][vc_column_inner width=&#8221;1\/2&#8243;][vc_btn title=&#8221;FICHA T\u00c9CNICO-COMERCIAL&#8221; style=&#8221;custom&#8221; custom_background=&#8221;#b7000c&#8221; custom_text=&#8221;#ffffff&#8221; shape=&#8221;square&#8221; align=&#8221;center&#8221; i_icon_fontawesome=&#8221;fas fa-file-pdf&#8221; css=&#8221;&#8221; button_block=&#8221;true&#8221; add_icon=&#8221;true&#8221; link=&#8221;url:%2Fwp-content%2Fuploads%2Fftc%2Ffr%2FFTC8505-2x1m330H.pdf|target:_blank|rel:nofollow&#8221; el_class=&#8221;boton-descarga-producto&#8221;][\/vc_column_inner][vc_column_inner width=&#8221;1\/2&#8243;][\/vc_column_inner][\/vc_row_inner][\/vc_column][\/vc_row][vc_row disable_element=&#8221;yes&#8221;][vc_column][vc_row_inner][vc_column_inner width=&#8221;1\/2&#8243;][vc_btn title=&#8221;FICHA T\u00c9CNICO-COMERCIAL&#8221; style=&#8221;custom&#8221; custom_background=&#8221;#b7000c&#8221; custom_text=&#8221;#ffffff&#8221; shape=&#8221;square&#8221; align=&#8221;center&#8221; i_icon_fontawesome=&#8221;fa fa-file-pdf-o&#8221; button_block=&#8221;true&#8221; add_icon=&#8221;true&#8221; link=&#8221;url:%2Fwp-content%2Fuploads%2F2019%2F08%2F7823-FTC-Keeper-Garden-16.pdf||target:%20_blank|&#8221; el_class=&#8221;boton-descarga-producto&#8221;][\/vc_column_inner][vc_column_inner width=&#8221;1\/2&#8243;][vc_btn title=&#8221;MANUAL&#8221; style=&#8221;custom&#8221; custom_background=&#8221;#b7000c&#8221; custom_text=&#8221;#ffffff&#8221; shape=&#8221;square&#8221; align=&#8221;center&#8221; i_icon_fontawesome=&#8221;fa fa-file-pdf-o&#8221; button_block=&#8221;true&#8221; add_icon=&#8221;true&#8221; link=&#8221;url:%2Fwp-content%2Fuploads%2F2018%2F03%2FManual-de-instrucciones-Garden-12-16-WEB.pdf||target:%20_blank|&#8221; el_class=&#8221;boton-descarga-producto&#8221;][\/vc_column_inner][\/vc_row_inner][\/vc_column][\/vc_row][vc_row css=&#8221;.vc_custom_1565016375734{margin-top: 0px !important;}&#8221;][vc_column][vc_single_image image=&#8221;48264&#8243; img_size=&#8221;full&#8221; alignment=&#8221;center&#8221;][\/vc_column][\/vc_row]<\/p>\n<\/div>","protected":false},"excerpt":{"rendered":"<h2 style=\"text-align: center;\"><span style=\"color: #ffffff;\"><strong>La solution de bois dur<\/strong><\/span><\/h2>\n","protected":false},"featured_media":49878,"template":"","meta":[],"product_brand":[],"product_cat":[864,1358,2672,1460],"product_tag":[3394,3385],"class_list":{"0":"post-26071","1":"product","2":"type-product","3":"status-publish","4":"has-post-thumbnail","6":"product_cat-agricole","7":"product_cat-scie","8":"product_cat-advance-fr","9":"product_cat-telescopique","10":"product_tag-kamikaze-advance-fr","11":"product_tag-produits-kamikaze","13":"first","14":"instock","15":"shipping-taxable","16":"product-type-simple"},"yoast_head":"<!-- This site is optimized with the Yoast SEO plugin v27.3 - https:\/\/yoast.com\/product\/yoast-seo-wordpress\/ -->\n<title>Scie t\u00e9lescopique TLX 2x1 330-H - Grupo Sanz<\/title>\n<meta name=\"robots\" content=\"index, follow, max-snippet:-1, max-image-preview:large, max-video-preview:-1\" \/>\n<link rel=\"canonical\" href=\"https:\/\/gruposanz.es\/fr\/producto\/tlx-2x1-3\" \/>\n<meta property=\"og:locale\" content=\"fr_FR\" \/>\n<meta property=\"og:type\" content=\"article\" \/>\n<meta property=\"og:title\" content=\"Scie t\u00e9lescopique TLX 2x1 330-H - Grupo Sanz\" \/>\n<meta property=\"og:description\" content=\"La solution de bois dur\" \/>\n<meta property=\"og:url\" content=\"https:\/\/gruposanz.es\/fr\/producto\/tlx-2x1-3\" \/>\n<meta property=\"og:site_name\" content=\"Grupo Sanz\" \/>\n<meta property=\"article:modified_time\" content=\"2024-11-12T09:18:11+00:00\" \/>\n<meta property=\"og:image\" content=\"https:\/\/gruposanz.es\/wp-content\/uploads\/2016\/01\/8505_tlx_330_h-2.jpg\" \/>\n\t<meta property=\"og:image:width\" content=\"555\" \/>\n\t<meta property=\"og:image:height\" content=\"555\" \/>\n\t<meta property=\"og:image:type\" content=\"image\/jpeg\" \/>\n<meta name=\"twitter:card\" content=\"summary_large_image\" \/>\n<meta name=\"twitter:label1\" content=\"Dur\u00e9e de lecture estim\u00e9e\" \/>\n\t<meta name=\"twitter:data1\" content=\"3 minutes\" \/>\n<script type=\"application\/ld+json\" class=\"yoast-schema-graph\">{\"@context\":\"https:\\\/\\\/schema.org\",\"@graph\":[{\"@type\":\"WebPage\",\"@id\":\"https:\\\/\\\/gruposanz.es\\\/fr\\\/producto\\\/tlx-2x1-3\",\"url\":\"https:\\\/\\\/gruposanz.es\\\/fr\\\/producto\\\/tlx-2x1-3\",\"name\":\"Scie t\u00e9lescopique TLX 2x1 330-H - Grupo Sanz\",\"isPartOf\":{\"@id\":\"https:\\\/\\\/gruposanz.es\\\/fr\\\/#website\"},\"primaryImageOfPage\":{\"@id\":\"https:\\\/\\\/gruposanz.es\\\/fr\\\/producto\\\/tlx-2x1-3#primaryimage\"},\"image\":{\"@id\":\"https:\\\/\\\/gruposanz.es\\\/fr\\\/producto\\\/tlx-2x1-3#primaryimage\"},\"thumbnailUrl\":\"https:\\\/\\\/gruposanz.es\\\/wp-content\\\/uploads\\\/2016\\\/01\\\/8505_tlx_330_h-2.jpg\",\"datePublished\":\"2015-12-18T16:06:43+00:00\",\"dateModified\":\"2024-11-12T09:18:11+00:00\",\"breadcrumb\":{\"@id\":\"https:\\\/\\\/gruposanz.es\\\/fr\\\/producto\\\/tlx-2x1-3#breadcrumb\"},\"inLanguage\":\"fr-FR\",\"potentialAction\":[{\"@type\":\"ReadAction\",\"target\":[\"https:\\\/\\\/gruposanz.es\\\/fr\\\/producto\\\/tlx-2x1-3\"]}]},{\"@type\":\"ImageObject\",\"inLanguage\":\"fr-FR\",\"@id\":\"https:\\\/\\\/gruposanz.es\\\/fr\\\/producto\\\/tlx-2x1-3#primaryimage\",\"url\":\"https:\\\/\\\/gruposanz.es\\\/wp-content\\\/uploads\\\/2016\\\/01\\\/8505_tlx_330_h-2.jpg\",\"contentUrl\":\"https:\\\/\\\/gruposanz.es\\\/wp-content\\\/uploads\\\/2016\\\/01\\\/8505_tlx_330_h-2.jpg\",\"width\":555,\"height\":555,\"caption\":\"TLX 2x1\"},{\"@type\":\"BreadcrumbList\",\"@id\":\"https:\\\/\\\/gruposanz.es\\\/fr\\\/producto\\\/tlx-2x1-3#breadcrumb\",\"itemListElement\":[{\"@type\":\"ListItem\",\"position\":1,\"name\":\"Inicio\",\"item\":\"https:\\\/\\\/gruposanz.es\\\/fr\"},{\"@type\":\"ListItem\",\"position\":2,\"name\":\"Produits\",\"item\":\"https:\\\/\\\/gruposanz.es\\\/fr\\\/shop\"},{\"@type\":\"ListItem\",\"position\":3,\"name\":\"Agriculture\",\"item\":\"https:\\\/\\\/gruposanz.es\\\/fr\\\/categorie\\\/agricole\"},{\"@type\":\"ListItem\",\"position\":4,\"name\":\"Scie t\u00e9lescopique TLX 2&#215;1 330-H\"}]},{\"@type\":\"WebSite\",\"@id\":\"https:\\\/\\\/gruposanz.es\\\/fr\\\/#website\",\"url\":\"https:\\\/\\\/gruposanz.es\\\/fr\\\/\",\"name\":\"Grupo Sanz\",\"description\":\"Grupo Sanz, fabricantes de productos de pulverizaci\u00f3n y poda con sus marcas Pulmic, Kamikaze, Keeper y Siqua\",\"publisher\":{\"@id\":\"https:\\\/\\\/gruposanz.es\\\/fr\\\/#organization\"},\"potentialAction\":[{\"@type\":\"SearchAction\",\"target\":{\"@type\":\"EntryPoint\",\"urlTemplate\":\"https:\\\/\\\/gruposanz.es\\\/fr\\\/?s={search_term_string}\"},\"query-input\":{\"@type\":\"PropertyValueSpecification\",\"valueRequired\":true,\"valueName\":\"search_term_string\"}}],\"inLanguage\":\"fr-FR\"},{\"@type\":\"Organization\",\"@id\":\"https:\\\/\\\/gruposanz.es\\\/fr\\\/#organization\",\"name\":\"Grupo Sanz\",\"url\":\"https:\\\/\\\/gruposanz.es\\\/fr\\\/\",\"logo\":{\"@type\":\"ImageObject\",\"inLanguage\":\"fr-FR\",\"@id\":\"https:\\\/\\\/gruposanz.es\\\/fr\\\/#\\\/schema\\\/logo\\\/image\\\/\",\"url\":\"https:\\\/\\\/gruposanz.es\\\/wp-content\\\/uploads\\\/2022\\\/10\\\/LOGOTIPO-GRUPO-SANZ-vertical.png\",\"contentUrl\":\"https:\\\/\\\/gruposanz.es\\\/wp-content\\\/uploads\\\/2022\\\/10\\\/LOGOTIPO-GRUPO-SANZ-vertical.png\",\"width\":1418,\"height\":1418,\"caption\":\"Grupo Sanz\"},\"image\":{\"@id\":\"https:\\\/\\\/gruposanz.es\\\/fr\\\/#\\\/schema\\\/logo\\\/image\\\/\"},\"sameAs\":[\"https:\\\/\\\/www.linkedin.com\\\/company\\\/grupo-sanz-hermanos\",\"https:\\\/\\\/www.youtube.com\\\/user\\\/GrupoSanz\"]}]}<\/script>\n<!-- \/ Yoast SEO plugin. -->","yoast_head_json":{"title":"Scie t\u00e9lescopique TLX 2x1 330-H - Grupo Sanz","robots":{"index":"index","follow":"follow","max-snippet":"max-snippet:-1","max-image-preview":"max-image-preview:large","max-video-preview":"max-video-preview:-1"},"canonical":"https:\/\/gruposanz.es\/fr\/producto\/tlx-2x1-3","og_locale":"fr_FR","og_type":"article","og_title":"Scie t\u00e9lescopique TLX 2x1 330-H - Grupo Sanz","og_description":"La solution de bois dur","og_url":"https:\/\/gruposanz.es\/fr\/producto\/tlx-2x1-3","og_site_name":"Grupo Sanz","article_modified_time":"2024-11-12T09:18:11+00:00","og_image":[{"width":555,"height":555,"url":"https:\/\/gruposanz.es\/wp-content\/uploads\/2016\/01\/8505_tlx_330_h-2.jpg","type":"image\/jpeg"}],"twitter_card":"summary_large_image","twitter_misc":{"Dur\u00e9e de lecture estim\u00e9e":"3 minutes"},"schema":{"@context":"https:\/\/schema.org","@graph":[{"@type":"WebPage","@id":"https:\/\/gruposanz.es\/fr\/producto\/tlx-2x1-3","url":"https:\/\/gruposanz.es\/fr\/producto\/tlx-2x1-3","name":"Scie t\u00e9lescopique TLX 2x1 330-H - Grupo Sanz","isPartOf":{"@id":"https:\/\/gruposanz.es\/fr\/#website"},"primaryImageOfPage":{"@id":"https:\/\/gruposanz.es\/fr\/producto\/tlx-2x1-3#primaryimage"},"image":{"@id":"https:\/\/gruposanz.es\/fr\/producto\/tlx-2x1-3#primaryimage"},"thumbnailUrl":"https:\/\/gruposanz.es\/wp-content\/uploads\/2016\/01\/8505_tlx_330_h-2.jpg","datePublished":"2015-12-18T16:06:43+00:00","dateModified":"2024-11-12T09:18:11+00:00","breadcrumb":{"@id":"https:\/\/gruposanz.es\/fr\/producto\/tlx-2x1-3#breadcrumb"},"inLanguage":"fr-FR","potentialAction":[{"@type":"ReadAction","target":["https:\/\/gruposanz.es\/fr\/producto\/tlx-2x1-3"]}]},{"@type":"ImageObject","inLanguage":"fr-FR","@id":"https:\/\/gruposanz.es\/fr\/producto\/tlx-2x1-3#primaryimage","url":"https:\/\/gruposanz.es\/wp-content\/uploads\/2016\/01\/8505_tlx_330_h-2.jpg","contentUrl":"https:\/\/gruposanz.es\/wp-content\/uploads\/2016\/01\/8505_tlx_330_h-2.jpg","width":555,"height":555,"caption":"TLX 2x1"},{"@type":"BreadcrumbList","@id":"https:\/\/gruposanz.es\/fr\/producto\/tlx-2x1-3#breadcrumb","itemListElement":[{"@type":"ListItem","position":1,"name":"Inicio","item":"https:\/\/gruposanz.es\/fr"},{"@type":"ListItem","position":2,"name":"Produits","item":"https:\/\/gruposanz.es\/fr\/shop"},{"@type":"ListItem","position":3,"name":"Agriculture","item":"https:\/\/gruposanz.es\/fr\/categorie\/agricole"},{"@type":"ListItem","position":4,"name":"Scie t\u00e9lescopique TLX 2&#215;1 330-H"}]},{"@type":"WebSite","@id":"https:\/\/gruposanz.es\/fr\/#website","url":"https:\/\/gruposanz.es\/fr\/","name":"Grupo Sanz","description":"Grupo Sanz, fabricantes de productos de pulverizaci\u00f3n y poda con sus marcas Pulmic, Kamikaze, Keeper y Siqua","publisher":{"@id":"https:\/\/gruposanz.es\/fr\/#organization"},"potentialAction":[{"@type":"SearchAction","target":{"@type":"EntryPoint","urlTemplate":"https:\/\/gruposanz.es\/fr\/?s={search_term_string}"},"query-input":{"@type":"PropertyValueSpecification","valueRequired":true,"valueName":"search_term_string"}}],"inLanguage":"fr-FR"},{"@type":"Organization","@id":"https:\/\/gruposanz.es\/fr\/#organization","name":"Grupo Sanz","url":"https:\/\/gruposanz.es\/fr\/","logo":{"@type":"ImageObject","inLanguage":"fr-FR","@id":"https:\/\/gruposanz.es\/fr\/#\/schema\/logo\/image\/","url":"https:\/\/gruposanz.es\/wp-content\/uploads\/2022\/10\/LOGOTIPO-GRUPO-SANZ-vertical.png","contentUrl":"https:\/\/gruposanz.es\/wp-content\/uploads\/2022\/10\/LOGOTIPO-GRUPO-SANZ-vertical.png","width":1418,"height":1418,"caption":"Grupo Sanz"},"image":{"@id":"https:\/\/gruposanz.es\/fr\/#\/schema\/logo\/image\/"},"sameAs":["https:\/\/www.linkedin.com\/company\/grupo-sanz-hermanos","https:\/\/www.youtube.com\/user\/GrupoSanz"]}]}},"_links":{"self":[{"href":"https:\/\/gruposanz.es\/fr\/wp-json\/wp\/v2\/product\/26071","targetHints":{"allow":["GET"]}}],"collection":[{"href":"https:\/\/gruposanz.es\/fr\/wp-json\/wp\/v2\/product"}],"about":[{"href":"https:\/\/gruposanz.es\/fr\/wp-json\/wp\/v2\/types\/product"}],"wp:featuredmedia":[{"embeddable":true,"href":"https:\/\/gruposanz.es\/fr\/wp-json\/wp\/v2\/media\/49878"}],"wp:attachment":[{"href":"https:\/\/gruposanz.es\/fr\/wp-json\/wp\/v2\/media?parent=26071"}],"wp:term":[{"taxonomy":"product_brand","embeddable":true,"href":"https:\/\/gruposanz.es\/fr\/wp-json\/wp\/v2\/product_brand?post=26071"},{"taxonomy":"product_cat","embeddable":true,"href":"https:\/\/gruposanz.es\/fr\/wp-json\/wp\/v2\/product_cat?post=26071"},{"taxonomy":"product_tag","embeddable":true,"href":"https:\/\/gruposanz.es\/fr\/wp-json\/wp\/v2\/product_tag?post=26071"}],"curies":[{"name":"wp","href":"https:\/\/api.w.org\/{rel}","templated":true}]}}