{"id":61037,"date":"2020-09-30T12:07:12","date_gmt":"2020-09-30T10:07:15","guid":{"rendered":"https:\/\/gruposanz.es\/?post_type=product&#038;p=61037"},"modified":"2025-09-16T13:49:51","modified_gmt":"2025-09-16T11:49:51","slug":"pulverisateur-electrique-keeper-forest-5-avec-buse-goute-fine","status":"publish","type":"product","link":"https:\/\/gruposanz.es\/fr\/producto\/pulverisateur-electrique-keeper-forest-5-avec-buse-goute-fine","title":{"rendered":"Pulv\u00e9risateur \u00e9lectrique Keeper Forest 5 avec kit Buse go\u00fbte fine"},"content":{"rendered":"<div class=\"wpb-content-wrapper\"><p>[vc_row][vc_column][vc_column_text]<\/p>\n<h4><span style=\"color: #b7000c;\"><strong>Description<\/strong><\/span><\/h4>\n<p style=\"text-align: justify;\">Pulv\u00e9risateur \u00e9lectrique, d\u2019une capacit\u00e9 de 5 litres et rechargeable par c\u00e2ble USB. Comprend Kit de buses \u00e0 goutte fine pour l\u2019application de bact\u00e9ries virucides et d\u00e9sinfectantes.<\/p>\n<h4><span style=\"color: #b7000c;\"><strong>Caract\u00e9ristiques<\/strong><\/span><\/h4>\n<p style=\"text-align: justify;\">&#8211; Buse r\u00e9glable<br \/>\n&#8211; Lance en acier inoxydable<br \/>\n&#8211; Bande Couette<br \/>\n&#8211; Charge via c\u00e2ble USB<br \/>\n&#8211; Avec voyant lumineux<br \/>\n&#8211; Capacit\u00e9 de 5 litres<br \/>\n&#8211; Comprend un kit de buses \u00e0 goutte fine compos\u00e9 d\u2019une tige \u00e0 tube de fibre et de deux buses qui r\u00e9alisent une taille de goutte de 80 microns. et un ensemble buse d\u2019\u00e9ventail orange.<\/p>\n<p>[\/vc_column_text][vc_row_inner][vc_column_inner width=&#8221;1\/6&#8243; offset=&#8221;vc_col-xs-3&#8243;][vc_single_image image=&#8221;45478&#8243; img_size=&#8221;&#8221; alignment=&#8221;center&#8221;][\/vc_column_inner][vc_column_inner width=&#8221;1\/6&#8243; offset=&#8221;vc_col-xs-3&#8243;][vc_single_image image=&#8221;45489&#8243; img_size=&#8221;full&#8221; alignment=&#8221;center&#8221;][\/vc_column_inner][vc_column_inner width=&#8221;1\/6&#8243; offset=&#8221;vc_col-xs-4&#8243;][vc_single_image image=&#8221;45499&#8243; img_size=&#8221;full&#8221; alignment=&#8221;center&#8221;][\/vc_column_inner][vc_column_inner width=&#8221;1\/6&#8243; offset=&#8221;vc_col-xs-4&#8243;][vc_single_image image=&#8221;45484&#8243; img_size=&#8221;full&#8221; alignment=&#8221;center&#8221;][\/vc_column_inner][vc_column_inner width=&#8221;1\/6&#8243; offset=&#8221;vc_col-xs-4&#8243;][\/vc_column_inner][vc_column_inner width=&#8221;1\/6&#8243; offset=&#8221;vc_col-xs-3&#8243;][\/vc_column_inner][\/vc_row_inner][\/vc_column][\/vc_row][vc_row][vc_column][vc_row_inner][vc_column_inner width=&#8221;1\/2&#8243;][vc_btn title=&#8221;FICHE TECNIQUE COMMERCIAL PULV\u00c9RISATEUR&#8221; style=&#8221;custom&#8221; custom_background=&#8221;#b7000c&#8221; custom_text=&#8221;#ffffff&#8221; shape=&#8221;square&#8221; align=&#8221;center&#8221; i_icon_fontawesome=&#8221;fa fa-file-pdf-o&#8221; button_block=&#8221;true&#8221; add_icon=&#8221;true&#8221; link=&#8221;url:%2Fwp-content%2Fuploads%2F2020%2F09%2F13965-FTC-Keeper-Forest-5-1.pdf||target:%20_blank|rel:nofollow&#8221; el_class=&#8221;boton-descarga-producto&#8221;][\/vc_column_inner][vc_column_inner width=&#8221;1\/2&#8243;][vc_btn title=&#8221;FICHE TECNIQUE COMMERCIAL BUSE&#8221; style=&#8221;custom&#8221; custom_background=&#8221;#b7000c&#8221; custom_text=&#8221;#ffffff&#8221; shape=&#8221;square&#8221; align=&#8221;center&#8221; i_icon_fontawesome=&#8221;fa fa-file-pdf-o&#8221; button_block=&#8221;true&#8221; add_icon=&#8221;true&#8221; link=&#8221;url:%2Fwp-content%2Fuploads%2F2020%2F09%2F14698.-Kit-buse-go%C3%BBte-fine-Keeper-forest-5-FR.pdf||target:%20_blank|rel:nofollow&#8221; el_class=&#8221;boton-descarga-producto&#8221;][\/vc_column_inner][\/vc_row_inner][vc_row_inner][vc_column_inner width=&#8221;1\/4&#8243;][\/vc_column_inner][vc_column_inner width=&#8221;1\/2&#8243;][vc_btn title=&#8221;MANUEL&#8221; style=&#8221;custom&#8221; custom_background=&#8221;#b7000c&#8221; custom_text=&#8221;#ffffff&#8221; shape=&#8221;square&#8221; align=&#8221;center&#8221; i_icon_fontawesome=&#8221;fa fa-file-pdf-o&#8221; button_block=&#8221;true&#8221; add_icon=&#8221;true&#8221; link=&#8221;url:%2Fwp-content%2Fuploads%2F2021%2F12%2FManual-Keeper-Forest-5-7.pdf||target:%20_blank|rel:nofollow&#8221; el_class=&#8221;boton-descarga-producto&#8221;][\/vc_column_inner][vc_column_inner width=&#8221;1\/4&#8243;][\/vc_column_inner][\/vc_row_inner][\/vc_column][\/vc_row][vc_row disable_element=&#8221;yes&#8221; css=&#8221;.vc_custom_1601970226969{margin-top: 0px !important;}&#8221;][vc_column][vc_single_image image=&#8221;61085&#8243; img_size=&#8221;full&#8221;][\/vc_column][\/vc_row][vc_row css=&#8221;.vc_custom_1565016375734{margin-top: 0px !important;}&#8221;][vc_column][vc_video link=&#8221;https:\/\/www.youtube.com\/watch?v=_h-_MCxQ9QA&#8221;][\/vc_column][\/vc_row]<\/p>\n<\/div>","protected":false},"excerpt":{"rendered":"<h2 style=\"text-align: center;\"><span style=\"color: #ffffff;\"><strong>Pulv\u00e9risateurs \u00e9lectriques pour l\u2019application de bact\u00e9ries virucides et d\u00e9sinfectantes.<\/strong><\/span><\/h2>\n","protected":false},"featured_media":61047,"template":"","meta":[],"product_brand":[],"product_cat":[3622,3051],"product_tag":[3377],"class_list":{"0":"post-61037","1":"product","2":"type-product","3":"status-publish","4":"has-post-thumbnail","6":"product_cat-gamme-speciale-covid","7":"product_cat-pulverisateurs-electriques-fr","8":"product_tag-produits-keeper","10":"first","11":"instock","12":"shipping-taxable","13":"product-type-simple"},"yoast_head":"<!-- This site is optimized with the Yoast SEO plugin v27.3 - https:\/\/yoast.com\/product\/yoast-seo-wordpress\/ -->\n<title>Pulv\u00e9risateur \u00e9lectrique Keeper Forest 5 avec kit Buse go\u00fbte fine<\/title>\n<meta name=\"description\" content=\"Pulverizador el\u00e9ctrico para el jard\u00edn Keeper Forest 6, con boquilla regulable y lanza de acero inoxidable, correa acolchada y carga mediante cable USB\" \/>\n<meta name=\"robots\" content=\"index, follow, max-snippet:-1, max-image-preview:large, max-video-preview:-1\" \/>\n<link rel=\"canonical\" href=\"https:\/\/gruposanz.es\/fr\/producto\/pulverisateur-electrique-keeper-forest-5-avec-buse-goute-fine\" \/>\n<meta property=\"og:locale\" content=\"fr_FR\" \/>\n<meta property=\"og:type\" content=\"article\" \/>\n<meta property=\"og:title\" content=\"Pulv\u00e9risateur \u00e9lectrique Keeper Forest 5 avec kit Buse go\u00fbte fine\" \/>\n<meta property=\"og:description\" content=\"Pulverizador el\u00e9ctrico para el jard\u00edn Keeper Forest 6, con boquilla regulable y lanza de acero inoxidable, correa acolchada y carga mediante cable USB\" \/>\n<meta property=\"og:url\" content=\"https:\/\/gruposanz.es\/fr\/producto\/pulverisateur-electrique-keeper-forest-5-avec-buse-goute-fine\" \/>\n<meta property=\"og:site_name\" content=\"Grupo Sanz\" \/>\n<meta property=\"article:modified_time\" content=\"2025-09-16T11:49:51+00:00\" \/>\n<meta property=\"og:image\" content=\"https:\/\/gruposanz.es\/wp-content\/uploads\/2020\/09\/Keeper-Forest-5-Barra-de-dos-salidas.jpg\" \/>\n\t<meta property=\"og:image:width\" content=\"555\" \/>\n\t<meta property=\"og:image:height\" content=\"555\" \/>\n\t<meta property=\"og:image:type\" content=\"image\/jpeg\" \/>\n<meta name=\"twitter:card\" content=\"summary_large_image\" \/>\n<meta name=\"twitter:label1\" content=\"Dur\u00e9e de lecture estim\u00e9e\" \/>\n\t<meta name=\"twitter:data1\" content=\"2 minutes\" \/>\n<script type=\"application\/ld+json\" class=\"yoast-schema-graph\">{\"@context\":\"https:\\\/\\\/schema.org\",\"@graph\":[{\"@type\":\"WebPage\",\"@id\":\"https:\\\/\\\/gruposanz.es\\\/fr\\\/producto\\\/pulverisateur-electrique-keeper-forest-5-avec-buse-goute-fine\",\"url\":\"https:\\\/\\\/gruposanz.es\\\/fr\\\/producto\\\/pulverisateur-electrique-keeper-forest-5-avec-buse-goute-fine\",\"name\":\"Pulv\u00e9risateur \u00e9lectrique Keeper Forest 5 avec kit Buse go\u00fbte fine\",\"isPartOf\":{\"@id\":\"https:\\\/\\\/gruposanz.es\\\/fr\\\/#website\"},\"primaryImageOfPage\":{\"@id\":\"https:\\\/\\\/gruposanz.es\\\/fr\\\/producto\\\/pulverisateur-electrique-keeper-forest-5-avec-buse-goute-fine#primaryimage\"},\"image\":{\"@id\":\"https:\\\/\\\/gruposanz.es\\\/fr\\\/producto\\\/pulverisateur-electrique-keeper-forest-5-avec-buse-goute-fine#primaryimage\"},\"thumbnailUrl\":\"https:\\\/\\\/gruposanz.es\\\/wp-content\\\/uploads\\\/2020\\\/09\\\/Keeper-Forest-5-Barra-de-dos-salidas.jpg\",\"datePublished\":\"2020-09-30T10:07:15+00:00\",\"dateModified\":\"2025-09-16T11:49:51+00:00\",\"description\":\"Pulverizador el\u00e9ctrico para el jard\u00edn Keeper Forest 6, con boquilla regulable y lanza de acero inoxidable, correa acolchada y carga mediante cable USB\",\"breadcrumb\":{\"@id\":\"https:\\\/\\\/gruposanz.es\\\/fr\\\/producto\\\/pulverisateur-electrique-keeper-forest-5-avec-buse-goute-fine#breadcrumb\"},\"inLanguage\":\"fr-FR\",\"potentialAction\":[{\"@type\":\"ReadAction\",\"target\":[\"https:\\\/\\\/gruposanz.es\\\/fr\\\/producto\\\/pulverisateur-electrique-keeper-forest-5-avec-buse-goute-fine\"]}]},{\"@type\":\"ImageObject\",\"inLanguage\":\"fr-FR\",\"@id\":\"https:\\\/\\\/gruposanz.es\\\/fr\\\/producto\\\/pulverisateur-electrique-keeper-forest-5-avec-buse-goute-fine#primaryimage\",\"url\":\"https:\\\/\\\/gruposanz.es\\\/wp-content\\\/uploads\\\/2020\\\/09\\\/Keeper-Forest-5-Barra-de-dos-salidas.jpg\",\"contentUrl\":\"https:\\\/\\\/gruposanz.es\\\/wp-content\\\/uploads\\\/2020\\\/09\\\/Keeper-Forest-5-Barra-de-dos-salidas.jpg\",\"width\":555,\"height\":555,\"caption\":\"Pulverizador el\u00e9ctrico Keeper Forest 5 con kit de boquillas de gota fina\"},{\"@type\":\"BreadcrumbList\",\"@id\":\"https:\\\/\\\/gruposanz.es\\\/fr\\\/producto\\\/pulverisateur-electrique-keeper-forest-5-avec-buse-goute-fine#breadcrumb\",\"itemListElement\":[{\"@type\":\"ListItem\",\"position\":1,\"name\":\"Inicio\",\"item\":\"https:\\\/\\\/gruposanz.es\\\/fr\"},{\"@type\":\"ListItem\",\"position\":2,\"name\":\"Produits\",\"item\":\"https:\\\/\\\/gruposanz.es\\\/fr\\\/shop\"},{\"@type\":\"ListItem\",\"position\":3,\"name\":\"Gamme Sp\u00e9ciale Covid-19\",\"item\":\"https:\\\/\\\/gruposanz.es\\\/fr\\\/categorie\\\/gamme-speciale-covid\"},{\"@type\":\"ListItem\",\"position\":4,\"name\":\"Pulv\u00e9risateur \u00e9lectrique Keeper Forest 5 avec kit Buse go\u00fbte fine\"}]},{\"@type\":\"WebSite\",\"@id\":\"https:\\\/\\\/gruposanz.es\\\/fr\\\/#website\",\"url\":\"https:\\\/\\\/gruposanz.es\\\/fr\\\/\",\"name\":\"Grupo Sanz\",\"description\":\"Grupo Sanz, fabricantes de productos de pulverizaci\u00f3n y poda con sus marcas Pulmic, Kamikaze, Keeper y Siqua\",\"publisher\":{\"@id\":\"https:\\\/\\\/gruposanz.es\\\/fr\\\/#organization\"},\"potentialAction\":[{\"@type\":\"SearchAction\",\"target\":{\"@type\":\"EntryPoint\",\"urlTemplate\":\"https:\\\/\\\/gruposanz.es\\\/fr\\\/?s={search_term_string}\"},\"query-input\":{\"@type\":\"PropertyValueSpecification\",\"valueRequired\":true,\"valueName\":\"search_term_string\"}}],\"inLanguage\":\"fr-FR\"},{\"@type\":\"Organization\",\"@id\":\"https:\\\/\\\/gruposanz.es\\\/fr\\\/#organization\",\"name\":\"Grupo Sanz\",\"url\":\"https:\\\/\\\/gruposanz.es\\\/fr\\\/\",\"logo\":{\"@type\":\"ImageObject\",\"inLanguage\":\"fr-FR\",\"@id\":\"https:\\\/\\\/gruposanz.es\\\/fr\\\/#\\\/schema\\\/logo\\\/image\\\/\",\"url\":\"https:\\\/\\\/gruposanz.es\\\/wp-content\\\/uploads\\\/2022\\\/10\\\/LOGOTIPO-GRUPO-SANZ-vertical.png\",\"contentUrl\":\"https:\\\/\\\/gruposanz.es\\\/wp-content\\\/uploads\\\/2022\\\/10\\\/LOGOTIPO-GRUPO-SANZ-vertical.png\",\"width\":1418,\"height\":1418,\"caption\":\"Grupo Sanz\"},\"image\":{\"@id\":\"https:\\\/\\\/gruposanz.es\\\/fr\\\/#\\\/schema\\\/logo\\\/image\\\/\"},\"sameAs\":[\"https:\\\/\\\/www.linkedin.com\\\/company\\\/grupo-sanz-hermanos\",\"https:\\\/\\\/www.youtube.com\\\/user\\\/GrupoSanz\"]}]}<\/script>\n<!-- \/ Yoast SEO plugin. -->","yoast_head_json":{"title":"Pulv\u00e9risateur \u00e9lectrique Keeper Forest 5 avec kit Buse go\u00fbte fine","description":"Pulverizador el\u00e9ctrico para el jard\u00edn Keeper Forest 6, con boquilla regulable y lanza de acero inoxidable, correa acolchada y carga mediante cable USB","robots":{"index":"index","follow":"follow","max-snippet":"max-snippet:-1","max-image-preview":"max-image-preview:large","max-video-preview":"max-video-preview:-1"},"canonical":"https:\/\/gruposanz.es\/fr\/producto\/pulverisateur-electrique-keeper-forest-5-avec-buse-goute-fine","og_locale":"fr_FR","og_type":"article","og_title":"Pulv\u00e9risateur \u00e9lectrique Keeper Forest 5 avec kit Buse go\u00fbte fine","og_description":"Pulverizador el\u00e9ctrico para el jard\u00edn Keeper Forest 6, con boquilla regulable y lanza de acero inoxidable, correa acolchada y carga mediante cable USB","og_url":"https:\/\/gruposanz.es\/fr\/producto\/pulverisateur-electrique-keeper-forest-5-avec-buse-goute-fine","og_site_name":"Grupo Sanz","article_modified_time":"2025-09-16T11:49:51+00:00","og_image":[{"width":555,"height":555,"url":"https:\/\/gruposanz.es\/wp-content\/uploads\/2020\/09\/Keeper-Forest-5-Barra-de-dos-salidas.jpg","type":"image\/jpeg"}],"twitter_card":"summary_large_image","twitter_misc":{"Dur\u00e9e de lecture estim\u00e9e":"2 minutes"},"schema":{"@context":"https:\/\/schema.org","@graph":[{"@type":"WebPage","@id":"https:\/\/gruposanz.es\/fr\/producto\/pulverisateur-electrique-keeper-forest-5-avec-buse-goute-fine","url":"https:\/\/gruposanz.es\/fr\/producto\/pulverisateur-electrique-keeper-forest-5-avec-buse-goute-fine","name":"Pulv\u00e9risateur \u00e9lectrique Keeper Forest 5 avec kit Buse go\u00fbte fine","isPartOf":{"@id":"https:\/\/gruposanz.es\/fr\/#website"},"primaryImageOfPage":{"@id":"https:\/\/gruposanz.es\/fr\/producto\/pulverisateur-electrique-keeper-forest-5-avec-buse-goute-fine#primaryimage"},"image":{"@id":"https:\/\/gruposanz.es\/fr\/producto\/pulverisateur-electrique-keeper-forest-5-avec-buse-goute-fine#primaryimage"},"thumbnailUrl":"https:\/\/gruposanz.es\/wp-content\/uploads\/2020\/09\/Keeper-Forest-5-Barra-de-dos-salidas.jpg","datePublished":"2020-09-30T10:07:15+00:00","dateModified":"2025-09-16T11:49:51+00:00","description":"Pulverizador el\u00e9ctrico para el jard\u00edn Keeper Forest 6, con boquilla regulable y lanza de acero inoxidable, correa acolchada y carga mediante cable USB","breadcrumb":{"@id":"https:\/\/gruposanz.es\/fr\/producto\/pulverisateur-electrique-keeper-forest-5-avec-buse-goute-fine#breadcrumb"},"inLanguage":"fr-FR","potentialAction":[{"@type":"ReadAction","target":["https:\/\/gruposanz.es\/fr\/producto\/pulverisateur-electrique-keeper-forest-5-avec-buse-goute-fine"]}]},{"@type":"ImageObject","inLanguage":"fr-FR","@id":"https:\/\/gruposanz.es\/fr\/producto\/pulverisateur-electrique-keeper-forest-5-avec-buse-goute-fine#primaryimage","url":"https:\/\/gruposanz.es\/wp-content\/uploads\/2020\/09\/Keeper-Forest-5-Barra-de-dos-salidas.jpg","contentUrl":"https:\/\/gruposanz.es\/wp-content\/uploads\/2020\/09\/Keeper-Forest-5-Barra-de-dos-salidas.jpg","width":555,"height":555,"caption":"Pulverizador el\u00e9ctrico Keeper Forest 5 con kit de boquillas de gota fina"},{"@type":"BreadcrumbList","@id":"https:\/\/gruposanz.es\/fr\/producto\/pulverisateur-electrique-keeper-forest-5-avec-buse-goute-fine#breadcrumb","itemListElement":[{"@type":"ListItem","position":1,"name":"Inicio","item":"https:\/\/gruposanz.es\/fr"},{"@type":"ListItem","position":2,"name":"Produits","item":"https:\/\/gruposanz.es\/fr\/shop"},{"@type":"ListItem","position":3,"name":"Gamme Sp\u00e9ciale Covid-19","item":"https:\/\/gruposanz.es\/fr\/categorie\/gamme-speciale-covid"},{"@type":"ListItem","position":4,"name":"Pulv\u00e9risateur \u00e9lectrique Keeper Forest 5 avec kit Buse go\u00fbte fine"}]},{"@type":"WebSite","@id":"https:\/\/gruposanz.es\/fr\/#website","url":"https:\/\/gruposanz.es\/fr\/","name":"Grupo Sanz","description":"Grupo Sanz, fabricantes de productos de pulverizaci\u00f3n y poda con sus marcas Pulmic, Kamikaze, Keeper y Siqua","publisher":{"@id":"https:\/\/gruposanz.es\/fr\/#organization"},"potentialAction":[{"@type":"SearchAction","target":{"@type":"EntryPoint","urlTemplate":"https:\/\/gruposanz.es\/fr\/?s={search_term_string}"},"query-input":{"@type":"PropertyValueSpecification","valueRequired":true,"valueName":"search_term_string"}}],"inLanguage":"fr-FR"},{"@type":"Organization","@id":"https:\/\/gruposanz.es\/fr\/#organization","name":"Grupo Sanz","url":"https:\/\/gruposanz.es\/fr\/","logo":{"@type":"ImageObject","inLanguage":"fr-FR","@id":"https:\/\/gruposanz.es\/fr\/#\/schema\/logo\/image\/","url":"https:\/\/gruposanz.es\/wp-content\/uploads\/2022\/10\/LOGOTIPO-GRUPO-SANZ-vertical.png","contentUrl":"https:\/\/gruposanz.es\/wp-content\/uploads\/2022\/10\/LOGOTIPO-GRUPO-SANZ-vertical.png","width":1418,"height":1418,"caption":"Grupo Sanz"},"image":{"@id":"https:\/\/gruposanz.es\/fr\/#\/schema\/logo\/image\/"},"sameAs":["https:\/\/www.linkedin.com\/company\/grupo-sanz-hermanos","https:\/\/www.youtube.com\/user\/GrupoSanz"]}]}},"_links":{"self":[{"href":"https:\/\/gruposanz.es\/fr\/wp-json\/wp\/v2\/product\/61037","targetHints":{"allow":["GET"]}}],"collection":[{"href":"https:\/\/gruposanz.es\/fr\/wp-json\/wp\/v2\/product"}],"about":[{"href":"https:\/\/gruposanz.es\/fr\/wp-json\/wp\/v2\/types\/product"}],"wp:featuredmedia":[{"embeddable":true,"href":"https:\/\/gruposanz.es\/fr\/wp-json\/wp\/v2\/media\/61047"}],"wp:attachment":[{"href":"https:\/\/gruposanz.es\/fr\/wp-json\/wp\/v2\/media?parent=61037"}],"wp:term":[{"taxonomy":"product_brand","embeddable":true,"href":"https:\/\/gruposanz.es\/fr\/wp-json\/wp\/v2\/product_brand?post=61037"},{"taxonomy":"product_cat","embeddable":true,"href":"https:\/\/gruposanz.es\/fr\/wp-json\/wp\/v2\/product_cat?post=61037"},{"taxonomy":"product_tag","embeddable":true,"href":"https:\/\/gruposanz.es\/fr\/wp-json\/wp\/v2\/product_tag?post=61037"}],"curies":[{"name":"wp","href":"https:\/\/api.w.org\/{rel}","templated":true}]}}