{"id":61154,"date":"2020-09-30T16:31:43","date_gmt":"2020-09-30T14:31:54","guid":{"rendered":"https:\/\/gruposanz.es\/?post_type=product&#038;p=61154"},"modified":"2025-09-16T13:49:44","modified_gmt":"2025-09-16T11:49:44","slug":"pulverizador-electrico-pulmic-pegasus-15-industrial-viton","status":"publish","type":"product","link":"https:\/\/gruposanz.es\/fr\/producto\/pulverizador-electrico-pulmic-pegasus-15-industrial-viton","title":{"rendered":"Pulv\u00e9risateur \u00e9lectrique Pulmic Pegasus 15 Industrial Vit\u00f3n avec lance \u00e0 trois buses"},"content":{"rendered":"<div class=\"wpb-content-wrapper\"><p>[vc_row][vc_column][vc_column_text]<\/p>\n<h4><span style=\"color: #b7000c;\"><strong>Description<\/strong><\/span><\/h4>\n<p style=\"text-align: justify;\">Pulv\u00e9risateur \u00e9lectrique pour l\u2019application de produits d\u00e9sinfectants \/ bact\u00e9ricides virucides et applications \u00e0 l\u2019ozone.<\/p>\n<h4><span style=\"color: #b7000c;\"><strong>Caract\u00e9ristiques<\/strong><\/span><\/h4>\n<p style=\"text-align: justify;\">&#8211; Accumulateur au lithium de jusqu&#8217;\u00e0 7 heures d&#8217;autonomie<br \/>\n&#8211; Pompe \u00e0 membrane de haut rendement<br \/>\n&#8211; Trois vitesses d&#8217;application \u00e0 une pression de 1 \u00e0 3 bars<br \/>\n&#8211; Poign\u00e9e avec joints de viton<br \/>\n&#8211; Comprend trois buses de pulv\u00e9risation \u00e0 goutte fine (70-80 microns) pour l\u2019application de d\u00e9sinfectants, de bact\u00e9ricides virucides et d\u2019ozone.<\/p>\n<p>[\/vc_column_text][vc_row_inner disable_element=&#8221;yes&#8221;][vc_column_inner width=&#8221;1\/6&#8243; offset=&#8221;vc_col-xs-3&#8243;][vc_single_image image=&#8221;46718&#8243; img_size=&#8221;&#8221; alignment=&#8221;center&#8221;][\/vc_column_inner][vc_column_inner width=&#8221;1\/6&#8243; offset=&#8221;vc_col-xs-3&#8243;][vc_single_image image=&#8221;46693&#8243; img_size=&#8221;full&#8221; alignment=&#8221;center&#8221;][\/vc_column_inner][vc_column_inner width=&#8221;1\/6&#8243; offset=&#8221;vc_col-xs-4&#8243;][vc_single_image image=&#8221;46683&#8243; img_size=&#8221;full&#8221; alignment=&#8221;center&#8221;][\/vc_column_inner][vc_column_inner width=&#8221;1\/6&#8243; offset=&#8221;vc_col-xs-4&#8243;][vc_single_image image=&#8221;46798&#8243; img_size=&#8221;full&#8221; alignment=&#8221;center&#8221;][\/vc_column_inner][vc_column_inner width=&#8221;1\/6&#8243; offset=&#8221;vc_col-xs-4&#8243;][vc_single_image image=&#8221;46708&#8243; img_size=&#8221;full&#8221; alignment=&#8221;center&#8221;][\/vc_column_inner][vc_column_inner width=&#8221;1\/6&#8243;][vc_single_image image=&#8221;46748&#8243; img_size=&#8221;full&#8221; alignment=&#8221;center&#8221;][\/vc_column_inner][\/vc_row_inner][\/vc_column][\/vc_row][vc_row][vc_column][vc_row_inner][vc_column_inner width=&#8221;1\/2&#8243;][vc_btn title=&#8221;FICHE TECNIQUE COMMERCIAL PULV\u00c9RISATEUR&#8221; style=&#8221;custom&#8221; custom_background=&#8221;#b7000c&#8221; custom_text=&#8221;#ffffff&#8221; shape=&#8221;square&#8221; align=&#8221;center&#8221; i_icon_fontawesome=&#8221;fa fa-file-pdf-o&#8221; button_block=&#8221;true&#8221; add_icon=&#8221;true&#8221; link=&#8221;url:%2Fwp-content%2Fuploads%2F2020%2F09%2FREF.-14187-Pulmic-Pegasus-15-Industrial-VITON-20-FR.pdf||target:%20_blank|&#8221; el_class=&#8221;boton-descarga-producto&#8221;][\/vc_column_inner][vc_column_inner width=&#8221;1\/2&#8243;][vc_btn title=&#8221;FICHE TECNIQUE COMMERCIAL LANCE&#8221; style=&#8221;custom&#8221; custom_background=&#8221;#b7000c&#8221; custom_text=&#8221;#ffffff&#8221; shape=&#8221;square&#8221; align=&#8221;center&#8221; i_icon_fontawesome=&#8221;fa fa-file-pdf-o&#8221; button_block=&#8221;true&#8221; add_icon=&#8221;true&#8221; link=&#8221;url:%2Fwp-content%2Fuploads%2F2020%2F09%2F14589.Lance-3-sortie-nebulisateur.-Fran%C3%A7ais.pdf||target:%20_blank|&#8221; el_class=&#8221;boton-descarga-producto&#8221;][\/vc_column_inner][\/vc_row_inner][vc_row_inner disable_element=&#8221;yes&#8221;][vc_column_inner width=&#8221;1\/4&#8243;][\/vc_column_inner][vc_column_inner width=&#8221;1\/2&#8243;][vc_btn title=&#8221;ACTIVER LA GARANTIE&#8221; style=&#8221;custom&#8221; custom_background=&#8221;#b7000c&#8221; custom_text=&#8221;#ffffff&#8221; shape=&#8221;square&#8221; align=&#8221;center&#8221; i_icon_fontawesome=&#8221;fa fa-check-square-o&#8221; button_block=&#8221;true&#8221; add_icon=&#8221;true&#8221; link=&#8221;url:%2Ffr%2Factivation-de-la-garantie|title:Warranty%20Activation|target:%20_blank|&#8221; el_class=&#8221;boton-descarga-producto&#8221;][\/vc_column_inner][vc_column_inner width=&#8221;1\/4&#8243;][\/vc_column_inner][\/vc_row_inner][\/vc_column][\/vc_row][vc_row disable_element=&#8221;yes&#8221;][vc_column][vc_row_inner][vc_column_inner width=&#8221;2\/3&#8243;][vc_btn title=&#8221;FICHE TECNIQUE COMMERCIAL&#8221; style=&#8221;custom&#8221; custom_background=&#8221;#b7000c&#8221; custom_text=&#8221;#ffffff&#8221; shape=&#8221;square&#8221; align=&#8221;center&#8221; i_icon_fontawesome=&#8221;fa fa-file-pdf-o&#8221; button_block=&#8221;true&#8221; add_icon=&#8221;true&#8221; link=&#8221;url:%2Fwp-content%2Fuploads%2F2019%2F08%2F7823-FTC-Keeper-Garden-16.pdf||target:%20_blank|&#8221; el_class=&#8221;boton-descarga-producto&#8221;][\/vc_column_inner][vc_column_inner width=&#8221;1\/3&#8243;][\/vc_column_inner][\/vc_row_inner][\/vc_column][\/vc_row][vc_row disable_element=&#8221;yes&#8221;][vc_column][vc_single_image image=&#8221;61217&#8243; img_size=&#8221;full&#8221; alignment=&#8221;center&#8221;][\/vc_column][\/vc_row][vc_row][vc_column][vc_video link=&#8221;https:\/\/www.youtube.com\/watch?v=_h-_MCxQ9QA&#8221;][\/vc_column][\/vc_row]<\/p>\n<\/div>","protected":false},"excerpt":{"rendered":"<h2 style=\"text-align: center;\"><span style=\"color: #ffffff;\"><strong>Pulv\u00e9risateurs \u00e9lectriques pour l\u2019application de produits d\u00e9sinfectants \/ bact\u00e9ricides virucides et applications \u00e0 l\u2019ozone.<\/strong><\/span><\/h2>\n","protected":false},"featured_media":61168,"template":"","meta":[],"product_brand":[],"product_cat":[3622,3051],"product_tag":[3373],"class_list":{"0":"post-61154","1":"product","2":"type-product","3":"status-publish","4":"has-post-thumbnail","6":"product_cat-gamme-speciale-covid","7":"product_cat-pulverisateurs-electriques-fr","8":"product_tag-produits-pulmic","10":"first","11":"instock","12":"featured","13":"shipping-taxable","14":"product-type-simple"},"yoast_head":"<!-- This site is optimized with the Yoast SEO plugin v27.3 - https:\/\/yoast.com\/product\/yoast-seo-wordpress\/ -->\n<title>Pulv\u00e9risateur \u00e9lectrique Pulmic Pegasus 15 Industrial Vit\u00f3n avec lance \u00e0 trois buses - Grupo Sanz<\/title>\n<meta name=\"description\" content=\"Aqu\u00ed tienes toda la informaci\u00f3n sobre el Pulverizador el\u00e9ctrico PULMIC PEGASUS 15. Y si quieres saber m\u00e1s sobre este pulverizador, no duces en contactarnos\" \/>\n<meta name=\"robots\" content=\"index, follow, max-snippet:-1, max-image-preview:large, max-video-preview:-1\" \/>\n<link rel=\"canonical\" href=\"https:\/\/gruposanz.es\/fr\/producto\/pulverizador-electrico-pulmic-pegasus-15-industrial-viton\" \/>\n<meta property=\"og:locale\" content=\"fr_FR\" \/>\n<meta property=\"og:type\" content=\"article\" \/>\n<meta property=\"og:title\" content=\"Pulv\u00e9risateur \u00e9lectrique Pulmic Pegasus 15 Industrial Vit\u00f3n avec lance \u00e0 trois buses - Grupo Sanz\" \/>\n<meta property=\"og:description\" content=\"Aqu\u00ed tienes toda la informaci\u00f3n sobre el Pulverizador el\u00e9ctrico PULMIC PEGASUS 15. Y si quieres saber m\u00e1s sobre este pulverizador, no duces en contactarnos\" \/>\n<meta property=\"og:url\" content=\"https:\/\/gruposanz.es\/fr\/producto\/pulverizador-electrico-pulmic-pegasus-15-industrial-viton\" \/>\n<meta property=\"og:site_name\" content=\"Grupo Sanz\" \/>\n<meta property=\"article:modified_time\" content=\"2025-09-16T11:49:44+00:00\" \/>\n<meta property=\"og:image\" content=\"https:\/\/gruposanz.es\/wp-content\/uploads\/2020\/09\/Pulmic-con-lanza_1.jpg\" \/>\n\t<meta property=\"og:image:width\" content=\"555\" \/>\n\t<meta property=\"og:image:height\" content=\"555\" \/>\n\t<meta property=\"og:image:type\" content=\"image\/jpeg\" \/>\n<meta name=\"twitter:card\" content=\"summary_large_image\" \/>\n<meta name=\"twitter:label1\" content=\"Dur\u00e9e de lecture estim\u00e9e\" \/>\n\t<meta name=\"twitter:data1\" content=\"1 minute\" \/>\n<script type=\"application\/ld+json\" class=\"yoast-schema-graph\">{\"@context\":\"https:\\\/\\\/schema.org\",\"@graph\":[{\"@type\":\"WebPage\",\"@id\":\"https:\\\/\\\/gruposanz.es\\\/fr\\\/producto\\\/pulverizador-electrico-pulmic-pegasus-15-industrial-viton\",\"url\":\"https:\\\/\\\/gruposanz.es\\\/fr\\\/producto\\\/pulverizador-electrico-pulmic-pegasus-15-industrial-viton\",\"name\":\"Pulv\u00e9risateur \u00e9lectrique Pulmic Pegasus 15 Industrial Vit\u00f3n avec lance \u00e0 trois buses - Grupo Sanz\",\"isPartOf\":{\"@id\":\"https:\\\/\\\/gruposanz.es\\\/fr\\\/#website\"},\"primaryImageOfPage\":{\"@id\":\"https:\\\/\\\/gruposanz.es\\\/fr\\\/producto\\\/pulverizador-electrico-pulmic-pegasus-15-industrial-viton#primaryimage\"},\"image\":{\"@id\":\"https:\\\/\\\/gruposanz.es\\\/fr\\\/producto\\\/pulverizador-electrico-pulmic-pegasus-15-industrial-viton#primaryimage\"},\"thumbnailUrl\":\"https:\\\/\\\/gruposanz.es\\\/wp-content\\\/uploads\\\/2020\\\/09\\\/Pulmic-con-lanza_1.jpg\",\"datePublished\":\"2020-09-30T14:31:54+00:00\",\"dateModified\":\"2025-09-16T11:49:44+00:00\",\"description\":\"Aqu\u00ed tienes toda la informaci\u00f3n sobre el Pulverizador el\u00e9ctrico PULMIC PEGASUS 15. Y si quieres saber m\u00e1s sobre este pulverizador, no duces en contactarnos\",\"breadcrumb\":{\"@id\":\"https:\\\/\\\/gruposanz.es\\\/fr\\\/producto\\\/pulverizador-electrico-pulmic-pegasus-15-industrial-viton#breadcrumb\"},\"inLanguage\":\"fr-FR\",\"potentialAction\":[{\"@type\":\"ReadAction\",\"target\":[\"https:\\\/\\\/gruposanz.es\\\/fr\\\/producto\\\/pulverizador-electrico-pulmic-pegasus-15-industrial-viton\"]}]},{\"@type\":\"ImageObject\",\"inLanguage\":\"fr-FR\",\"@id\":\"https:\\\/\\\/gruposanz.es\\\/fr\\\/producto\\\/pulverizador-electrico-pulmic-pegasus-15-industrial-viton#primaryimage\",\"url\":\"https:\\\/\\\/gruposanz.es\\\/wp-content\\\/uploads\\\/2020\\\/09\\\/Pulmic-con-lanza_1.jpg\",\"contentUrl\":\"https:\\\/\\\/gruposanz.es\\\/wp-content\\\/uploads\\\/2020\\\/09\\\/Pulmic-con-lanza_1.jpg\",\"width\":555,\"height\":555,\"caption\":\"Pulverizador el\u00e9ctrico Pulmic Pegasus 15 Industrial Vit\u00f3n con lanza de tres boquillas nebulizadoras\"},{\"@type\":\"BreadcrumbList\",\"@id\":\"https:\\\/\\\/gruposanz.es\\\/fr\\\/producto\\\/pulverizador-electrico-pulmic-pegasus-15-industrial-viton#breadcrumb\",\"itemListElement\":[{\"@type\":\"ListItem\",\"position\":1,\"name\":\"Inicio\",\"item\":\"https:\\\/\\\/gruposanz.es\\\/fr\"},{\"@type\":\"ListItem\",\"position\":2,\"name\":\"Produits\",\"item\":\"https:\\\/\\\/gruposanz.es\\\/fr\\\/shop\"},{\"@type\":\"ListItem\",\"position\":3,\"name\":\"Gamme Sp\u00e9ciale Covid-19\",\"item\":\"https:\\\/\\\/gruposanz.es\\\/fr\\\/categorie\\\/gamme-speciale-covid\"},{\"@type\":\"ListItem\",\"position\":4,\"name\":\"Pulv\u00e9risateur \u00e9lectrique Pulmic Pegasus 15 Industrial Vit\u00f3n avec lance \u00e0 trois buses\"}]},{\"@type\":\"WebSite\",\"@id\":\"https:\\\/\\\/gruposanz.es\\\/fr\\\/#website\",\"url\":\"https:\\\/\\\/gruposanz.es\\\/fr\\\/\",\"name\":\"Grupo Sanz\",\"description\":\"Grupo Sanz, fabricantes de productos de pulverizaci\u00f3n y poda con sus marcas Pulmic, Kamikaze, Keeper y Siqua\",\"publisher\":{\"@id\":\"https:\\\/\\\/gruposanz.es\\\/fr\\\/#organization\"},\"potentialAction\":[{\"@type\":\"SearchAction\",\"target\":{\"@type\":\"EntryPoint\",\"urlTemplate\":\"https:\\\/\\\/gruposanz.es\\\/fr\\\/?s={search_term_string}\"},\"query-input\":{\"@type\":\"PropertyValueSpecification\",\"valueRequired\":true,\"valueName\":\"search_term_string\"}}],\"inLanguage\":\"fr-FR\"},{\"@type\":\"Organization\",\"@id\":\"https:\\\/\\\/gruposanz.es\\\/fr\\\/#organization\",\"name\":\"Grupo Sanz\",\"url\":\"https:\\\/\\\/gruposanz.es\\\/fr\\\/\",\"logo\":{\"@type\":\"ImageObject\",\"inLanguage\":\"fr-FR\",\"@id\":\"https:\\\/\\\/gruposanz.es\\\/fr\\\/#\\\/schema\\\/logo\\\/image\\\/\",\"url\":\"https:\\\/\\\/gruposanz.es\\\/wp-content\\\/uploads\\\/2022\\\/10\\\/LOGOTIPO-GRUPO-SANZ-vertical.png\",\"contentUrl\":\"https:\\\/\\\/gruposanz.es\\\/wp-content\\\/uploads\\\/2022\\\/10\\\/LOGOTIPO-GRUPO-SANZ-vertical.png\",\"width\":1418,\"height\":1418,\"caption\":\"Grupo Sanz\"},\"image\":{\"@id\":\"https:\\\/\\\/gruposanz.es\\\/fr\\\/#\\\/schema\\\/logo\\\/image\\\/\"},\"sameAs\":[\"https:\\\/\\\/www.linkedin.com\\\/company\\\/grupo-sanz-hermanos\",\"https:\\\/\\\/www.youtube.com\\\/user\\\/GrupoSanz\"]}]}<\/script>\n<!-- \/ Yoast SEO plugin. -->","yoast_head_json":{"title":"Pulv\u00e9risateur \u00e9lectrique Pulmic Pegasus 15 Industrial Vit\u00f3n avec lance \u00e0 trois buses - Grupo Sanz","description":"Aqu\u00ed tienes toda la informaci\u00f3n sobre el Pulverizador el\u00e9ctrico PULMIC PEGASUS 15. Y si quieres saber m\u00e1s sobre este pulverizador, no duces en contactarnos","robots":{"index":"index","follow":"follow","max-snippet":"max-snippet:-1","max-image-preview":"max-image-preview:large","max-video-preview":"max-video-preview:-1"},"canonical":"https:\/\/gruposanz.es\/fr\/producto\/pulverizador-electrico-pulmic-pegasus-15-industrial-viton","og_locale":"fr_FR","og_type":"article","og_title":"Pulv\u00e9risateur \u00e9lectrique Pulmic Pegasus 15 Industrial Vit\u00f3n avec lance \u00e0 trois buses - Grupo Sanz","og_description":"Aqu\u00ed tienes toda la informaci\u00f3n sobre el Pulverizador el\u00e9ctrico PULMIC PEGASUS 15. Y si quieres saber m\u00e1s sobre este pulverizador, no duces en contactarnos","og_url":"https:\/\/gruposanz.es\/fr\/producto\/pulverizador-electrico-pulmic-pegasus-15-industrial-viton","og_site_name":"Grupo Sanz","article_modified_time":"2025-09-16T11:49:44+00:00","og_image":[{"width":555,"height":555,"url":"https:\/\/gruposanz.es\/wp-content\/uploads\/2020\/09\/Pulmic-con-lanza_1.jpg","type":"image\/jpeg"}],"twitter_card":"summary_large_image","twitter_misc":{"Dur\u00e9e de lecture estim\u00e9e":"1 minute"},"schema":{"@context":"https:\/\/schema.org","@graph":[{"@type":"WebPage","@id":"https:\/\/gruposanz.es\/fr\/producto\/pulverizador-electrico-pulmic-pegasus-15-industrial-viton","url":"https:\/\/gruposanz.es\/fr\/producto\/pulverizador-electrico-pulmic-pegasus-15-industrial-viton","name":"Pulv\u00e9risateur \u00e9lectrique Pulmic Pegasus 15 Industrial Vit\u00f3n avec lance \u00e0 trois buses - Grupo Sanz","isPartOf":{"@id":"https:\/\/gruposanz.es\/fr\/#website"},"primaryImageOfPage":{"@id":"https:\/\/gruposanz.es\/fr\/producto\/pulverizador-electrico-pulmic-pegasus-15-industrial-viton#primaryimage"},"image":{"@id":"https:\/\/gruposanz.es\/fr\/producto\/pulverizador-electrico-pulmic-pegasus-15-industrial-viton#primaryimage"},"thumbnailUrl":"https:\/\/gruposanz.es\/wp-content\/uploads\/2020\/09\/Pulmic-con-lanza_1.jpg","datePublished":"2020-09-30T14:31:54+00:00","dateModified":"2025-09-16T11:49:44+00:00","description":"Aqu\u00ed tienes toda la informaci\u00f3n sobre el Pulverizador el\u00e9ctrico PULMIC PEGASUS 15. Y si quieres saber m\u00e1s sobre este pulverizador, no duces en contactarnos","breadcrumb":{"@id":"https:\/\/gruposanz.es\/fr\/producto\/pulverizador-electrico-pulmic-pegasus-15-industrial-viton#breadcrumb"},"inLanguage":"fr-FR","potentialAction":[{"@type":"ReadAction","target":["https:\/\/gruposanz.es\/fr\/producto\/pulverizador-electrico-pulmic-pegasus-15-industrial-viton"]}]},{"@type":"ImageObject","inLanguage":"fr-FR","@id":"https:\/\/gruposanz.es\/fr\/producto\/pulverizador-electrico-pulmic-pegasus-15-industrial-viton#primaryimage","url":"https:\/\/gruposanz.es\/wp-content\/uploads\/2020\/09\/Pulmic-con-lanza_1.jpg","contentUrl":"https:\/\/gruposanz.es\/wp-content\/uploads\/2020\/09\/Pulmic-con-lanza_1.jpg","width":555,"height":555,"caption":"Pulverizador el\u00e9ctrico Pulmic Pegasus 15 Industrial Vit\u00f3n con lanza de tres boquillas nebulizadoras"},{"@type":"BreadcrumbList","@id":"https:\/\/gruposanz.es\/fr\/producto\/pulverizador-electrico-pulmic-pegasus-15-industrial-viton#breadcrumb","itemListElement":[{"@type":"ListItem","position":1,"name":"Inicio","item":"https:\/\/gruposanz.es\/fr"},{"@type":"ListItem","position":2,"name":"Produits","item":"https:\/\/gruposanz.es\/fr\/shop"},{"@type":"ListItem","position":3,"name":"Gamme Sp\u00e9ciale Covid-19","item":"https:\/\/gruposanz.es\/fr\/categorie\/gamme-speciale-covid"},{"@type":"ListItem","position":4,"name":"Pulv\u00e9risateur \u00e9lectrique Pulmic Pegasus 15 Industrial Vit\u00f3n avec lance \u00e0 trois buses"}]},{"@type":"WebSite","@id":"https:\/\/gruposanz.es\/fr\/#website","url":"https:\/\/gruposanz.es\/fr\/","name":"Grupo Sanz","description":"Grupo Sanz, fabricantes de productos de pulverizaci\u00f3n y poda con sus marcas Pulmic, Kamikaze, Keeper y Siqua","publisher":{"@id":"https:\/\/gruposanz.es\/fr\/#organization"},"potentialAction":[{"@type":"SearchAction","target":{"@type":"EntryPoint","urlTemplate":"https:\/\/gruposanz.es\/fr\/?s={search_term_string}"},"query-input":{"@type":"PropertyValueSpecification","valueRequired":true,"valueName":"search_term_string"}}],"inLanguage":"fr-FR"},{"@type":"Organization","@id":"https:\/\/gruposanz.es\/fr\/#organization","name":"Grupo Sanz","url":"https:\/\/gruposanz.es\/fr\/","logo":{"@type":"ImageObject","inLanguage":"fr-FR","@id":"https:\/\/gruposanz.es\/fr\/#\/schema\/logo\/image\/","url":"https:\/\/gruposanz.es\/wp-content\/uploads\/2022\/10\/LOGOTIPO-GRUPO-SANZ-vertical.png","contentUrl":"https:\/\/gruposanz.es\/wp-content\/uploads\/2022\/10\/LOGOTIPO-GRUPO-SANZ-vertical.png","width":1418,"height":1418,"caption":"Grupo Sanz"},"image":{"@id":"https:\/\/gruposanz.es\/fr\/#\/schema\/logo\/image\/"},"sameAs":["https:\/\/www.linkedin.com\/company\/grupo-sanz-hermanos","https:\/\/www.youtube.com\/user\/GrupoSanz"]}]}},"_links":{"self":[{"href":"https:\/\/gruposanz.es\/fr\/wp-json\/wp\/v2\/product\/61154","targetHints":{"allow":["GET"]}}],"collection":[{"href":"https:\/\/gruposanz.es\/fr\/wp-json\/wp\/v2\/product"}],"about":[{"href":"https:\/\/gruposanz.es\/fr\/wp-json\/wp\/v2\/types\/product"}],"wp:featuredmedia":[{"embeddable":true,"href":"https:\/\/gruposanz.es\/fr\/wp-json\/wp\/v2\/media\/61168"}],"wp:attachment":[{"href":"https:\/\/gruposanz.es\/fr\/wp-json\/wp\/v2\/media?parent=61154"}],"wp:term":[{"taxonomy":"product_brand","embeddable":true,"href":"https:\/\/gruposanz.es\/fr\/wp-json\/wp\/v2\/product_brand?post=61154"},{"taxonomy":"product_cat","embeddable":true,"href":"https:\/\/gruposanz.es\/fr\/wp-json\/wp\/v2\/product_cat?post=61154"},{"taxonomy":"product_tag","embeddable":true,"href":"https:\/\/gruposanz.es\/fr\/wp-json\/wp\/v2\/product_tag?post=61154"}],"curies":[{"name":"wp","href":"https:\/\/api.w.org\/{rel}","templated":true}]}}