{"id":70899,"date":"2021-12-21T16:38:50","date_gmt":"2021-12-21T15:38:53","guid":{"rendered":"https:\/\/gruposanz.es\/?post_type=product&#038;p=70899"},"modified":"2021-12-21T16:51:27","modified_gmt":"2021-12-21T15:51:27","slug":"secateur-ez-kut-g2-ratcheting-lopper","status":"publish","type":"product","link":"https:\/\/gruposanz.es\/fr\/producto\/secateur-ez-kut-g2-ratcheting-lopper","title":{"rendered":"S\u00e9cateur EZ KUT G2 Ratcheting Lopper"},"content":{"rendered":"<div class=\"wpb-content-wrapper\"><p>[vc_row][vc_column][vc_column_text]<\/p>\n<h4 style=\"text-align: justify;\"><span style=\"color: #b7000c;\"><strong>Description<\/strong><\/span><\/h4>\n<p style=\"text-align: justify;\"><span lang=\"fr-FR\">LE LOPPER EZ KUT G2 PAR EZ KUT, EST DE LOIN L&#8217;UN DES MEILLEURS LOPPER AU MONDE !! SON QUALIT\u00c9 COMMERCIALE PROFESSIONNELLE. C&#8217;est le nec plus ultra des \u00e9lagueurs \u00e0 cliquet !! Poign\u00e9es t\u00e9lescopiques, s&#8217;\u00e9tend de 18 \u00e0 42 pouces, atteint pr\u00e8s de 10 pieds, poign\u00e9es extensibles en aluminium pour avions, boulons plus huil\u00e9s brevet\u00e9s pour une lubrification constante des principaux points de pivot, seul cutter avec poign\u00e9es rempla\u00e7ables, toutes les poign\u00e9es en caoutchouc, action de cliquet \u00e0 6 \u00e9tapes, coupe jusqu&#8217;\u00e0 3,5 pouces avec facilit\u00e9, lame en acier SK5, lame rempla\u00e7able et aff\u00fbtable \u00e0 rev\u00eatement antiadh\u00e9sif. Garantie \u00e0 vie. Technologie MAX en instance de brevet. Cela vous permet de couper des branches de diam\u00e8tre maximum sans perdre votre hauteur lorsque vous ouvrez compl\u00e8tement vos m\u00e2choires. <\/span><span lang=\"fr-FR\">Ce n&#8217;est pas un \u00e9lagueur bon march\u00e9 comme la plupart des outils chinois. C&#8217;est un coupeur professionnel de qualit\u00e9 commerciale. C&#8217;est id\u00e9al pour les paysagistes, les chasseurs, les jardiniers, les arboristes, les campeurs, les monteurs de lignes, les Trail Blazers, les Trail Riders, les pourvoyeurs et l&#8217;entretien de la maison. Si vous n&#8217;aimez pas le G2, vous n&#8217;aimez pas les glaces !!<\/span><\/p>\n<h4 style=\"text-align: justify;\"><span style=\"color: #b7000c;\"><strong>Caract\u00e9ristiques<\/strong><\/span><\/h4>\n<ul>\n<li><span lang=\"fr-FR\">Lame rempla\u00e7able<\/span><\/li>\n<li><span lang=\"fr-FR\">Garantie \u00e0 vie<\/span><\/li>\n<li><span lang=\"fr-FR\">Diam\u00e8tre de coupe maximal de 3,5 pouces<\/span><\/li>\n<li><span lang=\"fr-FR\">Boulons de graissage brevet\u00e9s<\/span><\/li>\n<li><span lang=\"fr-FR\">Technologie maximale<\/span><\/li>\n<li><span lang=\"fr-FR\">V\u00e9ritables poign\u00e9es en caoutchouc antiadh\u00e9sif<\/span><\/li>\n<li><span lang=\"fr-FR\">Boucle Bande S\u00e9jour<\/span><\/li>\n<li><span lang=\"fr-FR\">Plaque \u00e0 m\u00e2choires \u00e0 double profil<\/span><\/li>\n<li><span lang=\"fr-FR\">Lame en acier SK5<\/span><\/li>\n<li><span lang=\"fr-FR\">Poids l\u00e9ger<\/span><\/li>\n<\/ul>\n<p>[\/vc_column_text][vc_row_inner disable_element=&#8221;yes&#8221;][vc_column_inner width=&#8221;1\/6&#8243; offset=&#8221;vc_col-xs-3&#8243;][vc_single_image image=&#8221;49683&#8243; img_size=&#8221;full&#8221; alignment=&#8221;center&#8221;][\/vc_column_inner][vc_column_inner width=&#8221;1\/6&#8243; offset=&#8221;vc_col-xs-3&#8243;][vc_single_image image=&#8221;49493&#8243; img_size=&#8221;&#8221; alignment=&#8221;center&#8221;][\/vc_column_inner][vc_column_inner width=&#8221;1\/6&#8243; offset=&#8221;vc_col-xs-4&#8243;][vc_single_image image=&#8221;49503&#8243; img_size=&#8221;full&#8221; alignment=&#8221;center&#8221;][\/vc_column_inner][vc_column_inner width=&#8221;1\/6&#8243; offset=&#8221;vc_col-xs-4&#8243;][vc_single_image image=&#8221;49673&#8243; img_size=&#8221;full&#8221; alignment=&#8221;center&#8221;][\/vc_column_inner][vc_column_inner width=&#8221;1\/6&#8243; offset=&#8221;vc_col-xs-4&#8243;][vc_single_image image=&#8221;49653&#8243; img_size=&#8221;full&#8221; alignment=&#8221;center&#8221;][\/vc_column_inner][vc_column_inner width=&#8221;1\/6&#8243;][vc_single_image image=&#8221;49423&#8243; img_size=&#8221;full&#8221; alignment=&#8221;center&#8221;][\/vc_column_inner][\/vc_row_inner][\/vc_column][\/vc_row][vc_row disable_element=&#8221;yes&#8221;][vc_column][vc_row_inner][vc_column_inner width=&#8221;2\/3&#8243;][vc_btn title=&#8221;FICHE TECNIQUE COMMERCIAL&#8221; style=&#8221;custom&#8221; custom_background=&#8221;#b7000c&#8221; custom_text=&#8221;#ffffff&#8221; shape=&#8221;square&#8221; align=&#8221;center&#8221; i_icon_fontawesome=&#8221;fa fa-file-pdf-o&#8221; button_block=&#8221;true&#8221; add_icon=&#8221;true&#8221; link=&#8221;url:%2Fwp-content%2Fuploads%2F2021%2F10%2FFTC.15340.TIJERA-KM-M-FORCE-FR.pdf||target:%20_blank|rel:nofollow&#8221; el_class=&#8221;boton-descarga-producto&#8221;][\/vc_column_inner][vc_column_inner width=&#8221;1\/3&#8243;][\/vc_column_inner][\/vc_row_inner][\/vc_column][\/vc_row][vc_row disable_element=&#8221;yes&#8221;][vc_column][vc_row_inner][vc_column_inner width=&#8221;2\/3&#8243;][vc_btn title=&#8221;FICHE TECNIQUE COMMERCIAL&#8221; style=&#8221;custom&#8221; custom_background=&#8221;#b7000c&#8221; custom_text=&#8221;#ffffff&#8221; shape=&#8221;square&#8221; align=&#8221;center&#8221; i_icon_fontawesome=&#8221;fa fa-file-pdf-o&#8221; button_block=&#8221;true&#8221; add_icon=&#8221;true&#8221; link=&#8221;url:%2Fwp-content%2Fuploads%2F2019%2F08%2F7823-FTC-Keeper-Garden-16.pdf||target:%20_blank|&#8221; el_class=&#8221;boton-descarga-producto&#8221;][\/vc_column_inner][vc_column_inner width=&#8221;1\/3&#8243;][vc_btn title=&#8221;MANUEL&#8221; style=&#8221;custom&#8221; custom_background=&#8221;#b7000c&#8221; custom_text=&#8221;#ffffff&#8221; shape=&#8221;square&#8221; align=&#8221;center&#8221; i_icon_fontawesome=&#8221;fa fa-file-pdf-o&#8221; button_block=&#8221;true&#8221; add_icon=&#8221;true&#8221; link=&#8221;url:%2Fwp-content%2Fuploads%2F2018%2F03%2FManual-de-instrucciones-Garden-12-16-WEB.pdf||target:%20_blank|&#8221; el_class=&#8221;boton-descarga-producto&#8221;][\/vc_column_inner][\/vc_row_inner][vc_row_inner][vc_column_inner width=&#8221;2\/3&#8243;][vc_btn title=&#8221;ACTIVER LA GARANTIE&#8221; style=&#8221;custom&#8221; custom_background=&#8221;#b7000c&#8221; custom_text=&#8221;#ffffff&#8221; shape=&#8221;square&#8221; align=&#8221;center&#8221; i_icon_fontawesome=&#8221;fa fa-file-pdf-o&#8221; button_block=&#8221;true&#8221; add_icon=&#8221;true&#8221; link=&#8221;url:%2Ffr%2Factivation-de-la-garantie|title:Warranty%20Activation|target:%20_blank|&#8221; el_class=&#8221;boton-descarga-producto&#8221;][\/vc_column_inner][vc_column_inner width=&#8221;1\/3&#8243;][\/vc_column_inner][\/vc_row_inner][\/vc_column][\/vc_row][vc_row disable_element=&#8221;yes&#8221; css=&#8221;.vc_custom_1640092474208{margin-top: 0px !important;}&#8221;][vc_column][vc_single_image image=&#8221;53813&#8243; img_size=&#8221;full&#8221; alignment=&#8221;center&#8221;][\/vc_column][\/vc_row][vc_row css=&#8221;.vc_custom_1640092480317{margin-top: 0px !important;}&#8221;][vc_column][vc_video link=&#8221;https:\/\/www.youtube.com\/watch?v=HqvhsPI8eKo&#8221;][\/vc_column][\/vc_row]<\/p>\n<\/div>","protected":false},"excerpt":{"rendered":"<h2 style=\"text-align: center;\"><span style=\"color: #ffffff;\"><strong>Outils d&#8217;\u00e9lagage avec garantie \u00e0 vie<\/strong><\/span><\/h2>\n","protected":false},"featured_media":70903,"template":"","meta":[],"product_brand":[],"product_cat":[864,3667],"product_tag":[3663],"class_list":{"0":"post-70899","1":"product","2":"type-product","3":"status-publish","4":"has-post-thumbnail","6":"product_cat-agricole","7":"product_cat-outils-ezkut","8":"product_tag-produits-ezkut","10":"first","11":"instock","12":"shipping-taxable","13":"product-type-simple"},"yoast_head":"<!-- This site is optimized with the Yoast SEO plugin v27.3 - https:\/\/yoast.com\/product\/yoast-seo-wordpress\/ -->\n<title>S\u00e9cateur EZ KUT G2 Ratcheting Lopper para la poda - Grupo Sanz<\/title>\n<meta name=\"robots\" content=\"index, follow, max-snippet:-1, max-image-preview:large, max-video-preview:-1\" \/>\n<link rel=\"canonical\" href=\"https:\/\/gruposanz.es\/fr\/producto\/secateur-ez-kut-g2-ratcheting-lopper\" \/>\n<meta property=\"og:locale\" content=\"fr_FR\" \/>\n<meta property=\"og:type\" content=\"article\" \/>\n<meta property=\"og:title\" content=\"S\u00e9cateur EZ KUT G2 Ratcheting Lopper para la poda - Grupo Sanz\" \/>\n<meta property=\"og:description\" content=\"Outils d&#039;\u00e9lagage avec garantie \u00e0 vie\" \/>\n<meta property=\"og:url\" content=\"https:\/\/gruposanz.es\/fr\/producto\/secateur-ez-kut-g2-ratcheting-lopper\" \/>\n<meta property=\"og:site_name\" content=\"Grupo Sanz\" \/>\n<meta property=\"article:modified_time\" content=\"2021-12-21T15:51:27+00:00\" \/>\n<meta property=\"og:image\" content=\"https:\/\/gruposanz.es\/wp-content\/uploads\/2021\/12\/G2.1-Lopper-Upright-555.jpg\" \/>\n\t<meta property=\"og:image:width\" content=\"555\" \/>\n\t<meta property=\"og:image:height\" content=\"555\" \/>\n\t<meta property=\"og:image:type\" content=\"image\/jpeg\" \/>\n<meta name=\"twitter:card\" content=\"summary_large_image\" \/>\n<meta name=\"twitter:label1\" content=\"Dur\u00e9e de lecture estim\u00e9e\" \/>\n\t<meta name=\"twitter:data1\" content=\"2 minutes\" \/>\n<script type=\"application\/ld+json\" class=\"yoast-schema-graph\">{\"@context\":\"https:\\\/\\\/schema.org\",\"@graph\":[{\"@type\":\"WebPage\",\"@id\":\"https:\\\/\\\/gruposanz.es\\\/fr\\\/producto\\\/secateur-ez-kut-g2-ratcheting-lopper\",\"url\":\"https:\\\/\\\/gruposanz.es\\\/fr\\\/producto\\\/secateur-ez-kut-g2-ratcheting-lopper\",\"name\":\"S\u00e9cateur EZ KUT G2 Ratcheting Lopper para la poda - Grupo Sanz\",\"isPartOf\":{\"@id\":\"https:\\\/\\\/gruposanz.es\\\/fr\\\/#website\"},\"primaryImageOfPage\":{\"@id\":\"https:\\\/\\\/gruposanz.es\\\/fr\\\/producto\\\/secateur-ez-kut-g2-ratcheting-lopper#primaryimage\"},\"image\":{\"@id\":\"https:\\\/\\\/gruposanz.es\\\/fr\\\/producto\\\/secateur-ez-kut-g2-ratcheting-lopper#primaryimage\"},\"thumbnailUrl\":\"https:\\\/\\\/gruposanz.es\\\/wp-content\\\/uploads\\\/2021\\\/12\\\/G2.1-Lopper-Upright-555.jpg\",\"datePublished\":\"2021-12-21T15:38:53+00:00\",\"dateModified\":\"2021-12-21T15:51:27+00:00\",\"breadcrumb\":{\"@id\":\"https:\\\/\\\/gruposanz.es\\\/fr\\\/producto\\\/secateur-ez-kut-g2-ratcheting-lopper#breadcrumb\"},\"inLanguage\":\"fr-FR\",\"potentialAction\":[{\"@type\":\"ReadAction\",\"target\":[\"https:\\\/\\\/gruposanz.es\\\/fr\\\/producto\\\/secateur-ez-kut-g2-ratcheting-lopper\"]}]},{\"@type\":\"ImageObject\",\"inLanguage\":\"fr-FR\",\"@id\":\"https:\\\/\\\/gruposanz.es\\\/fr\\\/producto\\\/secateur-ez-kut-g2-ratcheting-lopper#primaryimage\",\"url\":\"https:\\\/\\\/gruposanz.es\\\/wp-content\\\/uploads\\\/2021\\\/12\\\/G2.1-Lopper-Upright-555.jpg\",\"contentUrl\":\"https:\\\/\\\/gruposanz.es\\\/wp-content\\\/uploads\\\/2021\\\/12\\\/G2.1-Lopper-Upright-555.jpg\",\"width\":555,\"height\":555,\"caption\":\"Tijera EZ KUT G2 Ratcheting Lopper\"},{\"@type\":\"BreadcrumbList\",\"@id\":\"https:\\\/\\\/gruposanz.es\\\/fr\\\/producto\\\/secateur-ez-kut-g2-ratcheting-lopper#breadcrumb\",\"itemListElement\":[{\"@type\":\"ListItem\",\"position\":1,\"name\":\"Inicio\",\"item\":\"https:\\\/\\\/gruposanz.es\\\/fr\"},{\"@type\":\"ListItem\",\"position\":2,\"name\":\"Produits\",\"item\":\"https:\\\/\\\/gruposanz.es\\\/fr\\\/shop\"},{\"@type\":\"ListItem\",\"position\":3,\"name\":\"Agriculture\",\"item\":\"https:\\\/\\\/gruposanz.es\\\/fr\\\/categorie\\\/agricole\"},{\"@type\":\"ListItem\",\"position\":4,\"name\":\"Outils Ezkut\",\"item\":\"https:\\\/\\\/gruposanz.es\\\/fr\\\/categorie\\\/agricole\\\/outils-ezkut\"},{\"@type\":\"ListItem\",\"position\":5,\"name\":\"S\u00e9cateur EZ KUT G2 Ratcheting Lopper\"}]},{\"@type\":\"WebSite\",\"@id\":\"https:\\\/\\\/gruposanz.es\\\/fr\\\/#website\",\"url\":\"https:\\\/\\\/gruposanz.es\\\/fr\\\/\",\"name\":\"Grupo Sanz\",\"description\":\"Grupo Sanz, fabricantes de productos de pulverizaci\u00f3n y poda con sus marcas Pulmic, Kamikaze, Keeper y Siqua\",\"publisher\":{\"@id\":\"https:\\\/\\\/gruposanz.es\\\/fr\\\/#organization\"},\"potentialAction\":[{\"@type\":\"SearchAction\",\"target\":{\"@type\":\"EntryPoint\",\"urlTemplate\":\"https:\\\/\\\/gruposanz.es\\\/fr\\\/?s={search_term_string}\"},\"query-input\":{\"@type\":\"PropertyValueSpecification\",\"valueRequired\":true,\"valueName\":\"search_term_string\"}}],\"inLanguage\":\"fr-FR\"},{\"@type\":\"Organization\",\"@id\":\"https:\\\/\\\/gruposanz.es\\\/fr\\\/#organization\",\"name\":\"Grupo Sanz\",\"url\":\"https:\\\/\\\/gruposanz.es\\\/fr\\\/\",\"logo\":{\"@type\":\"ImageObject\",\"inLanguage\":\"fr-FR\",\"@id\":\"https:\\\/\\\/gruposanz.es\\\/fr\\\/#\\\/schema\\\/logo\\\/image\\\/\",\"url\":\"https:\\\/\\\/gruposanz.es\\\/wp-content\\\/uploads\\\/2022\\\/10\\\/LOGOTIPO-GRUPO-SANZ-vertical.png\",\"contentUrl\":\"https:\\\/\\\/gruposanz.es\\\/wp-content\\\/uploads\\\/2022\\\/10\\\/LOGOTIPO-GRUPO-SANZ-vertical.png\",\"width\":1418,\"height\":1418,\"caption\":\"Grupo Sanz\"},\"image\":{\"@id\":\"https:\\\/\\\/gruposanz.es\\\/fr\\\/#\\\/schema\\\/logo\\\/image\\\/\"},\"sameAs\":[\"https:\\\/\\\/www.linkedin.com\\\/company\\\/grupo-sanz-hermanos\",\"https:\\\/\\\/www.youtube.com\\\/user\\\/GrupoSanz\"]}]}<\/script>\n<!-- \/ Yoast SEO plugin. -->","yoast_head_json":{"title":"S\u00e9cateur EZ KUT G2 Ratcheting Lopper para la poda - Grupo Sanz","robots":{"index":"index","follow":"follow","max-snippet":"max-snippet:-1","max-image-preview":"max-image-preview:large","max-video-preview":"max-video-preview:-1"},"canonical":"https:\/\/gruposanz.es\/fr\/producto\/secateur-ez-kut-g2-ratcheting-lopper","og_locale":"fr_FR","og_type":"article","og_title":"S\u00e9cateur EZ KUT G2 Ratcheting Lopper para la poda - Grupo Sanz","og_description":"Outils d'\u00e9lagage avec garantie \u00e0 vie","og_url":"https:\/\/gruposanz.es\/fr\/producto\/secateur-ez-kut-g2-ratcheting-lopper","og_site_name":"Grupo Sanz","article_modified_time":"2021-12-21T15:51:27+00:00","og_image":[{"width":555,"height":555,"url":"https:\/\/gruposanz.es\/wp-content\/uploads\/2021\/12\/G2.1-Lopper-Upright-555.jpg","type":"image\/jpeg"}],"twitter_card":"summary_large_image","twitter_misc":{"Dur\u00e9e de lecture estim\u00e9e":"2 minutes"},"schema":{"@context":"https:\/\/schema.org","@graph":[{"@type":"WebPage","@id":"https:\/\/gruposanz.es\/fr\/producto\/secateur-ez-kut-g2-ratcheting-lopper","url":"https:\/\/gruposanz.es\/fr\/producto\/secateur-ez-kut-g2-ratcheting-lopper","name":"S\u00e9cateur EZ KUT G2 Ratcheting Lopper para la poda - Grupo Sanz","isPartOf":{"@id":"https:\/\/gruposanz.es\/fr\/#website"},"primaryImageOfPage":{"@id":"https:\/\/gruposanz.es\/fr\/producto\/secateur-ez-kut-g2-ratcheting-lopper#primaryimage"},"image":{"@id":"https:\/\/gruposanz.es\/fr\/producto\/secateur-ez-kut-g2-ratcheting-lopper#primaryimage"},"thumbnailUrl":"https:\/\/gruposanz.es\/wp-content\/uploads\/2021\/12\/G2.1-Lopper-Upright-555.jpg","datePublished":"2021-12-21T15:38:53+00:00","dateModified":"2021-12-21T15:51:27+00:00","breadcrumb":{"@id":"https:\/\/gruposanz.es\/fr\/producto\/secateur-ez-kut-g2-ratcheting-lopper#breadcrumb"},"inLanguage":"fr-FR","potentialAction":[{"@type":"ReadAction","target":["https:\/\/gruposanz.es\/fr\/producto\/secateur-ez-kut-g2-ratcheting-lopper"]}]},{"@type":"ImageObject","inLanguage":"fr-FR","@id":"https:\/\/gruposanz.es\/fr\/producto\/secateur-ez-kut-g2-ratcheting-lopper#primaryimage","url":"https:\/\/gruposanz.es\/wp-content\/uploads\/2021\/12\/G2.1-Lopper-Upright-555.jpg","contentUrl":"https:\/\/gruposanz.es\/wp-content\/uploads\/2021\/12\/G2.1-Lopper-Upright-555.jpg","width":555,"height":555,"caption":"Tijera EZ KUT G2 Ratcheting Lopper"},{"@type":"BreadcrumbList","@id":"https:\/\/gruposanz.es\/fr\/producto\/secateur-ez-kut-g2-ratcheting-lopper#breadcrumb","itemListElement":[{"@type":"ListItem","position":1,"name":"Inicio","item":"https:\/\/gruposanz.es\/fr"},{"@type":"ListItem","position":2,"name":"Produits","item":"https:\/\/gruposanz.es\/fr\/shop"},{"@type":"ListItem","position":3,"name":"Agriculture","item":"https:\/\/gruposanz.es\/fr\/categorie\/agricole"},{"@type":"ListItem","position":4,"name":"Outils Ezkut","item":"https:\/\/gruposanz.es\/fr\/categorie\/agricole\/outils-ezkut"},{"@type":"ListItem","position":5,"name":"S\u00e9cateur EZ KUT G2 Ratcheting Lopper"}]},{"@type":"WebSite","@id":"https:\/\/gruposanz.es\/fr\/#website","url":"https:\/\/gruposanz.es\/fr\/","name":"Grupo Sanz","description":"Grupo Sanz, fabricantes de productos de pulverizaci\u00f3n y poda con sus marcas Pulmic, Kamikaze, Keeper y Siqua","publisher":{"@id":"https:\/\/gruposanz.es\/fr\/#organization"},"potentialAction":[{"@type":"SearchAction","target":{"@type":"EntryPoint","urlTemplate":"https:\/\/gruposanz.es\/fr\/?s={search_term_string}"},"query-input":{"@type":"PropertyValueSpecification","valueRequired":true,"valueName":"search_term_string"}}],"inLanguage":"fr-FR"},{"@type":"Organization","@id":"https:\/\/gruposanz.es\/fr\/#organization","name":"Grupo Sanz","url":"https:\/\/gruposanz.es\/fr\/","logo":{"@type":"ImageObject","inLanguage":"fr-FR","@id":"https:\/\/gruposanz.es\/fr\/#\/schema\/logo\/image\/","url":"https:\/\/gruposanz.es\/wp-content\/uploads\/2022\/10\/LOGOTIPO-GRUPO-SANZ-vertical.png","contentUrl":"https:\/\/gruposanz.es\/wp-content\/uploads\/2022\/10\/LOGOTIPO-GRUPO-SANZ-vertical.png","width":1418,"height":1418,"caption":"Grupo Sanz"},"image":{"@id":"https:\/\/gruposanz.es\/fr\/#\/schema\/logo\/image\/"},"sameAs":["https:\/\/www.linkedin.com\/company\/grupo-sanz-hermanos","https:\/\/www.youtube.com\/user\/GrupoSanz"]}]}},"_links":{"self":[{"href":"https:\/\/gruposanz.es\/fr\/wp-json\/wp\/v2\/product\/70899","targetHints":{"allow":["GET"]}}],"collection":[{"href":"https:\/\/gruposanz.es\/fr\/wp-json\/wp\/v2\/product"}],"about":[{"href":"https:\/\/gruposanz.es\/fr\/wp-json\/wp\/v2\/types\/product"}],"wp:featuredmedia":[{"embeddable":true,"href":"https:\/\/gruposanz.es\/fr\/wp-json\/wp\/v2\/media\/70903"}],"wp:attachment":[{"href":"https:\/\/gruposanz.es\/fr\/wp-json\/wp\/v2\/media?parent=70899"}],"wp:term":[{"taxonomy":"product_brand","embeddable":true,"href":"https:\/\/gruposanz.es\/fr\/wp-json\/wp\/v2\/product_brand?post=70899"},{"taxonomy":"product_cat","embeddable":true,"href":"https:\/\/gruposanz.es\/fr\/wp-json\/wp\/v2\/product_cat?post=70899"},{"taxonomy":"product_tag","embeddable":true,"href":"https:\/\/gruposanz.es\/fr\/wp-json\/wp\/v2\/product_tag?post=70899"}],"curies":[{"name":"wp","href":"https:\/\/api.w.org\/{rel}","templated":true}]}}