{"id":84717,"date":"2023-09-29T11:41:46","date_gmt":"2023-09-29T09:41:49","guid":{"rendered":"https:\/\/gruposanz.es\/?post_type=product&#038;p=84717"},"modified":"2025-09-11T12:06:51","modified_gmt":"2025-09-11T10:06:51","slug":"tronconneuse-electrique-kvs-7000p","status":"publish","type":"product","link":"https:\/\/gruposanz.es\/fr\/producto\/tronconneuse-electrique-kvs-7000p","title":{"rendered":"Tron\u00e7onneuse \u00e9lectrique KVS 7000P"},"content":{"rendered":"<div class=\"wpb-content-wrapper\"><p>[vc_row][vc_column][vc_column_text]<\/p>\n<h4><span style=\"color: #b7000c;\"><strong>DESCRIPTION DE LA TRON\u00c7ONNEUSE \u00c9LECTRIQUE SUR PERCHE<\/strong><\/span><\/h4>\n<p align=\"JUSTIFY\">La nueva <strong>Kamikaze KVS 7000P<\/strong> es una motosierra el\u00e9ctrica con p\u00e9rtiga telesc\u00f3pica sin cables. Extensible desde 1,75 a 2,5 metros, sumado con la altura del usuario se logra trabajar a alturas entorno a los 4,5 metros.<\/p>\n<p align=\"JUSTIFY\">Incluye 2 bater\u00edas, con una buena autonom\u00eda conjunta de hasta 6h manteniendo una gran potencia nominal de 950 Watios (m\u00e1x. 1200W). Su espada de 8 pulgadas la convierte en una motosierra muy vers\u00e1til, logrando satisfactoriamente la gran mayor\u00eda de trabajos. Ideal para paisajismo y agricultura.<\/p>\n<h4><span style=\"color: #b7000c;\"><strong>CARACT\u00c9RISTIQUES DE LA TRON\u00c7ONNEUSE \u00c9LECTRIQUE KVS 7000P<\/strong><\/span><\/h4>\n<p style=\"text-align: justify;\">&#8211; Pratique et maniable<br \/>\n&#8211; Rapide et efficace<br \/>\n&#8211; Polyvalent<br \/>\n&#8211; Pompe de lubrification \u00e9lectrique<br \/>\n&#8211; \u00c9p\u00e9e de 8 pouces<br \/>\n&#8211; 2 batteries lithium 21,6 V et 4 Ah.<br \/>\n&#8211; Moteur BRUSHLESS<\/p>\n<p>[\/vc_column_text][vc_row_inner][vc_column_inner width=&#8221;1\/6&#8243; offset=&#8221;vc_col-xs-3&#8243;][vc_single_image image=&#8221;48384&#8243; img_size=&#8221;&#8221; alignment=&#8221;center&#8221;][\/vc_column_inner][vc_column_inner width=&#8221;1\/6&#8243; offset=&#8221;vc_col-xs-3&#8243;][vc_single_image image=&#8221;48389&#8243; img_size=&#8221;full&#8221; alignment=&#8221;center&#8221;][\/vc_column_inner][vc_column_inner width=&#8221;1\/6&#8243; offset=&#8221;vc_col-xs-4&#8243;][\/vc_column_inner][vc_column_inner width=&#8221;1\/6&#8243; offset=&#8221;vc_col-xs-4&#8243;][\/vc_column_inner][vc_column_inner width=&#8221;1\/6&#8243; offset=&#8221;vc_col-xs-4&#8243;][\/vc_column_inner][vc_column_inner width=&#8221;1\/6&#8243; offset=&#8221;vc_col-xs-3&#8243;][\/vc_column_inner][\/vc_row_inner][\/vc_column][\/vc_row][vc_row][vc_column][vc_row_inner][vc_column_inner width=&#8221;2\/3&#8243;][vc_btn title=&#8221;FICHE TECHNIQUE-COMMERCIALE&#8221; style=&#8221;custom&#8221; custom_background=&#8221;#b7000c&#8221; custom_text=&#8221;#ffffff&#8221; shape=&#8221;square&#8221; align=&#8221;center&#8221; i_icon_fontawesome=&#8221;far fa-file-pdf&#8221; css=&#8221;&#8221; button_block=&#8221;true&#8221; add_icon=&#8221;true&#8221; link=&#8221;url:%2Fwp-content%2Fuploads%2Fftc%2Ffr%2FFTCKVS7000P.pdf|target:_blank|rel:nofollow&#8221; el_class=&#8221;boton-descarga-producto&#8221;][\/vc_column_inner][vc_column_inner width=&#8221;1\/3&#8243;][vc_btn title=&#8221;MANUAL&#8221; style=&#8221;custom&#8221; custom_background=&#8221;#b7000c&#8221; custom_text=&#8221;#ffffff&#8221; shape=&#8221;square&#8221; align=&#8221;center&#8221; i_icon_fontawesome=&#8221;&#8221; button_block=&#8221;true&#8221; add_icon=&#8221;true&#8221; link=&#8221;url:%2Fwp-content%2Fuploads%2F2023%2F09%2FManual-KVS7000P.pdf|target:_blank|rel:nofollow&#8221; el_class=&#8221;boton-descarga-producto&#8221;][\/vc_column_inner][\/vc_row_inner][vc_row_inner][vc_column_inner width=&#8221;1\/6&#8243;][\/vc_column_inner][vc_column_inner width=&#8221;2\/3&#8243;][vc_btn title=&#8221;ACTIVER LA GARANTIE&#8221; style=&#8221;custom&#8221; custom_background=&#8221;#a4aeb0&#8243; custom_text=&#8221;#ffffff&#8221; shape=&#8221;square&#8221; align=&#8221;center&#8221; i_icon_fontawesome=&#8221;&#8221; button_block=&#8221;true&#8221; add_icon=&#8221;true&#8221; link=&#8221;url:https%3A%2F%2Fgruposanz.es%2Ffr%2Factivation-de-la-garantie|target:_blank|rel:nofollow&#8221; el_class=&#8221;boton-descarga-producto&#8221;][\/vc_column_inner][vc_column_inner width=&#8221;1\/6&#8243;][\/vc_column_inner][\/vc_row_inner][\/vc_column][\/vc_row][vc_row disable_element=&#8221;yes&#8221; css=&#8221;.vc_custom_1695976774171{margin-top: 20px !important;}&#8221;][vc_column][vc_video link=&#8221;https:\/\/www.youtube.com\/watch?v=de4dBpHzhhY&#8221;][\/vc_column][\/vc_row]<\/p>\n<\/div>","protected":false},"excerpt":{"rendered":"<h3 style=\"text-align: center;\"><span style=\"color: #ffffff;\"><strong>Notre objectif est d\u00b4avoir la plus large gamme d\u00b4outils pour la taille, autant pour des cultures basses comme en hauteurs et qui soient accessibles pour le plus grand nombre d\u00b4utilisateurs.<\/strong><\/span><\/h3>\n","protected":false},"featured_media":84720,"template":"","meta":[],"product_brand":[],"product_cat":[2994,3008,3660,864],"product_tag":[3385,3407],"class_list":{"0":"post-84717","1":"product","2":"type-product","3":"status-publish","4":"has-post-thumbnail","6":"product_cat-outils-electriques","7":"product_cat-secateurs-electriques-en-hateur","8":"product_cat-tronconneuse-electrique","9":"product_cat-agricole","10":"product_tag-produits-kamikaze","11":"product_tag-produits-multi-kv","13":"first","14":"instock","15":"shipping-taxable","16":"product-type-simple"},"yoast_head":"<!-- This site is optimized with the Yoast SEO plugin v27.3 - https:\/\/yoast.com\/product\/yoast-seo-wordpress\/ -->\n<title>Tron\u00e7onneuse \u00e9lectrique KVS 7000P de Kamikaze Power Tools - Grupo Sanz<\/title>\n<meta name=\"description\" content=\"Descubre la Tron\u00e7onneuse \u00e9lectrique KVS 7000P. Una l\u00ednea concebida para solucionar los trabajos en altura de poda el\u00e9ctrica.\" \/>\n<meta name=\"robots\" content=\"index, follow, max-snippet:-1, max-image-preview:large, max-video-preview:-1\" \/>\n<link rel=\"canonical\" href=\"https:\/\/gruposanz.es\/fr\/producto\/tronconneuse-electrique-kvs-7000p\" \/>\n<meta property=\"og:locale\" content=\"fr_FR\" \/>\n<meta property=\"og:type\" content=\"article\" \/>\n<meta property=\"og:title\" content=\"Tron\u00e7onneuse \u00e9lectrique KVS 7000P de Kamikaze Power Tools - Grupo Sanz\" \/>\n<meta property=\"og:description\" content=\"Descubre la Tron\u00e7onneuse \u00e9lectrique KVS 7000P. Una l\u00ednea concebida para solucionar los trabajos en altura de poda el\u00e9ctrica.\" \/>\n<meta property=\"og:url\" content=\"https:\/\/gruposanz.es\/fr\/producto\/tronconneuse-electrique-kvs-7000p\" \/>\n<meta property=\"og:site_name\" content=\"Grupo Sanz\" \/>\n<meta property=\"article:modified_time\" content=\"2025-09-11T10:06:51+00:00\" \/>\n<meta property=\"og:image\" content=\"https:\/\/gruposanz.es\/wp-content\/uploads\/2023\/09\/KVS7000P_foto_producto.jpg\" \/>\n\t<meta property=\"og:image:width\" content=\"555\" \/>\n\t<meta property=\"og:image:height\" content=\"555\" \/>\n\t<meta property=\"og:image:type\" content=\"image\/jpeg\" \/>\n<meta name=\"twitter:card\" content=\"summary_large_image\" \/>\n<meta name=\"twitter:label1\" content=\"Dur\u00e9e de lecture estim\u00e9e\" \/>\n\t<meta name=\"twitter:data1\" content=\"2 minutes\" \/>\n<script type=\"application\/ld+json\" class=\"yoast-schema-graph\">{\"@context\":\"https:\\\/\\\/schema.org\",\"@graph\":[{\"@type\":\"WebPage\",\"@id\":\"https:\\\/\\\/gruposanz.es\\\/fr\\\/producto\\\/tronconneuse-electrique-kvs-7000p\",\"url\":\"https:\\\/\\\/gruposanz.es\\\/fr\\\/producto\\\/tronconneuse-electrique-kvs-7000p\",\"name\":\"Tron\u00e7onneuse \u00e9lectrique KVS 7000P de Kamikaze Power Tools - Grupo Sanz\",\"isPartOf\":{\"@id\":\"https:\\\/\\\/gruposanz.es\\\/fr\\\/#website\"},\"primaryImageOfPage\":{\"@id\":\"https:\\\/\\\/gruposanz.es\\\/fr\\\/producto\\\/tronconneuse-electrique-kvs-7000p#primaryimage\"},\"image\":{\"@id\":\"https:\\\/\\\/gruposanz.es\\\/fr\\\/producto\\\/tronconneuse-electrique-kvs-7000p#primaryimage\"},\"thumbnailUrl\":\"https:\\\/\\\/gruposanz.es\\\/wp-content\\\/uploads\\\/2023\\\/09\\\/KVS7000P_foto_producto.jpg\",\"datePublished\":\"2023-09-29T09:41:49+00:00\",\"dateModified\":\"2025-09-11T10:06:51+00:00\",\"description\":\"Descubre la Tron\u00e7onneuse \u00e9lectrique KVS 7000P. Una l\u00ednea concebida para solucionar los trabajos en altura de poda el\u00e9ctrica.\",\"breadcrumb\":{\"@id\":\"https:\\\/\\\/gruposanz.es\\\/fr\\\/producto\\\/tronconneuse-electrique-kvs-7000p#breadcrumb\"},\"inLanguage\":\"fr-FR\",\"potentialAction\":[{\"@type\":\"ReadAction\",\"target\":[\"https:\\\/\\\/gruposanz.es\\\/fr\\\/producto\\\/tronconneuse-electrique-kvs-7000p\"]}]},{\"@type\":\"ImageObject\",\"inLanguage\":\"fr-FR\",\"@id\":\"https:\\\/\\\/gruposanz.es\\\/fr\\\/producto\\\/tronconneuse-electrique-kvs-7000p#primaryimage\",\"url\":\"https:\\\/\\\/gruposanz.es\\\/wp-content\\\/uploads\\\/2023\\\/09\\\/KVS7000P_foto_producto.jpg\",\"contentUrl\":\"https:\\\/\\\/gruposanz.es\\\/wp-content\\\/uploads\\\/2023\\\/09\\\/KVS7000P_foto_producto.jpg\",\"width\":555,\"height\":555,\"caption\":\"Motosierra el\u00e9ctrica KVS 7000P\"},{\"@type\":\"BreadcrumbList\",\"@id\":\"https:\\\/\\\/gruposanz.es\\\/fr\\\/producto\\\/tronconneuse-electrique-kvs-7000p#breadcrumb\",\"itemListElement\":[{\"@type\":\"ListItem\",\"position\":1,\"name\":\"Inicio\",\"item\":\"https:\\\/\\\/gruposanz.es\\\/fr\"},{\"@type\":\"ListItem\",\"position\":2,\"name\":\"Produits\",\"item\":\"https:\\\/\\\/gruposanz.es\\\/fr\\\/shop\"},{\"@type\":\"ListItem\",\"position\":3,\"name\":\"Agriculture\",\"item\":\"https:\\\/\\\/gruposanz.es\\\/fr\\\/categorie\\\/agricole\"},{\"@type\":\"ListItem\",\"position\":4,\"name\":\"Tron\u00e7onneuse \u00e9lectrique KVS 7000P\"}]},{\"@type\":\"WebSite\",\"@id\":\"https:\\\/\\\/gruposanz.es\\\/fr\\\/#website\",\"url\":\"https:\\\/\\\/gruposanz.es\\\/fr\\\/\",\"name\":\"Grupo Sanz\",\"description\":\"Grupo Sanz, fabricantes de productos de pulverizaci\u00f3n y poda con sus marcas Pulmic, Kamikaze, Keeper y Siqua\",\"publisher\":{\"@id\":\"https:\\\/\\\/gruposanz.es\\\/fr\\\/#organization\"},\"potentialAction\":[{\"@type\":\"SearchAction\",\"target\":{\"@type\":\"EntryPoint\",\"urlTemplate\":\"https:\\\/\\\/gruposanz.es\\\/fr\\\/?s={search_term_string}\"},\"query-input\":{\"@type\":\"PropertyValueSpecification\",\"valueRequired\":true,\"valueName\":\"search_term_string\"}}],\"inLanguage\":\"fr-FR\"},{\"@type\":\"Organization\",\"@id\":\"https:\\\/\\\/gruposanz.es\\\/fr\\\/#organization\",\"name\":\"Grupo Sanz\",\"url\":\"https:\\\/\\\/gruposanz.es\\\/fr\\\/\",\"logo\":{\"@type\":\"ImageObject\",\"inLanguage\":\"fr-FR\",\"@id\":\"https:\\\/\\\/gruposanz.es\\\/fr\\\/#\\\/schema\\\/logo\\\/image\\\/\",\"url\":\"https:\\\/\\\/gruposanz.es\\\/wp-content\\\/uploads\\\/2022\\\/10\\\/LOGOTIPO-GRUPO-SANZ-vertical.png\",\"contentUrl\":\"https:\\\/\\\/gruposanz.es\\\/wp-content\\\/uploads\\\/2022\\\/10\\\/LOGOTIPO-GRUPO-SANZ-vertical.png\",\"width\":1418,\"height\":1418,\"caption\":\"Grupo Sanz\"},\"image\":{\"@id\":\"https:\\\/\\\/gruposanz.es\\\/fr\\\/#\\\/schema\\\/logo\\\/image\\\/\"},\"sameAs\":[\"https:\\\/\\\/www.linkedin.com\\\/company\\\/grupo-sanz-hermanos\",\"https:\\\/\\\/www.youtube.com\\\/user\\\/GrupoSanz\"]}]}<\/script>\n<!-- \/ Yoast SEO plugin. -->","yoast_head_json":{"title":"Tron\u00e7onneuse \u00e9lectrique KVS 7000P de Kamikaze Power Tools - Grupo Sanz","description":"Descubre la Tron\u00e7onneuse \u00e9lectrique KVS 7000P. Una l\u00ednea concebida para solucionar los trabajos en altura de poda el\u00e9ctrica.","robots":{"index":"index","follow":"follow","max-snippet":"max-snippet:-1","max-image-preview":"max-image-preview:large","max-video-preview":"max-video-preview:-1"},"canonical":"https:\/\/gruposanz.es\/fr\/producto\/tronconneuse-electrique-kvs-7000p","og_locale":"fr_FR","og_type":"article","og_title":"Tron\u00e7onneuse \u00e9lectrique KVS 7000P de Kamikaze Power Tools - Grupo Sanz","og_description":"Descubre la Tron\u00e7onneuse \u00e9lectrique KVS 7000P. Una l\u00ednea concebida para solucionar los trabajos en altura de poda el\u00e9ctrica.","og_url":"https:\/\/gruposanz.es\/fr\/producto\/tronconneuse-electrique-kvs-7000p","og_site_name":"Grupo Sanz","article_modified_time":"2025-09-11T10:06:51+00:00","og_image":[{"width":555,"height":555,"url":"https:\/\/gruposanz.es\/wp-content\/uploads\/2023\/09\/KVS7000P_foto_producto.jpg","type":"image\/jpeg"}],"twitter_card":"summary_large_image","twitter_misc":{"Dur\u00e9e de lecture estim\u00e9e":"2 minutes"},"schema":{"@context":"https:\/\/schema.org","@graph":[{"@type":"WebPage","@id":"https:\/\/gruposanz.es\/fr\/producto\/tronconneuse-electrique-kvs-7000p","url":"https:\/\/gruposanz.es\/fr\/producto\/tronconneuse-electrique-kvs-7000p","name":"Tron\u00e7onneuse \u00e9lectrique KVS 7000P de Kamikaze Power Tools - Grupo Sanz","isPartOf":{"@id":"https:\/\/gruposanz.es\/fr\/#website"},"primaryImageOfPage":{"@id":"https:\/\/gruposanz.es\/fr\/producto\/tronconneuse-electrique-kvs-7000p#primaryimage"},"image":{"@id":"https:\/\/gruposanz.es\/fr\/producto\/tronconneuse-electrique-kvs-7000p#primaryimage"},"thumbnailUrl":"https:\/\/gruposanz.es\/wp-content\/uploads\/2023\/09\/KVS7000P_foto_producto.jpg","datePublished":"2023-09-29T09:41:49+00:00","dateModified":"2025-09-11T10:06:51+00:00","description":"Descubre la Tron\u00e7onneuse \u00e9lectrique KVS 7000P. Una l\u00ednea concebida para solucionar los trabajos en altura de poda el\u00e9ctrica.","breadcrumb":{"@id":"https:\/\/gruposanz.es\/fr\/producto\/tronconneuse-electrique-kvs-7000p#breadcrumb"},"inLanguage":"fr-FR","potentialAction":[{"@type":"ReadAction","target":["https:\/\/gruposanz.es\/fr\/producto\/tronconneuse-electrique-kvs-7000p"]}]},{"@type":"ImageObject","inLanguage":"fr-FR","@id":"https:\/\/gruposanz.es\/fr\/producto\/tronconneuse-electrique-kvs-7000p#primaryimage","url":"https:\/\/gruposanz.es\/wp-content\/uploads\/2023\/09\/KVS7000P_foto_producto.jpg","contentUrl":"https:\/\/gruposanz.es\/wp-content\/uploads\/2023\/09\/KVS7000P_foto_producto.jpg","width":555,"height":555,"caption":"Motosierra el\u00e9ctrica KVS 7000P"},{"@type":"BreadcrumbList","@id":"https:\/\/gruposanz.es\/fr\/producto\/tronconneuse-electrique-kvs-7000p#breadcrumb","itemListElement":[{"@type":"ListItem","position":1,"name":"Inicio","item":"https:\/\/gruposanz.es\/fr"},{"@type":"ListItem","position":2,"name":"Produits","item":"https:\/\/gruposanz.es\/fr\/shop"},{"@type":"ListItem","position":3,"name":"Agriculture","item":"https:\/\/gruposanz.es\/fr\/categorie\/agricole"},{"@type":"ListItem","position":4,"name":"Tron\u00e7onneuse \u00e9lectrique KVS 7000P"}]},{"@type":"WebSite","@id":"https:\/\/gruposanz.es\/fr\/#website","url":"https:\/\/gruposanz.es\/fr\/","name":"Grupo Sanz","description":"Grupo Sanz, fabricantes de productos de pulverizaci\u00f3n y poda con sus marcas Pulmic, Kamikaze, Keeper y Siqua","publisher":{"@id":"https:\/\/gruposanz.es\/fr\/#organization"},"potentialAction":[{"@type":"SearchAction","target":{"@type":"EntryPoint","urlTemplate":"https:\/\/gruposanz.es\/fr\/?s={search_term_string}"},"query-input":{"@type":"PropertyValueSpecification","valueRequired":true,"valueName":"search_term_string"}}],"inLanguage":"fr-FR"},{"@type":"Organization","@id":"https:\/\/gruposanz.es\/fr\/#organization","name":"Grupo Sanz","url":"https:\/\/gruposanz.es\/fr\/","logo":{"@type":"ImageObject","inLanguage":"fr-FR","@id":"https:\/\/gruposanz.es\/fr\/#\/schema\/logo\/image\/","url":"https:\/\/gruposanz.es\/wp-content\/uploads\/2022\/10\/LOGOTIPO-GRUPO-SANZ-vertical.png","contentUrl":"https:\/\/gruposanz.es\/wp-content\/uploads\/2022\/10\/LOGOTIPO-GRUPO-SANZ-vertical.png","width":1418,"height":1418,"caption":"Grupo Sanz"},"image":{"@id":"https:\/\/gruposanz.es\/fr\/#\/schema\/logo\/image\/"},"sameAs":["https:\/\/www.linkedin.com\/company\/grupo-sanz-hermanos","https:\/\/www.youtube.com\/user\/GrupoSanz"]}]}},"_links":{"self":[{"href":"https:\/\/gruposanz.es\/fr\/wp-json\/wp\/v2\/product\/84717","targetHints":{"allow":["GET"]}}],"collection":[{"href":"https:\/\/gruposanz.es\/fr\/wp-json\/wp\/v2\/product"}],"about":[{"href":"https:\/\/gruposanz.es\/fr\/wp-json\/wp\/v2\/types\/product"}],"wp:featuredmedia":[{"embeddable":true,"href":"https:\/\/gruposanz.es\/fr\/wp-json\/wp\/v2\/media\/84720"}],"wp:attachment":[{"href":"https:\/\/gruposanz.es\/fr\/wp-json\/wp\/v2\/media?parent=84717"}],"wp:term":[{"taxonomy":"product_brand","embeddable":true,"href":"https:\/\/gruposanz.es\/fr\/wp-json\/wp\/v2\/product_brand?post=84717"},{"taxonomy":"product_cat","embeddable":true,"href":"https:\/\/gruposanz.es\/fr\/wp-json\/wp\/v2\/product_cat?post=84717"},{"taxonomy":"product_tag","embeddable":true,"href":"https:\/\/gruposanz.es\/fr\/wp-json\/wp\/v2\/product_tag?post=84717"}],"curies":[{"name":"wp","href":"https:\/\/api.w.org\/{rel}","templated":true}]}}