{"id":92890,"date":"2024-09-01T07:13:52","date_gmt":"2024-09-01T05:15:52","guid":{"rendered":"https:\/\/gruposanz.es\/?post_type=product&#038;p=92890"},"modified":"2025-09-11T11:48:33","modified_gmt":"2025-09-11T09:48:33","slug":"secateur-en-hauteur-km-63","status":"publish","type":"product","link":"https:\/\/gruposanz.es\/fr\/producto\/secateur-en-hauteur-km-63","title":{"rendered":"S\u00e9cateur en hauteur KM-63"},"content":{"rendered":"<div class=\"wpb-content-wrapper\"><p>[vc_row disable_element=&#8221;yes&#8221;][vc_column][vc_column_text css=&#8221;.vc_custom_1725357259345{padding-top: 20px !important;padding-bottom: 20px !important;background-color: #000000 !important;}&#8221;]<\/p>\n<h3 style=\"text-align: center;\"><span style=\"color: #ffffff;\"><b>DISPONIBLE LE 1er OCTOBRE<\/b><\/span><\/h3>\n<p>[\/vc_column_text][\/vc_column][\/vc_row][vc_row][vc_column][vc_column_text css=&#8221;&#8221;]<\/p>\n<h4><span style=\"color: #b7000c;\"><strong>Description des s\u00e9cateurs<\/strong><\/span><\/h4>\n<p>Les travaux de taille semi-professionnels au jardin. Son m\u00e9canisme de coupe utilise un pivot avec un syst\u00e8me de poulie interne, qui multiplie la force de coupe, facilitant la taille des branches hautes et la r\u00e9colte des fruits. Fabriqu\u00e9s avec des mat\u00e9riaux de haute qualit\u00e9, comme le PA renforc\u00e9 de fibre de verre pour la t\u00eate et les poign\u00e9es, et l&#8217;aluminium anodis\u00e9 pour les tubes, ces ciseaux garantissent durabilit\u00e9 et efficacit\u00e9. De plus, sa lame en acier tremp\u00e9 avec rev\u00eatement antiadh\u00e9sif en T\u00e9flon et sa contre-lame avec crochet pour ramasser les branches coup\u00e9es, font du KM-63 un outil polyvalent et pratique pour diverses applications en jardinage et en foresterie.<\/p>\n<h4><span style=\"color: #b7000c;\"><strong>Caract\u00e9ristiques de S\u00e9cateur en hauteur KM-63<\/strong><\/span><\/h4>\n<p style=\"text-align: justify;\">&#8211; M\u00e9canisme de coupe : Pivot avec syst\u00e8me de poulie interne qui multiplie la force de coupe.<br \/>\n&#8211; Fonctionnement : Manuel, au moyen de deux poign\u00e9es, une centrale et une inf\u00e9rieure.<br \/>\n&#8211; T\u00eate rotative : Plage de rotation &gt;200\u00ba.<br \/>\n&#8211; Mat\u00e9riau t\u00eate et manche : PA renforc\u00e9 de fibre de verre.<br \/>\n&#8211; Mat\u00e9riau de la lame : Acier tremp\u00e9 avec rev\u00eatement antiadh\u00e9sif en T\u00e9flon.<br \/>\n&#8211; Type de lame : Bypass.<br \/>\n&#8211; Protection de la lame : Gaine plastique<br \/>\n&#8211; Longueur des ciseaux : Longueur fixe de 1620 mm.<br \/>\n&#8211; Poids des ciseaux : 1,2 kg.<br \/>\n&#8211; Diam\u00e8tre de coupe maximum dans le bois vert : 32 mm.<br \/>\n&#8211; Type d&#8217;usage : Jardin, semi-professionnel.<br \/>\n&#8211; Utilisation recommand\u00e9e : Taille des branches hautes, r\u00e9colte des fruits, am\u00e9nagement des grands arbustes et arbres, coupe des plantes grimpantes, entretien des parcs et jardins, coupe de palissage, taille des branches basses profondes, foresterie et jardinage.<\/p>\n<p>[\/vc_column_text][vc_row_inner disable_element=&#8221;yes&#8221;][vc_column_inner width=&#8221;1\/6&#8243; offset=&#8221;vc_col-xs-3&#8243;][vc_single_image image=&#8221;48384&#8243; img_size=&#8221;&#8221; alignment=&#8221;center&#8221;][\/vc_column_inner][vc_column_inner width=&#8221;1\/6&#8243; offset=&#8221;vc_col-xs-3&#8243;][vc_single_image image=&#8221;48389&#8243; img_size=&#8221;full&#8221; alignment=&#8221;center&#8221;][\/vc_column_inner][vc_column_inner width=&#8221;1\/6&#8243; offset=&#8221;vc_col-xs-4&#8243;][\/vc_column_inner][vc_column_inner width=&#8221;1\/6&#8243; offset=&#8221;vc_col-xs-4&#8243;][\/vc_column_inner][vc_column_inner width=&#8221;1\/6&#8243; offset=&#8221;vc_col-xs-4&#8243;][\/vc_column_inner][vc_column_inner width=&#8221;1\/6&#8243; offset=&#8221;vc_col-xs-3&#8243;][\/vc_column_inner][\/vc_row_inner][\/vc_column][\/vc_row][vc_row][vc_column][vc_row_inner][vc_column_inner width=&#8221;2\/3&#8243;][vc_btn title=&#8221;FICHE TECHNIQUE COMMERCIALE&#8221; style=&#8221;custom&#8221; custom_background=&#8221;#b7000c&#8221; custom_text=&#8221;#ffffff&#8221; shape=&#8221;square&#8221; align=&#8221;center&#8221; i_icon_fontawesome=&#8221;fas fa-file-pdf&#8221; css=&#8221;&#8221; button_block=&#8221;true&#8221; add_icon=&#8221;true&#8221; link=&#8221;url:%2Fwp-content%2Fuploads%2Fftc%2Ffr%2FFTC17314-KM63.pdf|target:_blank|rel:nofollow&#8221; el_class=&#8221;boton-descarga-producto&#8221;][\/vc_column_inner][vc_column_inner width=&#8221;1\/3&#8243;][\/vc_column_inner][\/vc_row_inner][vc_row_inner disable_element=&#8221;yes&#8221;][vc_column_inner width=&#8221;1\/4&#8243;][\/vc_column_inner][vc_column_inner width=&#8221;1\/2&#8243;][vc_btn title=&#8221;ACTIVER LA GARANTIE&#8221; style=&#8221;custom&#8221; custom_background=&#8221;#a4aeb0&#8243; custom_text=&#8221;#ffffff&#8221; shape=&#8221;square&#8221; align=&#8221;center&#8221; i_icon_fontawesome=&#8221;fa fa-check-square-o&#8221; button_block=&#8221;true&#8221; add_icon=&#8221;true&#8221; link=&#8221;url:https%3A%2F%2Fgruposanz.es%2Ffr%2Factivation-de-la-garantie|title:Activation%20de%20la%20garantie|target:%20_blank|&#8221; el_class=&#8221;boton-descarga-producto&#8221;][\/vc_column_inner][vc_column_inner width=&#8221;1\/4&#8243;][vc_btn title=&#8221;MANUEL&#8221; style=&#8221;custom&#8221; custom_background=&#8221;#b7000c&#8221; custom_text=&#8221;#ffffff&#8221; shape=&#8221;square&#8221; align=&#8221;center&#8221; i_icon_fontawesome=&#8221;&#8221; button_block=&#8221;true&#8221; add_icon=&#8221;true&#8221; link=&#8221;url:%2Fwp-content%2Fuploads%2F2023%2F09%2FManual-KP25.pdf|target:_blank|rel:nofollow&#8221; el_class=&#8221;boton-descarga-producto&#8221;][\/vc_column_inner][\/vc_row_inner][\/vc_column][\/vc_row][vc_row css=&#8221;.vc_custom_1723735319165{margin-top: 0px !important;}&#8221;][vc_column][vc_single_image image=&#8221;92898&#8243; img_size=&#8221;full&#8221; css=&#8221;&#8221;][\/vc_column][\/vc_row]<\/p>\n<\/div>","protected":false},"excerpt":{"rendered":"<h3 style=\"text-align: center;\"><span style=\"color: #ffffff;\"><strong>S\u00e9cateurs en hauteur pour le jardinage et l&#8217;am\u00e9nagement paysager<\/strong><\/span><\/h3>\n","protected":false},"featured_media":92893,"template":"","meta":[],"product_brand":[],"product_cat":[4434,870,1374,2746],"product_tag":[3385],"class_list":{"0":"post-92890","1":"product","2":"type-product","3":"status-publish","4":"has-post-thumbnail","6":"product_cat-secateur-en-hauteur","7":"product_cat-accueil-fournitures","8":"product_cat-ciseaux-jar","9":"product_cat-garden-fr","10":"product_tag-produits-kamikaze","12":"first","13":"instock","14":"shipping-taxable","15":"product-type-simple"},"yoast_head":"<!-- This site is optimized with the Yoast SEO plugin v27.3 - https:\/\/yoast.com\/product\/yoast-seo-wordpress\/ -->\n<title>S\u00e9cateur en hauteur KM-63 - Grupo Sanz<\/title>\n<meta name=\"robots\" content=\"index, follow, max-snippet:-1, max-image-preview:large, max-video-preview:-1\" \/>\n<link rel=\"canonical\" href=\"https:\/\/gruposanz.es\/fr\/producto\/secateur-en-hauteur-km-63\" \/>\n<meta property=\"og:locale\" content=\"fr_FR\" \/>\n<meta property=\"og:type\" content=\"article\" \/>\n<meta property=\"og:title\" content=\"S\u00e9cateur en hauteur KM-63 - Grupo Sanz\" \/>\n<meta property=\"og:description\" content=\"S\u00e9cateurs en hauteur pour le jardinage et l&#039;am\u00e9nagement paysager\" \/>\n<meta property=\"og:url\" content=\"https:\/\/gruposanz.es\/fr\/producto\/secateur-en-hauteur-km-63\" \/>\n<meta property=\"og:site_name\" content=\"Grupo Sanz\" \/>\n<meta property=\"article:modified_time\" content=\"2025-09-11T09:48:33+00:00\" \/>\n<meta property=\"og:image\" content=\"https:\/\/gruposanz.es\/wp-content\/uploads\/2024\/08\/KM63.png\" \/>\n\t<meta property=\"og:image:width\" content=\"595\" \/>\n\t<meta property=\"og:image:height\" content=\"595\" \/>\n\t<meta property=\"og:image:type\" content=\"image\/png\" \/>\n<meta name=\"twitter:card\" content=\"summary_large_image\" \/>\n<meta name=\"twitter:label1\" content=\"Dur\u00e9e de lecture estim\u00e9e\" \/>\n\t<meta name=\"twitter:data1\" content=\"2 minutes\" \/>\n<script type=\"application\/ld+json\" class=\"yoast-schema-graph\">{\"@context\":\"https:\\\/\\\/schema.org\",\"@graph\":[{\"@type\":\"WebPage\",\"@id\":\"https:\\\/\\\/gruposanz.es\\\/fr\\\/producto\\\/secateur-en-hauteur-km-63\",\"url\":\"https:\\\/\\\/gruposanz.es\\\/fr\\\/producto\\\/secateur-en-hauteur-km-63\",\"name\":\"S\u00e9cateur en hauteur KM-63 - Grupo Sanz\",\"isPartOf\":{\"@id\":\"https:\\\/\\\/gruposanz.es\\\/fr\\\/#website\"},\"primaryImageOfPage\":{\"@id\":\"https:\\\/\\\/gruposanz.es\\\/fr\\\/producto\\\/secateur-en-hauteur-km-63#primaryimage\"},\"image\":{\"@id\":\"https:\\\/\\\/gruposanz.es\\\/fr\\\/producto\\\/secateur-en-hauteur-km-63#primaryimage\"},\"thumbnailUrl\":\"https:\\\/\\\/gruposanz.es\\\/wp-content\\\/uploads\\\/2024\\\/08\\\/KM63.png\",\"datePublished\":\"2024-09-01T05:15:52+00:00\",\"dateModified\":\"2025-09-11T09:48:33+00:00\",\"breadcrumb\":{\"@id\":\"https:\\\/\\\/gruposanz.es\\\/fr\\\/producto\\\/secateur-en-hauteur-km-63#breadcrumb\"},\"inLanguage\":\"fr-FR\",\"potentialAction\":[{\"@type\":\"ReadAction\",\"target\":[\"https:\\\/\\\/gruposanz.es\\\/fr\\\/producto\\\/secateur-en-hauteur-km-63\"]}]},{\"@type\":\"ImageObject\",\"inLanguage\":\"fr-FR\",\"@id\":\"https:\\\/\\\/gruposanz.es\\\/fr\\\/producto\\\/secateur-en-hauteur-km-63#primaryimage\",\"url\":\"https:\\\/\\\/gruposanz.es\\\/wp-content\\\/uploads\\\/2024\\\/08\\\/KM63.png\",\"contentUrl\":\"https:\\\/\\\/gruposanz.es\\\/wp-content\\\/uploads\\\/2024\\\/08\\\/KM63.png\",\"width\":595,\"height\":595,\"caption\":\"Tijera en altura KM-63\"},{\"@type\":\"BreadcrumbList\",\"@id\":\"https:\\\/\\\/gruposanz.es\\\/fr\\\/producto\\\/secateur-en-hauteur-km-63#breadcrumb\",\"itemListElement\":[{\"@type\":\"ListItem\",\"position\":1,\"name\":\"Inicio\",\"item\":\"https:\\\/\\\/gruposanz.es\\\/fr\"},{\"@type\":\"ListItem\",\"position\":2,\"name\":\"Produits\",\"item\":\"https:\\\/\\\/gruposanz.es\\\/fr\\\/shop\"},{\"@type\":\"ListItem\",\"position\":3,\"name\":\"Maison et le jardin\",\"item\":\"https:\\\/\\\/gruposanz.es\\\/fr\\\/categorie\\\/accueil-fournitures\"},{\"@type\":\"ListItem\",\"position\":4,\"name\":\"Cisailles\",\"item\":\"https:\\\/\\\/gruposanz.es\\\/fr\\\/categorie\\\/accueil-fournitures\\\/ciseaux-jar\"},{\"@type\":\"ListItem\",\"position\":5,\"name\":\"Kamikaze Garden\",\"item\":\"https:\\\/\\\/gruposanz.es\\\/fr\\\/categorie\\\/accueil-fournitures\\\/ciseaux-jar\\\/garden-fr\"},{\"@type\":\"ListItem\",\"position\":6,\"name\":\"S\u00e9cateur en hauteur KM-63\"}]},{\"@type\":\"WebSite\",\"@id\":\"https:\\\/\\\/gruposanz.es\\\/fr\\\/#website\",\"url\":\"https:\\\/\\\/gruposanz.es\\\/fr\\\/\",\"name\":\"Grupo Sanz\",\"description\":\"Grupo Sanz, fabricantes de productos de pulverizaci\u00f3n y poda con sus marcas Pulmic, Kamikaze, Keeper y Siqua\",\"publisher\":{\"@id\":\"https:\\\/\\\/gruposanz.es\\\/fr\\\/#organization\"},\"potentialAction\":[{\"@type\":\"SearchAction\",\"target\":{\"@type\":\"EntryPoint\",\"urlTemplate\":\"https:\\\/\\\/gruposanz.es\\\/fr\\\/?s={search_term_string}\"},\"query-input\":{\"@type\":\"PropertyValueSpecification\",\"valueRequired\":true,\"valueName\":\"search_term_string\"}}],\"inLanguage\":\"fr-FR\"},{\"@type\":\"Organization\",\"@id\":\"https:\\\/\\\/gruposanz.es\\\/fr\\\/#organization\",\"name\":\"Grupo Sanz\",\"url\":\"https:\\\/\\\/gruposanz.es\\\/fr\\\/\",\"logo\":{\"@type\":\"ImageObject\",\"inLanguage\":\"fr-FR\",\"@id\":\"https:\\\/\\\/gruposanz.es\\\/fr\\\/#\\\/schema\\\/logo\\\/image\\\/\",\"url\":\"https:\\\/\\\/gruposanz.es\\\/wp-content\\\/uploads\\\/2022\\\/10\\\/LOGOTIPO-GRUPO-SANZ-vertical.png\",\"contentUrl\":\"https:\\\/\\\/gruposanz.es\\\/wp-content\\\/uploads\\\/2022\\\/10\\\/LOGOTIPO-GRUPO-SANZ-vertical.png\",\"width\":1418,\"height\":1418,\"caption\":\"Grupo Sanz\"},\"image\":{\"@id\":\"https:\\\/\\\/gruposanz.es\\\/fr\\\/#\\\/schema\\\/logo\\\/image\\\/\"},\"sameAs\":[\"https:\\\/\\\/www.linkedin.com\\\/company\\\/grupo-sanz-hermanos\",\"https:\\\/\\\/www.youtube.com\\\/user\\\/GrupoSanz\"]}]}<\/script>\n<!-- \/ Yoast SEO plugin. -->","yoast_head_json":{"title":"S\u00e9cateur en hauteur KM-63 - Grupo Sanz","robots":{"index":"index","follow":"follow","max-snippet":"max-snippet:-1","max-image-preview":"max-image-preview:large","max-video-preview":"max-video-preview:-1"},"canonical":"https:\/\/gruposanz.es\/fr\/producto\/secateur-en-hauteur-km-63","og_locale":"fr_FR","og_type":"article","og_title":"S\u00e9cateur en hauteur KM-63 - Grupo Sanz","og_description":"S\u00e9cateurs en hauteur pour le jardinage et l'am\u00e9nagement paysager","og_url":"https:\/\/gruposanz.es\/fr\/producto\/secateur-en-hauteur-km-63","og_site_name":"Grupo Sanz","article_modified_time":"2025-09-11T09:48:33+00:00","og_image":[{"width":595,"height":595,"url":"https:\/\/gruposanz.es\/wp-content\/uploads\/2024\/08\/KM63.png","type":"image\/png"}],"twitter_card":"summary_large_image","twitter_misc":{"Dur\u00e9e de lecture estim\u00e9e":"2 minutes"},"schema":{"@context":"https:\/\/schema.org","@graph":[{"@type":"WebPage","@id":"https:\/\/gruposanz.es\/fr\/producto\/secateur-en-hauteur-km-63","url":"https:\/\/gruposanz.es\/fr\/producto\/secateur-en-hauteur-km-63","name":"S\u00e9cateur en hauteur KM-63 - Grupo Sanz","isPartOf":{"@id":"https:\/\/gruposanz.es\/fr\/#website"},"primaryImageOfPage":{"@id":"https:\/\/gruposanz.es\/fr\/producto\/secateur-en-hauteur-km-63#primaryimage"},"image":{"@id":"https:\/\/gruposanz.es\/fr\/producto\/secateur-en-hauteur-km-63#primaryimage"},"thumbnailUrl":"https:\/\/gruposanz.es\/wp-content\/uploads\/2024\/08\/KM63.png","datePublished":"2024-09-01T05:15:52+00:00","dateModified":"2025-09-11T09:48:33+00:00","breadcrumb":{"@id":"https:\/\/gruposanz.es\/fr\/producto\/secateur-en-hauteur-km-63#breadcrumb"},"inLanguage":"fr-FR","potentialAction":[{"@type":"ReadAction","target":["https:\/\/gruposanz.es\/fr\/producto\/secateur-en-hauteur-km-63"]}]},{"@type":"ImageObject","inLanguage":"fr-FR","@id":"https:\/\/gruposanz.es\/fr\/producto\/secateur-en-hauteur-km-63#primaryimage","url":"https:\/\/gruposanz.es\/wp-content\/uploads\/2024\/08\/KM63.png","contentUrl":"https:\/\/gruposanz.es\/wp-content\/uploads\/2024\/08\/KM63.png","width":595,"height":595,"caption":"Tijera en altura KM-63"},{"@type":"BreadcrumbList","@id":"https:\/\/gruposanz.es\/fr\/producto\/secateur-en-hauteur-km-63#breadcrumb","itemListElement":[{"@type":"ListItem","position":1,"name":"Inicio","item":"https:\/\/gruposanz.es\/fr"},{"@type":"ListItem","position":2,"name":"Produits","item":"https:\/\/gruposanz.es\/fr\/shop"},{"@type":"ListItem","position":3,"name":"Maison et le jardin","item":"https:\/\/gruposanz.es\/fr\/categorie\/accueil-fournitures"},{"@type":"ListItem","position":4,"name":"Cisailles","item":"https:\/\/gruposanz.es\/fr\/categorie\/accueil-fournitures\/ciseaux-jar"},{"@type":"ListItem","position":5,"name":"Kamikaze Garden","item":"https:\/\/gruposanz.es\/fr\/categorie\/accueil-fournitures\/ciseaux-jar\/garden-fr"},{"@type":"ListItem","position":6,"name":"S\u00e9cateur en hauteur KM-63"}]},{"@type":"WebSite","@id":"https:\/\/gruposanz.es\/fr\/#website","url":"https:\/\/gruposanz.es\/fr\/","name":"Grupo Sanz","description":"Grupo Sanz, fabricantes de productos de pulverizaci\u00f3n y poda con sus marcas Pulmic, Kamikaze, Keeper y Siqua","publisher":{"@id":"https:\/\/gruposanz.es\/fr\/#organization"},"potentialAction":[{"@type":"SearchAction","target":{"@type":"EntryPoint","urlTemplate":"https:\/\/gruposanz.es\/fr\/?s={search_term_string}"},"query-input":{"@type":"PropertyValueSpecification","valueRequired":true,"valueName":"search_term_string"}}],"inLanguage":"fr-FR"},{"@type":"Organization","@id":"https:\/\/gruposanz.es\/fr\/#organization","name":"Grupo Sanz","url":"https:\/\/gruposanz.es\/fr\/","logo":{"@type":"ImageObject","inLanguage":"fr-FR","@id":"https:\/\/gruposanz.es\/fr\/#\/schema\/logo\/image\/","url":"https:\/\/gruposanz.es\/wp-content\/uploads\/2022\/10\/LOGOTIPO-GRUPO-SANZ-vertical.png","contentUrl":"https:\/\/gruposanz.es\/wp-content\/uploads\/2022\/10\/LOGOTIPO-GRUPO-SANZ-vertical.png","width":1418,"height":1418,"caption":"Grupo Sanz"},"image":{"@id":"https:\/\/gruposanz.es\/fr\/#\/schema\/logo\/image\/"},"sameAs":["https:\/\/www.linkedin.com\/company\/grupo-sanz-hermanos","https:\/\/www.youtube.com\/user\/GrupoSanz"]}]}},"_links":{"self":[{"href":"https:\/\/gruposanz.es\/fr\/wp-json\/wp\/v2\/product\/92890","targetHints":{"allow":["GET"]}}],"collection":[{"href":"https:\/\/gruposanz.es\/fr\/wp-json\/wp\/v2\/product"}],"about":[{"href":"https:\/\/gruposanz.es\/fr\/wp-json\/wp\/v2\/types\/product"}],"wp:featuredmedia":[{"embeddable":true,"href":"https:\/\/gruposanz.es\/fr\/wp-json\/wp\/v2\/media\/92893"}],"wp:attachment":[{"href":"https:\/\/gruposanz.es\/fr\/wp-json\/wp\/v2\/media?parent=92890"}],"wp:term":[{"taxonomy":"product_brand","embeddable":true,"href":"https:\/\/gruposanz.es\/fr\/wp-json\/wp\/v2\/product_brand?post=92890"},{"taxonomy":"product_cat","embeddable":true,"href":"https:\/\/gruposanz.es\/fr\/wp-json\/wp\/v2\/product_cat?post=92890"},{"taxonomy":"product_tag","embeddable":true,"href":"https:\/\/gruposanz.es\/fr\/wp-json\/wp\/v2\/product_tag?post=92890"}],"curies":[{"name":"wp","href":"https:\/\/api.w.org\/{rel}","templated":true}]}}