{"id":92970,"date":"2024-09-01T07:20:17","date_gmt":"2024-09-01T05:22:17","guid":{"rendered":"https:\/\/gruposanz.es\/?post_type=product&#038;p=92970"},"modified":"2025-09-11T12:14:37","modified_gmt":"2025-09-11T10:14:37","slug":"secateur-a-deux-mains-km750","status":"publish","type":"product","link":"https:\/\/gruposanz.es\/fr\/producto\/secateur-a-deux-mains-km750","title":{"rendered":"S\u00e9cateur \u00e0 deux mains KM750"},"content":{"rendered":"<div class=\"wpb-content-wrapper\"><p>[vc_row disable_element=&#8221;yes&#8221;][vc_column][vc_column_text css=&#8221;.vc_custom_1725357259345{padding-top: 20px !important;padding-bottom: 20px !important;background-color: #000000 !important;}&#8221;]<\/p>\n<h3 style=\"text-align: center;\"><span style=\"color: #ffffff;\"><b>DISPONIBLE LE 1er OCTOBRE<\/b><\/span><\/h3>\n<p>[\/vc_column_text][\/vc_column][\/vc_row][vc_row][vc_column][vc_column_text css=&#8221;&#8221;]<\/p>\n<h4><span style=\"color: #b7000c;\"><strong>Description des s\u00e9cateurs<\/strong><\/span><\/h4>\n<p>Les s\u00e9cateurs KM750 sont con\u00e7us pour les travaux de taille semi-professionnels dans le jardin. Leur m\u00e9canisme de coupe innovant utilise un pivot avec un syst\u00e8me \u00e0 cr\u00e9maill\u00e8re qui multiplie la force de coupe, permettant un travail plus efficace avec moins d&#8217;effort. Les s\u00e9cateurs sont fabriqu\u00e9s avec des mat\u00e9riaux de haute qualit\u00e9, tels que le PA renforc\u00e9 de fibres de verre pour le manche et l&#8217;acier durci avec un rev\u00eatement en T\u00e9flon pour les lames. Leur design ergonomique et l\u00e9ger, associ\u00e9 \u00e0 une longueur de 460 mm, les rend id\u00e9aux pour diverses t\u00e2ches de jardinage et d&#8217;entretien des espaces verts.<\/p>\n<h4><span style=\"color: #b7000c;\"><strong>Caract\u00e9ristiques de S\u00e9cateur KM750<\/strong><\/span><\/h4>\n<p style=\"text-align: justify;\">&#8211; M\u00e9canisme de coupe : Pivot avec syst\u00e8me \u00e0 cr\u00e9maill\u00e8re qui multiplie la force de coupe.<br \/>\n&#8211; Mat\u00e9riau du manche : PA renforc\u00e9 de fibre de verre.<br \/>\n&#8211; Mat\u00e9riau des lames : Acier durci avec rev\u00eatement en T\u00e9flon.<br \/>\n&#8211; Type de lame : Bypass.<br \/>\n&#8211; Couleur : Manche noir et prise rouge.<br \/>\n&#8211; Poids des s\u00e9cateurs : 0,565 kg.<br \/>\n&#8211; Longueur des s\u00e9cateurs : 460 mm.<br \/>\n&#8211; Diam\u00e8tre maximum de coupe dans le bois vert : 28 mm.<br \/>\n&#8211; Type d\u2019utilisation : Jardin, semi-professionnel.<br \/>\n&#8211; Mat\u00e9riau de la lame : Acier tremp\u00e9 SK-5.<\/p>\n<p>[\/vc_column_text][vc_row_inner disable_element=&#8221;yes&#8221;][vc_column_inner width=&#8221;1\/6&#8243; offset=&#8221;vc_col-xs-3&#8243;][vc_single_image image=&#8221;48384&#8243; img_size=&#8221;&#8221; alignment=&#8221;center&#8221;][\/vc_column_inner][vc_column_inner width=&#8221;1\/6&#8243; offset=&#8221;vc_col-xs-3&#8243;][vc_single_image image=&#8221;48389&#8243; img_size=&#8221;full&#8221; alignment=&#8221;center&#8221;][\/vc_column_inner][vc_column_inner width=&#8221;1\/6&#8243; offset=&#8221;vc_col-xs-4&#8243;][\/vc_column_inner][vc_column_inner width=&#8221;1\/6&#8243; offset=&#8221;vc_col-xs-4&#8243;][\/vc_column_inner][vc_column_inner width=&#8221;1\/6&#8243; offset=&#8221;vc_col-xs-4&#8243;][\/vc_column_inner][vc_column_inner width=&#8221;1\/6&#8243; offset=&#8221;vc_col-xs-3&#8243;][\/vc_column_inner][\/vc_row_inner][\/vc_column][\/vc_row][vc_row][vc_column][vc_row_inner][vc_column_inner width=&#8221;2\/3&#8243;][vc_btn title=&#8221;FICHE TECHNIQUE COMMERCIALE&#8221; style=&#8221;custom&#8221; custom_background=&#8221;#b7000c&#8221; custom_text=&#8221;#ffffff&#8221; shape=&#8221;square&#8221; align=&#8221;center&#8221; i_icon_fontawesome=&#8221;fas fa-file-pdf&#8221; css=&#8221;&#8221; button_block=&#8221;true&#8221; add_icon=&#8221;true&#8221; link=&#8221;url:%2Fwp-content%2Fuploads%2Fftc%2Ffr%2FFTC17271-KM750.pdf|target:_blank|rel:nofollow&#8221; el_class=&#8221;boton-descarga-producto&#8221;][\/vc_column_inner][vc_column_inner width=&#8221;1\/3&#8243;][\/vc_column_inner][\/vc_row_inner][vc_row_inner disable_element=&#8221;yes&#8221;][vc_column_inner width=&#8221;1\/4&#8243;][\/vc_column_inner][vc_column_inner width=&#8221;1\/2&#8243;][vc_btn title=&#8221;ACTIVER LA GARANTIE&#8221; style=&#8221;custom&#8221; custom_background=&#8221;#a4aeb0&#8243; custom_text=&#8221;#ffffff&#8221; shape=&#8221;square&#8221; align=&#8221;center&#8221; i_icon_fontawesome=&#8221;fa fa-check-square-o&#8221; button_block=&#8221;true&#8221; add_icon=&#8221;true&#8221; link=&#8221;url:https%3A%2F%2Fgruposanz.es%2Ffr%2Factivation-de-la-garantie|title:Activation%20de%20la%20garantie|target:%20_blank|&#8221; el_class=&#8221;boton-descarga-producto&#8221;][\/vc_column_inner][vc_column_inner width=&#8221;1\/4&#8243;][vc_btn title=&#8221;MANUEL&#8221; style=&#8221;custom&#8221; custom_background=&#8221;#b7000c&#8221; custom_text=&#8221;#ffffff&#8221; shape=&#8221;square&#8221; align=&#8221;center&#8221; i_icon_fontawesome=&#8221;&#8221; button_block=&#8221;true&#8221; add_icon=&#8221;true&#8221; link=&#8221;url:%2Fwp-content%2Fuploads%2F2023%2F09%2FManual-KP25.pdf|target:_blank|rel:nofollow&#8221; el_class=&#8221;boton-descarga-producto&#8221;][\/vc_column_inner][\/vc_row_inner][\/vc_column][\/vc_row][vc_row css=&#8221;.vc_custom_1723735319165{margin-top: 0px !important;}&#8221;][vc_column][vc_single_image image=&#8221;92978&#8243; img_size=&#8221;full&#8221; css=&#8221;&#8221;][\/vc_column][\/vc_row]<\/p>\n<\/div>","protected":false},"excerpt":{"rendered":"<h3 style=\"text-align: center;\"><span style=\"color: #ffffff;\"><strong>S\u00e9cateurs \u00e0 deux mains pour le jardinage et l&#8217;am\u00e9nagement paysager<\/strong><\/span><\/h3>\n","protected":false},"featured_media":92973,"template":"","meta":[],"product_brand":[],"product_cat":[870,1374,2746,1472],"product_tag":[3385],"class_list":{"0":"post-92970","1":"product","2":"type-product","3":"status-publish","4":"has-post-thumbnail","6":"product_cat-accueil-fournitures","7":"product_cat-ciseaux-jar","8":"product_cat-garden-fr","9":"product_cat-cisailles-deux-mains","10":"product_tag-produits-kamikaze","12":"first","13":"instock","14":"shipping-taxable","15":"product-type-simple"},"yoast_head":"<!-- This site is optimized with the Yoast SEO plugin v27.3 - https:\/\/yoast.com\/product\/yoast-seo-wordpress\/ -->\n<title>S\u00e9cateur \u00e0 deux mains KM750 - Grupo Sanz<\/title>\n<meta name=\"robots\" content=\"index, follow, max-snippet:-1, max-image-preview:large, max-video-preview:-1\" \/>\n<link rel=\"canonical\" href=\"https:\/\/gruposanz.es\/fr\/producto\/secateur-a-deux-mains-km750\" \/>\n<meta property=\"og:locale\" content=\"fr_FR\" \/>\n<meta property=\"og:type\" content=\"article\" \/>\n<meta property=\"og:title\" content=\"S\u00e9cateur \u00e0 deux mains KM750 - Grupo Sanz\" \/>\n<meta property=\"og:description\" content=\"S\u00e9cateurs \u00e0 deux mains pour le jardinage et l&#039;am\u00e9nagement paysager\" \/>\n<meta property=\"og:url\" content=\"https:\/\/gruposanz.es\/fr\/producto\/secateur-a-deux-mains-km750\" \/>\n<meta property=\"og:site_name\" content=\"Grupo Sanz\" \/>\n<meta property=\"article:modified_time\" content=\"2025-09-11T10:14:37+00:00\" \/>\n<meta property=\"og:image\" content=\"https:\/\/gruposanz.es\/wp-content\/uploads\/2024\/08\/17271.-KM750_2.png\" \/>\n\t<meta property=\"og:image:width\" content=\"555\" \/>\n\t<meta property=\"og:image:height\" content=\"555\" \/>\n\t<meta property=\"og:image:type\" content=\"image\/png\" \/>\n<meta name=\"twitter:card\" content=\"summary_large_image\" \/>\n<meta name=\"twitter:label1\" content=\"Dur\u00e9e de lecture estim\u00e9e\" \/>\n\t<meta name=\"twitter:data1\" content=\"2 minutes\" \/>\n<script type=\"application\/ld+json\" class=\"yoast-schema-graph\">{\"@context\":\"https:\\\/\\\/schema.org\",\"@graph\":[{\"@type\":\"WebPage\",\"@id\":\"https:\\\/\\\/gruposanz.es\\\/fr\\\/producto\\\/secateur-a-deux-mains-km750\",\"url\":\"https:\\\/\\\/gruposanz.es\\\/fr\\\/producto\\\/secateur-a-deux-mains-km750\",\"name\":\"S\u00e9cateur \u00e0 deux mains KM750 - Grupo Sanz\",\"isPartOf\":{\"@id\":\"https:\\\/\\\/gruposanz.es\\\/fr\\\/#website\"},\"primaryImageOfPage\":{\"@id\":\"https:\\\/\\\/gruposanz.es\\\/fr\\\/producto\\\/secateur-a-deux-mains-km750#primaryimage\"},\"image\":{\"@id\":\"https:\\\/\\\/gruposanz.es\\\/fr\\\/producto\\\/secateur-a-deux-mains-km750#primaryimage\"},\"thumbnailUrl\":\"https:\\\/\\\/gruposanz.es\\\/wp-content\\\/uploads\\\/2024\\\/08\\\/17271.-KM750_2.png\",\"datePublished\":\"2024-09-01T05:22:17+00:00\",\"dateModified\":\"2025-09-11T10:14:37+00:00\",\"breadcrumb\":{\"@id\":\"https:\\\/\\\/gruposanz.es\\\/fr\\\/producto\\\/secateur-a-deux-mains-km750#breadcrumb\"},\"inLanguage\":\"fr-FR\",\"potentialAction\":[{\"@type\":\"ReadAction\",\"target\":[\"https:\\\/\\\/gruposanz.es\\\/fr\\\/producto\\\/secateur-a-deux-mains-km750\"]}]},{\"@type\":\"ImageObject\",\"inLanguage\":\"fr-FR\",\"@id\":\"https:\\\/\\\/gruposanz.es\\\/fr\\\/producto\\\/secateur-a-deux-mains-km750#primaryimage\",\"url\":\"https:\\\/\\\/gruposanz.es\\\/wp-content\\\/uploads\\\/2024\\\/08\\\/17271.-KM750_2.png\",\"contentUrl\":\"https:\\\/\\\/gruposanz.es\\\/wp-content\\\/uploads\\\/2024\\\/08\\\/17271.-KM750_2.png\",\"width\":555,\"height\":555,\"caption\":\"Tijera 2 manos KM750\"},{\"@type\":\"BreadcrumbList\",\"@id\":\"https:\\\/\\\/gruposanz.es\\\/fr\\\/producto\\\/secateur-a-deux-mains-km750#breadcrumb\",\"itemListElement\":[{\"@type\":\"ListItem\",\"position\":1,\"name\":\"Inicio\",\"item\":\"https:\\\/\\\/gruposanz.es\\\/fr\"},{\"@type\":\"ListItem\",\"position\":2,\"name\":\"Produits\",\"item\":\"https:\\\/\\\/gruposanz.es\\\/fr\\\/shop\"},{\"@type\":\"ListItem\",\"position\":3,\"name\":\"Maison et le jardin\",\"item\":\"https:\\\/\\\/gruposanz.es\\\/fr\\\/categorie\\\/accueil-fournitures\"},{\"@type\":\"ListItem\",\"position\":4,\"name\":\"Cisailles\",\"item\":\"https:\\\/\\\/gruposanz.es\\\/fr\\\/categorie\\\/accueil-fournitures\\\/ciseaux-jar\"},{\"@type\":\"ListItem\",\"position\":5,\"name\":\"Kamikaze Garden\",\"item\":\"https:\\\/\\\/gruposanz.es\\\/fr\\\/categorie\\\/accueil-fournitures\\\/ciseaux-jar\\\/garden-fr\"},{\"@type\":\"ListItem\",\"position\":6,\"name\":\"S\u00e9cateur \u00e0 deux mains KM750\"}]},{\"@type\":\"WebSite\",\"@id\":\"https:\\\/\\\/gruposanz.es\\\/fr\\\/#website\",\"url\":\"https:\\\/\\\/gruposanz.es\\\/fr\\\/\",\"name\":\"Grupo Sanz\",\"description\":\"Grupo Sanz, fabricantes de productos de pulverizaci\u00f3n y poda con sus marcas Pulmic, Kamikaze, Keeper y Siqua\",\"publisher\":{\"@id\":\"https:\\\/\\\/gruposanz.es\\\/fr\\\/#organization\"},\"potentialAction\":[{\"@type\":\"SearchAction\",\"target\":{\"@type\":\"EntryPoint\",\"urlTemplate\":\"https:\\\/\\\/gruposanz.es\\\/fr\\\/?s={search_term_string}\"},\"query-input\":{\"@type\":\"PropertyValueSpecification\",\"valueRequired\":true,\"valueName\":\"search_term_string\"}}],\"inLanguage\":\"fr-FR\"},{\"@type\":\"Organization\",\"@id\":\"https:\\\/\\\/gruposanz.es\\\/fr\\\/#organization\",\"name\":\"Grupo Sanz\",\"url\":\"https:\\\/\\\/gruposanz.es\\\/fr\\\/\",\"logo\":{\"@type\":\"ImageObject\",\"inLanguage\":\"fr-FR\",\"@id\":\"https:\\\/\\\/gruposanz.es\\\/fr\\\/#\\\/schema\\\/logo\\\/image\\\/\",\"url\":\"https:\\\/\\\/gruposanz.es\\\/wp-content\\\/uploads\\\/2022\\\/10\\\/LOGOTIPO-GRUPO-SANZ-vertical.png\",\"contentUrl\":\"https:\\\/\\\/gruposanz.es\\\/wp-content\\\/uploads\\\/2022\\\/10\\\/LOGOTIPO-GRUPO-SANZ-vertical.png\",\"width\":1418,\"height\":1418,\"caption\":\"Grupo Sanz\"},\"image\":{\"@id\":\"https:\\\/\\\/gruposanz.es\\\/fr\\\/#\\\/schema\\\/logo\\\/image\\\/\"},\"sameAs\":[\"https:\\\/\\\/www.linkedin.com\\\/company\\\/grupo-sanz-hermanos\",\"https:\\\/\\\/www.youtube.com\\\/user\\\/GrupoSanz\"]}]}<\/script>\n<!-- \/ Yoast SEO plugin. -->","yoast_head_json":{"title":"S\u00e9cateur \u00e0 deux mains KM750 - Grupo Sanz","robots":{"index":"index","follow":"follow","max-snippet":"max-snippet:-1","max-image-preview":"max-image-preview:large","max-video-preview":"max-video-preview:-1"},"canonical":"https:\/\/gruposanz.es\/fr\/producto\/secateur-a-deux-mains-km750","og_locale":"fr_FR","og_type":"article","og_title":"S\u00e9cateur \u00e0 deux mains KM750 - Grupo Sanz","og_description":"S\u00e9cateurs \u00e0 deux mains pour le jardinage et l'am\u00e9nagement paysager","og_url":"https:\/\/gruposanz.es\/fr\/producto\/secateur-a-deux-mains-km750","og_site_name":"Grupo Sanz","article_modified_time":"2025-09-11T10:14:37+00:00","og_image":[{"width":555,"height":555,"url":"https:\/\/gruposanz.es\/wp-content\/uploads\/2024\/08\/17271.-KM750_2.png","type":"image\/png"}],"twitter_card":"summary_large_image","twitter_misc":{"Dur\u00e9e de lecture estim\u00e9e":"2 minutes"},"schema":{"@context":"https:\/\/schema.org","@graph":[{"@type":"WebPage","@id":"https:\/\/gruposanz.es\/fr\/producto\/secateur-a-deux-mains-km750","url":"https:\/\/gruposanz.es\/fr\/producto\/secateur-a-deux-mains-km750","name":"S\u00e9cateur \u00e0 deux mains KM750 - Grupo Sanz","isPartOf":{"@id":"https:\/\/gruposanz.es\/fr\/#website"},"primaryImageOfPage":{"@id":"https:\/\/gruposanz.es\/fr\/producto\/secateur-a-deux-mains-km750#primaryimage"},"image":{"@id":"https:\/\/gruposanz.es\/fr\/producto\/secateur-a-deux-mains-km750#primaryimage"},"thumbnailUrl":"https:\/\/gruposanz.es\/wp-content\/uploads\/2024\/08\/17271.-KM750_2.png","datePublished":"2024-09-01T05:22:17+00:00","dateModified":"2025-09-11T10:14:37+00:00","breadcrumb":{"@id":"https:\/\/gruposanz.es\/fr\/producto\/secateur-a-deux-mains-km750#breadcrumb"},"inLanguage":"fr-FR","potentialAction":[{"@type":"ReadAction","target":["https:\/\/gruposanz.es\/fr\/producto\/secateur-a-deux-mains-km750"]}]},{"@type":"ImageObject","inLanguage":"fr-FR","@id":"https:\/\/gruposanz.es\/fr\/producto\/secateur-a-deux-mains-km750#primaryimage","url":"https:\/\/gruposanz.es\/wp-content\/uploads\/2024\/08\/17271.-KM750_2.png","contentUrl":"https:\/\/gruposanz.es\/wp-content\/uploads\/2024\/08\/17271.-KM750_2.png","width":555,"height":555,"caption":"Tijera 2 manos KM750"},{"@type":"BreadcrumbList","@id":"https:\/\/gruposanz.es\/fr\/producto\/secateur-a-deux-mains-km750#breadcrumb","itemListElement":[{"@type":"ListItem","position":1,"name":"Inicio","item":"https:\/\/gruposanz.es\/fr"},{"@type":"ListItem","position":2,"name":"Produits","item":"https:\/\/gruposanz.es\/fr\/shop"},{"@type":"ListItem","position":3,"name":"Maison et le jardin","item":"https:\/\/gruposanz.es\/fr\/categorie\/accueil-fournitures"},{"@type":"ListItem","position":4,"name":"Cisailles","item":"https:\/\/gruposanz.es\/fr\/categorie\/accueil-fournitures\/ciseaux-jar"},{"@type":"ListItem","position":5,"name":"Kamikaze Garden","item":"https:\/\/gruposanz.es\/fr\/categorie\/accueil-fournitures\/ciseaux-jar\/garden-fr"},{"@type":"ListItem","position":6,"name":"S\u00e9cateur \u00e0 deux mains KM750"}]},{"@type":"WebSite","@id":"https:\/\/gruposanz.es\/fr\/#website","url":"https:\/\/gruposanz.es\/fr\/","name":"Grupo Sanz","description":"Grupo Sanz, fabricantes de productos de pulverizaci\u00f3n y poda con sus marcas Pulmic, Kamikaze, Keeper y Siqua","publisher":{"@id":"https:\/\/gruposanz.es\/fr\/#organization"},"potentialAction":[{"@type":"SearchAction","target":{"@type":"EntryPoint","urlTemplate":"https:\/\/gruposanz.es\/fr\/?s={search_term_string}"},"query-input":{"@type":"PropertyValueSpecification","valueRequired":true,"valueName":"search_term_string"}}],"inLanguage":"fr-FR"},{"@type":"Organization","@id":"https:\/\/gruposanz.es\/fr\/#organization","name":"Grupo Sanz","url":"https:\/\/gruposanz.es\/fr\/","logo":{"@type":"ImageObject","inLanguage":"fr-FR","@id":"https:\/\/gruposanz.es\/fr\/#\/schema\/logo\/image\/","url":"https:\/\/gruposanz.es\/wp-content\/uploads\/2022\/10\/LOGOTIPO-GRUPO-SANZ-vertical.png","contentUrl":"https:\/\/gruposanz.es\/wp-content\/uploads\/2022\/10\/LOGOTIPO-GRUPO-SANZ-vertical.png","width":1418,"height":1418,"caption":"Grupo Sanz"},"image":{"@id":"https:\/\/gruposanz.es\/fr\/#\/schema\/logo\/image\/"},"sameAs":["https:\/\/www.linkedin.com\/company\/grupo-sanz-hermanos","https:\/\/www.youtube.com\/user\/GrupoSanz"]}]}},"_links":{"self":[{"href":"https:\/\/gruposanz.es\/fr\/wp-json\/wp\/v2\/product\/92970","targetHints":{"allow":["GET"]}}],"collection":[{"href":"https:\/\/gruposanz.es\/fr\/wp-json\/wp\/v2\/product"}],"about":[{"href":"https:\/\/gruposanz.es\/fr\/wp-json\/wp\/v2\/types\/product"}],"wp:featuredmedia":[{"embeddable":true,"href":"https:\/\/gruposanz.es\/fr\/wp-json\/wp\/v2\/media\/92973"}],"wp:attachment":[{"href":"https:\/\/gruposanz.es\/fr\/wp-json\/wp\/v2\/media?parent=92970"}],"wp:term":[{"taxonomy":"product_brand","embeddable":true,"href":"https:\/\/gruposanz.es\/fr\/wp-json\/wp\/v2\/product_brand?post=92970"},{"taxonomy":"product_cat","embeddable":true,"href":"https:\/\/gruposanz.es\/fr\/wp-json\/wp\/v2\/product_cat?post=92970"},{"taxonomy":"product_tag","embeddable":true,"href":"https:\/\/gruposanz.es\/fr\/wp-json\/wp\/v2\/product_tag?post=92970"}],"curies":[{"name":"wp","href":"https:\/\/api.w.org\/{rel}","templated":true}]}}