{"id":93121,"date":"2024-09-01T07:54:47","date_gmt":"2024-09-01T05:56:47","guid":{"rendered":"https:\/\/gruposanz.es\/?post_type=product&#038;p=93121"},"modified":"2025-09-11T12:34:00","modified_gmt":"2025-09-11T10:34:00","slug":"scie-kamikaze-mt-330-bh-turbo","status":"publish","type":"product","link":"https:\/\/gruposanz.es\/fr\/producto\/scie-kamikaze-mt-330-bh-turbo","title":{"rendered":"Scie Kamikaze MT-330 BH Turbo"},"content":{"rendered":"<div class=\"wpb-content-wrapper\"><p>[vc_row disable_element=&#8221;yes&#8221;][vc_column][vc_column_text css=&#8221;.vc_custom_1725357259345{padding-top: 20px !important;padding-bottom: 20px !important;background-color: #000000 !important;}&#8221;]<\/p>\n<h3 style=\"text-align: center;\"><span style=\"color: #ffffff;\"><b>DISPONIBLE LE 1er OCTOBRE<\/b><\/span><\/h3>\n<p>[\/vc_column_text][\/vc_column][\/vc_row][vc_row][vc_column][vc_column_text css=&#8221;&#8221;]<\/p>\n<h4><span style=\"color: #b7000c;\"><strong>Description des Outlits Multi-Tool<\/strong><\/span><\/h4>\n<p align=\"justify\">Scie \u00e0 outils interchangeable pour perche multi-outils. Il dispose d&#8217;un accouplement pour les diff\u00e9rents p\u00f4les qui composent le pack Multi-tool. Compatibilit\u00e9 avec Extension Telex 2 x 1,5, Extension Telex 3 x 1,5 et Extension Telex 3 x 2. Scie \u00e0 lame courbe longueur 330 mm. La conception sp\u00e9ciale de la poign\u00e9e, avec sa forme incurv\u00e9e, r\u00e9duit l&#8217;effort requis pour la coupe, facilitant ainsi la coupe du bois dur. La forme de la lame garantit une adh\u00e9rence particuli\u00e8re sur le tronc, obtenant un plus grand confort de travail et r\u00e9duisant les vibrations. Lieu d&#8217;utilisation: Taille de branches \u00e0 diff\u00e9rentes hauteurs, coupe de bois ligneux, coupe de branches vertes et s\u00e8ches, sylviculture et am\u00e9nagement forestier, am\u00e9nagement paysager.<\/p>\n<h4><span style=\"color: #b7000c;\"><strong>Caract\u00e9ristiques de Scie Kamikaze MT-330 BH Turbo<\/strong><\/span><\/h4>\n<p style=\"text-align: justify;\">&#8211; Adaptable pour perche multi-outils<br \/>\n&#8211; Mat\u00e9riau : acier tremp\u00e9 SK4 avec dent tremp\u00e9e<br \/>\n&#8211; Coupe par traction, r\u00e9duit l&#8217;effort et emp\u00eache la torsion de la lame<br \/>\n&#8211; Lame tranchante avec dent du syst\u00e8me japonais .<br \/>\n&#8211; La coupe par traction r\u00e9duit l&#8217;effort et \u00e9vite la torsion de la lame.<br \/>\n&#8211; Aff\u00fbtage de la lame \u00ab Creuse \u00bb sol &#8221;<br \/>\n&#8211; Lame conique. Pour une coupe confortable et sans accroc.<br \/>\n&#8211; Dent durcie par impulsion, dur\u00e9e d&#8217;aff\u00fbtage accrue.<br \/>\n&#8211; Lames chrom\u00e9es, pr\u00e9viennent la corrosion et facilitent le nettoyage de la s\u00e8ve.<br \/>\n&#8211; Acier SK-4, riche en carbone. Augmentation de la durabilit\u00e9 de la lame.<\/p>\n<p>[\/vc_column_text][vc_row_inner disable_element=&#8221;yes&#8221;][vc_column_inner width=&#8221;1\/6&#8243; offset=&#8221;vc_col-xs-3&#8243;][vc_single_image image=&#8221;48384&#8243; img_size=&#8221;&#8221; alignment=&#8221;center&#8221;][\/vc_column_inner][vc_column_inner width=&#8221;1\/6&#8243; offset=&#8221;vc_col-xs-3&#8243;][vc_single_image image=&#8221;48389&#8243; img_size=&#8221;full&#8221; alignment=&#8221;center&#8221;][\/vc_column_inner][vc_column_inner width=&#8221;1\/6&#8243; offset=&#8221;vc_col-xs-4&#8243;][\/vc_column_inner][vc_column_inner width=&#8221;1\/6&#8243; offset=&#8221;vc_col-xs-4&#8243;][\/vc_column_inner][vc_column_inner width=&#8221;1\/6&#8243; offset=&#8221;vc_col-xs-4&#8243;][\/vc_column_inner][vc_column_inner width=&#8221;1\/6&#8243; offset=&#8221;vc_col-xs-3&#8243;][\/vc_column_inner][\/vc_row_inner][\/vc_column][\/vc_row][vc_row][vc_column][vc_row_inner][vc_column_inner width=&#8221;2\/3&#8243;][vc_btn title=&#8221;FICHE TECHNIQUE COMMERCIALE&#8221; style=&#8221;custom&#8221; custom_background=&#8221;#b7000c&#8221; custom_text=&#8221;#ffffff&#8221; shape=&#8221;square&#8221; align=&#8221;center&#8221; i_icon_fontawesome=&#8221;fas fa-file-pdf&#8221; css=&#8221;&#8221; button_block=&#8221;true&#8221; add_icon=&#8221;true&#8221; link=&#8221;url:%2Fwp-content%2Fuploads%2Fftc%2Ffr%2FFTC18219-SCIEKAMIKAZE-MT330BHTURBO.pdf|target:_blank|rel:nofollow&#8221; el_class=&#8221;boton-descarga-producto&#8221;][\/vc_column_inner][vc_column_inner width=&#8221;1\/3&#8243;][\/vc_column_inner][\/vc_row_inner][vc_row_inner disable_element=&#8221;yes&#8221;][vc_column_inner width=&#8221;1\/4&#8243;][\/vc_column_inner][vc_column_inner width=&#8221;1\/2&#8243;][vc_btn title=&#8221;ACTIVER LA GARANTIE&#8221; style=&#8221;custom&#8221; custom_background=&#8221;#a4aeb0&#8243; custom_text=&#8221;#ffffff&#8221; shape=&#8221;square&#8221; align=&#8221;center&#8221; i_icon_fontawesome=&#8221;fa fa-check-square-o&#8221; button_block=&#8221;true&#8221; add_icon=&#8221;true&#8221; link=&#8221;url:https%3A%2F%2Fgruposanz.es%2Ffr%2Factivation-de-la-garantie|title:Activation%20de%20la%20garantie|target:%20_blank|&#8221; el_class=&#8221;boton-descarga-producto&#8221;][\/vc_column_inner][vc_column_inner width=&#8221;1\/4&#8243;][vc_btn title=&#8221;MANUEL&#8221; style=&#8221;custom&#8221; custom_background=&#8221;#b7000c&#8221; custom_text=&#8221;#ffffff&#8221; shape=&#8221;square&#8221; align=&#8221;center&#8221; i_icon_fontawesome=&#8221;&#8221; button_block=&#8221;true&#8221; add_icon=&#8221;true&#8221; link=&#8221;url:%2Fwp-content%2Fuploads%2F2023%2F09%2FManual-KP25.pdf|target:_blank|rel:nofollow&#8221; el_class=&#8221;boton-descarga-producto&#8221;][\/vc_column_inner][\/vc_row_inner][\/vc_column][\/vc_row][vc_row disable_element=&#8221;yes&#8221; css=&#8221;.vc_custom_1724146082512{margin-top: 0px !important;}&#8221;][vc_column][vc_single_image image=&#8221;93018&#8243; img_size=&#8221;full&#8221; css=&#8221;&#8221;][\/vc_column][\/vc_row]<\/p>\n<\/div>","protected":false},"excerpt":{"rendered":"<h3 style=\"text-align: center;\"><span style=\"color: #ffffff;\"><strong>Outils Multi-Tool pour la taille en agriculture<\/strong><\/span><\/h3>\n","protected":false},"featured_media":93125,"template":"","meta":[],"product_brand":[],"product_cat":[4543,864,1358],"product_tag":[3385],"class_list":{"0":"post-93121","1":"product","2":"type-product","3":"status-publish","4":"has-post-thumbnail","6":"product_cat-multi-tool-fr","7":"product_cat-agricole","8":"product_cat-scie","9":"product_tag-produits-kamikaze","11":"first","12":"instock","13":"shipping-taxable","14":"product-type-simple"},"yoast_head":"<!-- This site is optimized with the Yoast SEO plugin v27.3 - https:\/\/yoast.com\/product\/yoast-seo-wordpress\/ -->\n<title>Scie Kamikaze MT-330 BH Turbo - Grupo Sanz<\/title>\n<meta name=\"robots\" content=\"index, follow, max-snippet:-1, max-image-preview:large, max-video-preview:-1\" \/>\n<link rel=\"canonical\" href=\"https:\/\/gruposanz.es\/fr\/producto\/scie-kamikaze-mt-330-bh-turbo\" \/>\n<meta property=\"og:locale\" content=\"fr_FR\" \/>\n<meta property=\"og:type\" content=\"article\" \/>\n<meta property=\"og:title\" content=\"Scie Kamikaze MT-330 BH Turbo - Grupo Sanz\" \/>\n<meta property=\"og:description\" content=\"Outils Multi-Tool pour la taille en agriculture\" \/>\n<meta property=\"og:url\" content=\"https:\/\/gruposanz.es\/fr\/producto\/scie-kamikaze-mt-330-bh-turbo\" \/>\n<meta property=\"og:site_name\" content=\"Grupo Sanz\" \/>\n<meta property=\"article:modified_time\" content=\"2025-09-11T10:34:00+00:00\" \/>\n<meta property=\"og:image\" content=\"https:\/\/gruposanz.es\/wp-content\/uploads\/2024\/08\/18225_multi-tool-BH-330.png\" \/>\n\t<meta property=\"og:image:width\" content=\"555\" \/>\n\t<meta property=\"og:image:height\" content=\"555\" \/>\n\t<meta property=\"og:image:type\" content=\"image\/png\" \/>\n<meta name=\"twitter:card\" content=\"summary_large_image\" \/>\n<meta name=\"twitter:label1\" content=\"Dur\u00e9e de lecture estim\u00e9e\" \/>\n\t<meta name=\"twitter:data1\" content=\"2 minutes\" \/>\n<script type=\"application\/ld+json\" class=\"yoast-schema-graph\">{\"@context\":\"https:\\\/\\\/schema.org\",\"@graph\":[{\"@type\":\"WebPage\",\"@id\":\"https:\\\/\\\/gruposanz.es\\\/fr\\\/producto\\\/scie-kamikaze-mt-330-bh-turbo\",\"url\":\"https:\\\/\\\/gruposanz.es\\\/fr\\\/producto\\\/scie-kamikaze-mt-330-bh-turbo\",\"name\":\"Scie Kamikaze MT-330 BH Turbo - Grupo Sanz\",\"isPartOf\":{\"@id\":\"https:\\\/\\\/gruposanz.es\\\/fr\\\/#website\"},\"primaryImageOfPage\":{\"@id\":\"https:\\\/\\\/gruposanz.es\\\/fr\\\/producto\\\/scie-kamikaze-mt-330-bh-turbo#primaryimage\"},\"image\":{\"@id\":\"https:\\\/\\\/gruposanz.es\\\/fr\\\/producto\\\/scie-kamikaze-mt-330-bh-turbo#primaryimage\"},\"thumbnailUrl\":\"https:\\\/\\\/gruposanz.es\\\/wp-content\\\/uploads\\\/2024\\\/08\\\/18225_multi-tool-BH-330.png\",\"datePublished\":\"2024-09-01T05:56:47+00:00\",\"dateModified\":\"2025-09-11T10:34:00+00:00\",\"breadcrumb\":{\"@id\":\"https:\\\/\\\/gruposanz.es\\\/fr\\\/producto\\\/scie-kamikaze-mt-330-bh-turbo#breadcrumb\"},\"inLanguage\":\"fr-FR\",\"potentialAction\":[{\"@type\":\"ReadAction\",\"target\":[\"https:\\\/\\\/gruposanz.es\\\/fr\\\/producto\\\/scie-kamikaze-mt-330-bh-turbo\"]}]},{\"@type\":\"ImageObject\",\"inLanguage\":\"fr-FR\",\"@id\":\"https:\\\/\\\/gruposanz.es\\\/fr\\\/producto\\\/scie-kamikaze-mt-330-bh-turbo#primaryimage\",\"url\":\"https:\\\/\\\/gruposanz.es\\\/wp-content\\\/uploads\\\/2024\\\/08\\\/18225_multi-tool-BH-330.png\",\"contentUrl\":\"https:\\\/\\\/gruposanz.es\\\/wp-content\\\/uploads\\\/2024\\\/08\\\/18225_multi-tool-BH-330.png\",\"width\":555,\"height\":555,\"caption\":\"Serrucho Kamikaze MT-330 BH Turbo\"},{\"@type\":\"BreadcrumbList\",\"@id\":\"https:\\\/\\\/gruposanz.es\\\/fr\\\/producto\\\/scie-kamikaze-mt-330-bh-turbo#breadcrumb\",\"itemListElement\":[{\"@type\":\"ListItem\",\"position\":1,\"name\":\"Inicio\",\"item\":\"https:\\\/\\\/gruposanz.es\\\/fr\"},{\"@type\":\"ListItem\",\"position\":2,\"name\":\"Produits\",\"item\":\"https:\\\/\\\/gruposanz.es\\\/fr\\\/shop\"},{\"@type\":\"ListItem\",\"position\":3,\"name\":\"Multi-Tool\",\"item\":\"https:\\\/\\\/gruposanz.es\\\/fr\\\/categorie\\\/multi-tool-fr\"},{\"@type\":\"ListItem\",\"position\":4,\"name\":\"Scie Kamikaze MT-330 BH Turbo\"}]},{\"@type\":\"WebSite\",\"@id\":\"https:\\\/\\\/gruposanz.es\\\/fr\\\/#website\",\"url\":\"https:\\\/\\\/gruposanz.es\\\/fr\\\/\",\"name\":\"Grupo Sanz\",\"description\":\"Grupo Sanz, fabricantes de productos de pulverizaci\u00f3n y poda con sus marcas Pulmic, Kamikaze, Keeper y Siqua\",\"publisher\":{\"@id\":\"https:\\\/\\\/gruposanz.es\\\/fr\\\/#organization\"},\"potentialAction\":[{\"@type\":\"SearchAction\",\"target\":{\"@type\":\"EntryPoint\",\"urlTemplate\":\"https:\\\/\\\/gruposanz.es\\\/fr\\\/?s={search_term_string}\"},\"query-input\":{\"@type\":\"PropertyValueSpecification\",\"valueRequired\":true,\"valueName\":\"search_term_string\"}}],\"inLanguage\":\"fr-FR\"},{\"@type\":\"Organization\",\"@id\":\"https:\\\/\\\/gruposanz.es\\\/fr\\\/#organization\",\"name\":\"Grupo Sanz\",\"url\":\"https:\\\/\\\/gruposanz.es\\\/fr\\\/\",\"logo\":{\"@type\":\"ImageObject\",\"inLanguage\":\"fr-FR\",\"@id\":\"https:\\\/\\\/gruposanz.es\\\/fr\\\/#\\\/schema\\\/logo\\\/image\\\/\",\"url\":\"https:\\\/\\\/gruposanz.es\\\/wp-content\\\/uploads\\\/2022\\\/10\\\/LOGOTIPO-GRUPO-SANZ-vertical.png\",\"contentUrl\":\"https:\\\/\\\/gruposanz.es\\\/wp-content\\\/uploads\\\/2022\\\/10\\\/LOGOTIPO-GRUPO-SANZ-vertical.png\",\"width\":1418,\"height\":1418,\"caption\":\"Grupo Sanz\"},\"image\":{\"@id\":\"https:\\\/\\\/gruposanz.es\\\/fr\\\/#\\\/schema\\\/logo\\\/image\\\/\"},\"sameAs\":[\"https:\\\/\\\/www.linkedin.com\\\/company\\\/grupo-sanz-hermanos\",\"https:\\\/\\\/www.youtube.com\\\/user\\\/GrupoSanz\"]}]}<\/script>\n<!-- \/ Yoast SEO plugin. -->","yoast_head_json":{"title":"Scie Kamikaze MT-330 BH Turbo - Grupo Sanz","robots":{"index":"index","follow":"follow","max-snippet":"max-snippet:-1","max-image-preview":"max-image-preview:large","max-video-preview":"max-video-preview:-1"},"canonical":"https:\/\/gruposanz.es\/fr\/producto\/scie-kamikaze-mt-330-bh-turbo","og_locale":"fr_FR","og_type":"article","og_title":"Scie Kamikaze MT-330 BH Turbo - Grupo Sanz","og_description":"Outils Multi-Tool pour la taille en agriculture","og_url":"https:\/\/gruposanz.es\/fr\/producto\/scie-kamikaze-mt-330-bh-turbo","og_site_name":"Grupo Sanz","article_modified_time":"2025-09-11T10:34:00+00:00","og_image":[{"width":555,"height":555,"url":"https:\/\/gruposanz.es\/wp-content\/uploads\/2024\/08\/18225_multi-tool-BH-330.png","type":"image\/png"}],"twitter_card":"summary_large_image","twitter_misc":{"Dur\u00e9e de lecture estim\u00e9e":"2 minutes"},"schema":{"@context":"https:\/\/schema.org","@graph":[{"@type":"WebPage","@id":"https:\/\/gruposanz.es\/fr\/producto\/scie-kamikaze-mt-330-bh-turbo","url":"https:\/\/gruposanz.es\/fr\/producto\/scie-kamikaze-mt-330-bh-turbo","name":"Scie Kamikaze MT-330 BH Turbo - Grupo Sanz","isPartOf":{"@id":"https:\/\/gruposanz.es\/fr\/#website"},"primaryImageOfPage":{"@id":"https:\/\/gruposanz.es\/fr\/producto\/scie-kamikaze-mt-330-bh-turbo#primaryimage"},"image":{"@id":"https:\/\/gruposanz.es\/fr\/producto\/scie-kamikaze-mt-330-bh-turbo#primaryimage"},"thumbnailUrl":"https:\/\/gruposanz.es\/wp-content\/uploads\/2024\/08\/18225_multi-tool-BH-330.png","datePublished":"2024-09-01T05:56:47+00:00","dateModified":"2025-09-11T10:34:00+00:00","breadcrumb":{"@id":"https:\/\/gruposanz.es\/fr\/producto\/scie-kamikaze-mt-330-bh-turbo#breadcrumb"},"inLanguage":"fr-FR","potentialAction":[{"@type":"ReadAction","target":["https:\/\/gruposanz.es\/fr\/producto\/scie-kamikaze-mt-330-bh-turbo"]}]},{"@type":"ImageObject","inLanguage":"fr-FR","@id":"https:\/\/gruposanz.es\/fr\/producto\/scie-kamikaze-mt-330-bh-turbo#primaryimage","url":"https:\/\/gruposanz.es\/wp-content\/uploads\/2024\/08\/18225_multi-tool-BH-330.png","contentUrl":"https:\/\/gruposanz.es\/wp-content\/uploads\/2024\/08\/18225_multi-tool-BH-330.png","width":555,"height":555,"caption":"Serrucho Kamikaze MT-330 BH Turbo"},{"@type":"BreadcrumbList","@id":"https:\/\/gruposanz.es\/fr\/producto\/scie-kamikaze-mt-330-bh-turbo#breadcrumb","itemListElement":[{"@type":"ListItem","position":1,"name":"Inicio","item":"https:\/\/gruposanz.es\/fr"},{"@type":"ListItem","position":2,"name":"Produits","item":"https:\/\/gruposanz.es\/fr\/shop"},{"@type":"ListItem","position":3,"name":"Multi-Tool","item":"https:\/\/gruposanz.es\/fr\/categorie\/multi-tool-fr"},{"@type":"ListItem","position":4,"name":"Scie Kamikaze MT-330 BH Turbo"}]},{"@type":"WebSite","@id":"https:\/\/gruposanz.es\/fr\/#website","url":"https:\/\/gruposanz.es\/fr\/","name":"Grupo Sanz","description":"Grupo Sanz, fabricantes de productos de pulverizaci\u00f3n y poda con sus marcas Pulmic, Kamikaze, Keeper y Siqua","publisher":{"@id":"https:\/\/gruposanz.es\/fr\/#organization"},"potentialAction":[{"@type":"SearchAction","target":{"@type":"EntryPoint","urlTemplate":"https:\/\/gruposanz.es\/fr\/?s={search_term_string}"},"query-input":{"@type":"PropertyValueSpecification","valueRequired":true,"valueName":"search_term_string"}}],"inLanguage":"fr-FR"},{"@type":"Organization","@id":"https:\/\/gruposanz.es\/fr\/#organization","name":"Grupo Sanz","url":"https:\/\/gruposanz.es\/fr\/","logo":{"@type":"ImageObject","inLanguage":"fr-FR","@id":"https:\/\/gruposanz.es\/fr\/#\/schema\/logo\/image\/","url":"https:\/\/gruposanz.es\/wp-content\/uploads\/2022\/10\/LOGOTIPO-GRUPO-SANZ-vertical.png","contentUrl":"https:\/\/gruposanz.es\/wp-content\/uploads\/2022\/10\/LOGOTIPO-GRUPO-SANZ-vertical.png","width":1418,"height":1418,"caption":"Grupo Sanz"},"image":{"@id":"https:\/\/gruposanz.es\/fr\/#\/schema\/logo\/image\/"},"sameAs":["https:\/\/www.linkedin.com\/company\/grupo-sanz-hermanos","https:\/\/www.youtube.com\/user\/GrupoSanz"]}]}},"_links":{"self":[{"href":"https:\/\/gruposanz.es\/fr\/wp-json\/wp\/v2\/product\/93121","targetHints":{"allow":["GET"]}}],"collection":[{"href":"https:\/\/gruposanz.es\/fr\/wp-json\/wp\/v2\/product"}],"about":[{"href":"https:\/\/gruposanz.es\/fr\/wp-json\/wp\/v2\/types\/product"}],"wp:featuredmedia":[{"embeddable":true,"href":"https:\/\/gruposanz.es\/fr\/wp-json\/wp\/v2\/media\/93125"}],"wp:attachment":[{"href":"https:\/\/gruposanz.es\/fr\/wp-json\/wp\/v2\/media?parent=93121"}],"wp:term":[{"taxonomy":"product_brand","embeddable":true,"href":"https:\/\/gruposanz.es\/fr\/wp-json\/wp\/v2\/product_brand?post=93121"},{"taxonomy":"product_cat","embeddable":true,"href":"https:\/\/gruposanz.es\/fr\/wp-json\/wp\/v2\/product_cat?post=93121"},{"taxonomy":"product_tag","embeddable":true,"href":"https:\/\/gruposanz.es\/fr\/wp-json\/wp\/v2\/product_tag?post=93121"}],"curies":[{"name":"wp","href":"https:\/\/api.w.org\/{rel}","templated":true}]}}