{"id":93140,"date":"2024-09-01T08:00:00","date_gmt":"2024-09-01T06:02:00","guid":{"rendered":"https:\/\/gruposanz.es\/?post_type=product&#038;p=93140"},"modified":"2025-09-11T12:24:15","modified_gmt":"2025-09-11T10:24:15","slug":"secateur-kamikaze-mt-63","status":"publish","type":"product","link":"https:\/\/gruposanz.es\/fr\/producto\/secateur-kamikaze-mt-63","title":{"rendered":"S\u00e9cateur Kamikaze MT-63"},"content":{"rendered":"<div class=\"wpb-content-wrapper\"><p>[vc_row disable_element=&#8221;yes&#8221;][vc_column][vc_column_text css=&#8221;.vc_custom_1725357259345{padding-top: 20px !important;padding-bottom: 20px !important;background-color: #000000 !important;}&#8221;]<\/p>\n<h3 style=\"text-align: center;\"><span style=\"color: #ffffff;\"><b>DISPONIBLE LE 1er OCTOBRE<\/b><\/span><\/h3>\n<p>[\/vc_column_text][\/vc_column][\/vc_row][vc_row][vc_column][vc_column_text css=&#8221;&#8221;]<\/p>\n<h4><span style=\"color: #b7000c;\"><strong>Description des Outlits Multi-Tool<\/strong><\/span><\/h4>\n<p align=\"justify\">La cisaille \u00e0 perche Multi-Tool MT-63 coupe \u00e0 travers le syst\u00e8me de d\u00e9rivation, l&#8217;acier de la lame et de la contre-lame est tremp\u00e9 SK-5. La contre-feuille poss\u00e8de un canal \u00e0 s\u00e8ve, r\u00e9duisant la friction entre les feuilles. Les ciseaux disposent d&#8217;une double poulie pour lisser la coupe des branches \u00e0 une hauteur de coupe de \u00d8 25mm. Les poteaux en tube d&#8217;aluminium ovale couvrent des longueurs de 2 m\u00e8tres \u00e0 6 m\u00e8tres de haut. Les ciseaux ont des pi\u00e8ces de rechange. Il dispose d&#8217;un accouplement pour les diff\u00e9rents p\u00f4les qui composent le pack Multi-tool. Compatibilit\u00e9 avec Extension Telex 2 x 1,5, Extension Telex 3 x 1,5 et Extension Telex 3 x 2. Scie \u00e0 lame courbe longueur 360 mm. La conception sp\u00e9ciale de la poign\u00e9e, avec sa forme incurv\u00e9e, r\u00e9duit l&#8217;effort requis pour la coupe, facilitant ainsi la coupe du bois dur. La forme de la lame garantit une adh\u00e9rence particuli\u00e8re sur le tronc, obtenant un plus grand confort de travail et r\u00e9duisant les vibrations. Lieu d&#8217;utilisation: Taille des branches hautes, r\u00e9colte des fruits, am\u00e9nagement des grands arbustes et arbres, coupe des plantes grimpantes, entretien des parcs et jardins, coupe de palissage, taille des branches basses profondes, foresterie, jardinage.<\/p>\n<h4><span style=\"color: #b7000c;\"><strong>Caract\u00e9ristiques de S\u00e9cateur Kamikaze MT-63<\/strong><\/span><\/h4>\n<p style=\"text-align: justify;\">&#8211; Adaptable pour perche multi-outils<br \/>\n&#8211; Commande manuelle au moyen d&#8217;un bouton \u00e0 tirette r\u00e9glable en hauteur.<br \/>\n&#8211; T\u00eate rotative avec une plage de rotation sup\u00e9rieure \u00e0 200\u00ba.<br \/>\n&#8211; Le mat\u00e9riau de la t\u00eate et du bouton est du PA renforc\u00e9 de fibre de verre.<br \/>\n&#8211; Le mat\u00e9riau de la lame est en acier tremp\u00e9 avec rev\u00eatement en t\u00e9flon.<br \/>\n&#8211; Il dispose d&#8217;un crochet sur la contre-lame pour r\u00e9cup\u00e9rer les branches coup\u00e9es.<br \/>\n&#8211; Il y a une housse pour les ciseaux.<\/p>\n<p>[\/vc_column_text][vc_row_inner disable_element=&#8221;yes&#8221;][vc_column_inner width=&#8221;1\/6&#8243; offset=&#8221;vc_col-xs-3&#8243;][vc_single_image image=&#8221;48384&#8243; img_size=&#8221;&#8221; alignment=&#8221;center&#8221;][\/vc_column_inner][vc_column_inner width=&#8221;1\/6&#8243; offset=&#8221;vc_col-xs-3&#8243;][vc_single_image image=&#8221;48389&#8243; img_size=&#8221;full&#8221; alignment=&#8221;center&#8221;][\/vc_column_inner][vc_column_inner width=&#8221;1\/6&#8243; offset=&#8221;vc_col-xs-4&#8243;][\/vc_column_inner][vc_column_inner width=&#8221;1\/6&#8243; offset=&#8221;vc_col-xs-4&#8243;][\/vc_column_inner][vc_column_inner width=&#8221;1\/6&#8243; offset=&#8221;vc_col-xs-4&#8243;][\/vc_column_inner][vc_column_inner width=&#8221;1\/6&#8243; offset=&#8221;vc_col-xs-3&#8243;][\/vc_column_inner][\/vc_row_inner][\/vc_column][\/vc_row][vc_row][vc_column][vc_row_inner][vc_column_inner width=&#8221;2\/3&#8243;][vc_btn title=&#8221;FICHE TECHNIQUE COMMERCIALE&#8221; style=&#8221;custom&#8221; custom_background=&#8221;#b7000c&#8221; custom_text=&#8221;#ffffff&#8221; shape=&#8221;square&#8221; align=&#8221;center&#8221; i_icon_fontawesome=&#8221;fas fa-file-pdf&#8221; css=&#8221;&#8221; button_block=&#8221;true&#8221; add_icon=&#8221;true&#8221; link=&#8221;url:%2Fwp-content%2Fuploads%2Fftc%2Ffr%2FFTC18226-CISEAUXKAMIKAZE-MT63.pdf|target:_blank|rel:nofollow&#8221; el_class=&#8221;boton-descarga-producto&#8221;][\/vc_column_inner][vc_column_inner width=&#8221;1\/3&#8243;][\/vc_column_inner][\/vc_row_inner][vc_row_inner disable_element=&#8221;yes&#8221;][vc_column_inner width=&#8221;1\/4&#8243;][\/vc_column_inner][vc_column_inner width=&#8221;1\/2&#8243;][vc_btn title=&#8221;ACTIVER LA GARANTIE&#8221; style=&#8221;custom&#8221; custom_background=&#8221;#a4aeb0&#8243; custom_text=&#8221;#ffffff&#8221; shape=&#8221;square&#8221; align=&#8221;center&#8221; i_icon_fontawesome=&#8221;fa fa-check-square-o&#8221; button_block=&#8221;true&#8221; add_icon=&#8221;true&#8221; link=&#8221;url:https%3A%2F%2Fgruposanz.es%2Ffr%2Factivation-de-la-garantie|title:Activation%20de%20la%20garantie|target:%20_blank|&#8221; el_class=&#8221;boton-descarga-producto&#8221;][\/vc_column_inner][vc_column_inner width=&#8221;1\/4&#8243;][vc_btn title=&#8221;MANUEL&#8221; style=&#8221;custom&#8221; custom_background=&#8221;#b7000c&#8221; custom_text=&#8221;#ffffff&#8221; shape=&#8221;square&#8221; align=&#8221;center&#8221; i_icon_fontawesome=&#8221;&#8221; button_block=&#8221;true&#8221; add_icon=&#8221;true&#8221; link=&#8221;url:%2Fwp-content%2Fuploads%2F2023%2F09%2FManual-KP25.pdf|target:_blank|rel:nofollow&#8221; el_class=&#8221;boton-descarga-producto&#8221;][\/vc_column_inner][\/vc_row_inner][\/vc_column][\/vc_row][vc_row css=&#8221;.vc_custom_1724157822036{margin-top: 0px !important;}&#8221;][vc_column][vc_single_image image=&#8221;93153&#8243; img_size=&#8221;full&#8221; css=&#8221;&#8221;][\/vc_column][\/vc_row]<\/p>\n<\/div>","protected":false},"excerpt":{"rendered":"<h3 style=\"text-align: center;\"><span style=\"color: #ffffff;\"><strong>Outils Multi-Tool pour la taille en agriculture<\/strong><\/span><\/h3>\n","protected":false},"featured_media":93143,"template":"","meta":[],"product_brand":[],"product_cat":[4543,4434,870,1374,2746],"product_tag":[3385],"class_list":{"0":"post-93140","1":"product","2":"type-product","3":"status-publish","4":"has-post-thumbnail","6":"product_cat-multi-tool-fr","7":"product_cat-secateur-en-hauteur","8":"product_cat-accueil-fournitures","9":"product_cat-ciseaux-jar","10":"product_cat-garden-fr","11":"product_tag-produits-kamikaze","13":"first","14":"instock","15":"shipping-taxable","16":"product-type-simple"},"yoast_head":"<!-- This site is optimized with the Yoast SEO plugin v27.3 - https:\/\/yoast.com\/product\/yoast-seo-wordpress\/ -->\n<title>S\u00e9cateur Kamikaze MT-63 - Grupo Sanz<\/title>\n<meta name=\"robots\" content=\"index, follow, max-snippet:-1, max-image-preview:large, max-video-preview:-1\" \/>\n<link rel=\"canonical\" href=\"https:\/\/gruposanz.es\/fr\/producto\/secateur-kamikaze-mt-63\" \/>\n<meta property=\"og:locale\" content=\"fr_FR\" \/>\n<meta property=\"og:type\" content=\"article\" \/>\n<meta property=\"og:title\" content=\"S\u00e9cateur Kamikaze MT-63 - Grupo Sanz\" \/>\n<meta property=\"og:description\" content=\"Outils Multi-Tool pour la taille en agriculture\" \/>\n<meta property=\"og:url\" content=\"https:\/\/gruposanz.es\/fr\/producto\/secateur-kamikaze-mt-63\" \/>\n<meta property=\"og:site_name\" content=\"Grupo Sanz\" \/>\n<meta property=\"article:modified_time\" content=\"2025-09-11T10:24:15+00:00\" \/>\n<meta property=\"og:image\" content=\"https:\/\/gruposanz.es\/wp-content\/uploads\/2024\/08\/18226.-Tijera-Kamikaze-MT-63.jpg\" \/>\n\t<meta property=\"og:image:width\" content=\"2313\" \/>\n\t<meta property=\"og:image:height\" content=\"2313\" \/>\n\t<meta property=\"og:image:type\" content=\"image\/jpeg\" \/>\n<meta name=\"twitter:card\" content=\"summary_large_image\" \/>\n<meta name=\"twitter:label1\" content=\"Dur\u00e9e de lecture estim\u00e9e\" \/>\n\t<meta name=\"twitter:data1\" content=\"2 minutes\" \/>\n<script type=\"application\/ld+json\" class=\"yoast-schema-graph\">{\"@context\":\"https:\\\/\\\/schema.org\",\"@graph\":[{\"@type\":\"WebPage\",\"@id\":\"https:\\\/\\\/gruposanz.es\\\/fr\\\/producto\\\/secateur-kamikaze-mt-63\",\"url\":\"https:\\\/\\\/gruposanz.es\\\/fr\\\/producto\\\/secateur-kamikaze-mt-63\",\"name\":\"S\u00e9cateur Kamikaze MT-63 - Grupo Sanz\",\"isPartOf\":{\"@id\":\"https:\\\/\\\/gruposanz.es\\\/fr\\\/#website\"},\"primaryImageOfPage\":{\"@id\":\"https:\\\/\\\/gruposanz.es\\\/fr\\\/producto\\\/secateur-kamikaze-mt-63#primaryimage\"},\"image\":{\"@id\":\"https:\\\/\\\/gruposanz.es\\\/fr\\\/producto\\\/secateur-kamikaze-mt-63#primaryimage\"},\"thumbnailUrl\":\"https:\\\/\\\/gruposanz.es\\\/wp-content\\\/uploads\\\/2024\\\/08\\\/18226.-Tijera-Kamikaze-MT-63.jpg\",\"datePublished\":\"2024-09-01T06:02:00+00:00\",\"dateModified\":\"2025-09-11T10:24:15+00:00\",\"breadcrumb\":{\"@id\":\"https:\\\/\\\/gruposanz.es\\\/fr\\\/producto\\\/secateur-kamikaze-mt-63#breadcrumb\"},\"inLanguage\":\"fr-FR\",\"potentialAction\":[{\"@type\":\"ReadAction\",\"target\":[\"https:\\\/\\\/gruposanz.es\\\/fr\\\/producto\\\/secateur-kamikaze-mt-63\"]}]},{\"@type\":\"ImageObject\",\"inLanguage\":\"fr-FR\",\"@id\":\"https:\\\/\\\/gruposanz.es\\\/fr\\\/producto\\\/secateur-kamikaze-mt-63#primaryimage\",\"url\":\"https:\\\/\\\/gruposanz.es\\\/wp-content\\\/uploads\\\/2024\\\/08\\\/18226.-Tijera-Kamikaze-MT-63.jpg\",\"contentUrl\":\"https:\\\/\\\/gruposanz.es\\\/wp-content\\\/uploads\\\/2024\\\/08\\\/18226.-Tijera-Kamikaze-MT-63.jpg\",\"width\":2313,\"height\":2313,\"caption\":\"Tijera Kamikaze MT-63\"},{\"@type\":\"BreadcrumbList\",\"@id\":\"https:\\\/\\\/gruposanz.es\\\/fr\\\/producto\\\/secateur-kamikaze-mt-63#breadcrumb\",\"itemListElement\":[{\"@type\":\"ListItem\",\"position\":1,\"name\":\"Inicio\",\"item\":\"https:\\\/\\\/gruposanz.es\\\/fr\"},{\"@type\":\"ListItem\",\"position\":2,\"name\":\"Produits\",\"item\":\"https:\\\/\\\/gruposanz.es\\\/fr\\\/shop\"},{\"@type\":\"ListItem\",\"position\":3,\"name\":\"Multi-Tool\",\"item\":\"https:\\\/\\\/gruposanz.es\\\/fr\\\/categorie\\\/multi-tool-fr\"},{\"@type\":\"ListItem\",\"position\":4,\"name\":\"S\u00e9cateur Kamikaze MT-63\"}]},{\"@type\":\"WebSite\",\"@id\":\"https:\\\/\\\/gruposanz.es\\\/fr\\\/#website\",\"url\":\"https:\\\/\\\/gruposanz.es\\\/fr\\\/\",\"name\":\"Grupo Sanz\",\"description\":\"Grupo Sanz, fabricantes de productos de pulverizaci\u00f3n y poda con sus marcas Pulmic, Kamikaze, Keeper y Siqua\",\"publisher\":{\"@id\":\"https:\\\/\\\/gruposanz.es\\\/fr\\\/#organization\"},\"potentialAction\":[{\"@type\":\"SearchAction\",\"target\":{\"@type\":\"EntryPoint\",\"urlTemplate\":\"https:\\\/\\\/gruposanz.es\\\/fr\\\/?s={search_term_string}\"},\"query-input\":{\"@type\":\"PropertyValueSpecification\",\"valueRequired\":true,\"valueName\":\"search_term_string\"}}],\"inLanguage\":\"fr-FR\"},{\"@type\":\"Organization\",\"@id\":\"https:\\\/\\\/gruposanz.es\\\/fr\\\/#organization\",\"name\":\"Grupo Sanz\",\"url\":\"https:\\\/\\\/gruposanz.es\\\/fr\\\/\",\"logo\":{\"@type\":\"ImageObject\",\"inLanguage\":\"fr-FR\",\"@id\":\"https:\\\/\\\/gruposanz.es\\\/fr\\\/#\\\/schema\\\/logo\\\/image\\\/\",\"url\":\"https:\\\/\\\/gruposanz.es\\\/wp-content\\\/uploads\\\/2022\\\/10\\\/LOGOTIPO-GRUPO-SANZ-vertical.png\",\"contentUrl\":\"https:\\\/\\\/gruposanz.es\\\/wp-content\\\/uploads\\\/2022\\\/10\\\/LOGOTIPO-GRUPO-SANZ-vertical.png\",\"width\":1418,\"height\":1418,\"caption\":\"Grupo Sanz\"},\"image\":{\"@id\":\"https:\\\/\\\/gruposanz.es\\\/fr\\\/#\\\/schema\\\/logo\\\/image\\\/\"},\"sameAs\":[\"https:\\\/\\\/www.linkedin.com\\\/company\\\/grupo-sanz-hermanos\",\"https:\\\/\\\/www.youtube.com\\\/user\\\/GrupoSanz\"]}]}<\/script>\n<!-- \/ Yoast SEO plugin. -->","yoast_head_json":{"title":"S\u00e9cateur Kamikaze MT-63 - Grupo Sanz","robots":{"index":"index","follow":"follow","max-snippet":"max-snippet:-1","max-image-preview":"max-image-preview:large","max-video-preview":"max-video-preview:-1"},"canonical":"https:\/\/gruposanz.es\/fr\/producto\/secateur-kamikaze-mt-63","og_locale":"fr_FR","og_type":"article","og_title":"S\u00e9cateur Kamikaze MT-63 - Grupo Sanz","og_description":"Outils Multi-Tool pour la taille en agriculture","og_url":"https:\/\/gruposanz.es\/fr\/producto\/secateur-kamikaze-mt-63","og_site_name":"Grupo Sanz","article_modified_time":"2025-09-11T10:24:15+00:00","og_image":[{"width":2313,"height":2313,"url":"https:\/\/gruposanz.es\/wp-content\/uploads\/2024\/08\/18226.-Tijera-Kamikaze-MT-63.jpg","type":"image\/jpeg"}],"twitter_card":"summary_large_image","twitter_misc":{"Dur\u00e9e de lecture estim\u00e9e":"2 minutes"},"schema":{"@context":"https:\/\/schema.org","@graph":[{"@type":"WebPage","@id":"https:\/\/gruposanz.es\/fr\/producto\/secateur-kamikaze-mt-63","url":"https:\/\/gruposanz.es\/fr\/producto\/secateur-kamikaze-mt-63","name":"S\u00e9cateur Kamikaze MT-63 - Grupo Sanz","isPartOf":{"@id":"https:\/\/gruposanz.es\/fr\/#website"},"primaryImageOfPage":{"@id":"https:\/\/gruposanz.es\/fr\/producto\/secateur-kamikaze-mt-63#primaryimage"},"image":{"@id":"https:\/\/gruposanz.es\/fr\/producto\/secateur-kamikaze-mt-63#primaryimage"},"thumbnailUrl":"https:\/\/gruposanz.es\/wp-content\/uploads\/2024\/08\/18226.-Tijera-Kamikaze-MT-63.jpg","datePublished":"2024-09-01T06:02:00+00:00","dateModified":"2025-09-11T10:24:15+00:00","breadcrumb":{"@id":"https:\/\/gruposanz.es\/fr\/producto\/secateur-kamikaze-mt-63#breadcrumb"},"inLanguage":"fr-FR","potentialAction":[{"@type":"ReadAction","target":["https:\/\/gruposanz.es\/fr\/producto\/secateur-kamikaze-mt-63"]}]},{"@type":"ImageObject","inLanguage":"fr-FR","@id":"https:\/\/gruposanz.es\/fr\/producto\/secateur-kamikaze-mt-63#primaryimage","url":"https:\/\/gruposanz.es\/wp-content\/uploads\/2024\/08\/18226.-Tijera-Kamikaze-MT-63.jpg","contentUrl":"https:\/\/gruposanz.es\/wp-content\/uploads\/2024\/08\/18226.-Tijera-Kamikaze-MT-63.jpg","width":2313,"height":2313,"caption":"Tijera Kamikaze MT-63"},{"@type":"BreadcrumbList","@id":"https:\/\/gruposanz.es\/fr\/producto\/secateur-kamikaze-mt-63#breadcrumb","itemListElement":[{"@type":"ListItem","position":1,"name":"Inicio","item":"https:\/\/gruposanz.es\/fr"},{"@type":"ListItem","position":2,"name":"Produits","item":"https:\/\/gruposanz.es\/fr\/shop"},{"@type":"ListItem","position":3,"name":"Multi-Tool","item":"https:\/\/gruposanz.es\/fr\/categorie\/multi-tool-fr"},{"@type":"ListItem","position":4,"name":"S\u00e9cateur Kamikaze MT-63"}]},{"@type":"WebSite","@id":"https:\/\/gruposanz.es\/fr\/#website","url":"https:\/\/gruposanz.es\/fr\/","name":"Grupo Sanz","description":"Grupo Sanz, fabricantes de productos de pulverizaci\u00f3n y poda con sus marcas Pulmic, Kamikaze, Keeper y Siqua","publisher":{"@id":"https:\/\/gruposanz.es\/fr\/#organization"},"potentialAction":[{"@type":"SearchAction","target":{"@type":"EntryPoint","urlTemplate":"https:\/\/gruposanz.es\/fr\/?s={search_term_string}"},"query-input":{"@type":"PropertyValueSpecification","valueRequired":true,"valueName":"search_term_string"}}],"inLanguage":"fr-FR"},{"@type":"Organization","@id":"https:\/\/gruposanz.es\/fr\/#organization","name":"Grupo Sanz","url":"https:\/\/gruposanz.es\/fr\/","logo":{"@type":"ImageObject","inLanguage":"fr-FR","@id":"https:\/\/gruposanz.es\/fr\/#\/schema\/logo\/image\/","url":"https:\/\/gruposanz.es\/wp-content\/uploads\/2022\/10\/LOGOTIPO-GRUPO-SANZ-vertical.png","contentUrl":"https:\/\/gruposanz.es\/wp-content\/uploads\/2022\/10\/LOGOTIPO-GRUPO-SANZ-vertical.png","width":1418,"height":1418,"caption":"Grupo Sanz"},"image":{"@id":"https:\/\/gruposanz.es\/fr\/#\/schema\/logo\/image\/"},"sameAs":["https:\/\/www.linkedin.com\/company\/grupo-sanz-hermanos","https:\/\/www.youtube.com\/user\/GrupoSanz"]}]}},"_links":{"self":[{"href":"https:\/\/gruposanz.es\/fr\/wp-json\/wp\/v2\/product\/93140","targetHints":{"allow":["GET"]}}],"collection":[{"href":"https:\/\/gruposanz.es\/fr\/wp-json\/wp\/v2\/product"}],"about":[{"href":"https:\/\/gruposanz.es\/fr\/wp-json\/wp\/v2\/types\/product"}],"wp:featuredmedia":[{"embeddable":true,"href":"https:\/\/gruposanz.es\/fr\/wp-json\/wp\/v2\/media\/93143"}],"wp:attachment":[{"href":"https:\/\/gruposanz.es\/fr\/wp-json\/wp\/v2\/media?parent=93140"}],"wp:term":[{"taxonomy":"product_brand","embeddable":true,"href":"https:\/\/gruposanz.es\/fr\/wp-json\/wp\/v2\/product_brand?post=93140"},{"taxonomy":"product_cat","embeddable":true,"href":"https:\/\/gruposanz.es\/fr\/wp-json\/wp\/v2\/product_cat?post=93140"},{"taxonomy":"product_tag","embeddable":true,"href":"https:\/\/gruposanz.es\/fr\/wp-json\/wp\/v2\/product_tag?post=93140"}],"curies":[{"name":"wp","href":"https:\/\/api.w.org\/{rel}","templated":true}]}}