{"id":25152,"date":"2016-01-11T18:32:44","date_gmt":"2016-01-11T17:32:44","guid":{"rendered":"http:\/\/gruposanz.es\/?page_id=25152"},"modified":"2020-08-05T12:50:11","modified_gmt":"2020-08-05T10:50:11","slug":"emprego","status":"publish","type":"page","link":"https:\/\/gruposanz.es\/pt-pt\/emprego","title":{"rendered":"Emprego"},"content":{"rendered":"<div class=\"wpb-content-wrapper\"><p>[vc_row][vc_column][vc_custom_heading text=&#8221;Candidate-se a um emprego na Grupo\u00a0Sanz&#8221; font_container=&#8221;tag:h2|text_align:center&#8221; use_theme_fonts=&#8221;yes&#8221;][vc_column_text]<\/p>\n<hr class=\"divider horizontal-break\" style=\"margin-top: 15px; margin-bottom: 13px; background: rgba(217,217,217,0.5);\" \/>\n<p style=\"font-size: 14px; text-align: center;\">Voc\u00ea est\u00e1 interessado em ter um emprego em Sanz grupo? Preencha o formul\u00e1rio abaixo e entraremos em contato com voc\u00ea.<\/p>\n<p>[\/vc_column_text][\/vc_column][\/vc_row][vc_row css=&#8221;.vc_custom_1564681132533{margin-bottom: 20px !important;}&#8221;][vc_column width=&#8221;1\/2&#8243;][vc_single_image image=&#8221;45361&#8243; img_size=&#8221;full&#8221; alignment=&#8221;center&#8221; css=&#8221;.vc_custom_1564681183649{padding-top: 10px !important;}&#8221;][\/vc_column][vc_column width=&#8221;1\/2&#8243;]\n<div class=\"wpcf7 no-js\" id=\"wpcf7-f25102-o1\" lang=\"pt-PT\" dir=\"ltr\">\n<div class=\"screen-reader-response\"><p role=\"status\" aria-live=\"polite\" aria-atomic=\"true\"><\/p> <ul><\/ul><\/div>\n<form action=\"\/pt-pt\/wp-json\/wp\/v2\/pages\/25152#wpcf7-f25102-o1\" method=\"post\" class=\"wpcf7-form init\" aria-label=\"Formul\u00e1rio de contacto\" enctype=\"multipart\/form-data\" novalidate=\"novalidate\" data-status=\"init\">\n<div style=\"display: none;\">\n<input type=\"hidden\" name=\"_wpcf7\" value=\"25102\" \/>\n<input type=\"hidden\" name=\"_wpcf7_version\" value=\"5.9.3\" \/>\n<input type=\"hidden\" name=\"_wpcf7_locale\" value=\"pt_PT\" \/>\n<input type=\"hidden\" name=\"_wpcf7_unit_tag\" value=\"wpcf7-f25102-o1\" \/>\n<input type=\"hidden\" name=\"_wpcf7_container_post\" value=\"0\" \/>\n<input type=\"hidden\" name=\"_wpcf7_posted_data_hash\" value=\"\" \/>\n<input type=\"hidden\" name=\"_wpcf7cf_hidden_group_fields\" value=\"[]\" \/>\n<input type=\"hidden\" name=\"_wpcf7cf_hidden_groups\" value=\"[]\" \/>\n<input type=\"hidden\" name=\"_wpcf7cf_visible_groups\" value=\"[]\" \/>\n<input type=\"hidden\" name=\"_wpcf7cf_repeaters\" value=\"[]\" \/>\n<input type=\"hidden\" name=\"_wpcf7cf_steps\" value=\"{}\" \/>\n<input type=\"hidden\" name=\"_wpcf7cf_options\" value=\"{&quot;form_id&quot;:25102,&quot;conditions&quot;:[],&quot;settings&quot;:{&quot;animation&quot;:&quot;yes&quot;,&quot;animation_intime&quot;:200,&quot;animation_outtime&quot;:200,&quot;conditions_ui&quot;:&quot;normal&quot;,&quot;notice_dismissed&quot;:false}}\" \/>\n<input type=\"hidden\" name=\"redirect_nonce\" value=\"280ac05211\" \/>\n<input type=\"hidden\" name=\"wpcf7cfpdf_hidden_name\" value=\"document-pdf\" \/>\n<input type=\"hidden\" name=\"wpcf7cfpdf_hidden_reference\" value=\"7219bb8b\" \/>\n<input type=\"hidden\" name=\"wpcf7cfpdf_hidden_date\" value=\"04142026\" \/>\n<\/div>\n<style>\ntextarea{width:97.5% !important;}\n@media screen and (min-width: 720px) {#wpcf7-f25102-p25152-o1 > form > p:nth-child(6) > span > select{height:215px;background-image: none;}}\n<\/style>\n<p><span class=\"wpcf7-form-control-wrap\" data-name=\"your-name\"><input size=\"40\" class=\"wpcf7-form-control wpcf7-text wpcf7-validates-as-required\" aria-required=\"true\" aria-invalid=\"false\" placeholder=\"Nome\" value=\"\" type=\"text\" name=\"your-name\" \/><\/span>\n<\/p>\n<p><span class=\"wpcf7-form-control-wrap\" data-name=\"your-email\"><input size=\"40\" class=\"wpcf7-form-control wpcf7-email wpcf7-validates-as-required wpcf7-text wpcf7-validates-as-email\" aria-required=\"true\" aria-invalid=\"false\" placeholder=\"Correio eletr\u00f4nico\" value=\"\" type=\"email\" name=\"your-email\" \/><\/span>\n<\/p>\n<p><span class=\"wpcf7-form-control-wrap\" data-name=\"telefono\"><input size=\"40\" class=\"wpcf7-form-control wpcf7-tel wpcf7-validates-as-required wpcf7-text wpcf7-validates-as-tel\" aria-required=\"true\" aria-invalid=\"false\" placeholder=\"Telefone\" value=\"\" type=\"tel\" name=\"telefono\" \/><\/span>\n<\/p>\n<p>Onde voc\u00ea quer trabalhar? <span class=\"wpcf7-form-control-wrap\" data-name=\"menu-947\"><select class=\"wpcf7-form-control wpcf7-select wpcf7-validates-as-required\" aria-required=\"true\" aria-invalid=\"false\" multiple=\"multiple\" name=\"menu-947[]\"><option value=\"Com\u00e9rcio nacional\">Com\u00e9rcio nacional<\/option><option value=\"\u00c1rea de exporta\u00e7\u00e3o\">\u00c1rea de exporta\u00e7\u00e3o<\/option><option value=\"Compras\">Compras<\/option><option value=\"Vendas\">Vendas<\/option><option value=\"Qualidade\">Qualidade<\/option><option value=\"Produ\u00e7\u00e3o\">Produ\u00e7\u00e3o<\/option><option value=\"Montagem\">Montagem<\/option><option value=\"Armaz\u00e9m\">Armaz\u00e9m<\/option><option value=\"Operador para inje\u00e7\u00e3o de pl\u00e1stico\">Operador para inje\u00e7\u00e3o de pl\u00e1stico<\/option><option value=\"Torneiro\">Torneiro<\/option><option value=\"Moleiro\">Moleiro<\/option><option value=\"Engenharia\">Engenharia<\/option><option value=\"Administra\u00e7\u00e3o e Finan\u00e7as\">Administra\u00e7\u00e3o e Finan\u00e7as<\/option><\/select><\/span>\n<\/p>\n<p>Curriculum\n<\/p>\n<p><span class=\"wpcf7-form-control-wrap\" data-name=\"file-655\"><input size=\"40\" class=\"wpcf7-form-control wpcf7-file wpcf7-validates-as-required\" accept=\".jpg,.pdf\" aria-required=\"true\" aria-invalid=\"false\" type=\"file\" name=\"file-655\" \/><\/span>\n<\/p>\n<p><span class=\"wpcf7-form-control-wrap\" data-name=\"your-message\"><textarea cols=\"70\" rows=\"10\" class=\"wpcf7-form-control wpcf7-textarea wpcf7-validates-as-required\" aria-required=\"true\" aria-invalid=\"false\" placeholder=\"Apresenta\u00e7\u00e3o\" name=\"your-message\"><\/textarea><\/span>\n<\/p>\n<p><span class=\"wpcf7-form-control-wrap\" data-name=\"aviso-legal\"><span class=\"wpcf7-form-control wpcf7-checkbox wpcf7-validates-as-required\"><span class=\"wpcf7-list-item first last\"><input type=\"checkbox\" name=\"aviso-legal[]\" value=\"Eu li e aceito a pol\u00edtica de privacidade Grupo Sanz\" \/><span class=\"wpcf7-list-item-label\">Eu li e aceito a pol\u00edtica de privacidade Grupo Sanz<\/span><\/span><\/span><\/span> | <a href=\"\/pt-pt\/politica-de-privacidade\" target=\"_blank\">Pol\u00edtica de privacidade<\/a>\n<\/p>\n<h5>Informa\u00e7\u00f5es sobre prote\u00e7\u00e3o de dados\n<\/h5>\n<p>Respons\u00e1vel: Sanz Hermanos Valencia SL. Fim do tratamento: controle o spam e gerencie os coment\u00e1rios. Legitima\u00e7\u00e3o: seu consentimento. Comunica\u00e7\u00e3o dos dados: Os dados n\u00e3o ser\u00e3o comunicados a terceiros, exceto por obriga\u00e7\u00e3o legal.Direitos: Acesso, retifica\u00e7\u00e3o, oposi\u00e7\u00e3o, exclus\u00e3o, decis\u00f5es automatizadas, limita\u00e7\u00e3o, portabilidade. Contato: <a href=\"mailto:rgpd@gruposanz.es\">rgpd@gruposanz.es<\/a>. Informa\u00e7\u00f5es adicionais em: <a href=\"\/pt-pt\/politica-de-privacidade\" target=\"_blank\">nossa pol\u00edtica de privacidade.<\/a>.\n<\/p>\n<p><input class=\"wpcf7-form-control wpcf7-submit has-spinner\" type=\"submit\" value=\"Enviar\" \/>\n<\/p><p style=\"display: none !important;\" class=\"akismet-fields-container\" data-prefix=\"_wpcf7_ak_\"><label>&#916;<textarea name=\"_wpcf7_ak_hp_textarea\" cols=\"45\" rows=\"8\" maxlength=\"100\"><\/textarea><\/label><input type=\"hidden\" id=\"ak_js_1\" name=\"_wpcf7_ak_js\" value=\"234\"\/><script>document.getElementById( \"ak_js_1\" ).setAttribute( \"value\", ( new Date() ).getTime() );<\/script><\/p><div class=\"wpcf7-response-output\" aria-hidden=\"true\"><\/div>\n<\/form>\n<\/div>\n[\/vc_column][\/vc_row]<\/p>\n<\/div>","protected":false},"excerpt":{"rendered":"<p>&#8230;<\/p>\n","protected":false},"author":3,"featured_media":0,"parent":0,"menu_order":0,"comment_status":"closed","ping_status":"closed","template":"","meta":{"footnotes":""},"class_list":["post-25152","page","type-page","status-publish","hentry"],"yoast_head":"<!-- This site is optimized with the Yoast SEO plugin v27.3 - https:\/\/yoast.com\/product\/yoast-seo-wordpress\/ -->\n<title>Emprego - Grupo Sanz<\/title>\n<meta name=\"description\" content=\"\u00bfEst\u00e1 interesado en trabajar en Grupo Sanz? Pues solo tiene que rellenar el siguiente formulario para pedir Empleo\" \/>\n<meta name=\"robots\" content=\"index, follow, max-snippet:-1, max-image-preview:large, max-video-preview:-1\" \/>\n<link rel=\"canonical\" href=\"https:\/\/gruposanz.es\/pt-pt\/emprego\" \/>\n<meta property=\"og:locale\" content=\"pt_PT\" \/>\n<meta property=\"og:type\" content=\"article\" \/>\n<meta property=\"og:title\" content=\"Trabaja en Grupo Sanz\" \/>\n<meta property=\"og:description\" content=\"\u00bfEst\u00e1 interesado en trabajar en Grupo Sanz? Pues solo tiene que rellenar el siguiente formulario para pedir Empleo\" \/>\n<meta property=\"og:url\" content=\"https:\/\/gruposanz.es\/pt-pt\/emprego\" \/>\n<meta property=\"og:site_name\" content=\"Grupo Sanz\" \/>\n<meta property=\"article:modified_time\" content=\"2020-08-05T10:50:11+00:00\" \/>\n<meta name=\"twitter:card\" content=\"summary_large_image\" \/>\n<meta name=\"twitter:title\" content=\"Trabaja en Grupo Sanz\" \/>\n<meta name=\"twitter:description\" content=\"\u00bfEst\u00e1 interesado en trabajar en Grupo Sanz? Pues solo tiene que rellenar el siguiente formulario para pedir Empleo\" \/>\n<script type=\"application\/ld+json\" class=\"yoast-schema-graph\">{\"@context\":\"https:\\\/\\\/schema.org\",\"@graph\":[{\"@type\":\"WebPage\",\"@id\":\"https:\\\/\\\/gruposanz.es\\\/pt-pt\\\/emprego\",\"url\":\"https:\\\/\\\/gruposanz.es\\\/pt-pt\\\/emprego\",\"name\":\"Emprego - Grupo Sanz\",\"isPartOf\":{\"@id\":\"https:\\\/\\\/gruposanz.es\\\/pt-pt#website\"},\"datePublished\":\"2016-01-11T17:32:44+00:00\",\"dateModified\":\"2020-08-05T10:50:11+00:00\",\"description\":\"\u00bfEst\u00e1 interesado en trabajar en Grupo Sanz? Pues solo tiene que rellenar el siguiente formulario para pedir Empleo\",\"breadcrumb\":{\"@id\":\"https:\\\/\\\/gruposanz.es\\\/pt-pt\\\/emprego#breadcrumb\"},\"inLanguage\":\"pt-PT\",\"potentialAction\":[{\"@type\":\"ReadAction\",\"target\":[\"https:\\\/\\\/gruposanz.es\\\/pt-pt\\\/emprego\"]}]},{\"@type\":\"BreadcrumbList\",\"@id\":\"https:\\\/\\\/gruposanz.es\\\/pt-pt\\\/emprego#breadcrumb\",\"itemListElement\":[{\"@type\":\"ListItem\",\"position\":1,\"name\":\"Inicio\",\"item\":\"https:\\\/\\\/gruposanz.es\\\/pt-pt\"},{\"@type\":\"ListItem\",\"position\":2,\"name\":\"Emprego\"}]},{\"@type\":\"WebSite\",\"@id\":\"https:\\\/\\\/gruposanz.es\\\/pt-pt#website\",\"url\":\"https:\\\/\\\/gruposanz.es\\\/pt-pt\",\"name\":\"Grupo Sanz\",\"description\":\"Grupo Sanz, fabricantes de productos de pulverizaci\u00f3n y poda con sus marcas Pulmic, Kamikaze, Keeper y Siqua\",\"publisher\":{\"@id\":\"https:\\\/\\\/gruposanz.es\\\/pt-pt#organization\"},\"potentialAction\":[{\"@type\":\"SearchAction\",\"target\":{\"@type\":\"EntryPoint\",\"urlTemplate\":\"https:\\\/\\\/gruposanz.es\\\/pt-pt?s={search_term_string}\"},\"query-input\":{\"@type\":\"PropertyValueSpecification\",\"valueRequired\":true,\"valueName\":\"search_term_string\"}}],\"inLanguage\":\"pt-PT\"},{\"@type\":\"Organization\",\"@id\":\"https:\\\/\\\/gruposanz.es\\\/pt-pt#organization\",\"name\":\"Grupo Sanz\",\"url\":\"https:\\\/\\\/gruposanz.es\\\/pt-pt\",\"logo\":{\"@type\":\"ImageObject\",\"inLanguage\":\"pt-PT\",\"@id\":\"https:\\\/\\\/gruposanz.es\\\/pt-pt#\\\/schema\\\/logo\\\/image\\\/\",\"url\":\"https:\\\/\\\/gruposanz.es\\\/wp-content\\\/uploads\\\/2022\\\/10\\\/LOGOTIPO-GRUPO-SANZ-vertical.png\",\"contentUrl\":\"https:\\\/\\\/gruposanz.es\\\/wp-content\\\/uploads\\\/2022\\\/10\\\/LOGOTIPO-GRUPO-SANZ-vertical.png\",\"width\":1418,\"height\":1418,\"caption\":\"Grupo Sanz\"},\"image\":{\"@id\":\"https:\\\/\\\/gruposanz.es\\\/pt-pt#\\\/schema\\\/logo\\\/image\\\/\"},\"sameAs\":[\"https:\\\/\\\/www.linkedin.com\\\/company\\\/grupo-sanz-hermanos\",\"https:\\\/\\\/www.youtube.com\\\/user\\\/GrupoSanz\"]}]}<\/script>\n<!-- \/ Yoast SEO plugin. -->","yoast_head_json":{"title":"Emprego - Grupo Sanz","description":"\u00bfEst\u00e1 interesado en trabajar en Grupo Sanz? Pues solo tiene que rellenar el siguiente formulario para pedir Empleo","robots":{"index":"index","follow":"follow","max-snippet":"max-snippet:-1","max-image-preview":"max-image-preview:large","max-video-preview":"max-video-preview:-1"},"canonical":"https:\/\/gruposanz.es\/pt-pt\/emprego","og_locale":"pt_PT","og_type":"article","og_title":"Trabaja en Grupo Sanz","og_description":"\u00bfEst\u00e1 interesado en trabajar en Grupo Sanz? Pues solo tiene que rellenar el siguiente formulario para pedir Empleo","og_url":"https:\/\/gruposanz.es\/pt-pt\/emprego","og_site_name":"Grupo Sanz","article_modified_time":"2020-08-05T10:50:11+00:00","twitter_card":"summary_large_image","twitter_title":"Trabaja en Grupo Sanz","twitter_description":"\u00bfEst\u00e1 interesado en trabajar en Grupo Sanz? Pues solo tiene que rellenar el siguiente formulario para pedir Empleo","schema":{"@context":"https:\/\/schema.org","@graph":[{"@type":"WebPage","@id":"https:\/\/gruposanz.es\/pt-pt\/emprego","url":"https:\/\/gruposanz.es\/pt-pt\/emprego","name":"Emprego - Grupo Sanz","isPartOf":{"@id":"https:\/\/gruposanz.es\/pt-pt#website"},"datePublished":"2016-01-11T17:32:44+00:00","dateModified":"2020-08-05T10:50:11+00:00","description":"\u00bfEst\u00e1 interesado en trabajar en Grupo Sanz? Pues solo tiene que rellenar el siguiente formulario para pedir Empleo","breadcrumb":{"@id":"https:\/\/gruposanz.es\/pt-pt\/emprego#breadcrumb"},"inLanguage":"pt-PT","potentialAction":[{"@type":"ReadAction","target":["https:\/\/gruposanz.es\/pt-pt\/emprego"]}]},{"@type":"BreadcrumbList","@id":"https:\/\/gruposanz.es\/pt-pt\/emprego#breadcrumb","itemListElement":[{"@type":"ListItem","position":1,"name":"Inicio","item":"https:\/\/gruposanz.es\/pt-pt"},{"@type":"ListItem","position":2,"name":"Emprego"}]},{"@type":"WebSite","@id":"https:\/\/gruposanz.es\/pt-pt#website","url":"https:\/\/gruposanz.es\/pt-pt","name":"Grupo Sanz","description":"Grupo Sanz, fabricantes de productos de pulverizaci\u00f3n y poda con sus marcas Pulmic, Kamikaze, Keeper y Siqua","publisher":{"@id":"https:\/\/gruposanz.es\/pt-pt#organization"},"potentialAction":[{"@type":"SearchAction","target":{"@type":"EntryPoint","urlTemplate":"https:\/\/gruposanz.es\/pt-pt?s={search_term_string}"},"query-input":{"@type":"PropertyValueSpecification","valueRequired":true,"valueName":"search_term_string"}}],"inLanguage":"pt-PT"},{"@type":"Organization","@id":"https:\/\/gruposanz.es\/pt-pt#organization","name":"Grupo Sanz","url":"https:\/\/gruposanz.es\/pt-pt","logo":{"@type":"ImageObject","inLanguage":"pt-PT","@id":"https:\/\/gruposanz.es\/pt-pt#\/schema\/logo\/image\/","url":"https:\/\/gruposanz.es\/wp-content\/uploads\/2022\/10\/LOGOTIPO-GRUPO-SANZ-vertical.png","contentUrl":"https:\/\/gruposanz.es\/wp-content\/uploads\/2022\/10\/LOGOTIPO-GRUPO-SANZ-vertical.png","width":1418,"height":1418,"caption":"Grupo Sanz"},"image":{"@id":"https:\/\/gruposanz.es\/pt-pt#\/schema\/logo\/image\/"},"sameAs":["https:\/\/www.linkedin.com\/company\/grupo-sanz-hermanos","https:\/\/www.youtube.com\/user\/GrupoSanz"]}]}},"_links":{"self":[{"href":"https:\/\/gruposanz.es\/pt-pt\/wp-json\/wp\/v2\/pages\/25152","targetHints":{"allow":["GET"]}}],"collection":[{"href":"https:\/\/gruposanz.es\/pt-pt\/wp-json\/wp\/v2\/pages"}],"about":[{"href":"https:\/\/gruposanz.es\/pt-pt\/wp-json\/wp\/v2\/types\/page"}],"author":[{"embeddable":true,"href":"https:\/\/gruposanz.es\/pt-pt\/wp-json\/wp\/v2\/users\/3"}],"replies":[{"embeddable":true,"href":"https:\/\/gruposanz.es\/pt-pt\/wp-json\/wp\/v2\/comments?post=25152"}],"version-history":[{"count":0,"href":"https:\/\/gruposanz.es\/pt-pt\/wp-json\/wp\/v2\/pages\/25152\/revisions"}],"wp:attachment":[{"href":"https:\/\/gruposanz.es\/pt-pt\/wp-json\/wp\/v2\/media?parent=25152"}],"curies":[{"name":"wp","href":"https:\/\/api.w.org\/{rel}","templated":true}]}}