{"id":25315,"date":"2016-01-12T13:20:05","date_gmt":"2015-12-28T16:37:37","guid":{"rendered":"http:\/\/gruposanz.es\/?page_id=25315"},"modified":"2021-07-19T13:54:15","modified_gmt":"2021-07-19T11:54:15","slug":"onde-operamos","status":"publish","type":"page","link":"https:\/\/gruposanz.es\/pt-pt\/fundacao-sanz\/onde-operamos","title":{"rendered":"Onde operamos"},"content":{"rendered":"<div class=\"wpb-content-wrapper\"><p>[vc_row][vc_column][vc_custom_heading text=&#8221;D\u00f3nde actuamos con la Fundaci\u00f3n Familia Sanz&#8221; font_container=&#8221;tag:h2|text_align:center&#8221; use_theme_fonts=&#8221;yes&#8221;][vc_column_text]<\/p>\n<hr class=\"divider horizontal-break\" style=\"margin-top: 15px; margin-bottom: 13px; background: rgba(217,217,217,0.5);\" \/>\n<p>[\/vc_column_text][\/vc_column][\/vc_row][vc_row][vc_column][vc_row_inner][vc_column_inner width=&#8221;1\/2&#8243;][vc_column_text]<\/p>\n<h4 class=\"page-title\">Onde operamos<\/h4>\n<div class=\"page-content entry-content\">\n<div id=\"themify_builder_content-1672\" class=\"themify_builder_content themify_builder_content-1672 themify_builder themify_builder_front\" data-postid=\"1672\">\n<div class=\"themify_builder_row module_row module_row_0 clearfix\">\n<div class=\"row_inner_wrapper\">\n<div class=\"row_inner\">\n<div class=\"col4-2 first tb-column\">\n<div id=\"text-1672-0-0-0\" class=\"module module-text text-1672-0-0-0 \">\n<p align=\"justify\">Burkina Faso \u00e9 o terceiro pa\u00eds mais pobre do mundo, 45 por cento de sua popula\u00e7\u00e3o vive com menos de um d\u00f3lar por dia.<\/p>\n<p align=\"justify\">A maioria das pessoas vivem em \u00e1reas rurais e sobrevive da agricultura de subsist\u00eancia em pequenas parcelas de terra da fam\u00edlia.<\/p>\n<p align=\"justify\">Milho, sorgo e milheto constituem 85-90 por cento da dieta b\u00e1sica em Burkina Faso, enquanto nas zonas rurais destes cereais constituem quase 100 por cento do consumo e pouco \u00e9 negociado.<\/p>\n<\/div>\n<\/div>\n<\/div>\n<\/div>\n<\/div>\n<\/div>\n<\/div>\n<p>[\/vc_column_text][\/vc_column_inner][vc_column_inner width=&#8221;1\/2&#8243;][vc_gmaps link=&#8221;#E-8_JTNDaWZyYW1lJTIwc3JjJTNEJTIyaHR0cHMlM0ElMkYlMkZ3d3cuZ29vZ2xlLmNvbSUyRm1hcHMlMkZlbWJlZCUzRnBiJTNEJTIxMW0xOCUyMTFtMTIlMjExbTMlMjExZDkzOTAuMjgzNTM0ODM0ODk0JTIxMmQtMS42NzY5Mjk4MjE1NzQ2MDI1JTIxM2QxMi44NTQ1MDAyMzkxNzM2NjQlMjEybTMlMjExZjAlMjEyZjAlMjEzZjAlMjEzbTIlMjExaTEwMjQlMjEyaTc2OCUyMTRmMTMuMSUyMTNtMyUyMTFtMiUyMTFzMHgwJTI1M0EweDAlMjEyek1UTENzRFV4SnpJM0xqTWlUaUF4d3JBME1DY3lOQzQ0SWxjJTIxNWUxJTIxM20yJTIxMXNlcyUyMTJzZXMlMjE0djE2MjY2OTU0MDA5NjElMjE1bTIlMjExc2VzJTIxMnNlcyUyMiUyMHdpZHRoJTNEJTIyMTAwJTI1JTIyJTIwaGVpZ2h0JTNEJTIyMjUwJTIyJTIwc3R5bGUlM0QlMjJib3JkZXIlM0EwJTNCJTIyJTIwYWxsb3dmdWxsc2NyZWVuJTNEJTIyJTIyJTIwbG9hZGluZyUzRCUyMmxhenklMjIlM0UlM0MlMkZpZnJhbWUlM0U=&#8221;][\/vc_column_inner][\/vc_row_inner][vc_column_text css=&#8221;.vc_custom_1452602658895{padding-top: 20px !important;padding-right: 50px !important;padding-bottom: 20px !important;padding-left: 50px !important;background-color: rgba(255,225,35,0.41) !important;*background-color: rgb(255,225,35) !important;border-radius: 2px !important;}&#8221;]<\/p>\n<h5><strong>Geografia:<\/strong><\/h5>\n<ul>\n<li>\u00c1rea: 274,200 km quadrados<\/li>\n<li>Cidades: Capital-Ouagadougou (popula\u00e7\u00e3o de 1,5 milh\u00f5es) Outras cidades: Bobo-Dioulasso (500.000)<\/li>\n<li>Sinopse: Sabana, plan\u00edcies com arbustos dispersos e colinas<\/li>\n<li>Tempo: Sahel, voc\u00ea estacionar pronunciado \u00famida e seca<\/li>\n<\/ul>\n<h5><strong>Pessoas:<\/strong><\/h5>\n<ul>\n<li>Grupos \u00e9tnicos: 63 grupos \u00e9tnicos<\/li>\n<li>Religi\u00e3o: 60% mu\u00e7ulmanos, 19% cat\u00f3licos, 15% de animistas, 5% protestantes<\/li>\n<li>Idiomas: Franc\u00eas (oficial), Gourma, Peul, Dioula<\/li>\n<li>Sa\u00fade: Taxa de mortalidade infantil (2010) -91,7 \/ 1000 Expectativa de vida (2010) -56.7 anos<\/li>\n<li>For\u00e7a de trabalho: Agricultura-77,9%; ind\u00fastria 2,1%, com\u00e9rcio, servi\u00e7os e governo de 5,5%<\/li>\n<\/ul>\n<h5><strong>Governo:<\/strong><\/h5>\n<ul>\n<li>Tipo: Rep\u00fablica<\/li>\n<li>Independ\u00eancia: 05 de agosto de 1960<\/li>\n<li>Fundada: 11 de junho de 1991<\/li>\n<li>Atualmente presidente Blaise Compaore de 15\/10\/87 at\u00e9 hoje<\/li>\n<\/ul>\n<p>[\/vc_column_text][vc_separator][\/vc_column][\/vc_row][vc_row][vc_column width=&#8221;1\/4&#8243;][vc_single_image image=&#8221;46115&#8243; img_size=&#8221;full&#8221; alignment=&#8221;center&#8221; onclick=&#8221;custom_link&#8221; img_link_target=&#8221;_blank&#8221; css=&#8221;.vc_custom_1565354357938{margin-bottom: 0px !important;}&#8221; link=&#8221;\/pt-pt\/fundacao-sanz\/colaborar&#8221;][vc_custom_heading text=&#8221;Colaborar&#8221; font_container=&#8221;tag:h4|text_align:center|color:%23ffffff&#8221; use_theme_fonts=&#8221;yes&#8221; css=&#8221;.vc_custom_1565354369069{margin-top: 10px !important;padding-top: 10px !important;padding-bottom: 10px !important;background-color: #fab10c !important;}&#8221; link=&#8221;url:%2Fpt-pt%2Ffundacao-sanz%2Fcolaborar||target:%20_blank|&#8221;][\/vc_column][vc_column width=&#8221;1\/4&#8243;][vc_single_image image=&#8221;46120&#8243; img_size=&#8221;full&#8221; alignment=&#8221;center&#8221; onclick=&#8221;custom_link&#8221; img_link_target=&#8221;_blank&#8221; css=&#8221;.vc_custom_1565354383176{margin-bottom: 0px !important;}&#8221; link=&#8221;\/pt-pt\/fundacao-sanz\/multimidia&#8221;][vc_custom_heading text=&#8221;Multim\u00eddia&#8221; font_container=&#8221;tag:h4|text_align:center|color:%23ffffff&#8221; use_theme_fonts=&#8221;yes&#8221; css=&#8221;.vc_custom_1565354393442{margin-top: 10px !important;padding-top: 10px !important;padding-bottom: 10px !important;background-color: #fab10c !important;}&#8221; link=&#8221;url:%2Fpt-pt%2Ffundacao-sanz%2Fmultimidia||target:%20_blank|&#8221;][\/vc_column][vc_column width=&#8221;1\/4&#8243;][vc_single_image image=&#8221;46125&#8243; img_size=&#8221;full&#8221; alignment=&#8221;center&#8221; onclick=&#8221;custom_link&#8221; img_link_target=&#8221;_blank&#8221; css=&#8221;.vc_custom_1565354407402{margin-bottom: 0px !important;}&#8221; link=&#8221;\/pt-pt\/fundacao-sanz\/onde-operamos&#8221;][vc_custom_heading text=&#8221;Onde operamos&#8221; font_container=&#8221;tag:h4|text_align:center|color:%23ffffff&#8221; use_theme_fonts=&#8221;yes&#8221; css=&#8221;.vc_custom_1565354417381{margin-top: 10px !important;padding-top: 10px !important;padding-bottom: 10px !important;background-color: #fab10c !important;}&#8221; link=&#8221;url:%2Fpt-pt%2Ffundacao-sanz%2Fonde-operamos||target:%20_blank|&#8221;][\/vc_column][vc_column width=&#8221;1\/4&#8243;][vc_single_image image=&#8221;46130&#8243; img_size=&#8221;full&#8221; alignment=&#8221;center&#8221; onclick=&#8221;custom_link&#8221; img_link_target=&#8221;_blank&#8221; css=&#8221;.vc_custom_1565354434704{margin-bottom: 0px !important;}&#8221; link=&#8221;\/pt-pt\/fundacao-sanz\/maf-projeto&#8221;][vc_custom_heading text=&#8221;MAF Projeto&#8221; font_container=&#8221;tag:h4|text_align:center|color:%23ffffff&#8221; use_theme_fonts=&#8221;yes&#8221; css=&#8221;.vc_custom_1565354445829{margin-top: 10px !important;padding-top: 10px !important;padding-bottom: 10px !important;background-color: #fab10c !important;}&#8221; link=&#8221;url:%2Fpt-pt%2Ffundacao-sanz%2Fmaf-projeto||target:%20_blank|&#8221;][\/vc_column][\/vc_row][vc_row][vc_column][vc_separator][vc_column_text css=&#8221;.vc_custom_1565354465850{margin-bottom: 0px !important;}&#8221;]<\/p>\n<h4>Documenta\u00e7\u00e3o<\/h4>\n<p>[\/vc_column_text][\/vc_column][\/vc_row][vc_row css=&#8221;.vc_custom_1564741433028{margin-top: 20px !important;margin-bottom: 30px !important;}&#8221;][vc_column width=&#8221;1\/2&#8243;][vc_btn title=&#8221;2014 Projecto de relat\u00f3rio das &#8220;Mulheres africanas agricultores&#8220;&#8221; style=&#8221;custom&#8221; custom_background=&#8221;#fab10c&#8221; custom_text=&#8221;#ffffff&#8221; size=&#8221;sm&#8221; align=&#8221;center&#8221; i_icon_fontawesome=&#8221;fa fa-file-pdf-o&#8221; button_block=&#8221;true&#8221; add_icon=&#8221;true&#8221; link=&#8221;url:http%3A%2F%2Fgruposanz.es%2Fwp-content%2Fuploads%2F2018%2F02%2FPresentacin_de_Informe_Final_2015_FFS.pdf||target:%20_blank|rel:nofollow&#8221;][vc_btn title=&#8221;Apresenta\u00e7\u00e3o do projeto MAA 2013-2014&#8243; style=&#8221;custom&#8221; custom_background=&#8221;#fab10c&#8221; custom_text=&#8221;#ffffff&#8221; size=&#8221;sm&#8221; align=&#8221;center&#8221; i_icon_fontawesome=&#8221;fa fa-file-pdf-o&#8221; button_block=&#8221;true&#8221; add_icon=&#8221;true&#8221; link=&#8221;url:http%3A%2F%2Fgruposanz.es%2Fwp-content%2Fuploads%2F2018%2F02%2Fburkina_project_2013-14.pdf||target:%20_blank|rel:nofollow&#8221;][\/vc_column][vc_column width=&#8221;1\/2&#8243;][vc_btn title=&#8221;MAA apresenta\u00e7\u00e3o em 2014 GNE Ba Gu\u00e9 N\u00e0&#8221; style=&#8221;custom&#8221; custom_background=&#8221;#fab10c&#8221; custom_text=&#8221;#ffffff&#8221; size=&#8221;sm&#8221; align=&#8221;center&#8221; i_icon_fontawesome=&#8221;fa fa-file-pdf-o&#8221; button_block=&#8221;true&#8221; add_icon=&#8221;true&#8221; link=&#8221;url:http%3A%2F%2Fgruposanz.es%2Fwp-content%2Fuploads%2F2018%2F02%2FProyecto-2014_Noviembre.pdf||target:%20_blank|rel:nofollow&#8221;][vc_btn title=&#8221;Projeto Dossier de Mulheres Africanas Farmers 2013&#8243; style=&#8221;custom&#8221; custom_background=&#8221;#fab10c&#8221; custom_text=&#8221;#ffffff&#8221; size=&#8221;sm&#8221; align=&#8221;center&#8221; i_icon_fontawesome=&#8221;fa fa-file-pdf-o&#8221; button_block=&#8221;true&#8221; add_icon=&#8221;true&#8221; link=&#8221;url:http%3A%2F%2Fgruposanz.es%2Fwp-content%2Fuploads%2F2018%2F02%2Fdossier_proyecto_mujeres_agricultoras_2013.pdf||target:%20_blank|rel:nofollow&#8221;][\/vc_column][\/vc_row][vc_row][vc_column][vc_column_text]<\/p>\n<h3 id=\"footer-logo\" style=\"text-align: center;\">SANZ FAMILY FOUNDATION<\/h3>\n<div class=\"footer-text clearfix\">\n<div class=\"one\" style=\"text-align: center;\">Direitos autorais 2010-2014 Funda\u00e7\u00e3o fam\u00edlia de Sanz<\/div>\n<div class=\"two\" style=\"text-align: center;\">Sanz Family Foundation \u00e9 uma organiza\u00e7\u00e3o sem fins lucrativos pertencente ao Grupo Sanz<\/div>\n<\/div>\n<p>[\/vc_column_text][\/vc_column][\/vc_row]<\/p>\n<\/div>","protected":false},"excerpt":{"rendered":"<p>&#8230;<\/p>\n","protected":false},"author":3,"featured_media":0,"parent":25311,"menu_order":0,"comment_status":"closed","ping_status":"closed","template":"","meta":{"footnotes":""},"class_list":["post-25315","page","type-page","status-publish","hentry"],"yoast_head":"<!-- This site is optimized with the Yoast SEO plugin v27.3 - https:\/\/yoast.com\/product\/yoast-seo-wordpress\/ -->\n<title>Onde operamos - Fundaci\u00f3n Sanz - Grupo Sanz<\/title>\n<meta name=\"description\" content=\"La Fundaci\u00f3n Familia Sanz es una fundaci\u00f3n privada sin \u00e1nimo de lucro y de car\u00e1cter pluralista. \u00bfQuieres saber donde actuamos? Entra y desc\u00fabrelo.\" \/>\n<meta name=\"robots\" content=\"index, follow, max-snippet:-1, max-image-preview:large, max-video-preview:-1\" \/>\n<link rel=\"canonical\" href=\"https:\/\/gruposanz.es\/pt-pt\/fundacao-sanz\/onde-operamos\" \/>\n<meta property=\"og:locale\" content=\"pt_PT\" \/>\n<meta property=\"og:type\" content=\"article\" \/>\n<meta property=\"og:title\" content=\"Onde operamos - Fundaci\u00f3n Sanz - Grupo Sanz\" \/>\n<meta property=\"og:description\" content=\"La Fundaci\u00f3n Familia Sanz es una fundaci\u00f3n privada sin \u00e1nimo de lucro y de car\u00e1cter pluralista. \u00bfQuieres saber donde actuamos? Entra y desc\u00fabrelo.\" \/>\n<meta property=\"og:url\" content=\"https:\/\/gruposanz.es\/pt-pt\/fundacao-sanz\/onde-operamos\" \/>\n<meta property=\"og:site_name\" content=\"Grupo Sanz\" \/>\n<meta property=\"article:modified_time\" content=\"2021-07-19T11:54:15+00:00\" \/>\n<meta name=\"twitter:card\" content=\"summary_large_image\" \/>\n<meta name=\"twitter:label1\" content=\"Tempo estimado de leitura\" \/>\n\t<meta name=\"twitter:data1\" content=\"2 minutos\" \/>\n<script type=\"application\/ld+json\" class=\"yoast-schema-graph\">{\"@context\":\"https:\\\/\\\/schema.org\",\"@graph\":[{\"@type\":\"WebPage\",\"@id\":\"https:\\\/\\\/gruposanz.es\\\/pt-pt\\\/fundacao-sanz\\\/onde-operamos\",\"url\":\"https:\\\/\\\/gruposanz.es\\\/pt-pt\\\/fundacao-sanz\\\/onde-operamos\",\"name\":\"Onde operamos - Fundaci\u00f3n Sanz - Grupo Sanz\",\"isPartOf\":{\"@id\":\"https:\\\/\\\/gruposanz.es\\\/pt-pt#website\"},\"datePublished\":\"2015-12-28T16:37:37+00:00\",\"dateModified\":\"2021-07-19T11:54:15+00:00\",\"description\":\"La Fundaci\u00f3n Familia Sanz es una fundaci\u00f3n privada sin \u00e1nimo de lucro y de car\u00e1cter pluralista. \u00bfQuieres saber donde actuamos? Entra y desc\u00fabrelo.\",\"breadcrumb\":{\"@id\":\"https:\\\/\\\/gruposanz.es\\\/pt-pt\\\/fundacao-sanz\\\/onde-operamos#breadcrumb\"},\"inLanguage\":\"pt-PT\",\"potentialAction\":[{\"@type\":\"ReadAction\",\"target\":[\"https:\\\/\\\/gruposanz.es\\\/pt-pt\\\/fundacao-sanz\\\/onde-operamos\"]}]},{\"@type\":\"BreadcrumbList\",\"@id\":\"https:\\\/\\\/gruposanz.es\\\/pt-pt\\\/fundacao-sanz\\\/onde-operamos#breadcrumb\",\"itemListElement\":[{\"@type\":\"ListItem\",\"position\":1,\"name\":\"Inicio\",\"item\":\"https:\\\/\\\/gruposanz.es\\\/pt-pt\"},{\"@type\":\"ListItem\",\"position\":2,\"name\":\"Funda\u00e7\u00e3o Sanz\",\"item\":\"https:\\\/\\\/gruposanz.es\\\/pt-pt\\\/fundacao-sanz\"},{\"@type\":\"ListItem\",\"position\":3,\"name\":\"Onde operamos\"}]},{\"@type\":\"WebSite\",\"@id\":\"https:\\\/\\\/gruposanz.es\\\/pt-pt#website\",\"url\":\"https:\\\/\\\/gruposanz.es\\\/pt-pt\",\"name\":\"Grupo Sanz\",\"description\":\"Grupo Sanz, fabricantes de productos de pulverizaci\u00f3n y poda con sus marcas Pulmic, Kamikaze, Keeper y Siqua\",\"publisher\":{\"@id\":\"https:\\\/\\\/gruposanz.es\\\/pt-pt#organization\"},\"potentialAction\":[{\"@type\":\"SearchAction\",\"target\":{\"@type\":\"EntryPoint\",\"urlTemplate\":\"https:\\\/\\\/gruposanz.es\\\/pt-pt?s={search_term_string}\"},\"query-input\":{\"@type\":\"PropertyValueSpecification\",\"valueRequired\":true,\"valueName\":\"search_term_string\"}}],\"inLanguage\":\"pt-PT\"},{\"@type\":\"Organization\",\"@id\":\"https:\\\/\\\/gruposanz.es\\\/pt-pt#organization\",\"name\":\"Grupo Sanz\",\"url\":\"https:\\\/\\\/gruposanz.es\\\/pt-pt\",\"logo\":{\"@type\":\"ImageObject\",\"inLanguage\":\"pt-PT\",\"@id\":\"https:\\\/\\\/gruposanz.es\\\/pt-pt#\\\/schema\\\/logo\\\/image\\\/\",\"url\":\"https:\\\/\\\/gruposanz.es\\\/wp-content\\\/uploads\\\/2022\\\/10\\\/LOGOTIPO-GRUPO-SANZ-vertical.png\",\"contentUrl\":\"https:\\\/\\\/gruposanz.es\\\/wp-content\\\/uploads\\\/2022\\\/10\\\/LOGOTIPO-GRUPO-SANZ-vertical.png\",\"width\":1418,\"height\":1418,\"caption\":\"Grupo Sanz\"},\"image\":{\"@id\":\"https:\\\/\\\/gruposanz.es\\\/pt-pt#\\\/schema\\\/logo\\\/image\\\/\"},\"sameAs\":[\"https:\\\/\\\/www.linkedin.com\\\/company\\\/grupo-sanz-hermanos\",\"https:\\\/\\\/www.youtube.com\\\/user\\\/GrupoSanz\"]}]}<\/script>\n<!-- \/ Yoast SEO plugin. -->","yoast_head_json":{"title":"Onde operamos - Fundaci\u00f3n Sanz - Grupo Sanz","description":"La Fundaci\u00f3n Familia Sanz es una fundaci\u00f3n privada sin \u00e1nimo de lucro y de car\u00e1cter pluralista. \u00bfQuieres saber donde actuamos? Entra y desc\u00fabrelo.","robots":{"index":"index","follow":"follow","max-snippet":"max-snippet:-1","max-image-preview":"max-image-preview:large","max-video-preview":"max-video-preview:-1"},"canonical":"https:\/\/gruposanz.es\/pt-pt\/fundacao-sanz\/onde-operamos","og_locale":"pt_PT","og_type":"article","og_title":"Onde operamos - Fundaci\u00f3n Sanz - Grupo Sanz","og_description":"La Fundaci\u00f3n Familia Sanz es una fundaci\u00f3n privada sin \u00e1nimo de lucro y de car\u00e1cter pluralista. \u00bfQuieres saber donde actuamos? Entra y desc\u00fabrelo.","og_url":"https:\/\/gruposanz.es\/pt-pt\/fundacao-sanz\/onde-operamos","og_site_name":"Grupo Sanz","article_modified_time":"2021-07-19T11:54:15+00:00","twitter_card":"summary_large_image","twitter_misc":{"Tempo estimado de leitura":"2 minutos"},"schema":{"@context":"https:\/\/schema.org","@graph":[{"@type":"WebPage","@id":"https:\/\/gruposanz.es\/pt-pt\/fundacao-sanz\/onde-operamos","url":"https:\/\/gruposanz.es\/pt-pt\/fundacao-sanz\/onde-operamos","name":"Onde operamos - Fundaci\u00f3n Sanz - Grupo Sanz","isPartOf":{"@id":"https:\/\/gruposanz.es\/pt-pt#website"},"datePublished":"2015-12-28T16:37:37+00:00","dateModified":"2021-07-19T11:54:15+00:00","description":"La Fundaci\u00f3n Familia Sanz es una fundaci\u00f3n privada sin \u00e1nimo de lucro y de car\u00e1cter pluralista. \u00bfQuieres saber donde actuamos? Entra y desc\u00fabrelo.","breadcrumb":{"@id":"https:\/\/gruposanz.es\/pt-pt\/fundacao-sanz\/onde-operamos#breadcrumb"},"inLanguage":"pt-PT","potentialAction":[{"@type":"ReadAction","target":["https:\/\/gruposanz.es\/pt-pt\/fundacao-sanz\/onde-operamos"]}]},{"@type":"BreadcrumbList","@id":"https:\/\/gruposanz.es\/pt-pt\/fundacao-sanz\/onde-operamos#breadcrumb","itemListElement":[{"@type":"ListItem","position":1,"name":"Inicio","item":"https:\/\/gruposanz.es\/pt-pt"},{"@type":"ListItem","position":2,"name":"Funda\u00e7\u00e3o Sanz","item":"https:\/\/gruposanz.es\/pt-pt\/fundacao-sanz"},{"@type":"ListItem","position":3,"name":"Onde operamos"}]},{"@type":"WebSite","@id":"https:\/\/gruposanz.es\/pt-pt#website","url":"https:\/\/gruposanz.es\/pt-pt","name":"Grupo Sanz","description":"Grupo Sanz, fabricantes de productos de pulverizaci\u00f3n y poda con sus marcas Pulmic, Kamikaze, Keeper y Siqua","publisher":{"@id":"https:\/\/gruposanz.es\/pt-pt#organization"},"potentialAction":[{"@type":"SearchAction","target":{"@type":"EntryPoint","urlTemplate":"https:\/\/gruposanz.es\/pt-pt?s={search_term_string}"},"query-input":{"@type":"PropertyValueSpecification","valueRequired":true,"valueName":"search_term_string"}}],"inLanguage":"pt-PT"},{"@type":"Organization","@id":"https:\/\/gruposanz.es\/pt-pt#organization","name":"Grupo Sanz","url":"https:\/\/gruposanz.es\/pt-pt","logo":{"@type":"ImageObject","inLanguage":"pt-PT","@id":"https:\/\/gruposanz.es\/pt-pt#\/schema\/logo\/image\/","url":"https:\/\/gruposanz.es\/wp-content\/uploads\/2022\/10\/LOGOTIPO-GRUPO-SANZ-vertical.png","contentUrl":"https:\/\/gruposanz.es\/wp-content\/uploads\/2022\/10\/LOGOTIPO-GRUPO-SANZ-vertical.png","width":1418,"height":1418,"caption":"Grupo Sanz"},"image":{"@id":"https:\/\/gruposanz.es\/pt-pt#\/schema\/logo\/image\/"},"sameAs":["https:\/\/www.linkedin.com\/company\/grupo-sanz-hermanos","https:\/\/www.youtube.com\/user\/GrupoSanz"]}]}},"_links":{"self":[{"href":"https:\/\/gruposanz.es\/pt-pt\/wp-json\/wp\/v2\/pages\/25315","targetHints":{"allow":["GET"]}}],"collection":[{"href":"https:\/\/gruposanz.es\/pt-pt\/wp-json\/wp\/v2\/pages"}],"about":[{"href":"https:\/\/gruposanz.es\/pt-pt\/wp-json\/wp\/v2\/types\/page"}],"author":[{"embeddable":true,"href":"https:\/\/gruposanz.es\/pt-pt\/wp-json\/wp\/v2\/users\/3"}],"replies":[{"embeddable":true,"href":"https:\/\/gruposanz.es\/pt-pt\/wp-json\/wp\/v2\/comments?post=25315"}],"version-history":[{"count":0,"href":"https:\/\/gruposanz.es\/pt-pt\/wp-json\/wp\/v2\/pages\/25315\/revisions"}],"up":[{"embeddable":true,"href":"https:\/\/gruposanz.es\/pt-pt\/wp-json\/wp\/v2\/pages\/25311"}],"wp:attachment":[{"href":"https:\/\/gruposanz.es\/pt-pt\/wp-json\/wp\/v2\/media?parent=25315"}],"curies":[{"name":"wp","href":"https:\/\/api.w.org\/{rel}","templated":true}]}}