{"id":25316,"date":"2016-01-12T13:19:43","date_gmt":"2015-12-28T16:34:30","guid":{"rendered":"http:\/\/gruposanz.es\/?page_id=25316"},"modified":"2020-08-05T13:56:43","modified_gmt":"2020-08-05T11:56:43","slug":"multimidia","status":"publish","type":"page","link":"https:\/\/gruposanz.es\/pt-pt\/fundacao-sanz\/multimidia","title":{"rendered":"Multim\u00eddia"},"content":{"rendered":"<div class=\"wpb-content-wrapper\"><p>[vc_row][vc_column][vc_custom_heading text=&#8221;\u00c1rea multim\u00eddia da Sanz Family Foundation&#8221; font_container=&#8221;tag:h2|text_align:center&#8221; use_theme_fonts=&#8221;yes&#8221;][vc_column_text]<\/p>\n<hr class=\"divider horizontal-break\" style=\"margin-top: 15px; margin-bottom: 13px; background: rgba(217,217,217,0.5);\" \/>\n<p>[\/vc_column_text][\/vc_column][\/vc_row][vc_row][vc_column][vc_custom_heading text=&#8221;MAA Projeto: Wara 2010&#8243; font_container=&#8221;tag:h2|text_align:center&#8221; use_theme_fonts=&#8221;yes&#8221;][vc_tta_accordion][vc_tta_section title=&#8221;Apresenta\u00e7\u00e3o do Projeto&#8221; tab_id=&#8221;1565607029716-820ced7e-df79&#8243;][vc_gallery type=&#8221;image_grid&#8221; images=&#8221;35501,35505,35509,35513,35517,35521,35525,35529,35533,35537,35541,35545,35549,35553,35557,35561,35565,35569,35573,35577,35581,35585,35589,35593,35597,35601,35605,35609,35613,35617&#8243;][\/vc_tta_section][vc_tta_section title=&#8221;Comissionamento do Projeto&#8221; tab_id=&#8221;1565607029743-f875cedd-6645&#8243;][vc_gallery type=&#8221;image_grid&#8221; images=&#8221;35621,35625,35629,35633,35637,35641,35645,35649,35653,35657,35661&#8243;][\/vc_tta_section][vc_tta_section title=&#8221;Plantio e colheita&#8221; tab_id=&#8221;1565607096637-0b7cc7c8-f6e1&#8243;][vc_gallery type=&#8221;image_grid&#8221; images=&#8221;35665,35669,35673,35677,35685,35689,35693,35697,35701,35705,35709,35713,35717,35725,35729,35733,35737,35741,35745,35749,35753,35757,35761,35765,35769,35773,35777,35781,35785,35793,35797,35801,35805,35809,35813,35817,35821,35825,35829,35833,35837,35841,35845,35849,35853,35865,35869,35873,35881,35885,35889,35893,35897,35901,35905,35909,35913,35917,35921,35925,35929,35933,35937,35941,35945,35949,35953,35957,35961,35965,35969,35973,35977,35981,35985,35989,35993,35997,36001,36005,36009,36013,36017,36025,36029,36033,36037,36041,36045,36049,36053,36057,36061,36065,36069,36073,36077,36081,36085,36089,36093,36097&#8243;][\/vc_tta_section][\/vc_tta_accordion][\/vc_column][\/vc_row][vc_row][vc_column][vc_custom_heading text=&#8221;MAA Projeto: Wara 2010&#8243; font_container=&#8221;tag:h2|text_align:center&#8221; use_theme_fonts=&#8221;yes&#8221;][vc_tta_accordion][vc_tta_section title=&#8221;Comissionamento do Projeto&#8221; tab_id=&#8221;1565607159974-62105a7b-9534&#8243;][vc_gallery type=&#8221;image_grid&#8221; images=&#8221;36101,36105,36109,36113,36117,36121,36125,36129,36133,36137,36141,36145,36149,36153&#8243;][\/vc_tta_section][vc_tta_section title=&#8221;Plantio e colheita&#8221; tab_id=&#8221;1565607160025-3f94b3a5-f02d&#8221;][vc_gallery type=&#8221;image_grid&#8221; images=&#8221;36157,36161,36169,36173,36177,36181,36185,36189,36193,36197,36201,36205,36209,36237,36241,36245,36249,36253,36257,36261,36265,36269,36273,36277,36281,36285,36289,36293,36301,36305,36309,36213,36217,36221,36225,36229,36233&#8243;][\/vc_tta_section][\/vc_tta_accordion][\/vc_column][\/vc_row][vc_row][vc_column][vc_custom_heading text=&#8221;MAA Projeto: Bama 2011&#8243; font_container=&#8221;tag:h2|text_align:center&#8221; use_theme_fonts=&#8221;yes&#8221;][vc_tta_accordion][vc_tta_section title=&#8221;Comissionamento do Projeto&#8221; tab_id=&#8221;1565607266419-36f5c903-db4e&#8221;][vc_gallery type=&#8221;image_grid&#8221; images=&#8221;36101,36105,36109,36113,36117,36121,36125,36129,36133,36137,36141,36145,36149,36153&#8243;][\/vc_tta_section][vc_tta_section title=&#8221;Plantio e colheita&#8221; tab_id=&#8221;1565607266478-7c2ed47d-b5b2&#8243;][vc_gallery type=&#8221;image_grid&#8221; images=&#8221;36157,36161,36169,36173,36177,36181,36185,36189,36193,36197,36201,36205,36209,36237,36241,36245,36249,36253,36257,36261,36265,36269,36273,36277,36281,36285,36289,36293,36301,36305,36309,36213,36217,36221,36225,36229,36233&#8243;][\/vc_tta_section][\/vc_tta_accordion][\/vc_column][\/vc_row][vc_row][vc_column][vc_custom_heading text=&#8221;MMA Projeto: Banfora 2013&#8243; font_container=&#8221;tag:h2|text_align:center&#8221; use_theme_fonts=&#8221;yes&#8221;][vc_tta_accordion][vc_tta_section title=&#8221;Benefici\u00e1rios&#8221; tab_id=&#8221;1565607296669-2cc2c9ed-2ceb&#8221;][vc_gallery type=&#8221;image_grid&#8221; images=&#8221;36313,36317,36321,36325,36329,36333,36337,36341,36345,36349,36353,36357,36361,36365&#8243;][\/vc_tta_section][vc_tta_section title=&#8221;Plantio e colheita&#8221; tab_id=&#8221;1565607296730-480ade21-d192&#8243;][vc_gallery type=&#8221;image_grid&#8221; images=&#8221;36373,36377,36381,36385,36389,36393,36397,36401,36405,36413,36417,36421,36425,36429,36433,36437,36441,36445,36449&#8243;][\/vc_tta_section][\/vc_tta_accordion][\/vc_column][\/vc_row][vc_row][vc_column][vc_custom_heading text=&#8221;MAA Projeto: Ba Gn\u00e9 Gu\u00e9 N\u00e0 2014&#8243; font_container=&#8221;tag:h2|text_align:center&#8221; use_theme_fonts=&#8221;yes&#8221;][vc_tta_accordion][vc_tta_section title=&#8221;Benefici\u00e1rios&#8221; tab_id=&#8221;1565607436811-f247c92f-9f70&#8243;][vc_gallery type=&#8221;image_grid&#8221; images=&#8221;36453,36457,36461,36465,36469,36473,36477,36481,36485,36489,36493,36497,36501,36505,36509,36513,36517,36521,36525,36529,36533&#8243;][\/vc_tta_section][vc_tta_section title=&#8221;Edif\u00edcio Jangada&#8221; tab_id=&#8221;1565607436880-68877a0a-9875&#8243;][vc_gallery type=&#8221;image_grid&#8221; images=&#8221;36537,36541,36545,36549,36553,36557,36561,36565&#8243;][\/vc_tta_section][vc_tta_section title=&#8221;Plantio e colheita&#8221; tab_id=&#8221;1565607554737-ec736256-e7a4&#8243;][vc_gallery type=&#8221;image_grid&#8221; images=&#8221;36569,36573,36577,36581,36585,36589,36593,36597,36601,36605,36609,36613,36617,36621,36625,36629,36633,36637,36641,36645,36649,36653&#8243;][\/vc_tta_section][\/vc_tta_accordion][\/vc_column][\/vc_row][vc_row][vc_column][vc_custom_heading text=&#8221;V\u00eddeos de funda\u00e7\u00e3o&#8221; use_theme_fonts=&#8221;yes&#8221;][vc_video title=&#8221;Todos os v\u00eddeos das FFS, no canal Youtube do Grupo Sanz.&#8221; link=&#8221;https:\/\/www.youtube.com\/watch?list=PLsJEPlD1-0ZGc0-TaR6vSAmFf3xMiaWYZ&amp;v=gtOF0ZVLKgM&#8221;][\/vc_column][\/vc_row][vc_row][vc_column width=&#8221;1\/4&#8243;][vc_single_image image=&#8221;46115&#8243; img_size=&#8221;full&#8221; alignment=&#8221;center&#8221; onclick=&#8221;custom_link&#8221; img_link_target=&#8221;_blank&#8221; css=&#8221;.vc_custom_1565607886300{margin-bottom: 0px !important;}&#8221; link=&#8221;\/pt-pt\/fundacao-sanz\/colaborar&#8221;][vc_custom_heading text=&#8221;Colaborar&#8221; font_container=&#8221;tag:h4|text_align:center|color:%23ffffff&#8221; use_theme_fonts=&#8221;yes&#8221; css=&#8221;.vc_custom_1565607896729{margin-top: 10px !important;padding-top: 10px !important;padding-bottom: 10px !important;background-color: #fab10c !important;}&#8221; link=&#8221;url:%2Fpt-pt%2Ffundacao-sanz%2Fcolaborar||target:%20_blank|&#8221;][\/vc_column][vc_column width=&#8221;1\/4&#8243;][vc_single_image image=&#8221;46120&#8243; img_size=&#8221;full&#8221; alignment=&#8221;center&#8221; onclick=&#8221;custom_link&#8221; img_link_target=&#8221;_blank&#8221; css=&#8221;.vc_custom_1565607913968{margin-bottom: 0px !important;}&#8221; link=&#8221;\/pt-pt\/fundacao-sanz\/multimidia&#8221;][vc_custom_heading text=&#8221;Multim\u00eddia&#8221; font_container=&#8221;tag:h4|text_align:center|color:%23ffffff&#8221; use_theme_fonts=&#8221;yes&#8221; css=&#8221;.vc_custom_1565607925682{margin-top: 10px !important;padding-top: 10px !important;padding-bottom: 10px !important;background-color: #fab10c !important;}&#8221; link=&#8221;url:%2Fpt-pt%2Ffundacao-sanz%2Fmultimidia||target:%20_blank|&#8221;][\/vc_column][vc_column width=&#8221;1\/4&#8243;][vc_single_image image=&#8221;46125&#8243; img_size=&#8221;full&#8221; alignment=&#8221;center&#8221; onclick=&#8221;custom_link&#8221; img_link_target=&#8221;_blank&#8221; css=&#8221;.vc_custom_1565607944066{margin-bottom: 0px !important;}&#8221; link=&#8221;\/pt-pt\/fundacao-sanz\/onde-operamos&#8221;][vc_custom_heading text=&#8221;Onde operamos&#8221; font_container=&#8221;tag:h4|text_align:center|color:%23ffffff&#8221; use_theme_fonts=&#8221;yes&#8221; css=&#8221;.vc_custom_1565607957769{margin-top: 10px !important;padding-top: 10px !important;padding-bottom: 10px !important;background-color: #fab10c !important;}&#8221; link=&#8221;url:%2Fpt-pt%2Ffundacao-sanz%2Fonde-operamos||target:%20_blank|&#8221;][\/vc_column][vc_column width=&#8221;1\/4&#8243;][vc_single_image image=&#8221;46130&#8243; img_size=&#8221;full&#8221; alignment=&#8221;center&#8221; onclick=&#8221;custom_link&#8221; img_link_target=&#8221;_blank&#8221; css=&#8221;.vc_custom_1565608000638{margin-bottom: 0px !important;}&#8221; link=&#8221;\/pt-pt\/fundacao-sanz\/maf-projeto&#8221;][vc_custom_heading text=&#8221;MAF Projeto&#8221; font_container=&#8221;tag:h4|text_align:center|color:%23ffffff&#8221; use_theme_fonts=&#8221;yes&#8221; css=&#8221;.vc_custom_1565608013186{margin-top: 10px !important;padding-top: 10px !important;padding-bottom: 10px !important;background-color: #fab10c !important;}&#8221; link=&#8221;url:%2Fpt-pt%2Ffundacao-sanz%2Fmaf-projeto||target:%20_blank|&#8221;][\/vc_column][\/vc_row][vc_row][vc_column][vc_separator][vc_column_text css=&#8221;.vc_custom_1565608076196{margin-bottom: 0px !important;}&#8221;]<\/p>\n<h4>Documenta\u00e7\u00e3o<\/h4>\n<p>[\/vc_column_text][\/vc_column][\/vc_row][vc_row css=&#8221;.vc_custom_1564741433028{margin-top: 20px !important;margin-bottom: 30px !important;}&#8221;][vc_column width=&#8221;1\/2&#8243;][vc_btn title=&#8221;2014 Projecto de relat\u00f3rio das &#8220;Mulheres africanas agricultores&#8220;&#8221; style=&#8221;custom&#8221; custom_background=&#8221;#fab10c&#8221; custom_text=&#8221;#ffffff&#8221; size=&#8221;sm&#8221; align=&#8221;center&#8221; i_icon_fontawesome=&#8221;fa fa-file-pdf-o&#8221; button_block=&#8221;true&#8221; add_icon=&#8221;true&#8221; link=&#8221;url:http%3A%2F%2Fgruposanz.es%2Fwp-content%2Fuploads%2F2018%2F02%2FPresentacin_de_Informe_Final_2015_FFS.pdf||target:%20_blank|rel:nofollow&#8221;][vc_btn title=&#8221;Apresenta\u00e7\u00e3o do projeto MAA 2013-2014&#8243; style=&#8221;custom&#8221; custom_background=&#8221;#fab10c&#8221; custom_text=&#8221;#ffffff&#8221; size=&#8221;sm&#8221; align=&#8221;center&#8221; i_icon_fontawesome=&#8221;fa fa-file-pdf-o&#8221; button_block=&#8221;true&#8221; add_icon=&#8221;true&#8221; link=&#8221;url:http%3A%2F%2Fgruposanz.es%2Fwp-content%2Fuploads%2F2018%2F02%2Fburkina_project_2013-14.pdf||target:%20_blank|rel:nofollow&#8221;][\/vc_column][vc_column width=&#8221;1\/2&#8243;][vc_btn title=&#8221;MAA apresenta\u00e7\u00e3o em 2014 GNE Ba Gu\u00e9 N\u00e0&#8221; style=&#8221;custom&#8221; custom_background=&#8221;#fab10c&#8221; custom_text=&#8221;#ffffff&#8221; size=&#8221;sm&#8221; align=&#8221;center&#8221; i_icon_fontawesome=&#8221;fa fa-file-pdf-o&#8221; button_block=&#8221;true&#8221; add_icon=&#8221;true&#8221; link=&#8221;url:http%3A%2F%2Fgruposanz.es%2Fwp-content%2Fuploads%2F2018%2F02%2FProyecto-2014_Noviembre.pdf||target:%20_blank|rel:nofollow&#8221;][vc_btn title=&#8221;Projeto Dossier de Mulheres Africanas Farmers 2013&#8243; style=&#8221;custom&#8221; custom_background=&#8221;#fab10c&#8221; custom_text=&#8221;#ffffff&#8221; size=&#8221;sm&#8221; align=&#8221;center&#8221; i_icon_fontawesome=&#8221;fa fa-file-pdf-o&#8221; button_block=&#8221;true&#8221; add_icon=&#8221;true&#8221; link=&#8221;url:http%3A%2F%2Fgruposanz.es%2Fwp-content%2Fuploads%2F2018%2F02%2Fdossier_proyecto_mujeres_agricultoras_2013.pdf||target:%20_blank|rel:nofollow&#8221;][\/vc_column][\/vc_row][vc_row][vc_column][vc_column_text]<\/p>\n<h3 id=\"footer-logo\" style=\"text-align: center;\">SANZ FAMILY FOUNDATION<\/h3>\n<div class=\"footer-text clearfix\">\n<div class=\"one\" style=\"text-align: center;\">Direitos autorais 2010-2014 Funda\u00e7\u00e3o fam\u00edlia de Sanz<\/div>\n<div class=\"two\" style=\"text-align: center;\">Sanz Family Foundation \u00e9 uma organiza\u00e7\u00e3o sem fins lucrativos pertencente ao Grupo Sanz<\/div>\n<\/div>\n<p>[\/vc_column_text][\/vc_column][\/vc_row]<\/p>\n<\/div>","protected":false},"excerpt":{"rendered":"<p>&#8230;<\/p>\n","protected":false},"author":3,"featured_media":0,"parent":25311,"menu_order":0,"comment_status":"closed","ping_status":"closed","template":"","meta":{"footnotes":""},"class_list":["post-25316","page","type-page","status-publish","hentry"],"yoast_head":"<!-- This site is optimized with the Yoast SEO plugin v27.3 - https:\/\/yoast.com\/product\/yoast-seo-wordpress\/ -->\n<title>Multim\u00eddia | Fundaci\u00f3n Sanz - Grupo Sanz<\/title>\n<meta name=\"description\" content=\"La Fundaci\u00f3n Familia Sanz es una fundaci\u00f3n privada sin \u00e1nimo de lucro y de car\u00e1cter pluralista. \u00bfQuieres saber donde actuamos? Entra y desc\u00fabrelo.\" \/>\n<meta name=\"robots\" content=\"index, follow, max-snippet:-1, max-image-preview:large, max-video-preview:-1\" \/>\n<link rel=\"canonical\" href=\"https:\/\/gruposanz.es\/pt-pt\/fundacao-sanz\/multimidia\" \/>\n<meta property=\"og:locale\" content=\"pt_PT\" \/>\n<meta property=\"og:type\" content=\"article\" \/>\n<meta property=\"og:title\" content=\"Multim\u00eddia | Fundaci\u00f3n Sanz - Grupo Sanz\" \/>\n<meta property=\"og:description\" content=\"La Fundaci\u00f3n Familia Sanz es una fundaci\u00f3n privada sin \u00e1nimo de lucro y de car\u00e1cter pluralista. \u00bfQuieres saber donde actuamos? Entra y desc\u00fabrelo.\" \/>\n<meta property=\"og:url\" content=\"https:\/\/gruposanz.es\/pt-pt\/fundacao-sanz\/multimidia\" \/>\n<meta property=\"og:site_name\" content=\"Grupo Sanz\" \/>\n<meta property=\"article:modified_time\" content=\"2020-08-05T11:56:43+00:00\" \/>\n<meta name=\"twitter:card\" content=\"summary_large_image\" \/>\n<meta name=\"twitter:label1\" content=\"Tempo estimado de leitura\" \/>\n\t<meta name=\"twitter:data1\" content=\"6 minutos\" \/>\n<script type=\"application\/ld+json\" class=\"yoast-schema-graph\">{\"@context\":\"https:\\\/\\\/schema.org\",\"@graph\":[{\"@type\":\"WebPage\",\"@id\":\"https:\\\/\\\/gruposanz.es\\\/pt-pt\\\/fundacao-sanz\\\/multimidia\",\"url\":\"https:\\\/\\\/gruposanz.es\\\/pt-pt\\\/fundacao-sanz\\\/multimidia\",\"name\":\"Multim\u00eddia | Fundaci\u00f3n Sanz - Grupo Sanz\",\"isPartOf\":{\"@id\":\"https:\\\/\\\/gruposanz.es\\\/pt-pt#website\"},\"datePublished\":\"2015-12-28T16:34:30+00:00\",\"dateModified\":\"2020-08-05T11:56:43+00:00\",\"description\":\"La Fundaci\u00f3n Familia Sanz es una fundaci\u00f3n privada sin \u00e1nimo de lucro y de car\u00e1cter pluralista. \u00bfQuieres saber donde actuamos? Entra y desc\u00fabrelo.\",\"breadcrumb\":{\"@id\":\"https:\\\/\\\/gruposanz.es\\\/pt-pt\\\/fundacao-sanz\\\/multimidia#breadcrumb\"},\"inLanguage\":\"pt-PT\",\"potentialAction\":[{\"@type\":\"ReadAction\",\"target\":[\"https:\\\/\\\/gruposanz.es\\\/pt-pt\\\/fundacao-sanz\\\/multimidia\"]}]},{\"@type\":\"BreadcrumbList\",\"@id\":\"https:\\\/\\\/gruposanz.es\\\/pt-pt\\\/fundacao-sanz\\\/multimidia#breadcrumb\",\"itemListElement\":[{\"@type\":\"ListItem\",\"position\":1,\"name\":\"Inicio\",\"item\":\"https:\\\/\\\/gruposanz.es\\\/pt-pt\"},{\"@type\":\"ListItem\",\"position\":2,\"name\":\"Funda\u00e7\u00e3o Sanz\",\"item\":\"https:\\\/\\\/gruposanz.es\\\/pt-pt\\\/fundacao-sanz\"},{\"@type\":\"ListItem\",\"position\":3,\"name\":\"Multim\u00eddia\"}]},{\"@type\":\"WebSite\",\"@id\":\"https:\\\/\\\/gruposanz.es\\\/pt-pt#website\",\"url\":\"https:\\\/\\\/gruposanz.es\\\/pt-pt\",\"name\":\"Grupo Sanz\",\"description\":\"Grupo Sanz, fabricantes de productos de pulverizaci\u00f3n y poda con sus marcas Pulmic, Kamikaze, Keeper y Siqua\",\"publisher\":{\"@id\":\"https:\\\/\\\/gruposanz.es\\\/pt-pt#organization\"},\"potentialAction\":[{\"@type\":\"SearchAction\",\"target\":{\"@type\":\"EntryPoint\",\"urlTemplate\":\"https:\\\/\\\/gruposanz.es\\\/pt-pt?s={search_term_string}\"},\"query-input\":{\"@type\":\"PropertyValueSpecification\",\"valueRequired\":true,\"valueName\":\"search_term_string\"}}],\"inLanguage\":\"pt-PT\"},{\"@type\":\"Organization\",\"@id\":\"https:\\\/\\\/gruposanz.es\\\/pt-pt#organization\",\"name\":\"Grupo Sanz\",\"url\":\"https:\\\/\\\/gruposanz.es\\\/pt-pt\",\"logo\":{\"@type\":\"ImageObject\",\"inLanguage\":\"pt-PT\",\"@id\":\"https:\\\/\\\/gruposanz.es\\\/pt-pt#\\\/schema\\\/logo\\\/image\\\/\",\"url\":\"https:\\\/\\\/gruposanz.es\\\/wp-content\\\/uploads\\\/2022\\\/10\\\/LOGOTIPO-GRUPO-SANZ-vertical.png\",\"contentUrl\":\"https:\\\/\\\/gruposanz.es\\\/wp-content\\\/uploads\\\/2022\\\/10\\\/LOGOTIPO-GRUPO-SANZ-vertical.png\",\"width\":1418,\"height\":1418,\"caption\":\"Grupo Sanz\"},\"image\":{\"@id\":\"https:\\\/\\\/gruposanz.es\\\/pt-pt#\\\/schema\\\/logo\\\/image\\\/\"},\"sameAs\":[\"https:\\\/\\\/www.linkedin.com\\\/company\\\/grupo-sanz-hermanos\",\"https:\\\/\\\/www.youtube.com\\\/user\\\/GrupoSanz\"]}]}<\/script>\n<!-- \/ Yoast SEO plugin. -->","yoast_head_json":{"title":"Multim\u00eddia | Fundaci\u00f3n Sanz - Grupo Sanz","description":"La Fundaci\u00f3n Familia Sanz es una fundaci\u00f3n privada sin \u00e1nimo de lucro y de car\u00e1cter pluralista. \u00bfQuieres saber donde actuamos? Entra y desc\u00fabrelo.","robots":{"index":"index","follow":"follow","max-snippet":"max-snippet:-1","max-image-preview":"max-image-preview:large","max-video-preview":"max-video-preview:-1"},"canonical":"https:\/\/gruposanz.es\/pt-pt\/fundacao-sanz\/multimidia","og_locale":"pt_PT","og_type":"article","og_title":"Multim\u00eddia | Fundaci\u00f3n Sanz - Grupo Sanz","og_description":"La Fundaci\u00f3n Familia Sanz es una fundaci\u00f3n privada sin \u00e1nimo de lucro y de car\u00e1cter pluralista. \u00bfQuieres saber donde actuamos? Entra y desc\u00fabrelo.","og_url":"https:\/\/gruposanz.es\/pt-pt\/fundacao-sanz\/multimidia","og_site_name":"Grupo Sanz","article_modified_time":"2020-08-05T11:56:43+00:00","twitter_card":"summary_large_image","twitter_misc":{"Tempo estimado de leitura":"6 minutos"},"schema":{"@context":"https:\/\/schema.org","@graph":[{"@type":"WebPage","@id":"https:\/\/gruposanz.es\/pt-pt\/fundacao-sanz\/multimidia","url":"https:\/\/gruposanz.es\/pt-pt\/fundacao-sanz\/multimidia","name":"Multim\u00eddia | Fundaci\u00f3n Sanz - Grupo Sanz","isPartOf":{"@id":"https:\/\/gruposanz.es\/pt-pt#website"},"datePublished":"2015-12-28T16:34:30+00:00","dateModified":"2020-08-05T11:56:43+00:00","description":"La Fundaci\u00f3n Familia Sanz es una fundaci\u00f3n privada sin \u00e1nimo de lucro y de car\u00e1cter pluralista. \u00bfQuieres saber donde actuamos? Entra y desc\u00fabrelo.","breadcrumb":{"@id":"https:\/\/gruposanz.es\/pt-pt\/fundacao-sanz\/multimidia#breadcrumb"},"inLanguage":"pt-PT","potentialAction":[{"@type":"ReadAction","target":["https:\/\/gruposanz.es\/pt-pt\/fundacao-sanz\/multimidia"]}]},{"@type":"BreadcrumbList","@id":"https:\/\/gruposanz.es\/pt-pt\/fundacao-sanz\/multimidia#breadcrumb","itemListElement":[{"@type":"ListItem","position":1,"name":"Inicio","item":"https:\/\/gruposanz.es\/pt-pt"},{"@type":"ListItem","position":2,"name":"Funda\u00e7\u00e3o Sanz","item":"https:\/\/gruposanz.es\/pt-pt\/fundacao-sanz"},{"@type":"ListItem","position":3,"name":"Multim\u00eddia"}]},{"@type":"WebSite","@id":"https:\/\/gruposanz.es\/pt-pt#website","url":"https:\/\/gruposanz.es\/pt-pt","name":"Grupo Sanz","description":"Grupo Sanz, fabricantes de productos de pulverizaci\u00f3n y poda con sus marcas Pulmic, Kamikaze, Keeper y Siqua","publisher":{"@id":"https:\/\/gruposanz.es\/pt-pt#organization"},"potentialAction":[{"@type":"SearchAction","target":{"@type":"EntryPoint","urlTemplate":"https:\/\/gruposanz.es\/pt-pt?s={search_term_string}"},"query-input":{"@type":"PropertyValueSpecification","valueRequired":true,"valueName":"search_term_string"}}],"inLanguage":"pt-PT"},{"@type":"Organization","@id":"https:\/\/gruposanz.es\/pt-pt#organization","name":"Grupo Sanz","url":"https:\/\/gruposanz.es\/pt-pt","logo":{"@type":"ImageObject","inLanguage":"pt-PT","@id":"https:\/\/gruposanz.es\/pt-pt#\/schema\/logo\/image\/","url":"https:\/\/gruposanz.es\/wp-content\/uploads\/2022\/10\/LOGOTIPO-GRUPO-SANZ-vertical.png","contentUrl":"https:\/\/gruposanz.es\/wp-content\/uploads\/2022\/10\/LOGOTIPO-GRUPO-SANZ-vertical.png","width":1418,"height":1418,"caption":"Grupo Sanz"},"image":{"@id":"https:\/\/gruposanz.es\/pt-pt#\/schema\/logo\/image\/"},"sameAs":["https:\/\/www.linkedin.com\/company\/grupo-sanz-hermanos","https:\/\/www.youtube.com\/user\/GrupoSanz"]}]}},"_links":{"self":[{"href":"https:\/\/gruposanz.es\/pt-pt\/wp-json\/wp\/v2\/pages\/25316","targetHints":{"allow":["GET"]}}],"collection":[{"href":"https:\/\/gruposanz.es\/pt-pt\/wp-json\/wp\/v2\/pages"}],"about":[{"href":"https:\/\/gruposanz.es\/pt-pt\/wp-json\/wp\/v2\/types\/page"}],"author":[{"embeddable":true,"href":"https:\/\/gruposanz.es\/pt-pt\/wp-json\/wp\/v2\/users\/3"}],"replies":[{"embeddable":true,"href":"https:\/\/gruposanz.es\/pt-pt\/wp-json\/wp\/v2\/comments?post=25316"}],"version-history":[{"count":0,"href":"https:\/\/gruposanz.es\/pt-pt\/wp-json\/wp\/v2\/pages\/25316\/revisions"}],"up":[{"embeddable":true,"href":"https:\/\/gruposanz.es\/pt-pt\/wp-json\/wp\/v2\/pages\/25311"}],"wp:attachment":[{"href":"https:\/\/gruposanz.es\/pt-pt\/wp-json\/wp\/v2\/media?parent=25316"}],"curies":[{"name":"wp","href":"https:\/\/api.w.org\/{rel}","templated":true}]}}