{"id":25317,"date":"2016-01-12T13:19:29","date_gmt":"2015-12-28T16:36:51","guid":{"rendered":"http:\/\/gruposanz.es\/?page_id=25317"},"modified":"2020-08-05T13:56:54","modified_gmt":"2020-08-05T11:56:54","slug":"maf-projeto","status":"publish","type":"page","link":"https:\/\/gruposanz.es\/pt-pt\/fundacao-sanz\/maf-projeto","title":{"rendered":"MAF Projeto"},"content":{"rendered":"<div class=\"wpb-content-wrapper\"><p>[vc_row][vc_column][vc_custom_heading text=&#8221;Projeto \u201cPara Mulheres Agricultoras Africanas\u201d da Sanz Family Foundation&#8221; font_container=&#8221;tag:h2|text_align:center&#8221; use_theme_fonts=&#8221;yes&#8221;][vc_column_text]<\/p>\n<hr class=\"divider horizontal-break\" style=\"margin-top: 15px; margin-bottom: 13px; background: rgba(217,217,217,0.5);\" \/>\n<p>[\/vc_column_text][\/vc_column][\/vc_row][vc_row][vc_column][vc_column_text]<\/p>\n<h3 class=\"page-title\" style=\"text-align: justify;\"><span style=\"font-size: 16px;\">Benefici\u00e1rios:<\/span><\/h3>\n<div class=\"page-content entry-content\">\n<p style=\"text-align: justify;\">O projeto beneficiar\u00e1 diretamente um grupo de mulheres e suas fam\u00edlias indiretamente.<\/p>\n<h5 style=\"text-align: justify;\">Objetivos:<\/h5>\n<p style=\"text-align: justify;\">Atrav\u00e9s deste projeto, queremos contribuir para o empoderamento das mulheres nas zonas rurais para incentivar o empreendedorismo feminino, incluindo-os nos processos mais diversificados, eficientes e de produ\u00e7\u00e3o agr\u00edcola sustent\u00e1vel com vis\u00e3o comercial, atrav\u00e9s da forma\u00e7\u00e3o, promovendo a organiza\u00e7\u00e3o neg\u00f3cios, assessoria t\u00e9cnica em produ\u00e7\u00e3o e comercializa\u00e7\u00e3o eo estabelecimento de liga\u00e7\u00f5es com o neg\u00f3cio local, tomando todo este impacto tamb\u00e9m aumentou a seguran\u00e7a alimentar como final para as fam\u00edlias dessas mulheres.<\/p>\n<p style=\"text-align: justify;\">Precisamente porque as mulheres s\u00e3o o grupo social mais desfavorecido no pa\u00eds, e tamb\u00e9m aqueles que apoiam a economia da fam\u00edlia em todo o continente, Sanz Family Foundation descobriu neles um hub para o desenvolvimento desta regi\u00e3o.<\/p>\n<p style=\"text-align: justify;\">A fim de ir al\u00e9m do curto prazo, o que, por vezes, envolvem doa\u00e7\u00f5es, este projeto contribui para a forma\u00e7\u00e3o em t\u00e9cnicas agr\u00edcolas, garantindo-lhes a prosperidade a m\u00e9dio e longo prazo, gra\u00e7as ao conhecimento de tratamento de terra, m\u00e9todos de cultivo , marketing de produto, etc.<\/p>\n<p style=\"text-align: justify;\">Gra\u00e7as a este projeto, as mulheres agricultoras africanas no Burkina Faso est\u00e3o mais perto de alcan\u00e7ar a sua inclus\u00e3o social e desenvolvimento educacional.<\/p>\n<p style=\"text-align: justify;\">A Funda\u00e7\u00e3o manifesta o seu compromisso de contribuir para a redu\u00e7\u00e3o da pobreza nos pa\u00edses em desenvolvimento, promovendo um modelo de atividades de coopera\u00e7\u00e3o sustent\u00e1veis \u200b\u200bhumanos orientada para o desenvolvimento internacionais.<\/p>\n<\/div>\n<p>[\/vc_column_text][vc_column_text css=&#8221;.vc_custom_1565356527807{padding-top: 20px !important;padding-right: 50px !important;padding-bottom: 20px !important;padding-left: 50px !important;background-color: rgba(255,225,35,0.41) !important;*background-color: rgb(255,225,35) !important;}&#8221;]<\/p>\n<h3 class=\"module-feature-title\" style=\"text-align: center;\"><\/h3>\n<h3 class=\"module-feature-title\" style=\"text-align: center;\">Status das Mulheres em Burkina Faso<\/h3>\n<h5 style=\"text-align: justify;\"><span class=\"destacado\">Dificuldade de acesso aos recursos:<\/span><\/h5>\n<p style=\"text-align: justify;\" align=\"justify\"><strong>O acesso \u00e0 terra:<\/strong> Em \u00e1reas rurais do Burkina Faso, ao n\u00edvel das fam\u00edlias, comunidades ou grupos sociais, o poder de decis\u00e3o \u00e9 sempre nas m\u00e3os dos homens. Embora 95% das mulheres est\u00e3o envolvidas em agricultura, poucas mulheres possuem terras. Eles representam menos de 6% dos agricultores.<span class=\"Apple-converted-space\">\u00a0<\/span><\/p>\n<p style=\"text-align: justify;\"><strong>Acesso ao financiamento:<\/strong> Para comemorar o seu poder econ\u00f3mico fraco, a mulher n\u00e3o oferecem seguran\u00e7a suficiente para permitir o acesso ao cr\u00e9dito produtivo.<\/p>\n<h5 style=\"text-align: justify;\"><span class=\"destacado\">Precariedade da vida:<\/span><\/h5>\n<p style=\"text-align: justify;\" align=\"justify\">Em \u00e1reas onde as condi\u00e7\u00f5es ambientais de vida (recursos naturais) mostram uma degrada\u00e7\u00e3o muito avan\u00e7ado, migra\u00e7\u00e3o masculina leva a popula\u00e7\u00e3o rural para os centros urbanos do sexo masculino, e alguns pa\u00edses vizinhos da regi\u00e3o. Isso for\u00e7a as mulheres a desempenhar um papel fundamental principalmente para a sobreviv\u00eancia da fam\u00edlia. Eles se tornam o &#8220;chefe de fam\u00edlia&#8221;, aumentando assim as suas responsabilidades, mas n\u00e3o altera seu status em casa, ou na Comunidade.<\/p>\n<h5 style=\"text-align: justify;\" align=\"justify\"><span class=\"destacado\">Situa\u00e7\u00e3o s\u00f3cio-cultural:<\/span><\/h5>\n<p style=\"text-align: justify;\" align=\"justify\">Apesar da diversidade de grupos s\u00f3cio-culturais em Burkina Faso, uma s\u00e9rie de fatores constituem o denominador comum das mulheres nas zonas rurais.<\/p>\n<p style=\"text-align: justify;\" align=\"justify\"><strong>Status:<\/strong><span class=\"Apple-converted-space\">\u00a0<\/span> o status social das mulheres sempre mantida numa gama inferior aos homens, tornando-se dependente dele.<\/p>\n<p style=\"text-align: justify;\" align=\"justify\"><strong>Casamento:<\/strong><span class=\"Apple-converted-space\">\u00a0<\/span> Em muitos grupos sociais, o casamento nas \u00e1reas rurais \u00e9 sempre o resultado de um &#8220;acordo&#8221; entre as fam\u00edlias. A mulher n\u00e3o pode dar o seu parecer, e muitas vezes n\u00e3o sabe seu futuro marido.<\/p>\n<h5 style=\"text-align: justify;\">O acesso ao mercado de trabalho:<\/h5>\n<p style=\"text-align: justify;\">Nas zonas rurais, 93% da popula\u00e7\u00e3o ocupada, 45,9% homens e 54,1% mulheres. A maioria dos funcion\u00e1rios \u00e9 composto por 79,9% de homens contra 20,1% de mulheres.<\/p>\n<h5 style=\"text-align: justify;\">Educa\u00e7\u00e3o (matr\u00edcula escolar, alfabetiza\u00e7\u00e3o):<\/h5>\n<p style=\"text-align: justify;\">De acordo com o quadro estrat\u00e9gico para combater a pobreza no Burkina, atrasou a inscri\u00e7\u00e3o das mulheres \u00e9 um obst\u00e1culo real \u00e0 sua participa\u00e7\u00e3o no sector moderno. S\u00f3 que eles representam 21% do pessoal da administra\u00e7\u00e3o p\u00fablica, e 5% em empresas privadas no setor moderno.<\/p>\n<h5 style=\"text-align: justify;\">Sa\u00fade:<\/h5>\n<p style=\"text-align: justify;\">Embora o direito \u00e0 sa\u00fade \u00e9 garantido a todos pela Constitui\u00e7\u00e3o em termos gerais, em Burkina Faso, o estado de sa\u00fade da popula\u00e7\u00e3o \u00e9 preocupante. A situa\u00e7\u00e3o das mulheres, em particular em termos de sa\u00fade e nutri\u00e7\u00e3o continua prec\u00e1ria, apesar da redu\u00e7\u00e3o da taxa de mortalidade materna. Os fatores explicativos do estado de sa\u00fade das mulheres s\u00e3o geralmente desnutri\u00e7\u00e3o, gravidez precoce, a pobreza, a carga de atividades dom\u00e9sticas, as pr\u00e1ticas tradicionais nocivas, AIDS, medidas inadequadas de saneamento e abastecimento de \u00e1gua, etc. ..<\/p>\n<p>[\/vc_column_text][vc_separator][\/vc_column][\/vc_row][vc_row][vc_column width=&#8221;1\/4&#8243;][vc_single_image image=&#8221;46115&#8243; img_size=&#8221;full&#8221; alignment=&#8221;center&#8221; onclick=&#8221;custom_link&#8221; img_link_target=&#8221;_blank&#8221; css=&#8221;.vc_custom_1565356843938{margin-bottom: 0px !important;}&#8221; link=&#8221;\/pt-pt\/fundacao-sanz\/colaborar&#8221;][vc_custom_heading text=&#8221;Colaborar&#8221; font_container=&#8221;tag:h4|text_align:center|color:%23ffffff&#8221; use_theme_fonts=&#8221;yes&#8221; css=&#8221;.vc_custom_1565356854051{margin-top: 10px !important;padding-top: 10px !important;padding-bottom: 10px !important;background-color: #fab10c !important;}&#8221; link=&#8221;url:%2Fpt-pt%2Ffundacao-sanz%2Fcolaborar||target:%20_blank|&#8221;][\/vc_column][vc_column width=&#8221;1\/4&#8243;][vc_single_image image=&#8221;46120&#8243; img_size=&#8221;full&#8221; alignment=&#8221;center&#8221; onclick=&#8221;custom_link&#8221; img_link_target=&#8221;_blank&#8221; css=&#8221;.vc_custom_1565356874695{margin-bottom: 0px !important;}&#8221; link=&#8221;\/pt-pt\/fundacao-sanz\/multimidia&#8221;][vc_custom_heading text=&#8221;Multim\u00eddia&#8221; font_container=&#8221;tag:h4|text_align:center|color:%23ffffff&#8221; use_theme_fonts=&#8221;yes&#8221; css=&#8221;.vc_custom_1565356886238{margin-top: 10px !important;padding-top: 10px !important;padding-bottom: 10px !important;background-color: #fab10c !important;}&#8221; link=&#8221;url:%2Fpt-pt%2Ffundacao-sanz%2Fmultimidia||target:%20_blank|&#8221;][\/vc_column][vc_column width=&#8221;1\/4&#8243;][vc_single_image image=&#8221;46125&#8243; img_size=&#8221;full&#8221; alignment=&#8221;center&#8221; onclick=&#8221;custom_link&#8221; img_link_target=&#8221;_blank&#8221; css=&#8221;.vc_custom_1565356900252{margin-bottom: 0px !important;}&#8221; link=&#8221;\/pt-pt\/fundacao-sanz\/onde-operamos&#8221;][vc_custom_heading text=&#8221;Onde operamos&#8221; font_container=&#8221;tag:h4|text_align:center|color:%23ffffff&#8221; use_theme_fonts=&#8221;yes&#8221; css=&#8221;.vc_custom_1565356910141{margin-top: 10px !important;padding-top: 10px !important;padding-bottom: 10px !important;background-color: #fab10c !important;}&#8221; link=&#8221;url:%2Fpt-pt%2Ffundacao-sanz%2Fonde-operamos||target:%20_blank|&#8221;][\/vc_column][vc_column width=&#8221;1\/4&#8243;][vc_single_image image=&#8221;46130&#8243; img_size=&#8221;full&#8221; alignment=&#8221;center&#8221; onclick=&#8221;custom_link&#8221; img_link_target=&#8221;_blank&#8221; css=&#8221;.vc_custom_1565356921798{margin-bottom: 0px !important;}&#8221; link=&#8221;\/pt-pt\/fundacao-sanz\/maf-projeto&#8221;][vc_custom_heading text=&#8221;MAF Projeto&#8221; font_container=&#8221;tag:h4|text_align:center|color:%23ffffff&#8221; use_theme_fonts=&#8221;yes&#8221; css=&#8221;.vc_custom_1565356932132{margin-top: 10px !important;padding-top: 10px !important;padding-bottom: 10px !important;background-color: #fab10c !important;}&#8221; link=&#8221;url:%2Fpt-pt%2Ffundacao-sanz%2Fmaf-projeto||target:%20_blank|&#8221;][\/vc_column][\/vc_row][vc_row][vc_column][vc_separator][vc_column_text css=&#8221;.vc_custom_1565356682334{margin-bottom: 0px !important;}&#8221;]<\/p>\n<h4>Documenta\u00e7\u00e3o<\/h4>\n<p>[\/vc_column_text][\/vc_column][\/vc_row][vc_row css=&#8221;.vc_custom_1564741433028{margin-top: 20px !important;margin-bottom: 30px !important;}&#8221;][vc_column width=&#8221;1\/2&#8243;][vc_btn title=&#8221;2014 Projecto de relat\u00f3rio das &#8220;Mulheres africanas agricultores&#8220;&#8221; style=&#8221;custom&#8221; custom_background=&#8221;#fab10c&#8221; custom_text=&#8221;#ffffff&#8221; size=&#8221;sm&#8221; align=&#8221;center&#8221; i_icon_fontawesome=&#8221;fa fa-file-pdf-o&#8221; button_block=&#8221;true&#8221; add_icon=&#8221;true&#8221; link=&#8221;url:http%3A%2F%2Fgruposanz.es%2Fwp-content%2Fuploads%2F2018%2F02%2FPresentacin_de_Informe_Final_2015_FFS.pdf||target:%20_blank|rel:nofollow&#8221;][vc_btn title=&#8221;Apresenta\u00e7\u00e3o do projeto MAA 2013-2014&#8243; style=&#8221;custom&#8221; custom_background=&#8221;#fab10c&#8221; custom_text=&#8221;#ffffff&#8221; size=&#8221;sm&#8221; align=&#8221;center&#8221; i_icon_fontawesome=&#8221;fa fa-file-pdf-o&#8221; button_block=&#8221;true&#8221; add_icon=&#8221;true&#8221; link=&#8221;url:http%3A%2F%2Fgruposanz.es%2Fwp-content%2Fuploads%2F2018%2F02%2Fburkina_project_2013-14.pdf||target:%20_blank|rel:nofollow&#8221;][\/vc_column][vc_column width=&#8221;1\/2&#8243;][vc_btn title=&#8221;MAA apresenta\u00e7\u00e3o em 2014 GNE Ba Gu\u00e9 N\u00e0&#8221; style=&#8221;custom&#8221; custom_background=&#8221;#fab10c&#8221; custom_text=&#8221;#ffffff&#8221; size=&#8221;sm&#8221; align=&#8221;center&#8221; i_icon_fontawesome=&#8221;fa fa-file-pdf-o&#8221; button_block=&#8221;true&#8221; add_icon=&#8221;true&#8221; link=&#8221;url:http%3A%2F%2Fgruposanz.es%2Fwp-content%2Fuploads%2F2018%2F02%2FProyecto-2014_Noviembre.pdf||target:%20_blank|rel:nofollow&#8221;][vc_btn title=&#8221;Projeto Dossier de Mulheres Africanas Farmers 2013&#8243; style=&#8221;custom&#8221; custom_background=&#8221;#fab10c&#8221; custom_text=&#8221;#ffffff&#8221; size=&#8221;sm&#8221; align=&#8221;center&#8221; i_icon_fontawesome=&#8221;fa fa-file-pdf-o&#8221; button_block=&#8221;true&#8221; add_icon=&#8221;true&#8221; link=&#8221;url:http%3A%2F%2Fgruposanz.es%2Fwp-content%2Fuploads%2F2018%2F02%2Fdossier_proyecto_mujeres_agricultoras_2013.pdf||target:%20_blank|rel:nofollow&#8221;][\/vc_column][\/vc_row][vc_row][vc_column][vc_column_text]<\/p>\n<h3 id=\"footer-logo\" style=\"text-align: center;\">SANZ FAMILY FOUNDATION<\/h3>\n<div class=\"footer-text clearfix\">\n<div class=\"one\" style=\"text-align: center;\">Direitos autorais 2010-2014 Funda\u00e7\u00e3o fam\u00edlia de Sanz<\/div>\n<div class=\"two\" style=\"text-align: center;\">Sanz Family Foundation \u00e9 uma organiza\u00e7\u00e3o sem fins lucrativos pertencente ao Grupo Sanz<\/div>\n<\/div>\n<p>[\/vc_column_text][\/vc_column][\/vc_row]<\/p>\n<\/div>","protected":false},"excerpt":{"rendered":"<p>&#8230;<\/p>\n","protected":false},"author":3,"featured_media":0,"parent":25311,"menu_order":0,"comment_status":"closed","ping_status":"closed","template":"","meta":{"footnotes":""},"class_list":["post-25317","page","type-page","status-publish","hentry"],"yoast_head":"<!-- This site is optimized with the Yoast SEO plugin v27.3 - https:\/\/yoast.com\/product\/yoast-seo-wordpress\/ -->\n<title>MAF Projeto | Fundaci\u00f3n Sanz - Grupo Sanz<\/title>\n<meta name=\"description\" content=\"La Fundaci\u00f3n Familia Sanz es una fundaci\u00f3n privada sin \u00e1nimo de lucro y de car\u00e1cter pluralista. \u00bfQuieres saber donde actuamos? Entra y desc\u00fabrelo.\" \/>\n<meta name=\"robots\" content=\"index, follow, max-snippet:-1, max-image-preview:large, max-video-preview:-1\" \/>\n<link rel=\"canonical\" href=\"https:\/\/gruposanz.es\/pt-pt\/fundacao-sanz\/maf-projeto\" \/>\n<meta property=\"og:locale\" content=\"pt_PT\" \/>\n<meta property=\"og:type\" content=\"article\" \/>\n<meta property=\"og:title\" content=\"MAF Projeto | Fundaci\u00f3n Sanz - Grupo Sanz\" \/>\n<meta property=\"og:description\" content=\"La Fundaci\u00f3n Familia Sanz es una fundaci\u00f3n privada sin \u00e1nimo de lucro y de car\u00e1cter pluralista. \u00bfQuieres saber donde actuamos? Entra y desc\u00fabrelo.\" \/>\n<meta property=\"og:url\" content=\"https:\/\/gruposanz.es\/pt-pt\/fundacao-sanz\/maf-projeto\" \/>\n<meta property=\"og:site_name\" content=\"Grupo Sanz\" \/>\n<meta property=\"article:modified_time\" content=\"2020-08-05T11:56:54+00:00\" \/>\n<meta name=\"twitter:card\" content=\"summary_large_image\" \/>\n<meta name=\"twitter:label1\" content=\"Tempo estimado de leitura\" \/>\n\t<meta name=\"twitter:data1\" content=\"7 minutos\" \/>\n<script type=\"application\/ld+json\" class=\"yoast-schema-graph\">{\"@context\":\"https:\\\/\\\/schema.org\",\"@graph\":[{\"@type\":\"WebPage\",\"@id\":\"https:\\\/\\\/gruposanz.es\\\/pt-pt\\\/fundacao-sanz\\\/maf-projeto\",\"url\":\"https:\\\/\\\/gruposanz.es\\\/pt-pt\\\/fundacao-sanz\\\/maf-projeto\",\"name\":\"MAF Projeto | Fundaci\u00f3n Sanz - Grupo Sanz\",\"isPartOf\":{\"@id\":\"https:\\\/\\\/gruposanz.es\\\/pt-pt#website\"},\"datePublished\":\"2015-12-28T16:36:51+00:00\",\"dateModified\":\"2020-08-05T11:56:54+00:00\",\"description\":\"La Fundaci\u00f3n Familia Sanz es una fundaci\u00f3n privada sin \u00e1nimo de lucro y de car\u00e1cter pluralista. \u00bfQuieres saber donde actuamos? Entra y desc\u00fabrelo.\",\"breadcrumb\":{\"@id\":\"https:\\\/\\\/gruposanz.es\\\/pt-pt\\\/fundacao-sanz\\\/maf-projeto#breadcrumb\"},\"inLanguage\":\"pt-PT\",\"potentialAction\":[{\"@type\":\"ReadAction\",\"target\":[\"https:\\\/\\\/gruposanz.es\\\/pt-pt\\\/fundacao-sanz\\\/maf-projeto\"]}]},{\"@type\":\"BreadcrumbList\",\"@id\":\"https:\\\/\\\/gruposanz.es\\\/pt-pt\\\/fundacao-sanz\\\/maf-projeto#breadcrumb\",\"itemListElement\":[{\"@type\":\"ListItem\",\"position\":1,\"name\":\"Inicio\",\"item\":\"https:\\\/\\\/gruposanz.es\\\/pt-pt\"},{\"@type\":\"ListItem\",\"position\":2,\"name\":\"Funda\u00e7\u00e3o Sanz\",\"item\":\"https:\\\/\\\/gruposanz.es\\\/pt-pt\\\/fundacao-sanz\"},{\"@type\":\"ListItem\",\"position\":3,\"name\":\"MAF Projeto\"}]},{\"@type\":\"WebSite\",\"@id\":\"https:\\\/\\\/gruposanz.es\\\/pt-pt#website\",\"url\":\"https:\\\/\\\/gruposanz.es\\\/pt-pt\",\"name\":\"Grupo Sanz\",\"description\":\"Grupo Sanz, fabricantes de productos de pulverizaci\u00f3n y poda con sus marcas Pulmic, Kamikaze, Keeper y Siqua\",\"publisher\":{\"@id\":\"https:\\\/\\\/gruposanz.es\\\/pt-pt#organization\"},\"potentialAction\":[{\"@type\":\"SearchAction\",\"target\":{\"@type\":\"EntryPoint\",\"urlTemplate\":\"https:\\\/\\\/gruposanz.es\\\/pt-pt?s={search_term_string}\"},\"query-input\":{\"@type\":\"PropertyValueSpecification\",\"valueRequired\":true,\"valueName\":\"search_term_string\"}}],\"inLanguage\":\"pt-PT\"},{\"@type\":\"Organization\",\"@id\":\"https:\\\/\\\/gruposanz.es\\\/pt-pt#organization\",\"name\":\"Grupo Sanz\",\"url\":\"https:\\\/\\\/gruposanz.es\\\/pt-pt\",\"logo\":{\"@type\":\"ImageObject\",\"inLanguage\":\"pt-PT\",\"@id\":\"https:\\\/\\\/gruposanz.es\\\/pt-pt#\\\/schema\\\/logo\\\/image\\\/\",\"url\":\"https:\\\/\\\/gruposanz.es\\\/wp-content\\\/uploads\\\/2022\\\/10\\\/LOGOTIPO-GRUPO-SANZ-vertical.png\",\"contentUrl\":\"https:\\\/\\\/gruposanz.es\\\/wp-content\\\/uploads\\\/2022\\\/10\\\/LOGOTIPO-GRUPO-SANZ-vertical.png\",\"width\":1418,\"height\":1418,\"caption\":\"Grupo Sanz\"},\"image\":{\"@id\":\"https:\\\/\\\/gruposanz.es\\\/pt-pt#\\\/schema\\\/logo\\\/image\\\/\"},\"sameAs\":[\"https:\\\/\\\/www.linkedin.com\\\/company\\\/grupo-sanz-hermanos\",\"https:\\\/\\\/www.youtube.com\\\/user\\\/GrupoSanz\"]}]}<\/script>\n<!-- \/ Yoast SEO plugin. -->","yoast_head_json":{"title":"MAF Projeto | Fundaci\u00f3n Sanz - Grupo Sanz","description":"La Fundaci\u00f3n Familia Sanz es una fundaci\u00f3n privada sin \u00e1nimo de lucro y de car\u00e1cter pluralista. \u00bfQuieres saber donde actuamos? Entra y desc\u00fabrelo.","robots":{"index":"index","follow":"follow","max-snippet":"max-snippet:-1","max-image-preview":"max-image-preview:large","max-video-preview":"max-video-preview:-1"},"canonical":"https:\/\/gruposanz.es\/pt-pt\/fundacao-sanz\/maf-projeto","og_locale":"pt_PT","og_type":"article","og_title":"MAF Projeto | Fundaci\u00f3n Sanz - Grupo Sanz","og_description":"La Fundaci\u00f3n Familia Sanz es una fundaci\u00f3n privada sin \u00e1nimo de lucro y de car\u00e1cter pluralista. \u00bfQuieres saber donde actuamos? Entra y desc\u00fabrelo.","og_url":"https:\/\/gruposanz.es\/pt-pt\/fundacao-sanz\/maf-projeto","og_site_name":"Grupo Sanz","article_modified_time":"2020-08-05T11:56:54+00:00","twitter_card":"summary_large_image","twitter_misc":{"Tempo estimado de leitura":"7 minutos"},"schema":{"@context":"https:\/\/schema.org","@graph":[{"@type":"WebPage","@id":"https:\/\/gruposanz.es\/pt-pt\/fundacao-sanz\/maf-projeto","url":"https:\/\/gruposanz.es\/pt-pt\/fundacao-sanz\/maf-projeto","name":"MAF Projeto | Fundaci\u00f3n Sanz - Grupo Sanz","isPartOf":{"@id":"https:\/\/gruposanz.es\/pt-pt#website"},"datePublished":"2015-12-28T16:36:51+00:00","dateModified":"2020-08-05T11:56:54+00:00","description":"La Fundaci\u00f3n Familia Sanz es una fundaci\u00f3n privada sin \u00e1nimo de lucro y de car\u00e1cter pluralista. \u00bfQuieres saber donde actuamos? Entra y desc\u00fabrelo.","breadcrumb":{"@id":"https:\/\/gruposanz.es\/pt-pt\/fundacao-sanz\/maf-projeto#breadcrumb"},"inLanguage":"pt-PT","potentialAction":[{"@type":"ReadAction","target":["https:\/\/gruposanz.es\/pt-pt\/fundacao-sanz\/maf-projeto"]}]},{"@type":"BreadcrumbList","@id":"https:\/\/gruposanz.es\/pt-pt\/fundacao-sanz\/maf-projeto#breadcrumb","itemListElement":[{"@type":"ListItem","position":1,"name":"Inicio","item":"https:\/\/gruposanz.es\/pt-pt"},{"@type":"ListItem","position":2,"name":"Funda\u00e7\u00e3o Sanz","item":"https:\/\/gruposanz.es\/pt-pt\/fundacao-sanz"},{"@type":"ListItem","position":3,"name":"MAF Projeto"}]},{"@type":"WebSite","@id":"https:\/\/gruposanz.es\/pt-pt#website","url":"https:\/\/gruposanz.es\/pt-pt","name":"Grupo Sanz","description":"Grupo Sanz, fabricantes de productos de pulverizaci\u00f3n y poda con sus marcas Pulmic, Kamikaze, Keeper y Siqua","publisher":{"@id":"https:\/\/gruposanz.es\/pt-pt#organization"},"potentialAction":[{"@type":"SearchAction","target":{"@type":"EntryPoint","urlTemplate":"https:\/\/gruposanz.es\/pt-pt?s={search_term_string}"},"query-input":{"@type":"PropertyValueSpecification","valueRequired":true,"valueName":"search_term_string"}}],"inLanguage":"pt-PT"},{"@type":"Organization","@id":"https:\/\/gruposanz.es\/pt-pt#organization","name":"Grupo Sanz","url":"https:\/\/gruposanz.es\/pt-pt","logo":{"@type":"ImageObject","inLanguage":"pt-PT","@id":"https:\/\/gruposanz.es\/pt-pt#\/schema\/logo\/image\/","url":"https:\/\/gruposanz.es\/wp-content\/uploads\/2022\/10\/LOGOTIPO-GRUPO-SANZ-vertical.png","contentUrl":"https:\/\/gruposanz.es\/wp-content\/uploads\/2022\/10\/LOGOTIPO-GRUPO-SANZ-vertical.png","width":1418,"height":1418,"caption":"Grupo Sanz"},"image":{"@id":"https:\/\/gruposanz.es\/pt-pt#\/schema\/logo\/image\/"},"sameAs":["https:\/\/www.linkedin.com\/company\/grupo-sanz-hermanos","https:\/\/www.youtube.com\/user\/GrupoSanz"]}]}},"_links":{"self":[{"href":"https:\/\/gruposanz.es\/pt-pt\/wp-json\/wp\/v2\/pages\/25317","targetHints":{"allow":["GET"]}}],"collection":[{"href":"https:\/\/gruposanz.es\/pt-pt\/wp-json\/wp\/v2\/pages"}],"about":[{"href":"https:\/\/gruposanz.es\/pt-pt\/wp-json\/wp\/v2\/types\/page"}],"author":[{"embeddable":true,"href":"https:\/\/gruposanz.es\/pt-pt\/wp-json\/wp\/v2\/users\/3"}],"replies":[{"embeddable":true,"href":"https:\/\/gruposanz.es\/pt-pt\/wp-json\/wp\/v2\/comments?post=25317"}],"version-history":[{"count":0,"href":"https:\/\/gruposanz.es\/pt-pt\/wp-json\/wp\/v2\/pages\/25317\/revisions"}],"up":[{"embeddable":true,"href":"https:\/\/gruposanz.es\/pt-pt\/wp-json\/wp\/v2\/pages\/25311"}],"wp:attachment":[{"href":"https:\/\/gruposanz.es\/pt-pt\/wp-json\/wp\/v2\/media?parent=25317"}],"curies":[{"name":"wp","href":"https:\/\/api.w.org\/{rel}","templated":true}]}}