{"id":25573,"date":"2016-01-14T20:52:10","date_gmt":"2015-12-18T19:48:15","guid":{"rendered":"http:\/\/gruposanz.es\/?post_type=product&#038;p=25573"},"modified":"2024-10-15T14:51:42","modified_gmt":"2024-10-15T12:51:42","slug":"pulmic-taurus-air-8","status":"publish","type":"product","link":"https:\/\/gruposanz.es\/pt-pt\/producto\/pulmic-taurus-air-8","title":{"rendered":"Pulverizador motorizado Pulmic Taurus AIR+"},"content":{"rendered":"<div class=\"wpb-content-wrapper\"><p>[vc_row][vc_column][vc_column_text]<\/p>\n<h4><span style=\"color: #b7000c;\"><strong>Descri\u00e7\u00e3o<\/strong><\/span><\/h4>\n<p style=\"text-align: justify;\">O Pulmic Taurus Air + \u00e9 uma ferramenta capaz de trabalhar quer com produtos l\u00edquidos, quer com produtos em p\u00f3. A sua bomba impulsora permite trabalhos completamente na vertical. Ideal para cultivos de grande porte. Tamb\u00e9m inclui um bico UBV que produz gotas de tamanho muito pequeno. Ideal para aplica\u00e7\u00f5es em estufas. Pulverizador motorizado para aplica\u00e7\u00e3o de agroqu\u00edmicos l\u00edquidos e em p\u00f3.<\/p>\n<h4><span style=\"color: #b7000c;\"><strong>Caracter\u00edsticas<\/strong><\/span><\/h4>\n<p style=\"text-align: justify;\">&#8211; Motor de dois tempos 80 cc e 4 cv<br \/>\n&#8211; Bomba impulsora de pist\u00e3o duplo (foto)<br \/>\n&#8211; Alcance de 10 m vertical e 12 m horizontal<br \/>\n&#8211; Bicos regul\u00e1veis de 4 caudais<\/p>\n<p>[\/vc_column_text][vc_row_inner][vc_column_inner width=&#8221;1\/6&#8243; offset=&#8221;vc_col-xs-3&#8243;][vc_single_image image=&#8221;46740&#8243; img_size=&#8221;full&#8221; alignment=&#8221;center&#8221;][\/vc_column_inner][vc_column_inner width=&#8221;1\/6&#8243; offset=&#8221;vc_col-xs-3&#8243;][vc_single_image image=&#8221;46695&#8243; img_size=&#8221;full&#8221; alignment=&#8221;center&#8221;][\/vc_column_inner][vc_column_inner width=&#8221;1\/6&#8243; offset=&#8221;vc_col-xs-4&#8243;][vc_single_image image=&#8221;46765&#8243; img_size=&#8221;full&#8221; alignment=&#8221;center&#8221;][\/vc_column_inner][vc_column_inner width=&#8221;1\/6&#8243; offset=&#8221;vc_col-xs-4&#8243;][vc_single_image image=&#8221;46690&#8243; img_size=&#8221;full&#8221; alignment=&#8221;center&#8221;][\/vc_column_inner][vc_column_inner width=&#8221;1\/6&#8243; offset=&#8221;vc_col-xs-4&#8243;][\/vc_column_inner][vc_column_inner width=&#8221;1\/6&#8243;][\/vc_column_inner][\/vc_row_inner][\/vc_column][\/vc_row][vc_row][vc_column][vc_row_inner][vc_column_inner width=&#8221;1\/2&#8243;][vc_btn title=&#8221;MANUAL&#8221; style=&#8221;custom&#8221; custom_background=&#8221;#b7000c&#8221; custom_text=&#8221;#ffffff&#8221; shape=&#8221;square&#8221; align=&#8221;center&#8221; i_icon_fontawesome=&#8221;fa fa-file-pdf-o&#8221; button_block=&#8221;true&#8221; add_icon=&#8221;true&#8221; link=&#8221;url:%2Fwp-content%2Fuploads%2F2019%2F05%2FManual-de-InstruccionesTaurus-Air.pdf||target:%20_blank|&#8221; el_class=&#8221;boton-descarga-producto&#8221;][\/vc_column_inner][vc_column_inner width=&#8221;1\/2&#8243;][vc_btn title=&#8221;ATIVAR GARANTIA&#8221; style=&#8221;custom&#8221; custom_background=&#8221;#b7000c&#8221; custom_text=&#8221;#ffffff&#8221; shape=&#8221;square&#8221; align=&#8221;center&#8221; i_icon_fontawesome=&#8221;far fa-check-square&#8221; css=&#8221;&#8221; button_block=&#8221;true&#8221; add_icon=&#8221;true&#8221; link=&#8221;url:%2Fpt-pt%2Fativacao-da-garantia|target:_blank|rel:nofollow&#8221; el_class=&#8221;boton-descarga-producto&#8221;][\/vc_column_inner][\/vc_row_inner][\/vc_column][\/vc_row][vc_row disable_element=&#8221;yes&#8221;][vc_column][vc_row_inner][vc_column_inner width=&#8221;1\/3&#8243;][vc_btn title=&#8221;FICHA T\u00c9CNICO-COMERCIAL&#8221; style=&#8221;custom&#8221; custom_background=&#8221;#b7000c&#8221; custom_text=&#8221;#ffffff&#8221; shape=&#8221;square&#8221; align=&#8221;center&#8221; i_icon_fontawesome=&#8221;fa fa-file-pdf-o&#8221; button_block=&#8221;true&#8221; add_icon=&#8221;true&#8221; link=&#8221;url:%2Fwp-content%2Fuploads%2F2019%2F08%2F7823-FTC-Keeper-Garden-16.pdf||target:%20_blank|&#8221; el_class=&#8221;boton-descarga-producto&#8221;][\/vc_column_inner][vc_column_inner width=&#8221;1\/3&#8243;][vc_btn title=&#8221;MANUAL&#8221; style=&#8221;custom&#8221; custom_background=&#8221;#b7000c&#8221; custom_text=&#8221;#ffffff&#8221; shape=&#8221;square&#8221; align=&#8221;center&#8221; i_icon_fontawesome=&#8221;fa fa-file-pdf-o&#8221; button_block=&#8221;true&#8221; add_icon=&#8221;true&#8221; link=&#8221;url:%2Fwp-content%2Fuploads%2F2018%2F03%2FManual-de-instrucciones-Garden-12-16-WEB.pdf||target:%20_blank|&#8221; el_class=&#8221;boton-descarga-producto&#8221;][\/vc_column_inner][vc_column_inner width=&#8221;1\/3&#8243;][\/vc_column_inner][\/vc_row_inner][\/vc_column][\/vc_row][vc_row][vc_column][vc_single_image image=&#8221;47184&#8243; img_size=&#8221;full&#8221; alignment=&#8221;center&#8221;][\/vc_column][\/vc_row][vc_row disable_element=&#8221;yes&#8221; css=&#8221;.vc_custom_1566225865867{margin-top: 0px !important;}&#8221;][vc_column][vc_video link=&#8221;https:\/\/www.youtube.com\/watch?v=5PPkAhlqXGw&#8221;][\/vc_column][\/vc_row]<\/p>\n<\/div>","protected":false},"excerpt":{"rendered":"<h2 style=\"text-align: center;\"><span style=\"color: #ffffff;\"><strong>Pulverizadores motorizados e el\u00e9tricos para aplica\u00e7\u00e3o em agricultura<\/strong><\/span><\/h2>\n","protected":false},"featured_media":47241,"template":"","meta":[],"product_brand":[],"product_cat":[3250,3266,3270],"product_tag":[3374],"class_list":{"0":"post-25573","1":"product","2":"type-product","3":"status-publish","4":"has-post-thumbnail","6":"product_cat-agricultura","7":"product_cat-aplicacao-motorizada-2","8":"product_cat-vaporizador-motor","9":"product_tag-produtos-pulmic","11":"first","12":"instock","13":"shipping-taxable","14":"product-type-simple"},"yoast_head":"<!-- This site is optimized with the Yoast SEO plugin v27.3 - https:\/\/yoast.com\/product\/yoast-seo-wordpress\/ -->\n<title>Pulverizador motorizado Pulmic Taurus AIR+ - Grupo Sanz<\/title>\n<meta name=\"description\" content=\"Descubre todo lo que ofrece el pulverizador motorizado Pulmic Tauris AIR+. Y si tienes cualquier duda, puedes consultarnos desde el formulario de contacto.\" \/>\n<meta name=\"robots\" content=\"index, follow, max-snippet:-1, max-image-preview:large, max-video-preview:-1\" \/>\n<link rel=\"canonical\" href=\"https:\/\/gruposanz.es\/pt-pt\/producto\/pulmic-taurus-air-8\" \/>\n<meta property=\"og:locale\" content=\"pt_PT\" \/>\n<meta property=\"og:type\" content=\"article\" \/>\n<meta property=\"og:title\" content=\"Pulverizador motorizado Pulmic Taurus AIR+ - Grupo Sanz\" \/>\n<meta property=\"og:description\" content=\"Descubre todo lo que ofrece el pulverizador motorizado Pulmic Tauris AIR+. Y si tienes cualquier duda, puedes consultarnos desde el formulario de contacto.\" \/>\n<meta property=\"og:url\" content=\"https:\/\/gruposanz.es\/pt-pt\/producto\/pulmic-taurus-air-8\" \/>\n<meta property=\"og:site_name\" content=\"Grupo Sanz\" \/>\n<meta property=\"article:modified_time\" content=\"2024-10-15T12:51:42+00:00\" \/>\n<meta property=\"og:image\" content=\"https:\/\/gruposanz.es\/wp-content\/uploads\/2016\/01\/Taurus_Air_Plus-3.jpg\" \/>\n\t<meta property=\"og:image:width\" content=\"555\" \/>\n\t<meta property=\"og:image:height\" content=\"555\" \/>\n\t<meta property=\"og:image:type\" content=\"image\/jpeg\" \/>\n<meta name=\"twitter:card\" content=\"summary_large_image\" \/>\n<meta name=\"twitter:label1\" content=\"Tempo estimado de leitura\" \/>\n\t<meta name=\"twitter:data1\" content=\"2 minutos\" \/>\n<script type=\"application\/ld+json\" class=\"yoast-schema-graph\">{\"@context\":\"https:\\\/\\\/schema.org\",\"@graph\":[{\"@type\":\"WebPage\",\"@id\":\"https:\\\/\\\/gruposanz.es\\\/pt-pt\\\/producto\\\/pulmic-taurus-air-8\",\"url\":\"https:\\\/\\\/gruposanz.es\\\/pt-pt\\\/producto\\\/pulmic-taurus-air-8\",\"name\":\"Pulverizador motorizado Pulmic Taurus AIR+ - Grupo Sanz\",\"isPartOf\":{\"@id\":\"https:\\\/\\\/gruposanz.es\\\/pt-pt#website\"},\"primaryImageOfPage\":{\"@id\":\"https:\\\/\\\/gruposanz.es\\\/pt-pt\\\/producto\\\/pulmic-taurus-air-8#primaryimage\"},\"image\":{\"@id\":\"https:\\\/\\\/gruposanz.es\\\/pt-pt\\\/producto\\\/pulmic-taurus-air-8#primaryimage\"},\"thumbnailUrl\":\"https:\\\/\\\/gruposanz.es\\\/wp-content\\\/uploads\\\/2016\\\/01\\\/Taurus_Air_Plus-3.jpg\",\"datePublished\":\"2015-12-18T19:48:15+00:00\",\"dateModified\":\"2024-10-15T12:51:42+00:00\",\"description\":\"Descubre todo lo que ofrece el pulverizador motorizado Pulmic Tauris AIR+. Y si tienes cualquier duda, puedes consultarnos desde el formulario de contacto.\",\"breadcrumb\":{\"@id\":\"https:\\\/\\\/gruposanz.es\\\/pt-pt\\\/producto\\\/pulmic-taurus-air-8#breadcrumb\"},\"inLanguage\":\"pt-PT\",\"potentialAction\":[{\"@type\":\"ReadAction\",\"target\":[\"https:\\\/\\\/gruposanz.es\\\/pt-pt\\\/producto\\\/pulmic-taurus-air-8\"]}]},{\"@type\":\"ImageObject\",\"inLanguage\":\"pt-PT\",\"@id\":\"https:\\\/\\\/gruposanz.es\\\/pt-pt\\\/producto\\\/pulmic-taurus-air-8#primaryimage\",\"url\":\"https:\\\/\\\/gruposanz.es\\\/wp-content\\\/uploads\\\/2016\\\/01\\\/Taurus_Air_Plus-3.jpg\",\"contentUrl\":\"https:\\\/\\\/gruposanz.es\\\/wp-content\\\/uploads\\\/2016\\\/01\\\/Taurus_Air_Plus-3.jpg\",\"width\":555,\"height\":555,\"caption\":\"Pulverizador motorizado Pulmic Taurus AIR+\"},{\"@type\":\"BreadcrumbList\",\"@id\":\"https:\\\/\\\/gruposanz.es\\\/pt-pt\\\/producto\\\/pulmic-taurus-air-8#breadcrumb\",\"itemListElement\":[{\"@type\":\"ListItem\",\"position\":1,\"name\":\"Inicio\",\"item\":\"https:\\\/\\\/gruposanz.es\\\/pt-pt\"},{\"@type\":\"ListItem\",\"position\":2,\"name\":\"Produtos\",\"item\":\"https:\\\/\\\/gruposanz.es\\\/pt-pt\\\/shop\"},{\"@type\":\"ListItem\",\"position\":3,\"name\":\"Agricultura\",\"item\":\"https:\\\/\\\/gruposanz.es\\\/pt-pt\\\/categoriapt\\\/agricultura\"},{\"@type\":\"ListItem\",\"position\":4,\"name\":\"Aplica\u00e7\u00e3o motorizada\",\"item\":\"https:\\\/\\\/gruposanz.es\\\/pt-pt\\\/categoriapt\\\/agricultura\\\/aplicacao-motorizada-2\"},{\"@type\":\"ListItem\",\"position\":5,\"name\":\"Vaporizador\",\"item\":\"https:\\\/\\\/gruposanz.es\\\/pt-pt\\\/categoriapt\\\/agricultura\\\/aplicacao-motorizada-2\\\/vaporizador-motor\"},{\"@type\":\"ListItem\",\"position\":6,\"name\":\"Pulverizador motorizado Pulmic Taurus AIR+\"}]},{\"@type\":\"WebSite\",\"@id\":\"https:\\\/\\\/gruposanz.es\\\/pt-pt#website\",\"url\":\"https:\\\/\\\/gruposanz.es\\\/pt-pt\",\"name\":\"Grupo Sanz\",\"description\":\"Grupo Sanz, fabricantes de productos de pulverizaci\u00f3n y poda con sus marcas Pulmic, Kamikaze, Keeper y Siqua\",\"publisher\":{\"@id\":\"https:\\\/\\\/gruposanz.es\\\/pt-pt#organization\"},\"potentialAction\":[{\"@type\":\"SearchAction\",\"target\":{\"@type\":\"EntryPoint\",\"urlTemplate\":\"https:\\\/\\\/gruposanz.es\\\/pt-pt?s={search_term_string}\"},\"query-input\":{\"@type\":\"PropertyValueSpecification\",\"valueRequired\":true,\"valueName\":\"search_term_string\"}}],\"inLanguage\":\"pt-PT\"},{\"@type\":\"Organization\",\"@id\":\"https:\\\/\\\/gruposanz.es\\\/pt-pt#organization\",\"name\":\"Grupo Sanz\",\"url\":\"https:\\\/\\\/gruposanz.es\\\/pt-pt\",\"logo\":{\"@type\":\"ImageObject\",\"inLanguage\":\"pt-PT\",\"@id\":\"https:\\\/\\\/gruposanz.es\\\/pt-pt#\\\/schema\\\/logo\\\/image\\\/\",\"url\":\"https:\\\/\\\/gruposanz.es\\\/wp-content\\\/uploads\\\/2022\\\/10\\\/LOGOTIPO-GRUPO-SANZ-vertical.png\",\"contentUrl\":\"https:\\\/\\\/gruposanz.es\\\/wp-content\\\/uploads\\\/2022\\\/10\\\/LOGOTIPO-GRUPO-SANZ-vertical.png\",\"width\":1418,\"height\":1418,\"caption\":\"Grupo Sanz\"},\"image\":{\"@id\":\"https:\\\/\\\/gruposanz.es\\\/pt-pt#\\\/schema\\\/logo\\\/image\\\/\"},\"sameAs\":[\"https:\\\/\\\/www.linkedin.com\\\/company\\\/grupo-sanz-hermanos\",\"https:\\\/\\\/www.youtube.com\\\/user\\\/GrupoSanz\"]}]}<\/script>\n<!-- \/ Yoast SEO plugin. -->","yoast_head_json":{"title":"Pulverizador motorizado Pulmic Taurus AIR+ - Grupo Sanz","description":"Descubre todo lo que ofrece el pulverizador motorizado Pulmic Tauris AIR+. Y si tienes cualquier duda, puedes consultarnos desde el formulario de contacto.","robots":{"index":"index","follow":"follow","max-snippet":"max-snippet:-1","max-image-preview":"max-image-preview:large","max-video-preview":"max-video-preview:-1"},"canonical":"https:\/\/gruposanz.es\/pt-pt\/producto\/pulmic-taurus-air-8","og_locale":"pt_PT","og_type":"article","og_title":"Pulverizador motorizado Pulmic Taurus AIR+ - Grupo Sanz","og_description":"Descubre todo lo que ofrece el pulverizador motorizado Pulmic Tauris AIR+. Y si tienes cualquier duda, puedes consultarnos desde el formulario de contacto.","og_url":"https:\/\/gruposanz.es\/pt-pt\/producto\/pulmic-taurus-air-8","og_site_name":"Grupo Sanz","article_modified_time":"2024-10-15T12:51:42+00:00","og_image":[{"width":555,"height":555,"url":"https:\/\/gruposanz.es\/wp-content\/uploads\/2016\/01\/Taurus_Air_Plus-3.jpg","type":"image\/jpeg"}],"twitter_card":"summary_large_image","twitter_misc":{"Tempo estimado de leitura":"2 minutos"},"schema":{"@context":"https:\/\/schema.org","@graph":[{"@type":"WebPage","@id":"https:\/\/gruposanz.es\/pt-pt\/producto\/pulmic-taurus-air-8","url":"https:\/\/gruposanz.es\/pt-pt\/producto\/pulmic-taurus-air-8","name":"Pulverizador motorizado Pulmic Taurus AIR+ - Grupo Sanz","isPartOf":{"@id":"https:\/\/gruposanz.es\/pt-pt#website"},"primaryImageOfPage":{"@id":"https:\/\/gruposanz.es\/pt-pt\/producto\/pulmic-taurus-air-8#primaryimage"},"image":{"@id":"https:\/\/gruposanz.es\/pt-pt\/producto\/pulmic-taurus-air-8#primaryimage"},"thumbnailUrl":"https:\/\/gruposanz.es\/wp-content\/uploads\/2016\/01\/Taurus_Air_Plus-3.jpg","datePublished":"2015-12-18T19:48:15+00:00","dateModified":"2024-10-15T12:51:42+00:00","description":"Descubre todo lo que ofrece el pulverizador motorizado Pulmic Tauris AIR+. Y si tienes cualquier duda, puedes consultarnos desde el formulario de contacto.","breadcrumb":{"@id":"https:\/\/gruposanz.es\/pt-pt\/producto\/pulmic-taurus-air-8#breadcrumb"},"inLanguage":"pt-PT","potentialAction":[{"@type":"ReadAction","target":["https:\/\/gruposanz.es\/pt-pt\/producto\/pulmic-taurus-air-8"]}]},{"@type":"ImageObject","inLanguage":"pt-PT","@id":"https:\/\/gruposanz.es\/pt-pt\/producto\/pulmic-taurus-air-8#primaryimage","url":"https:\/\/gruposanz.es\/wp-content\/uploads\/2016\/01\/Taurus_Air_Plus-3.jpg","contentUrl":"https:\/\/gruposanz.es\/wp-content\/uploads\/2016\/01\/Taurus_Air_Plus-3.jpg","width":555,"height":555,"caption":"Pulverizador motorizado Pulmic Taurus AIR+"},{"@type":"BreadcrumbList","@id":"https:\/\/gruposanz.es\/pt-pt\/producto\/pulmic-taurus-air-8#breadcrumb","itemListElement":[{"@type":"ListItem","position":1,"name":"Inicio","item":"https:\/\/gruposanz.es\/pt-pt"},{"@type":"ListItem","position":2,"name":"Produtos","item":"https:\/\/gruposanz.es\/pt-pt\/shop"},{"@type":"ListItem","position":3,"name":"Agricultura","item":"https:\/\/gruposanz.es\/pt-pt\/categoriapt\/agricultura"},{"@type":"ListItem","position":4,"name":"Aplica\u00e7\u00e3o motorizada","item":"https:\/\/gruposanz.es\/pt-pt\/categoriapt\/agricultura\/aplicacao-motorizada-2"},{"@type":"ListItem","position":5,"name":"Vaporizador","item":"https:\/\/gruposanz.es\/pt-pt\/categoriapt\/agricultura\/aplicacao-motorizada-2\/vaporizador-motor"},{"@type":"ListItem","position":6,"name":"Pulverizador motorizado Pulmic Taurus AIR+"}]},{"@type":"WebSite","@id":"https:\/\/gruposanz.es\/pt-pt#website","url":"https:\/\/gruposanz.es\/pt-pt","name":"Grupo Sanz","description":"Grupo Sanz, fabricantes de productos de pulverizaci\u00f3n y poda con sus marcas Pulmic, Kamikaze, Keeper y Siqua","publisher":{"@id":"https:\/\/gruposanz.es\/pt-pt#organization"},"potentialAction":[{"@type":"SearchAction","target":{"@type":"EntryPoint","urlTemplate":"https:\/\/gruposanz.es\/pt-pt?s={search_term_string}"},"query-input":{"@type":"PropertyValueSpecification","valueRequired":true,"valueName":"search_term_string"}}],"inLanguage":"pt-PT"},{"@type":"Organization","@id":"https:\/\/gruposanz.es\/pt-pt#organization","name":"Grupo Sanz","url":"https:\/\/gruposanz.es\/pt-pt","logo":{"@type":"ImageObject","inLanguage":"pt-PT","@id":"https:\/\/gruposanz.es\/pt-pt#\/schema\/logo\/image\/","url":"https:\/\/gruposanz.es\/wp-content\/uploads\/2022\/10\/LOGOTIPO-GRUPO-SANZ-vertical.png","contentUrl":"https:\/\/gruposanz.es\/wp-content\/uploads\/2022\/10\/LOGOTIPO-GRUPO-SANZ-vertical.png","width":1418,"height":1418,"caption":"Grupo Sanz"},"image":{"@id":"https:\/\/gruposanz.es\/pt-pt#\/schema\/logo\/image\/"},"sameAs":["https:\/\/www.linkedin.com\/company\/grupo-sanz-hermanos","https:\/\/www.youtube.com\/user\/GrupoSanz"]}]}},"_links":{"self":[{"href":"https:\/\/gruposanz.es\/pt-pt\/wp-json\/wp\/v2\/product\/25573","targetHints":{"allow":["GET"]}}],"collection":[{"href":"https:\/\/gruposanz.es\/pt-pt\/wp-json\/wp\/v2\/product"}],"about":[{"href":"https:\/\/gruposanz.es\/pt-pt\/wp-json\/wp\/v2\/types\/product"}],"wp:featuredmedia":[{"embeddable":true,"href":"https:\/\/gruposanz.es\/pt-pt\/wp-json\/wp\/v2\/media\/47241"}],"wp:attachment":[{"href":"https:\/\/gruposanz.es\/pt-pt\/wp-json\/wp\/v2\/media?parent=25573"}],"wp:term":[{"taxonomy":"product_brand","embeddable":true,"href":"https:\/\/gruposanz.es\/pt-pt\/wp-json\/wp\/v2\/product_brand?post=25573"},{"taxonomy":"product_cat","embeddable":true,"href":"https:\/\/gruposanz.es\/pt-pt\/wp-json\/wp\/v2\/product_cat?post=25573"},{"taxonomy":"product_tag","embeddable":true,"href":"https:\/\/gruposanz.es\/pt-pt\/wp-json\/wp\/v2\/product_tag?post=25573"}],"curies":[{"name":"wp","href":"https:\/\/api.w.org\/{rel}","templated":true}]}}