{"id":25628,"date":"2016-01-15T11:30:58","date_gmt":"2015-12-03T18:39:36","guid":{"rendered":"http:\/\/gruposanz.es\/?post_type=product&#038;p=25628"},"modified":"2019-08-20T17:25:47","modified_gmt":"2019-08-20T15:25:47","slug":"pulmic-raptor-16-magicdisc-3","status":"publish","type":"product","link":"https:\/\/gruposanz.es\/pt-pt\/producto\/pulmic-raptor-16-magicdisc-3","title":{"rendered":"Pulverizador Pulmic Raptor 16 MAGICDISC"},"content":{"rendered":"<div class=\"wpb-content-wrapper\"><p>[vc_row][vc_column][vc_column_text]<\/p>\n<h4><span style=\"color: #b7000c;\"><strong>Descri\u00e7\u00e3o<\/strong><\/span><\/h4>\n<p style=\"text-align: justify;\">Este sistema de pulveriza\u00e7\u00e3o \u00e9 \u00fanico no mundo, serve para a aplica\u00e7\u00e3o de herbicidas e inseticidas. N\u00e3o necessita pilhas nem bateria. Mant\u00e9m o tamanho da gota e a precis\u00e3o constantes, trabalhando em mais de 2 metros de di\u00e2metro. A sua manuten\u00e7\u00e3o \u00e9 f\u00e1cil. N\u00e3o h\u00e1 risco de avaria, j\u00e1 que n\u00e3o possui motor, o que \u00e9 uma mais valia comparativamente \u00e0s m\u00e1quinas UBV mais tradicionais. Este tipo de produto \u00e9 ideal para a m\u00e3o de obra pouco qualificada.<br \/>\n<span style=\"text-decoration: underline;\">Rapidez<\/span>: A dura\u00e7\u00e3o do tratamento com o Magicdisc \u00e9 inferior \u00e0 dos bicos tradicionais.<br \/>\n<span style=\"text-decoration: underline;\">Efic\u00e1cia<\/span>: O n\u00famero de hectares tratados por dia \u00e9 superior ao dos hectares tratados com um bico tradicional.<br \/>\n<span style=\"text-decoration: underline;\">Comodidade<\/span>: Menor necessidade de \u00e1gua. Enquanto que com um bico tradicional s\u00e3o necess\u00e1rios cerca de 70 l\/ha, com o Magicdisc s\u00f3 s\u00e3o necess\u00e1rios 32 l\/ha, o equivalente a dois dep\u00f3sitos de 16 litros.<\/p>\n<h4><span style=\"color: #b7000c;\"><strong>Caracter\u00edsticas<\/strong><\/span><\/h4>\n<p style=\"text-align: justify;\">&#8211; Lan\u00e7a telesc\u00f3pica em fibra de vidro<br \/>\n&#8211; Punho com juntas em Viton<br \/>\n&#8211; Sistema de aplica\u00e7\u00e3o por impuls\u00e3o hidr\u00e1ulica que gera um movimento centr\u00edfugo<\/p>\n<p>[\/vc_column_text][vc_row_inner][vc_column_inner width=&#8221;1\/6&#8243; offset=&#8221;vc_col-xs-3&#8243;][vc_single_image image=&#8221;46720&#8243; img_size=&#8221;&#8221; alignment=&#8221;center&#8221;][\/vc_column_inner][vc_column_inner width=&#8221;1\/6&#8243; offset=&#8221;vc_col-xs-3&#8243;][vc_single_image image=&#8221;46695&#8243; img_size=&#8221;full&#8221; alignment=&#8221;center&#8221;][\/vc_column_inner][vc_column_inner width=&#8221;1\/6&#8243; offset=&#8221;vc_col-xs-4&#8243;][vc_single_image image=&#8221;46765&#8243; img_size=&#8221;full&#8221; alignment=&#8221;center&#8221;][\/vc_column_inner][vc_column_inner width=&#8221;1\/6&#8243; offset=&#8221;vc_col-xs-4&#8243;][vc_single_image image=&#8221;46770&#8243; img_size=&#8221;full&#8221; alignment=&#8221;center&#8221;][\/vc_column_inner][vc_column_inner width=&#8221;1\/6&#8243; offset=&#8221;vc_col-xs-4&#8243;][vc_single_image image=&#8221;46725&#8243; img_size=&#8221;full&#8221; alignment=&#8221;center&#8221;][\/vc_column_inner][vc_column_inner width=&#8221;1\/6&#8243;][\/vc_column_inner][\/vc_row_inner][\/vc_column][\/vc_row][vc_row disable_element=&#8221;yes&#8221;][vc_column][vc_row_inner][vc_column_inner width=&#8221;1\/2&#8243;][vc_btn title=&#8221;FICHA T\u00c9CNICO-COMERCIAL&#8221; style=&#8221;custom&#8221; custom_background=&#8221;#b7000c&#8221; custom_text=&#8221;#ffffff&#8221; shape=&#8221;square&#8221; align=&#8221;center&#8221; i_icon_fontawesome=&#8221;fa fa-file-pdf-o&#8221; button_block=&#8221;true&#8221; add_icon=&#8221;true&#8221; link=&#8221;url:%2Fwp-content%2Fuploads%2F2018%2F02%2FFicha-T%C3%A9cnico-Comercial-Pulmic-Raptor-1.pdf||target:%20_blank|&#8221; el_class=&#8221;boton-descarga-producto&#8221;][\/vc_column_inner][vc_column_inner width=&#8221;1\/2&#8243;][vc_btn title=&#8221;MANUAL&#8221; style=&#8221;custom&#8221; custom_background=&#8221;#b7000c&#8221; custom_text=&#8221;#ffffff&#8221; shape=&#8221;square&#8221; align=&#8221;center&#8221; i_icon_fontawesome=&#8221;fa fa-file-pdf-o&#8221; button_block=&#8221;true&#8221; add_icon=&#8221;true&#8221; link=&#8221;url:%2Fwp-content%2Fuploads%2F2018%2F03%2FManual-de-instrucciones-Garden-12-16-WEB.pdf||target:%20_blank|&#8221; el_class=&#8221;boton-descarga-producto&#8221;][\/vc_column_inner][\/vc_row_inner][\/vc_column][\/vc_row][vc_row disable_element=&#8221;yes&#8221;][vc_column][vc_row_inner][vc_column_inner width=&#8221;1\/3&#8243;][vc_btn title=&#8221;FICHA T\u00c9CNICO-COMERCIAL&#8221; style=&#8221;custom&#8221; custom_background=&#8221;#b7000c&#8221; custom_text=&#8221;#ffffff&#8221; shape=&#8221;square&#8221; align=&#8221;center&#8221; i_icon_fontawesome=&#8221;fa fa-file-pdf-o&#8221; button_block=&#8221;true&#8221; add_icon=&#8221;true&#8221; link=&#8221;url:%2Fwp-content%2Fuploads%2F2019%2F08%2F7823-FTC-Keeper-Garden-16.pdf||target:%20_blank|&#8221; el_class=&#8221;boton-descarga-producto&#8221;][\/vc_column_inner][vc_column_inner width=&#8221;1\/3&#8243;][vc_btn title=&#8221;MANUAL&#8221; style=&#8221;custom&#8221; custom_background=&#8221;#b7000c&#8221; custom_text=&#8221;#ffffff&#8221; shape=&#8221;square&#8221; align=&#8221;center&#8221; i_icon_fontawesome=&#8221;fa fa-file-pdf-o&#8221; button_block=&#8221;true&#8221; add_icon=&#8221;true&#8221; link=&#8221;url:%2Fwp-content%2Fuploads%2F2018%2F03%2FManual-de-instrucciones-Garden-12-16-WEB.pdf||target:%20_blank|&#8221; el_class=&#8221;boton-descarga-producto&#8221;][\/vc_column_inner][vc_column_inner width=&#8221;1\/3&#8243;][vc_btn title=&#8221;ATIVAR GARANTIA&#8221; style=&#8221;custom&#8221; custom_background=&#8221;#b7000c&#8221; custom_text=&#8221;#ffffff&#8221; shape=&#8221;square&#8221; align=&#8221;center&#8221; i_icon_fontawesome=&#8221;fa fa-file-pdf-o&#8221; button_block=&#8221;true&#8221; add_icon=&#8221;true&#8221; link=&#8221;url:%2Factivacion-garantia||target:%20_blank|&#8221; el_class=&#8221;boton-descarga-producto&#8221;][\/vc_column_inner][\/vc_row_inner][\/vc_column][\/vc_row][vc_row disable_element=&#8221;yes&#8221;][vc_column][vc_single_image image=&#8221;46675&#8243; img_size=&#8221;full&#8221; alignment=&#8221;center&#8221;][\/vc_column][\/vc_row][vc_row css=&#8221;.vc_custom_1566293919405{margin-top: 0px !important;}&#8221;][vc_column][vc_video link=&#8221;https:\/\/www.youtube.com\/watch?v=CRWLqNamhv4&#8243;][\/vc_column][\/vc_row]<\/p>\n<\/div>","protected":false},"excerpt":{"rendered":"<h2 style=\"text-align: center;\"><span style=\"color: #ffffff;\"><strong>Pulverizadores el\u00e9tricos e manuais para aplica\u00e7\u00e3o em agricultura<\/strong><\/span><\/h2>\n","protected":false},"featured_media":46971,"template":"","meta":[],"product_brand":[],"product_cat":[3250,3264,3268],"product_tag":[3374],"class_list":{"0":"post-25628","1":"product","2":"type-product","3":"status-publish","4":"has-post-thumbnail","6":"product_cat-agricultura","7":"product_cat-aplicacao-manual-2","8":"product_cat-pulverizadores-de-dorso-manual-2","9":"product_tag-produtos-pulmic","11":"first","12":"instock","13":"shipping-taxable","14":"product-type-simple"},"yoast_head":"<!-- This site is optimized with the Yoast SEO plugin v27.3 - https:\/\/yoast.com\/product\/yoast-seo-wordpress\/ -->\n<title>Pulverizador Pulmic Raptor 16 MAGICDISC - Grupo Sanz<\/title>\n<meta name=\"description\" content=\"Descubre este increible Pulverizador Pulmic Raptor 16 MAGICDISC. Este es su sistema de aplicaci\u00f3n, tan interesante como novedoso.\" \/>\n<meta name=\"robots\" content=\"index, follow, max-snippet:-1, max-image-preview:large, max-video-preview:-1\" \/>\n<link rel=\"canonical\" href=\"https:\/\/gruposanz.es\/pt-pt\/producto\/pulmic-raptor-16-magicdisc-3\" \/>\n<meta property=\"og:locale\" content=\"pt_PT\" \/>\n<meta property=\"og:type\" content=\"article\" \/>\n<meta property=\"og:title\" content=\"Pulverizador Pulmic Raptor 16 MAGICDISC - Grupo Sanz\" \/>\n<meta property=\"og:description\" content=\"Descubre este increible Pulverizador Pulmic Raptor 16 MAGICDISC. Este es su sistema de aplicaci\u00f3n, tan interesante como novedoso.\" \/>\n<meta property=\"og:url\" content=\"https:\/\/gruposanz.es\/pt-pt\/producto\/pulmic-raptor-16-magicdisc-3\" \/>\n<meta property=\"og:site_name\" content=\"Grupo Sanz\" \/>\n<meta property=\"article:modified_time\" content=\"2019-08-20T15:25:47+00:00\" \/>\n<meta property=\"og:image\" content=\"https:\/\/gruposanz.es\/wp-content\/uploads\/2016\/01\/Raptor_16_Magicdisc-3.jpg\" \/>\n\t<meta property=\"og:image:width\" content=\"555\" \/>\n\t<meta property=\"og:image:height\" content=\"555\" \/>\n\t<meta property=\"og:image:type\" content=\"image\/jpeg\" \/>\n<meta name=\"twitter:card\" content=\"summary_large_image\" \/>\n<meta name=\"twitter:label1\" content=\"Tempo estimado de leitura\" \/>\n\t<meta name=\"twitter:data1\" content=\"3 minutos\" \/>\n<script type=\"application\/ld+json\" class=\"yoast-schema-graph\">{\"@context\":\"https:\\\/\\\/schema.org\",\"@graph\":[{\"@type\":\"WebPage\",\"@id\":\"https:\\\/\\\/gruposanz.es\\\/pt-pt\\\/producto\\\/pulmic-raptor-16-magicdisc-3\",\"url\":\"https:\\\/\\\/gruposanz.es\\\/pt-pt\\\/producto\\\/pulmic-raptor-16-magicdisc-3\",\"name\":\"Pulverizador Pulmic Raptor 16 MAGICDISC - Grupo Sanz\",\"isPartOf\":{\"@id\":\"https:\\\/\\\/gruposanz.es\\\/pt-pt#website\"},\"primaryImageOfPage\":{\"@id\":\"https:\\\/\\\/gruposanz.es\\\/pt-pt\\\/producto\\\/pulmic-raptor-16-magicdisc-3#primaryimage\"},\"image\":{\"@id\":\"https:\\\/\\\/gruposanz.es\\\/pt-pt\\\/producto\\\/pulmic-raptor-16-magicdisc-3#primaryimage\"},\"thumbnailUrl\":\"https:\\\/\\\/gruposanz.es\\\/wp-content\\\/uploads\\\/2016\\\/01\\\/Raptor_16_Magicdisc-3.jpg\",\"datePublished\":\"2015-12-03T18:39:36+00:00\",\"dateModified\":\"2019-08-20T15:25:47+00:00\",\"description\":\"Descubre este increible Pulverizador Pulmic Raptor 16 MAGICDISC. Este es su sistema de aplicaci\u00f3n, tan interesante como novedoso.\",\"breadcrumb\":{\"@id\":\"https:\\\/\\\/gruposanz.es\\\/pt-pt\\\/producto\\\/pulmic-raptor-16-magicdisc-3#breadcrumb\"},\"inLanguage\":\"pt-PT\",\"potentialAction\":[{\"@type\":\"ReadAction\",\"target\":[\"https:\\\/\\\/gruposanz.es\\\/pt-pt\\\/producto\\\/pulmic-raptor-16-magicdisc-3\"]}]},{\"@type\":\"ImageObject\",\"inLanguage\":\"pt-PT\",\"@id\":\"https:\\\/\\\/gruposanz.es\\\/pt-pt\\\/producto\\\/pulmic-raptor-16-magicdisc-3#primaryimage\",\"url\":\"https:\\\/\\\/gruposanz.es\\\/wp-content\\\/uploads\\\/2016\\\/01\\\/Raptor_16_Magicdisc-3.jpg\",\"contentUrl\":\"https:\\\/\\\/gruposanz.es\\\/wp-content\\\/uploads\\\/2016\\\/01\\\/Raptor_16_Magicdisc-3.jpg\",\"width\":555,\"height\":555,\"caption\":\"Pulverizador Pulmic Raptor 16 MAGICDISC\"},{\"@type\":\"BreadcrumbList\",\"@id\":\"https:\\\/\\\/gruposanz.es\\\/pt-pt\\\/producto\\\/pulmic-raptor-16-magicdisc-3#breadcrumb\",\"itemListElement\":[{\"@type\":\"ListItem\",\"position\":1,\"name\":\"Inicio\",\"item\":\"https:\\\/\\\/gruposanz.es\\\/pt-pt\"},{\"@type\":\"ListItem\",\"position\":2,\"name\":\"Produtos\",\"item\":\"https:\\\/\\\/gruposanz.es\\\/pt-pt\\\/shop\"},{\"@type\":\"ListItem\",\"position\":3,\"name\":\"Agricultura\",\"item\":\"https:\\\/\\\/gruposanz.es\\\/pt-pt\\\/categoriapt\\\/agricultura\"},{\"@type\":\"ListItem\",\"position\":4,\"name\":\"Aplica\u00e7\u00e3o manual\",\"item\":\"https:\\\/\\\/gruposanz.es\\\/pt-pt\\\/categoriapt\\\/agricultura\\\/aplicacao-manual-2\"},{\"@type\":\"ListItem\",\"position\":5,\"name\":\"Pulverizadores de dorso\",\"item\":\"https:\\\/\\\/gruposanz.es\\\/pt-pt\\\/categoriapt\\\/agricultura\\\/aplicacao-manual-2\\\/pulverizadores-de-dorso-manual-2\"},{\"@type\":\"ListItem\",\"position\":6,\"name\":\"Pulverizador Pulmic Raptor 16 MAGICDISC\"}]},{\"@type\":\"WebSite\",\"@id\":\"https:\\\/\\\/gruposanz.es\\\/pt-pt#website\",\"url\":\"https:\\\/\\\/gruposanz.es\\\/pt-pt\",\"name\":\"Grupo Sanz\",\"description\":\"Grupo Sanz, fabricantes de productos de pulverizaci\u00f3n y poda con sus marcas Pulmic, Kamikaze, Keeper y Siqua\",\"publisher\":{\"@id\":\"https:\\\/\\\/gruposanz.es\\\/pt-pt#organization\"},\"potentialAction\":[{\"@type\":\"SearchAction\",\"target\":{\"@type\":\"EntryPoint\",\"urlTemplate\":\"https:\\\/\\\/gruposanz.es\\\/pt-pt?s={search_term_string}\"},\"query-input\":{\"@type\":\"PropertyValueSpecification\",\"valueRequired\":true,\"valueName\":\"search_term_string\"}}],\"inLanguage\":\"pt-PT\"},{\"@type\":\"Organization\",\"@id\":\"https:\\\/\\\/gruposanz.es\\\/pt-pt#organization\",\"name\":\"Grupo Sanz\",\"url\":\"https:\\\/\\\/gruposanz.es\\\/pt-pt\",\"logo\":{\"@type\":\"ImageObject\",\"inLanguage\":\"pt-PT\",\"@id\":\"https:\\\/\\\/gruposanz.es\\\/pt-pt#\\\/schema\\\/logo\\\/image\\\/\",\"url\":\"https:\\\/\\\/gruposanz.es\\\/wp-content\\\/uploads\\\/2022\\\/10\\\/LOGOTIPO-GRUPO-SANZ-vertical.png\",\"contentUrl\":\"https:\\\/\\\/gruposanz.es\\\/wp-content\\\/uploads\\\/2022\\\/10\\\/LOGOTIPO-GRUPO-SANZ-vertical.png\",\"width\":1418,\"height\":1418,\"caption\":\"Grupo Sanz\"},\"image\":{\"@id\":\"https:\\\/\\\/gruposanz.es\\\/pt-pt#\\\/schema\\\/logo\\\/image\\\/\"},\"sameAs\":[\"https:\\\/\\\/www.linkedin.com\\\/company\\\/grupo-sanz-hermanos\",\"https:\\\/\\\/www.youtube.com\\\/user\\\/GrupoSanz\"]}]}<\/script>\n<!-- \/ Yoast SEO plugin. -->","yoast_head_json":{"title":"Pulverizador Pulmic Raptor 16 MAGICDISC - Grupo Sanz","description":"Descubre este increible Pulverizador Pulmic Raptor 16 MAGICDISC. Este es su sistema de aplicaci\u00f3n, tan interesante como novedoso.","robots":{"index":"index","follow":"follow","max-snippet":"max-snippet:-1","max-image-preview":"max-image-preview:large","max-video-preview":"max-video-preview:-1"},"canonical":"https:\/\/gruposanz.es\/pt-pt\/producto\/pulmic-raptor-16-magicdisc-3","og_locale":"pt_PT","og_type":"article","og_title":"Pulverizador Pulmic Raptor 16 MAGICDISC - Grupo Sanz","og_description":"Descubre este increible Pulverizador Pulmic Raptor 16 MAGICDISC. Este es su sistema de aplicaci\u00f3n, tan interesante como novedoso.","og_url":"https:\/\/gruposanz.es\/pt-pt\/producto\/pulmic-raptor-16-magicdisc-3","og_site_name":"Grupo Sanz","article_modified_time":"2019-08-20T15:25:47+00:00","og_image":[{"width":555,"height":555,"url":"https:\/\/gruposanz.es\/wp-content\/uploads\/2016\/01\/Raptor_16_Magicdisc-3.jpg","type":"image\/jpeg"}],"twitter_card":"summary_large_image","twitter_misc":{"Tempo estimado de leitura":"3 minutos"},"schema":{"@context":"https:\/\/schema.org","@graph":[{"@type":"WebPage","@id":"https:\/\/gruposanz.es\/pt-pt\/producto\/pulmic-raptor-16-magicdisc-3","url":"https:\/\/gruposanz.es\/pt-pt\/producto\/pulmic-raptor-16-magicdisc-3","name":"Pulverizador Pulmic Raptor 16 MAGICDISC - Grupo Sanz","isPartOf":{"@id":"https:\/\/gruposanz.es\/pt-pt#website"},"primaryImageOfPage":{"@id":"https:\/\/gruposanz.es\/pt-pt\/producto\/pulmic-raptor-16-magicdisc-3#primaryimage"},"image":{"@id":"https:\/\/gruposanz.es\/pt-pt\/producto\/pulmic-raptor-16-magicdisc-3#primaryimage"},"thumbnailUrl":"https:\/\/gruposanz.es\/wp-content\/uploads\/2016\/01\/Raptor_16_Magicdisc-3.jpg","datePublished":"2015-12-03T18:39:36+00:00","dateModified":"2019-08-20T15:25:47+00:00","description":"Descubre este increible Pulverizador Pulmic Raptor 16 MAGICDISC. Este es su sistema de aplicaci\u00f3n, tan interesante como novedoso.","breadcrumb":{"@id":"https:\/\/gruposanz.es\/pt-pt\/producto\/pulmic-raptor-16-magicdisc-3#breadcrumb"},"inLanguage":"pt-PT","potentialAction":[{"@type":"ReadAction","target":["https:\/\/gruposanz.es\/pt-pt\/producto\/pulmic-raptor-16-magicdisc-3"]}]},{"@type":"ImageObject","inLanguage":"pt-PT","@id":"https:\/\/gruposanz.es\/pt-pt\/producto\/pulmic-raptor-16-magicdisc-3#primaryimage","url":"https:\/\/gruposanz.es\/wp-content\/uploads\/2016\/01\/Raptor_16_Magicdisc-3.jpg","contentUrl":"https:\/\/gruposanz.es\/wp-content\/uploads\/2016\/01\/Raptor_16_Magicdisc-3.jpg","width":555,"height":555,"caption":"Pulverizador Pulmic Raptor 16 MAGICDISC"},{"@type":"BreadcrumbList","@id":"https:\/\/gruposanz.es\/pt-pt\/producto\/pulmic-raptor-16-magicdisc-3#breadcrumb","itemListElement":[{"@type":"ListItem","position":1,"name":"Inicio","item":"https:\/\/gruposanz.es\/pt-pt"},{"@type":"ListItem","position":2,"name":"Produtos","item":"https:\/\/gruposanz.es\/pt-pt\/shop"},{"@type":"ListItem","position":3,"name":"Agricultura","item":"https:\/\/gruposanz.es\/pt-pt\/categoriapt\/agricultura"},{"@type":"ListItem","position":4,"name":"Aplica\u00e7\u00e3o manual","item":"https:\/\/gruposanz.es\/pt-pt\/categoriapt\/agricultura\/aplicacao-manual-2"},{"@type":"ListItem","position":5,"name":"Pulverizadores de dorso","item":"https:\/\/gruposanz.es\/pt-pt\/categoriapt\/agricultura\/aplicacao-manual-2\/pulverizadores-de-dorso-manual-2"},{"@type":"ListItem","position":6,"name":"Pulverizador Pulmic Raptor 16 MAGICDISC"}]},{"@type":"WebSite","@id":"https:\/\/gruposanz.es\/pt-pt#website","url":"https:\/\/gruposanz.es\/pt-pt","name":"Grupo Sanz","description":"Grupo Sanz, fabricantes de productos de pulverizaci\u00f3n y poda con sus marcas Pulmic, Kamikaze, Keeper y Siqua","publisher":{"@id":"https:\/\/gruposanz.es\/pt-pt#organization"},"potentialAction":[{"@type":"SearchAction","target":{"@type":"EntryPoint","urlTemplate":"https:\/\/gruposanz.es\/pt-pt?s={search_term_string}"},"query-input":{"@type":"PropertyValueSpecification","valueRequired":true,"valueName":"search_term_string"}}],"inLanguage":"pt-PT"},{"@type":"Organization","@id":"https:\/\/gruposanz.es\/pt-pt#organization","name":"Grupo Sanz","url":"https:\/\/gruposanz.es\/pt-pt","logo":{"@type":"ImageObject","inLanguage":"pt-PT","@id":"https:\/\/gruposanz.es\/pt-pt#\/schema\/logo\/image\/","url":"https:\/\/gruposanz.es\/wp-content\/uploads\/2022\/10\/LOGOTIPO-GRUPO-SANZ-vertical.png","contentUrl":"https:\/\/gruposanz.es\/wp-content\/uploads\/2022\/10\/LOGOTIPO-GRUPO-SANZ-vertical.png","width":1418,"height":1418,"caption":"Grupo Sanz"},"image":{"@id":"https:\/\/gruposanz.es\/pt-pt#\/schema\/logo\/image\/"},"sameAs":["https:\/\/www.linkedin.com\/company\/grupo-sanz-hermanos","https:\/\/www.youtube.com\/user\/GrupoSanz"]}]}},"_links":{"self":[{"href":"https:\/\/gruposanz.es\/pt-pt\/wp-json\/wp\/v2\/product\/25628","targetHints":{"allow":["GET"]}}],"collection":[{"href":"https:\/\/gruposanz.es\/pt-pt\/wp-json\/wp\/v2\/product"}],"about":[{"href":"https:\/\/gruposanz.es\/pt-pt\/wp-json\/wp\/v2\/types\/product"}],"wp:featuredmedia":[{"embeddable":true,"href":"https:\/\/gruposanz.es\/pt-pt\/wp-json\/wp\/v2\/media\/46971"}],"wp:attachment":[{"href":"https:\/\/gruposanz.es\/pt-pt\/wp-json\/wp\/v2\/media?parent=25628"}],"wp:term":[{"taxonomy":"product_brand","embeddable":true,"href":"https:\/\/gruposanz.es\/pt-pt\/wp-json\/wp\/v2\/product_brand?post=25628"},{"taxonomy":"product_cat","embeddable":true,"href":"https:\/\/gruposanz.es\/pt-pt\/wp-json\/wp\/v2\/product_cat?post=25628"},{"taxonomy":"product_tag","embeddable":true,"href":"https:\/\/gruposanz.es\/pt-pt\/wp-json\/wp\/v2\/product_tag?post=25628"}],"curies":[{"name":"wp","href":"https:\/\/api.w.org\/{rel}","templated":true}]}}