{"id":25996,"date":"2016-01-17T19:21:57","date_gmt":"2016-01-17T18:17:46","guid":{"rendered":"http:\/\/gruposanz.es\/?post_type=product&#038;p=25996"},"modified":"2024-09-20T19:23:20","modified_gmt":"2024-09-20T17:23:20","slug":"keeper-garden-800-4","status":"publish","type":"product","link":"https:\/\/gruposanz.es\/pt-pt\/producto\/keeper-garden-800-4","title":{"rendered":"Pulverizador Keeper Garden 800"},"content":{"rendered":"<div class=\"wpb-content-wrapper\"><p>[vc_row][vc_column][vc_column_text]<\/p>\n<h4><span style=\"color: #b7000c;\"><strong>Descri\u00e7\u00e3o<\/strong><\/span><\/h4>\n<p style=\"text-align: justify;\">Keeper Garden 800 \u00e9 um pulverizador de gatilho para uso dom\u00e9stico e jardinagem, ideal para aplica\u00e7\u00e3o localizada. Seu dep\u00f3sito leve e atraente simplifica o trabalho.<\/p>\n<h4><span style=\"color: #b7000c;\"><strong>Caracter\u00edsticas<\/strong><\/span><\/h4>\n<p style=\"text-align: justify;\">&#8211; Dep\u00f3sito de 800 mililitros<br \/>\n&#8211; Leve<br \/>\n&#8211; Dispon\u00edvel em azul, magenta e roxo<\/p>\n<p>[\/vc_column_text][vc_row_inner disable_element=&#8221;yes&#8221;][vc_column_inner width=&#8221;1\/6&#8243; offset=&#8221;vc_col-xs-3&#8243;][vc_single_image image=&#8221;45480&#8243; img_size=&#8221;&#8221; alignment=&#8221;center&#8221;][\/vc_column_inner][vc_column_inner width=&#8221;1\/6&#8243; offset=&#8221;vc_col-xs-3&#8243;][vc_single_image image=&#8221;45496&#8243; img_size=&#8221;full&#8221; alignment=&#8221;center&#8221;][\/vc_column_inner][vc_column_inner width=&#8221;1\/6&#8243; offset=&#8221;vc_col-xs-4&#8243;][vc_single_image image=&#8221;45491&#8243; img_size=&#8221;full&#8221; alignment=&#8221;center&#8221;][\/vc_column_inner][vc_column_inner width=&#8221;1\/6&#8243; offset=&#8221;vc_col-xs-4&#8243;][vc_single_image image=&#8221;45486&#8243; img_size=&#8221;full&#8221; alignment=&#8221;center&#8221;][\/vc_column_inner][vc_column_inner width=&#8221;1\/6&#8243; offset=&#8221;vc_col-xs-4&#8243;][vc_single_image image=&#8221;45501&#8243; img_size=&#8221;full&#8221; alignment=&#8221;center&#8221;][\/vc_column_inner][vc_column_inner width=&#8221;1\/6&#8243; offset=&#8221;vc_col-xs-3&#8243;][\/vc_column_inner][\/vc_row_inner][\/vc_column][\/vc_row][vc_row disable_element=&#8221;yes&#8221;][vc_column][vc_row_inner][vc_column_inner width=&#8221;1\/2&#8243;][vc_btn title=&#8221;FICHA T\u00c9CNICO-COMERCIAL&#8221; style=&#8221;custom&#8221; custom_background=&#8221;#b7000c&#8221; custom_text=&#8221;#ffffff&#8221; shape=&#8221;square&#8221; align=&#8221;center&#8221; i_icon_fontawesome=&#8221;fa fa-file-pdf-o&#8221; button_block=&#8221;true&#8221; add_icon=&#8221;true&#8221; link=&#8221;url:%2Fwp-content%2Fuploads%2F2019%2F08%2F7824-FTC-Keeper-Garden-12.pdf||target:%20_blank|&#8221; el_class=&#8221;boton-descarga-producto&#8221;][\/vc_column_inner][vc_column_inner width=&#8221;1\/2&#8243;][vc_btn title=&#8221;MANUAL&#8221; style=&#8221;custom&#8221; custom_background=&#8221;#b7000c&#8221; custom_text=&#8221;#ffffff&#8221; shape=&#8221;square&#8221; align=&#8221;center&#8221; i_icon_fontawesome=&#8221;fa fa-file-pdf-o&#8221; button_block=&#8221;true&#8221; add_icon=&#8221;true&#8221; link=&#8221;url:%2Fwp-content%2Fuploads%2F2018%2F03%2FManual-de-instrucciones-Garden-12-16-WEB.pdf||target:%20_blank|&#8221; el_class=&#8221;boton-descarga-producto&#8221;][\/vc_column_inner][\/vc_row_inner][\/vc_column][\/vc_row][vc_row css=&#8221;.vc_custom_1565022946909{margin-top: 40px !important;}&#8221;][vc_column][vc_single_image image=&#8221;45509&#8243; img_size=&#8221;full&#8221; alignment=&#8221;center&#8221;][\/vc_column][\/vc_row]<\/p>\n<\/div>","protected":false},"excerpt":{"rendered":"<h2 style=\"text-align: center;\"><span style=\"color: #ffffff;\"><strong>Pulverizadores manuais e el\u00e9tricos para aplica\u00e7\u00e3o em jardins<\/strong><\/span><\/h2>\n","protected":false},"featured_media":45719,"template":"","meta":[],"product_brand":[],"product_cat":[3251,3292,3327],"product_tag":[3378],"class_list":{"0":"post-25996","1":"product","2":"type-product","3":"status-publish","4":"has-post-thumbnail","6":"product_cat-casa-e-jardim","7":"product_cat-pulverizadores-manuais","8":"product_cat-gatilho-jardim","9":"product_tag-produtos-keeper","11":"first","12":"instock","13":"shipping-taxable","14":"product-type-simple"},"yoast_head":"<!-- This site is optimized with the Yoast SEO plugin v27.3 - https:\/\/yoast.com\/product\/yoast-seo-wordpress\/ -->\n<title>Pulverizador Keeper Garden 800 - Grupo Sanz<\/title>\n<meta name=\"robots\" content=\"index, follow, max-snippet:-1, max-image-preview:large, max-video-preview:-1\" \/>\n<link rel=\"canonical\" href=\"https:\/\/gruposanz.es\/pt-pt\/producto\/keeper-garden-800-4\" \/>\n<meta property=\"og:locale\" content=\"pt_PT\" \/>\n<meta property=\"og:type\" content=\"article\" \/>\n<meta property=\"og:title\" content=\"Pulverizador Keeper Garden 800 - Grupo Sanz\" \/>\n<meta property=\"og:description\" content=\"Pulverizadores manuais e el\u00e9tricos para aplica\u00e7\u00e3o em jardins\" \/>\n<meta property=\"og:url\" content=\"https:\/\/gruposanz.es\/pt-pt\/producto\/keeper-garden-800-4\" \/>\n<meta property=\"og:site_name\" content=\"Grupo Sanz\" \/>\n<meta property=\"article:modified_time\" content=\"2024-09-20T17:23:20+00:00\" \/>\n<meta property=\"og:image\" content=\"https:\/\/gruposanz.es\/wp-content\/uploads\/2016\/01\/Keeper-Garden-800-Bandeja-3.jpg\" \/>\n\t<meta property=\"og:image:width\" content=\"555\" \/>\n\t<meta property=\"og:image:height\" content=\"555\" \/>\n\t<meta property=\"og:image:type\" content=\"image\/jpeg\" \/>\n<meta name=\"twitter:card\" content=\"summary_large_image\" \/>\n<meta name=\"twitter:label1\" content=\"Tempo estimado de leitura\" \/>\n\t<meta name=\"twitter:data1\" content=\"1 minuto\" \/>\n<script type=\"application\/ld+json\" class=\"yoast-schema-graph\">{\"@context\":\"https:\\\/\\\/schema.org\",\"@graph\":[{\"@type\":\"WebPage\",\"@id\":\"https:\\\/\\\/gruposanz.es\\\/pt-pt\\\/producto\\\/keeper-garden-800-4\",\"url\":\"https:\\\/\\\/gruposanz.es\\\/pt-pt\\\/producto\\\/keeper-garden-800-4\",\"name\":\"Pulverizador Keeper Garden 800 - Grupo Sanz\",\"isPartOf\":{\"@id\":\"https:\\\/\\\/gruposanz.es\\\/pt-pt#website\"},\"primaryImageOfPage\":{\"@id\":\"https:\\\/\\\/gruposanz.es\\\/pt-pt\\\/producto\\\/keeper-garden-800-4#primaryimage\"},\"image\":{\"@id\":\"https:\\\/\\\/gruposanz.es\\\/pt-pt\\\/producto\\\/keeper-garden-800-4#primaryimage\"},\"thumbnailUrl\":\"https:\\\/\\\/gruposanz.es\\\/wp-content\\\/uploads\\\/2016\\\/01\\\/Keeper-Garden-800-Bandeja-3.jpg\",\"datePublished\":\"2016-01-17T18:17:46+00:00\",\"dateModified\":\"2024-09-20T17:23:20+00:00\",\"breadcrumb\":{\"@id\":\"https:\\\/\\\/gruposanz.es\\\/pt-pt\\\/producto\\\/keeper-garden-800-4#breadcrumb\"},\"inLanguage\":\"pt-PT\",\"potentialAction\":[{\"@type\":\"ReadAction\",\"target\":[\"https:\\\/\\\/gruposanz.es\\\/pt-pt\\\/producto\\\/keeper-garden-800-4\"]}]},{\"@type\":\"ImageObject\",\"inLanguage\":\"pt-PT\",\"@id\":\"https:\\\/\\\/gruposanz.es\\\/pt-pt\\\/producto\\\/keeper-garden-800-4#primaryimage\",\"url\":\"https:\\\/\\\/gruposanz.es\\\/wp-content\\\/uploads\\\/2016\\\/01\\\/Keeper-Garden-800-Bandeja-3.jpg\",\"contentUrl\":\"https:\\\/\\\/gruposanz.es\\\/wp-content\\\/uploads\\\/2016\\\/01\\\/Keeper-Garden-800-Bandeja-3.jpg\",\"width\":555,\"height\":555,\"caption\":\"Pulverizador Keeper Garden 800\"},{\"@type\":\"BreadcrumbList\",\"@id\":\"https:\\\/\\\/gruposanz.es\\\/pt-pt\\\/producto\\\/keeper-garden-800-4#breadcrumb\",\"itemListElement\":[{\"@type\":\"ListItem\",\"position\":1,\"name\":\"Inicio\",\"item\":\"https:\\\/\\\/gruposanz.es\\\/pt-pt\"},{\"@type\":\"ListItem\",\"position\":2,\"name\":\"Produtos\",\"item\":\"https:\\\/\\\/gruposanz.es\\\/pt-pt\\\/shop\"},{\"@type\":\"ListItem\",\"position\":3,\"name\":\"Casa e jardim\",\"item\":\"https:\\\/\\\/gruposanz.es\\\/pt-pt\\\/categoriapt\\\/casa-e-jardim\"},{\"@type\":\"ListItem\",\"position\":4,\"name\":\"Pulverizadores Manuais\",\"item\":\"https:\\\/\\\/gruposanz.es\\\/pt-pt\\\/categoriapt\\\/casa-e-jardim\\\/pulverizadores-manuais\"},{\"@type\":\"ListItem\",\"position\":5,\"name\":\"Gatilho\",\"item\":\"https:\\\/\\\/gruposanz.es\\\/pt-pt\\\/categoriapt\\\/casa-e-jardim\\\/pulverizadores-manuais\\\/gatilho-jardim\"},{\"@type\":\"ListItem\",\"position\":6,\"name\":\"Pulverizador Keeper Garden 800\"}]},{\"@type\":\"WebSite\",\"@id\":\"https:\\\/\\\/gruposanz.es\\\/pt-pt#website\",\"url\":\"https:\\\/\\\/gruposanz.es\\\/pt-pt\",\"name\":\"Grupo Sanz\",\"description\":\"Grupo Sanz, fabricantes de productos de pulverizaci\u00f3n y poda con sus marcas Pulmic, Kamikaze, Keeper y Siqua\",\"publisher\":{\"@id\":\"https:\\\/\\\/gruposanz.es\\\/pt-pt#organization\"},\"potentialAction\":[{\"@type\":\"SearchAction\",\"target\":{\"@type\":\"EntryPoint\",\"urlTemplate\":\"https:\\\/\\\/gruposanz.es\\\/pt-pt?s={search_term_string}\"},\"query-input\":{\"@type\":\"PropertyValueSpecification\",\"valueRequired\":true,\"valueName\":\"search_term_string\"}}],\"inLanguage\":\"pt-PT\"},{\"@type\":\"Organization\",\"@id\":\"https:\\\/\\\/gruposanz.es\\\/pt-pt#organization\",\"name\":\"Grupo Sanz\",\"url\":\"https:\\\/\\\/gruposanz.es\\\/pt-pt\",\"logo\":{\"@type\":\"ImageObject\",\"inLanguage\":\"pt-PT\",\"@id\":\"https:\\\/\\\/gruposanz.es\\\/pt-pt#\\\/schema\\\/logo\\\/image\\\/\",\"url\":\"https:\\\/\\\/gruposanz.es\\\/wp-content\\\/uploads\\\/2022\\\/10\\\/LOGOTIPO-GRUPO-SANZ-vertical.png\",\"contentUrl\":\"https:\\\/\\\/gruposanz.es\\\/wp-content\\\/uploads\\\/2022\\\/10\\\/LOGOTIPO-GRUPO-SANZ-vertical.png\",\"width\":1418,\"height\":1418,\"caption\":\"Grupo Sanz\"},\"image\":{\"@id\":\"https:\\\/\\\/gruposanz.es\\\/pt-pt#\\\/schema\\\/logo\\\/image\\\/\"},\"sameAs\":[\"https:\\\/\\\/www.linkedin.com\\\/company\\\/grupo-sanz-hermanos\",\"https:\\\/\\\/www.youtube.com\\\/user\\\/GrupoSanz\"]}]}<\/script>\n<!-- \/ Yoast SEO plugin. -->","yoast_head_json":{"title":"Pulverizador Keeper Garden 800 - Grupo Sanz","robots":{"index":"index","follow":"follow","max-snippet":"max-snippet:-1","max-image-preview":"max-image-preview:large","max-video-preview":"max-video-preview:-1"},"canonical":"https:\/\/gruposanz.es\/pt-pt\/producto\/keeper-garden-800-4","og_locale":"pt_PT","og_type":"article","og_title":"Pulverizador Keeper Garden 800 - Grupo Sanz","og_description":"Pulverizadores manuais e el\u00e9tricos para aplica\u00e7\u00e3o em jardins","og_url":"https:\/\/gruposanz.es\/pt-pt\/producto\/keeper-garden-800-4","og_site_name":"Grupo Sanz","article_modified_time":"2024-09-20T17:23:20+00:00","og_image":[{"width":555,"height":555,"url":"https:\/\/gruposanz.es\/wp-content\/uploads\/2016\/01\/Keeper-Garden-800-Bandeja-3.jpg","type":"image\/jpeg"}],"twitter_card":"summary_large_image","twitter_misc":{"Tempo estimado de leitura":"1 minuto"},"schema":{"@context":"https:\/\/schema.org","@graph":[{"@type":"WebPage","@id":"https:\/\/gruposanz.es\/pt-pt\/producto\/keeper-garden-800-4","url":"https:\/\/gruposanz.es\/pt-pt\/producto\/keeper-garden-800-4","name":"Pulverizador Keeper Garden 800 - Grupo Sanz","isPartOf":{"@id":"https:\/\/gruposanz.es\/pt-pt#website"},"primaryImageOfPage":{"@id":"https:\/\/gruposanz.es\/pt-pt\/producto\/keeper-garden-800-4#primaryimage"},"image":{"@id":"https:\/\/gruposanz.es\/pt-pt\/producto\/keeper-garden-800-4#primaryimage"},"thumbnailUrl":"https:\/\/gruposanz.es\/wp-content\/uploads\/2016\/01\/Keeper-Garden-800-Bandeja-3.jpg","datePublished":"2016-01-17T18:17:46+00:00","dateModified":"2024-09-20T17:23:20+00:00","breadcrumb":{"@id":"https:\/\/gruposanz.es\/pt-pt\/producto\/keeper-garden-800-4#breadcrumb"},"inLanguage":"pt-PT","potentialAction":[{"@type":"ReadAction","target":["https:\/\/gruposanz.es\/pt-pt\/producto\/keeper-garden-800-4"]}]},{"@type":"ImageObject","inLanguage":"pt-PT","@id":"https:\/\/gruposanz.es\/pt-pt\/producto\/keeper-garden-800-4#primaryimage","url":"https:\/\/gruposanz.es\/wp-content\/uploads\/2016\/01\/Keeper-Garden-800-Bandeja-3.jpg","contentUrl":"https:\/\/gruposanz.es\/wp-content\/uploads\/2016\/01\/Keeper-Garden-800-Bandeja-3.jpg","width":555,"height":555,"caption":"Pulverizador Keeper Garden 800"},{"@type":"BreadcrumbList","@id":"https:\/\/gruposanz.es\/pt-pt\/producto\/keeper-garden-800-4#breadcrumb","itemListElement":[{"@type":"ListItem","position":1,"name":"Inicio","item":"https:\/\/gruposanz.es\/pt-pt"},{"@type":"ListItem","position":2,"name":"Produtos","item":"https:\/\/gruposanz.es\/pt-pt\/shop"},{"@type":"ListItem","position":3,"name":"Casa e jardim","item":"https:\/\/gruposanz.es\/pt-pt\/categoriapt\/casa-e-jardim"},{"@type":"ListItem","position":4,"name":"Pulverizadores Manuais","item":"https:\/\/gruposanz.es\/pt-pt\/categoriapt\/casa-e-jardim\/pulverizadores-manuais"},{"@type":"ListItem","position":5,"name":"Gatilho","item":"https:\/\/gruposanz.es\/pt-pt\/categoriapt\/casa-e-jardim\/pulverizadores-manuais\/gatilho-jardim"},{"@type":"ListItem","position":6,"name":"Pulverizador Keeper Garden 800"}]},{"@type":"WebSite","@id":"https:\/\/gruposanz.es\/pt-pt#website","url":"https:\/\/gruposanz.es\/pt-pt","name":"Grupo Sanz","description":"Grupo Sanz, fabricantes de productos de pulverizaci\u00f3n y poda con sus marcas Pulmic, Kamikaze, Keeper y Siqua","publisher":{"@id":"https:\/\/gruposanz.es\/pt-pt#organization"},"potentialAction":[{"@type":"SearchAction","target":{"@type":"EntryPoint","urlTemplate":"https:\/\/gruposanz.es\/pt-pt?s={search_term_string}"},"query-input":{"@type":"PropertyValueSpecification","valueRequired":true,"valueName":"search_term_string"}}],"inLanguage":"pt-PT"},{"@type":"Organization","@id":"https:\/\/gruposanz.es\/pt-pt#organization","name":"Grupo Sanz","url":"https:\/\/gruposanz.es\/pt-pt","logo":{"@type":"ImageObject","inLanguage":"pt-PT","@id":"https:\/\/gruposanz.es\/pt-pt#\/schema\/logo\/image\/","url":"https:\/\/gruposanz.es\/wp-content\/uploads\/2022\/10\/LOGOTIPO-GRUPO-SANZ-vertical.png","contentUrl":"https:\/\/gruposanz.es\/wp-content\/uploads\/2022\/10\/LOGOTIPO-GRUPO-SANZ-vertical.png","width":1418,"height":1418,"caption":"Grupo Sanz"},"image":{"@id":"https:\/\/gruposanz.es\/pt-pt#\/schema\/logo\/image\/"},"sameAs":["https:\/\/www.linkedin.com\/company\/grupo-sanz-hermanos","https:\/\/www.youtube.com\/user\/GrupoSanz"]}]}},"_links":{"self":[{"href":"https:\/\/gruposanz.es\/pt-pt\/wp-json\/wp\/v2\/product\/25996","targetHints":{"allow":["GET"]}}],"collection":[{"href":"https:\/\/gruposanz.es\/pt-pt\/wp-json\/wp\/v2\/product"}],"about":[{"href":"https:\/\/gruposanz.es\/pt-pt\/wp-json\/wp\/v2\/types\/product"}],"wp:featuredmedia":[{"embeddable":true,"href":"https:\/\/gruposanz.es\/pt-pt\/wp-json\/wp\/v2\/media\/45719"}],"wp:attachment":[{"href":"https:\/\/gruposanz.es\/pt-pt\/wp-json\/wp\/v2\/media?parent=25996"}],"wp:term":[{"taxonomy":"product_brand","embeddable":true,"href":"https:\/\/gruposanz.es\/pt-pt\/wp-json\/wp\/v2\/product_brand?post=25996"},{"taxonomy":"product_cat","embeddable":true,"href":"https:\/\/gruposanz.es\/pt-pt\/wp-json\/wp\/v2\/product_cat?post=25996"},{"taxonomy":"product_tag","embeddable":true,"href":"https:\/\/gruposanz.es\/pt-pt\/wp-json\/wp\/v2\/product_tag?post=25996"}],"curies":[{"name":"wp","href":"https:\/\/api.w.org\/{rel}","templated":true}]}}