{"id":70900,"date":"2021-12-21T16:38:50","date_gmt":"2021-12-21T15:38:54","guid":{"rendered":"https:\/\/gruposanz.es\/?post_type=product&#038;p=70900"},"modified":"2021-12-21T16:55:21","modified_gmt":"2021-12-21T15:55:21","slug":"tesoura-ez-kut-g2-ratcheting-lopper","status":"publish","type":"product","link":"https:\/\/gruposanz.es\/pt-pt\/producto\/tesoura-ez-kut-g2-ratcheting-lopper","title":{"rendered":"Tesoura EZ KUT G2 Ratcheting Lopper"},"content":{"rendered":"<div class=\"wpb-content-wrapper\"><p>[vc_row][vc_column][vc_column_text]<\/p>\n<h4><span style=\"color: #b7000c;\"><strong>Descri\u00e7\u00e3o<\/strong><\/span><\/h4>\n<p style=\"text-align: justify;\"><span lang=\"en-GB\">A LOPER EZ KUT G2 DA EZ KUT, USO PROFISSIONAL. \u00c9 a \u00faltima palavra em tesouras de poda do tipo catraca! Al\u00e7as telesc\u00f3picas, estende-se de 18 a 42 polegadas, chega a quase 10 p\u00e9s, al\u00e7as extens\u00edveis de alum\u00ednio, parafusos de lubrifica\u00e7\u00e3o patenteados para lubrifica\u00e7\u00e3o constante dos pontos de articula\u00e7\u00e3o da chave, cortador apenas com al\u00e7as substitu\u00edveis, al\u00e7as de borracha, a\u00e7\u00e3o de catraca de 6 est\u00e1gios, cortes de at\u00e9 3,5 polegadas com facilidade, l\u00e2mina de a\u00e7o SK5, l\u00e2mina substitu\u00edvel, afiada com revestimento antiaderente. Garantia de vida. Tecnologia MAX. Isso permite cortar ramos de di\u00e2metro m\u00e1ximo sem perder sua altura quando totalmente abertos. <\/span><span lang=\"en-GB\">\u00c9 ideal para paisagistas, ca\u00e7adores, jardineiros, arboristas, campistas, eletricistas, exploradores de trilhas, cavaleiros de trilhas, terceirizadores e manuten\u00e7\u00e3o dom\u00e9stica.<\/span><\/p>\n<h4><span style=\"color: #b7000c;\"><strong>Caracteristicas<\/strong><\/span><\/h4>\n<ul>\n<li><span lang=\"en-GB\">L\u00e2mina substitu\u00edvel<\/span><\/li>\n<li><span lang=\"en-GB\">Garantia de vida<\/span><\/li>\n<li><span lang=\"en-GB\">Di\u00e2metro de corte m\u00e1ximo de 3,5 polegadas<\/span><\/li>\n<li><span lang=\"en-GB\">Parafusos lubrificadores patenteados<\/span><\/li>\n<li><span lang=\"en-GB\">Tecnologia max<\/span><\/li>\n<li><span lang=\"en-GB\">Punhos de borracha antiaderente<\/span><\/li>\n<li><span lang=\"en-GB\">Correia de fixa\u00e7\u00e3o com fivela<\/span><\/li>\n<li><span lang=\"en-GB\">Placa de mand\u00edbula de perfil duplo<\/span><\/li>\n<li><span lang=\"en-GB\">Chapa de a\u00e7o SK5<\/span><\/li>\n<li><span lang=\"en-GB\">Peso leve<\/span><\/li>\n<\/ul>\n<p>[\/vc_column_text][vc_row_inner disable_element=&#8221;yes&#8221;][vc_column_inner width=&#8221;1\/6&#8243; offset=&#8221;vc_col-xs-3&#8243;][vc_single_image image=&#8221;49685&#8243; img_size=&#8221;full&#8221; alignment=&#8221;center&#8221;][\/vc_column_inner][vc_column_inner width=&#8221;1\/6&#8243; offset=&#8221;vc_col-xs-3&#8243;][vc_single_image image=&#8221;49495&#8243; img_size=&#8221;&#8221; alignment=&#8221;center&#8221;][\/vc_column_inner][vc_column_inner width=&#8221;1\/6&#8243; offset=&#8221;vc_col-xs-4&#8243;][vc_single_image image=&#8221;49505&#8243; img_size=&#8221;full&#8221; alignment=&#8221;center&#8221;][\/vc_column_inner][vc_column_inner width=&#8221;1\/6&#8243; offset=&#8221;vc_col-xs-4&#8243;][vc_single_image image=&#8221;49675&#8243; img_size=&#8221;full&#8221; alignment=&#8221;center&#8221;][\/vc_column_inner][vc_column_inner width=&#8221;1\/6&#8243; offset=&#8221;vc_col-xs-4&#8243;][vc_single_image image=&#8221;49655&#8243; img_size=&#8221;full&#8221; alignment=&#8221;center&#8221;][\/vc_column_inner][vc_column_inner width=&#8221;1\/6&#8243;][vc_single_image image=&#8221;49425&#8243; img_size=&#8221;full&#8221; alignment=&#8221;center&#8221;][\/vc_column_inner][\/vc_row_inner][\/vc_column][\/vc_row][vc_row disable_element=&#8221;yes&#8221;][vc_column][vc_row_inner][vc_column_inner width=&#8221;2\/3&#8243;][vc_btn title=&#8221;FICHA T\u00c9CNICO-COMERCIAL&#8221; style=&#8221;custom&#8221; custom_background=&#8221;#b7000c&#8221; custom_text=&#8221;#ffffff&#8221; shape=&#8221;square&#8221; align=&#8221;center&#8221; i_icon_fontawesome=&#8221;fa fa-file-pdf-o&#8221; button_block=&#8221;true&#8221; add_icon=&#8221;true&#8221; link=&#8221;url:%2Fwp-content%2Fuploads%2F2021%2F10%2FFTC.15340.TIJERA-KM-M-FORCE.pdf||target:%20_blank|rel:nofollow&#8221; el_class=&#8221;boton-descarga-producto&#8221;][\/vc_column_inner][vc_column_inner width=&#8221;1\/3&#8243;][\/vc_column_inner][\/vc_row_inner][\/vc_column][\/vc_row][vc_row disable_element=&#8221;yes&#8221;][vc_column][vc_row_inner][vc_column_inner width=&#8221;1\/3&#8243;][vc_btn title=&#8221;FICHA T\u00c9CNICO-COMERCIAL&#8221; style=&#8221;custom&#8221; custom_background=&#8221;#b7000c&#8221; custom_text=&#8221;#ffffff&#8221; shape=&#8221;square&#8221; align=&#8221;center&#8221; i_icon_fontawesome=&#8221;fa fa-file-pdf-o&#8221; button_block=&#8221;true&#8221; add_icon=&#8221;true&#8221; link=&#8221;url:%2Fwp-content%2Fuploads%2F2019%2F08%2F7823-FTC-Keeper-Garden-16.pdf||target:%20_blank|&#8221; el_class=&#8221;boton-descarga-producto&#8221;][\/vc_column_inner][vc_column_inner width=&#8221;1\/3&#8243;][vc_btn title=&#8221;MANUAL&#8221; style=&#8221;custom&#8221; custom_background=&#8221;#b7000c&#8221; custom_text=&#8221;#ffffff&#8221; shape=&#8221;square&#8221; align=&#8221;center&#8221; i_icon_fontawesome=&#8221;fa fa-file-pdf-o&#8221; button_block=&#8221;true&#8221; add_icon=&#8221;true&#8221; link=&#8221;url:%2Fwp-content%2Fuploads%2F2018%2F03%2FManual-de-instrucciones-Garden-12-16-WEB.pdf||target:%20_blank|&#8221; el_class=&#8221;boton-descarga-producto&#8221;][\/vc_column_inner][vc_column_inner width=&#8221;1\/3&#8243;][vc_btn title=&#8221;ATIVAR GARANTIA&#8221; style=&#8221;custom&#8221; custom_background=&#8221;#b7000c&#8221; custom_text=&#8221;#ffffff&#8221; shape=&#8221;square&#8221; align=&#8221;center&#8221; i_icon_fontawesome=&#8221;fa fa-file-pdf-o&#8221; button_block=&#8221;true&#8221; add_icon=&#8221;true&#8221; link=&#8221;url:%2Factivacion-garantia||target:%20_blank|&#8221; el_class=&#8221;boton-descarga-producto&#8221;][\/vc_column_inner][\/vc_row_inner][\/vc_column][\/vc_row][vc_row disable_element=&#8221;yes&#8221; css=&#8221;.vc_custom_1640092910325{margin-top: 0px !important;}&#8221;][vc_column][vc_single_image image=&#8221;53815&#8243; img_size=&#8221;full&#8221; alignment=&#8221;center&#8221;][\/vc_column][\/vc_row][vc_row css=&#8221;.vc_custom_1640092920437{margin-top: 0px !important;}&#8221;][vc_column][vc_video link=&#8221;https:\/\/www.youtube.com\/watch?v=HqvhsPI8eKo&#8221;][\/vc_column][\/vc_row]<\/p>\n<\/div>","protected":false},"excerpt":{"rendered":"<h2 style=\"text-align: center;\"><span style=\"color: #ffffff;\"><strong>Ferramentas de poda com garantia vital\u00edcia<\/strong><\/span><\/h2>\n","protected":false},"featured_media":70905,"template":"","meta":[],"product_brand":[],"product_cat":[3250,3668],"product_tag":[3664],"class_list":{"0":"post-70900","1":"product","2":"type-product","3":"status-publish","4":"has-post-thumbnail","6":"product_cat-agricultura","7":"product_cat-ferramentas-ezkut","8":"product_tag-produtos-ezkut","10":"first","11":"instock","12":"shipping-taxable","13":"product-type-simple"},"yoast_head":"<!-- This site is optimized with the Yoast SEO plugin v27.5 - https:\/\/yoast.com\/product\/yoast-seo-wordpress\/ -->\n<title>Tesoura EZ KUT G2 Ratcheting Lopper para la poda - Grupo Sanz<\/title>\n<meta name=\"robots\" content=\"index, follow, max-snippet:-1, max-image-preview:large, max-video-preview:-1\" \/>\n<link rel=\"canonical\" href=\"https:\/\/gruposanz.es\/pt-pt\/producto\/tesoura-ez-kut-g2-ratcheting-lopper\" \/>\n<meta property=\"og:locale\" content=\"pt_PT\" \/>\n<meta property=\"og:type\" content=\"article\" \/>\n<meta property=\"og:title\" content=\"Tesoura EZ KUT G2 Ratcheting Lopper para la poda - Grupo Sanz\" \/>\n<meta property=\"og:description\" content=\"Ferramentas de poda com garantia vital\u00edcia\" \/>\n<meta property=\"og:url\" content=\"https:\/\/gruposanz.es\/pt-pt\/producto\/tesoura-ez-kut-g2-ratcheting-lopper\" \/>\n<meta property=\"og:site_name\" content=\"Grupo Sanz\" \/>\n<meta property=\"article:modified_time\" content=\"2021-12-21T15:55:21+00:00\" \/>\n<meta property=\"og:image\" content=\"https:\/\/gruposanz.es\/wp-content\/uploads\/2021\/12\/G2.1-Lopper-Upright-555.jpg\" \/>\n\t<meta property=\"og:image:width\" content=\"555\" \/>\n\t<meta property=\"og:image:height\" content=\"555\" \/>\n\t<meta property=\"og:image:type\" content=\"image\/jpeg\" \/>\n<meta name=\"twitter:card\" content=\"summary_large_image\" \/>\n<meta name=\"twitter:label1\" content=\"Tempo estimado de leitura\" \/>\n\t<meta name=\"twitter:data1\" content=\"2 minutos\" \/>\n<script type=\"application\/ld+json\" class=\"yoast-schema-graph\">{\"@context\":\"https:\\\/\\\/schema.org\",\"@graph\":[{\"@type\":\"WebPage\",\"@id\":\"https:\\\/\\\/gruposanz.es\\\/pt-pt\\\/producto\\\/tesoura-ez-kut-g2-ratcheting-lopper\",\"url\":\"https:\\\/\\\/gruposanz.es\\\/pt-pt\\\/producto\\\/tesoura-ez-kut-g2-ratcheting-lopper\",\"name\":\"Tesoura EZ KUT G2 Ratcheting Lopper para la poda - Grupo Sanz\",\"isPartOf\":{\"@id\":\"https:\\\/\\\/gruposanz.es\\\/pt-pt#website\"},\"primaryImageOfPage\":{\"@id\":\"https:\\\/\\\/gruposanz.es\\\/pt-pt\\\/producto\\\/tesoura-ez-kut-g2-ratcheting-lopper#primaryimage\"},\"image\":{\"@id\":\"https:\\\/\\\/gruposanz.es\\\/pt-pt\\\/producto\\\/tesoura-ez-kut-g2-ratcheting-lopper#primaryimage\"},\"thumbnailUrl\":\"https:\\\/\\\/gruposanz.es\\\/wp-content\\\/uploads\\\/2021\\\/12\\\/G2.1-Lopper-Upright-555.jpg\",\"datePublished\":\"2021-12-21T15:38:54+00:00\",\"dateModified\":\"2021-12-21T15:55:21+00:00\",\"breadcrumb\":{\"@id\":\"https:\\\/\\\/gruposanz.es\\\/pt-pt\\\/producto\\\/tesoura-ez-kut-g2-ratcheting-lopper#breadcrumb\"},\"inLanguage\":\"pt-PT\",\"potentialAction\":[{\"@type\":\"ReadAction\",\"target\":[\"https:\\\/\\\/gruposanz.es\\\/pt-pt\\\/producto\\\/tesoura-ez-kut-g2-ratcheting-lopper\"]}]},{\"@type\":\"ImageObject\",\"inLanguage\":\"pt-PT\",\"@id\":\"https:\\\/\\\/gruposanz.es\\\/pt-pt\\\/producto\\\/tesoura-ez-kut-g2-ratcheting-lopper#primaryimage\",\"url\":\"https:\\\/\\\/gruposanz.es\\\/wp-content\\\/uploads\\\/2021\\\/12\\\/G2.1-Lopper-Upright-555.jpg\",\"contentUrl\":\"https:\\\/\\\/gruposanz.es\\\/wp-content\\\/uploads\\\/2021\\\/12\\\/G2.1-Lopper-Upright-555.jpg\",\"width\":555,\"height\":555,\"caption\":\"Tijera EZ KUT G2 Ratcheting Lopper\"},{\"@type\":\"BreadcrumbList\",\"@id\":\"https:\\\/\\\/gruposanz.es\\\/pt-pt\\\/producto\\\/tesoura-ez-kut-g2-ratcheting-lopper#breadcrumb\",\"itemListElement\":[{\"@type\":\"ListItem\",\"position\":1,\"name\":\"Inicio\",\"item\":\"https:\\\/\\\/gruposanz.es\\\/pt-pt\"},{\"@type\":\"ListItem\",\"position\":2,\"name\":\"Produtos\",\"item\":\"https:\\\/\\\/gruposanz.es\\\/pt-pt\\\/shop\"},{\"@type\":\"ListItem\",\"position\":3,\"name\":\"Agricultura\",\"item\":\"https:\\\/\\\/gruposanz.es\\\/pt-pt\\\/categoriapt\\\/agricultura\"},{\"@type\":\"ListItem\",\"position\":4,\"name\":\"Ferramentas Ezkut\",\"item\":\"https:\\\/\\\/gruposanz.es\\\/pt-pt\\\/categoriapt\\\/agricultura\\\/ferramentas-ezkut\"},{\"@type\":\"ListItem\",\"position\":5,\"name\":\"Tesoura EZ KUT G2 Ratcheting Lopper\"}]},{\"@type\":\"WebSite\",\"@id\":\"https:\\\/\\\/gruposanz.es\\\/pt-pt#website\",\"url\":\"https:\\\/\\\/gruposanz.es\\\/pt-pt\",\"name\":\"Grupo Sanz\",\"description\":\"Grupo Sanz, fabricantes de productos de pulverizaci\u00f3n y poda con sus marcas Pulmic, Kamikaze, Keeper y Siqua\",\"publisher\":{\"@id\":\"https:\\\/\\\/gruposanz.es\\\/pt-pt#organization\"},\"potentialAction\":[{\"@type\":\"SearchAction\",\"target\":{\"@type\":\"EntryPoint\",\"urlTemplate\":\"https:\\\/\\\/gruposanz.es\\\/pt-pt?s={search_term_string}\"},\"query-input\":{\"@type\":\"PropertyValueSpecification\",\"valueRequired\":true,\"valueName\":\"search_term_string\"}}],\"inLanguage\":\"pt-PT\"},{\"@type\":\"Organization\",\"@id\":\"https:\\\/\\\/gruposanz.es\\\/pt-pt#organization\",\"name\":\"Grupo Sanz\",\"url\":\"https:\\\/\\\/gruposanz.es\\\/pt-pt\",\"logo\":{\"@type\":\"ImageObject\",\"inLanguage\":\"pt-PT\",\"@id\":\"https:\\\/\\\/gruposanz.es\\\/pt-pt#\\\/schema\\\/logo\\\/image\\\/\",\"url\":\"https:\\\/\\\/gruposanz.es\\\/wp-content\\\/uploads\\\/2022\\\/10\\\/LOGOTIPO-GRUPO-SANZ-vertical.png\",\"contentUrl\":\"https:\\\/\\\/gruposanz.es\\\/wp-content\\\/uploads\\\/2022\\\/10\\\/LOGOTIPO-GRUPO-SANZ-vertical.png\",\"width\":1418,\"height\":1418,\"caption\":\"Grupo Sanz\"},\"image\":{\"@id\":\"https:\\\/\\\/gruposanz.es\\\/pt-pt#\\\/schema\\\/logo\\\/image\\\/\"},\"sameAs\":[\"https:\\\/\\\/www.linkedin.com\\\/company\\\/grupo-sanz-hermanos\",\"https:\\\/\\\/www.youtube.com\\\/user\\\/GrupoSanz\"]}]}<\/script>\n<!-- \/ Yoast SEO plugin. -->","yoast_head_json":{"title":"Tesoura EZ KUT G2 Ratcheting Lopper para la poda - Grupo Sanz","robots":{"index":"index","follow":"follow","max-snippet":"max-snippet:-1","max-image-preview":"max-image-preview:large","max-video-preview":"max-video-preview:-1"},"canonical":"https:\/\/gruposanz.es\/pt-pt\/producto\/tesoura-ez-kut-g2-ratcheting-lopper","og_locale":"pt_PT","og_type":"article","og_title":"Tesoura EZ KUT G2 Ratcheting Lopper para la poda - Grupo Sanz","og_description":"Ferramentas de poda com garantia vital\u00edcia","og_url":"https:\/\/gruposanz.es\/pt-pt\/producto\/tesoura-ez-kut-g2-ratcheting-lopper","og_site_name":"Grupo Sanz","article_modified_time":"2021-12-21T15:55:21+00:00","og_image":[{"width":555,"height":555,"url":"https:\/\/gruposanz.es\/wp-content\/uploads\/2021\/12\/G2.1-Lopper-Upright-555.jpg","type":"image\/jpeg"}],"twitter_card":"summary_large_image","twitter_misc":{"Tempo estimado de leitura":"2 minutos"},"schema":{"@context":"https:\/\/schema.org","@graph":[{"@type":"WebPage","@id":"https:\/\/gruposanz.es\/pt-pt\/producto\/tesoura-ez-kut-g2-ratcheting-lopper","url":"https:\/\/gruposanz.es\/pt-pt\/producto\/tesoura-ez-kut-g2-ratcheting-lopper","name":"Tesoura EZ KUT G2 Ratcheting Lopper para la poda - Grupo Sanz","isPartOf":{"@id":"https:\/\/gruposanz.es\/pt-pt#website"},"primaryImageOfPage":{"@id":"https:\/\/gruposanz.es\/pt-pt\/producto\/tesoura-ez-kut-g2-ratcheting-lopper#primaryimage"},"image":{"@id":"https:\/\/gruposanz.es\/pt-pt\/producto\/tesoura-ez-kut-g2-ratcheting-lopper#primaryimage"},"thumbnailUrl":"https:\/\/gruposanz.es\/wp-content\/uploads\/2021\/12\/G2.1-Lopper-Upright-555.jpg","datePublished":"2021-12-21T15:38:54+00:00","dateModified":"2021-12-21T15:55:21+00:00","breadcrumb":{"@id":"https:\/\/gruposanz.es\/pt-pt\/producto\/tesoura-ez-kut-g2-ratcheting-lopper#breadcrumb"},"inLanguage":"pt-PT","potentialAction":[{"@type":"ReadAction","target":["https:\/\/gruposanz.es\/pt-pt\/producto\/tesoura-ez-kut-g2-ratcheting-lopper"]}]},{"@type":"ImageObject","inLanguage":"pt-PT","@id":"https:\/\/gruposanz.es\/pt-pt\/producto\/tesoura-ez-kut-g2-ratcheting-lopper#primaryimage","url":"https:\/\/gruposanz.es\/wp-content\/uploads\/2021\/12\/G2.1-Lopper-Upright-555.jpg","contentUrl":"https:\/\/gruposanz.es\/wp-content\/uploads\/2021\/12\/G2.1-Lopper-Upright-555.jpg","width":555,"height":555,"caption":"Tijera EZ KUT G2 Ratcheting Lopper"},{"@type":"BreadcrumbList","@id":"https:\/\/gruposanz.es\/pt-pt\/producto\/tesoura-ez-kut-g2-ratcheting-lopper#breadcrumb","itemListElement":[{"@type":"ListItem","position":1,"name":"Inicio","item":"https:\/\/gruposanz.es\/pt-pt"},{"@type":"ListItem","position":2,"name":"Produtos","item":"https:\/\/gruposanz.es\/pt-pt\/shop"},{"@type":"ListItem","position":3,"name":"Agricultura","item":"https:\/\/gruposanz.es\/pt-pt\/categoriapt\/agricultura"},{"@type":"ListItem","position":4,"name":"Ferramentas Ezkut","item":"https:\/\/gruposanz.es\/pt-pt\/categoriapt\/agricultura\/ferramentas-ezkut"},{"@type":"ListItem","position":5,"name":"Tesoura EZ KUT G2 Ratcheting Lopper"}]},{"@type":"WebSite","@id":"https:\/\/gruposanz.es\/pt-pt#website","url":"https:\/\/gruposanz.es\/pt-pt","name":"Grupo Sanz","description":"Grupo Sanz, fabricantes de productos de pulverizaci\u00f3n y poda con sus marcas Pulmic, Kamikaze, Keeper y Siqua","publisher":{"@id":"https:\/\/gruposanz.es\/pt-pt#organization"},"potentialAction":[{"@type":"SearchAction","target":{"@type":"EntryPoint","urlTemplate":"https:\/\/gruposanz.es\/pt-pt?s={search_term_string}"},"query-input":{"@type":"PropertyValueSpecification","valueRequired":true,"valueName":"search_term_string"}}],"inLanguage":"pt-PT"},{"@type":"Organization","@id":"https:\/\/gruposanz.es\/pt-pt#organization","name":"Grupo Sanz","url":"https:\/\/gruposanz.es\/pt-pt","logo":{"@type":"ImageObject","inLanguage":"pt-PT","@id":"https:\/\/gruposanz.es\/pt-pt#\/schema\/logo\/image\/","url":"https:\/\/gruposanz.es\/wp-content\/uploads\/2022\/10\/LOGOTIPO-GRUPO-SANZ-vertical.png","contentUrl":"https:\/\/gruposanz.es\/wp-content\/uploads\/2022\/10\/LOGOTIPO-GRUPO-SANZ-vertical.png","width":1418,"height":1418,"caption":"Grupo Sanz"},"image":{"@id":"https:\/\/gruposanz.es\/pt-pt#\/schema\/logo\/image\/"},"sameAs":["https:\/\/www.linkedin.com\/company\/grupo-sanz-hermanos","https:\/\/www.youtube.com\/user\/GrupoSanz"]}]}},"_links":{"self":[{"href":"https:\/\/gruposanz.es\/pt-pt\/wp-json\/wp\/v2\/product\/70900","targetHints":{"allow":["GET"]}}],"collection":[{"href":"https:\/\/gruposanz.es\/pt-pt\/wp-json\/wp\/v2\/product"}],"about":[{"href":"https:\/\/gruposanz.es\/pt-pt\/wp-json\/wp\/v2\/types\/product"}],"wp:featuredmedia":[{"embeddable":true,"href":"https:\/\/gruposanz.es\/pt-pt\/wp-json\/wp\/v2\/media\/70905"}],"wp:attachment":[{"href":"https:\/\/gruposanz.es\/pt-pt\/wp-json\/wp\/v2\/media?parent=70900"}],"wp:term":[{"taxonomy":"product_brand","embeddable":true,"href":"https:\/\/gruposanz.es\/pt-pt\/wp-json\/wp\/v2\/product_brand?post=70900"},{"taxonomy":"product_cat","embeddable":true,"href":"https:\/\/gruposanz.es\/pt-pt\/wp-json\/wp\/v2\/product_cat?post=70900"},{"taxonomy":"product_tag","embeddable":true,"href":"https:\/\/gruposanz.es\/pt-pt\/wp-json\/wp\/v2\/product_tag?post=70900"}],"curies":[{"name":"wp","href":"https:\/\/api.w.org\/{rel}","templated":true}]}}